{"id":20,"date":"2014-10-13T11:26:26","date_gmt":"2014-10-13T14:26:26","guid":{"rendered":"https:\/\/wp.ufpel.edu.br\/semanaadm\/?page_id=20"},"modified":"2014-11-06T09:03:29","modified_gmt":"2014-11-06T11:03:29","slug":"inicio","status":"publish","type":"page","link":"https:\/\/wp.ufpel.edu.br\/semanaadm\/","title":{"rendered":"In\u00edcio"},"content":{"rendered":"<p>Sejam bem vindos \u00e0 p\u00e1gina da Semana Acad\u00eamica do Curso e Administra\u00e7\u00e3o da UFPel.<\/p>\n<p>Aqui voc\u00ea encontra tudo o que precisa saber sobre o evento.<\/p>\n<p>A Semana Acad\u00eamica \u00e9 um evento organizado inteiramente pelos alunos do Curso de Administra\u00e7\u00e3o e a sua presen\u00e7a \u00e9 fundamental!<\/p>\n<p><a href=\"https:\/\/wp.ufpel.edu.br\/semanaadm\/files\/2014\/10\/10723215_514645285332090_1132791087_n-e1413211168595.jpg\"><img class=\"wp-image-39 aligncenter\" src=\"https:\/\/wp.ufpel.edu.br\/semanaadm\/files\/2014\/10\/10723215_514645285332090_1132791087_n-e1413211168595-424x253.jpg\" alt=\"10723215_514645285332090_1132791087_n\" width=\"222\" height=\"132\" srcset=\"https:\/\/wp.ufpel.edu.br\/semanaadm\/files\/2014\/10\/10723215_514645285332090_1132791087_n-e1413211168595-424x253.jpg 424w, https:\/\/wp.ufpel.edu.br\/semanaadm\/files\/2014\/10\/10723215_514645285332090_1132791087_n-e1413211168595-212x126.jpg 212w, https:\/\/wp.ufpel.edu.br\/semanaadm\/files\/2014\/10\/10723215_514645285332090_1132791087_n-e1413211168595.jpg 531w\" sizes=\"(max-width: 222px) 100vw, 222px\" \/><\/a><\/p>\n<p>&nbsp;<\/p>\n<p>&nbsp;<\/p>\n","protected":false},"excerpt":{"rendered":"<p>Sejam bem vindos \u00e0 p\u00e1gina da Semana Acad\u00eamica do Curso e Administra\u00e7\u00e3o da UFPel. Aqui voc\u00ea encontra tudo o que precisa saber sobre o evento. A Semana Acad\u00eamica \u00e9 um evento organizado inteiramente pelos alunos do Curso de Administra\u00e7\u00e3o e a sua presen\u00e7a \u00e9 fundamental! &nbsp; &nbsp;<\/p>\n","protected":false},"author":451,"featured_media":0,"parent":0,"menu_order":0,"comment_status":"closed","ping_status":"closed","template":"","meta":{"footnotes":""},"class_list":["post-20","page","type-page","status-publish","hentry"],"_links":{"self":[{"href":"https:\/\/wp.ufpel.edu.br\/semanaadm\/wp-json\/wp\/v2\/pages\/20","targetHints":{"allow":["GET"]}}],"collection":[{"href":"https:\/\/wp.ufpel.edu.br\/semanaadm\/wp-json\/wp\/v2\/pages"}],"about":[{"href":"https:\/\/wp.ufpel.edu.br\/semanaadm\/wp-json\/wp\/v2\/types\/page"}],"author":[{"embeddable":true,"href":"https:\/\/wp.ufpel.edu.br\/semanaadm\/wp-json\/wp\/v2\/users\/451"}],"replies":[{"embeddable":true,"href":"https:\/\/wp.ufpel.edu.br\/semanaadm\/wp-json\/wp\/v2\/comments?post=20"}],"version-history":[{"count":7,"href":"https:\/\/wp.ufpel.edu.br\/semanaadm\/wp-json\/wp\/v2\/pages\/20\/revisions"}],"predecessor-version":[{"id":82,"href":"https:\/\/wp.ufpel.edu.br\/semanaadm\/wp-json\/wp\/v2\/pages\/20\/revisions\/82"}],"wp:attachment":[{"href":"https:\/\/wp.ufpel.edu.br\/semanaadm\/wp-json\/wp\/v2\/media?parent=20"}],"curies":[{"name":"wp","href":"https:\/\/api.w.org\/{rel}","templated":true}]}}