{"id":35,"date":"2023-02-09T17:36:27","date_gmt":"2023-02-09T20:36:27","guid":{"rendered":"https:\/\/wp.ufpel.edu.br\/semanaacademicafaurb\/?page_id=35"},"modified":"2023-03-06T15:13:03","modified_gmt":"2023-03-06T18:13:03","slug":"local","status":"publish","type":"page","link":"https:\/\/wp.ufpel.edu.br\/semanaacademicafaurb\/local\/","title":{"rendered":"Local"},"content":{"rendered":"<h3><strong>As atividades da segunda, quarta e sexta ser\u00e3o realizadas no Audit\u00f3rio 2 do <a href=\"https:\/\/ca.ufpel.edu.br\/\">Centro de Artes<\/a>. Centro de artes \u2013 Bloco 2. <a href=\"https:\/\/www.google.com.br\/maps\/place\/R.+%C3%81lvaro+Chaves,+65+-+Centro,+Pelotas+-+RS,+96010-760\/@-31.7804459,-52.3393329,17z\/data=!3m1!4b1!4m5!3m4!1s0x9511b5c21b5dec2f:0x6c151c59ca3b7ab8!8m2!3d-31.7804459!4d-52.3393329\">Rua \u00c1lvaro Chaves, 65 \u2013 Centro<\/a><br \/>\n96010-760 \u2013 Pelotas, RS.<\/strong><\/h3>\n<h3><strong>As atividades de ter\u00e7a e quinta pela manh\u00e3 ser\u00e3o realizadas no Audit\u00f3rio do Faculdade de Arquitetura e Urbanismo da UFPel |\u00a0 Endere\u00e7o: <a href=\"https:\/\/www.google.com.br\/maps\/place\/Universidade+Federal+de+Pelotas+-+Faculdade+de+Arquitetura+e+Urbanismo+(FAUrb)\/@-31.7800115,-52.3418019,17z\/data=!3m1!4b1!4m5!3m4!1s0x9511b5c1fbbbf42b:0xdcda39a15043b9dd!8m2!3d-31.7800115!4d-52.3396132\">R. Benjamin Constant, 1359 &#8211; Centro, Pelotas &#8211; RS, 96010-020.<\/a><\/strong><\/h3>\n<h3>As atividades de quinta a tarde iniciam as 14 horas no largo do Mercado P\u00fablico da cidade de Pelotas <strong>|\u00a0<\/strong>Endere\u00e7o: <a href=\"https:\/\/www.google.com.br\/maps?q=largo+mercado+publico+pelotas&amp;sxsrf=AJOqlzWIvU4IgbBgimleE633WrWdfgTROw:1678126150122&amp;uact=5&amp;gs_lcp=Cgxnd3Mtd2l6LXNlcnAQAzICCCZKBAhBGABQAFgAYI4DaABwAXgAgAGSAYgBkgGSAQMwLjGYAQCgAQKgAQHAAQE&amp;um=1&amp;ie=UTF-8&amp;sa=X&amp;ved=2ahUKEwigiK_J88f9AhVXmZUCHSnHAbYQ_AUoAXoECAEQAw\">102, R. L\u00f4bo da Costa, 48 &#8211; Centro, Pelotas &#8211; RS, 96010-150.<\/a><\/h3>\n<p><strong>Os discentes da Faculdade de Arquitetura e Urbanismo, com o apoio docente, estar\u00e3o organizando o evento. <\/strong>A Faculdade foi criada imediatamente ap\u00f3s a funda\u00e7\u00e3o da Universidade Federal de Pelotas. Os primeiros estudos para sua implanta\u00e7\u00e3o datam de 1970. Na \u00e9poca havia somente dois cursos de Arquitetura e Urbanismo na regi\u00e3o sul do Brasil \u2013 em Porto Alegre e Curitiba \u2013 fato esse que contribuiu para a implanta\u00e7\u00e3o do ensino nessa \u00e1rea na Universidade. Ao criar o Curso de Arquitetura e Urbanismo, a UFPEL abrigou o segundo curso de Arquitetura do estado Rio Grande do Sul. No ano seguinte, a Portaria n\u00b0 215, de 24 de novembro de 1971, da Reitoria da UFPEL, criava e implantava o Curso de Arquitetura no Instituto de Artes. O Curso de Arquitetura e Urbanismo foi reconhecido pelo Decreto n\u00ba 81.607 de 27\/04\/1978, publicado no Di\u00e1rio Oficial de 28\/04\/1978.<\/p>\n<p>O objetivo geral do curso de Gradua\u00e7\u00e3o em Arquitetura e Urbanismo da Universidade Federal de Pelotas \u00e9 formar profissionais aptos a compreender e traduzir as necessidades de indiv\u00edduos, grupos sociais e comunidade em rela\u00e7\u00e3o \u00e0 concep\u00e7\u00e3o, organiza\u00e7\u00e3o e constru\u00e7\u00e3o do espa\u00e7o interior e exterior, abrangendo o planejamento urbano e regional, o paisagismo e o urbanismo, a edifica\u00e7\u00e3o, bem como a valoriza\u00e7\u00e3o e conserva\u00e7\u00e3o do patrim\u00f4nio constru\u00eddo, a prote\u00e7\u00e3o do equil\u00edbrio do ambiente natural e a utiliza\u00e7\u00e3o racional dos recursos dispon\u00edveis. Para maiores informa\u00e7\u00f5es acesse o site da Faculdade:\u00a0<a href=\"http:\/\/faurb.ufpel.edu.br\/\">http:\/\/faurb.ufpel.edu.br\/<\/a><\/p>\n<p><img decoding=\"async\" src=\"https:\/\/wp.ufpel.edu.br\/3ciecit\/files\/2021\/04\/faurb.jpg\" \/><\/p>\n<p><img loading=\"lazy\" decoding=\"async\" class=\"size-full wp-image-305 aligncenter\" src=\"https:\/\/wp.ufpel.edu.br\/3ciecit\/files\/2021\/04\/faurb-1-scaled.jpg\" sizes=\"auto, (max-width: 767px) 89vw, (max-width: 1000px) 54vw, (max-width: 1071px) 543px, 580px\" srcset=\"https:\/\/wp.ufpel.edu.br\/3ciecit\/files\/2021\/04\/faurb-1-scaled.jpg 1920w, https:\/\/wp.ufpel.edu.br\/3ciecit\/files\/2021\/04\/faurb-1-300x400.jpg 300w, https:\/\/wp.ufpel.edu.br\/3ciecit\/files\/2021\/04\/faurb-1-768x1024.jpg 768w, https:\/\/wp.ufpel.edu.br\/3ciecit\/files\/2021\/04\/faurb-1-1152x1536.jpg 1152w, https:\/\/wp.ufpel.edu.br\/3ciecit\/files\/2021\/04\/faurb-1-1536x2048.jpg 1536w\" alt=\"\" width=\"1920\" height=\"2560\" \/><\/p>\n<p>Fotos: Faculdade de Arquitetura e Urbanismo da UFPel, Pelotas, Brasil. Fonte: FAURB\/UFPEL.<\/p>\n","protected":false},"excerpt":{"rendered":"<p>As atividades da segunda, quarta e sexta ser\u00e3o realizadas no Audit\u00f3rio 2 do Centro de Artes. Centro de artes \u2013 Bloco 2. Rua \u00c1lvaro Chaves, 65 \u2013 Centro 96010-760 \u2013 Pelotas, RS. As atividades de ter\u00e7a e quinta pela manh\u00e3 ser\u00e3o realizadas no Audit\u00f3rio do Faculdade de Arquitetura e Urbanismo da UFPel |\u00a0 Endere\u00e7o: R. [&hellip;]<\/p>\n","protected":false},"author":956,"featured_media":0,"parent":0,"menu_order":0,"comment_status":"closed","ping_status":"closed","template":"","meta":{"footnotes":""},"class_list":["post-35","page","type-page","status-publish","hentry"],"_links":{"self":[{"href":"https:\/\/wp.ufpel.edu.br\/semanaacademicafaurb\/wp-json\/wp\/v2\/pages\/35","targetHints":{"allow":["GET"]}}],"collection":[{"href":"https:\/\/wp.ufpel.edu.br\/semanaacademicafaurb\/wp-json\/wp\/v2\/pages"}],"about":[{"href":"https:\/\/wp.ufpel.edu.br\/semanaacademicafaurb\/wp-json\/wp\/v2\/types\/page"}],"author":[{"embeddable":true,"href":"https:\/\/wp.ufpel.edu.br\/semanaacademicafaurb\/wp-json\/wp\/v2\/users\/956"}],"replies":[{"embeddable":true,"href":"https:\/\/wp.ufpel.edu.br\/semanaacademicafaurb\/wp-json\/wp\/v2\/comments?post=35"}],"version-history":[{"count":11,"href":"https:\/\/wp.ufpel.edu.br\/semanaacademicafaurb\/wp-json\/wp\/v2\/pages\/35\/revisions"}],"predecessor-version":[{"id":293,"href":"https:\/\/wp.ufpel.edu.br\/semanaacademicafaurb\/wp-json\/wp\/v2\/pages\/35\/revisions\/293"}],"wp:attachment":[{"href":"https:\/\/wp.ufpel.edu.br\/semanaacademicafaurb\/wp-json\/wp\/v2\/media?parent=35"}],"curies":[{"name":"wp","href":"https:\/\/api.w.org\/{rel}","templated":true}]}}