{"id":31,"date":"2023-02-09T17:35:49","date_gmt":"2023-02-09T20:35:49","guid":{"rendered":"https:\/\/wp.ufpel.edu.br\/semanaacademicafaurb\/?page_id=31"},"modified":"2023-03-03T10:00:08","modified_gmt":"2023-03-03T13:00:08","slug":"patrocinadores","status":"publish","type":"page","link":"https:\/\/wp.ufpel.edu.br\/semanaacademicafaurb\/patrocinadores\/","title":{"rendered":"Patrocinadores"},"content":{"rendered":"<p><a href=\"https:\/\/soarte.com\/\"><strong>Villa Soarte<\/strong><\/a><\/p>\n<p><a href=\"https:\/\/www.florense.com.br\/franquias\/pelotas\"><strong>Florense<\/strong><\/a><\/p>\n<p><a href=\"https:\/\/www.facebook.com\/casalar.ferragem\/\"><strong>Casa Lar Ferragem<\/strong><\/a><\/p>\n<p><a href=\"https:\/\/arquiteturaconcursos.com.br\/\"><strong>Arquitetura Concursos<\/strong><\/a><\/p>\n<p><a href=\"https:\/\/linktr.ee\/cicloarquit\"><strong>Ciclo Arquitetura<\/strong><\/a><\/p>\n<p><a href=\"https:\/\/www.facebook.com\/gabriel.augusto.arquitetura\/\"><strong>Gabriel Augusto Arquitetura<\/strong><\/a><\/p>\n<p><a href=\"https:\/\/aoficinacriativa.com.br\/\"><strong>Oficina Criativa<\/strong><\/a><\/p>\n<p><a href=\"https:\/\/www.facebook.com\/somapelotas\/\"><strong>Soma<\/strong><\/a><\/p>\n<p><a href=\"https:\/\/materiali.com.br\/\"><strong>Materiali<\/strong><\/a><\/p>\n<p><a href=\"http:\/\/www.graphitar.com.br\/\"><strong>Graphitar<\/strong><\/a><\/p>\n<p><a href=\"https:\/\/www.elevato.com.br\/\"><strong>Elevato<\/strong><\/a><\/p>\n<p><a href=\"https:\/\/linktr.ee\/arqtur\"><strong>ArqTur<\/strong><\/a><\/p>\n<p><a href=\"https:\/\/www.instagram.com\/anteparo_cortinas\/\"><strong>Anteparo Cortinas<\/strong><\/a><\/p>\n<p><a href=\"https:\/\/perenecultural.com\/\"><strong>Perene Patrim\u00f4nio Cultural<\/strong><\/a><\/p>\n<p><a href=\"https:\/\/scheid.com.br\/\"><strong>Scheid Esquadrias<\/strong><\/a><\/p>\n<p><a href=\"https:\/\/casaraoimoveis.com.br\/\"><strong>Casar\u00e3o Im\u00f3veis<\/strong><\/a><\/p>\n<p><a href=\"https:\/\/wp.ufpel.edu.br\/prograu\/\"><strong>Programa de P\u00f3s-Gradua\u00e7\u00e3o e Arquitetura e Urbanismo da UFPel<\/strong><\/a><\/p>\n<h3>Apoiadores:<\/h3>\n<p><a href=\"https:\/\/www.livrariadpedro.com.br\/\"><strong>Papelaria Dom Pedro<\/strong><\/a><\/p>\n<p><a href=\"https:\/\/cursocura.com.br\/\"><strong>Curso CURA<\/strong><\/a><\/p>\n<p><a href=\"https:\/\/www.livrariavanguarda.com.br\/\"><strong>Livraria Vanguarda<\/strong><\/a><\/p>\n","protected":false},"excerpt":{"rendered":"<p>Villa Soarte Florense Casa Lar Ferragem Arquitetura Concursos Ciclo Arquitetura Gabriel Augusto Arquitetura Oficina Criativa Soma Materiali Graphitar Elevato ArqTur Anteparo Cortinas Perene Patrim\u00f4nio Cultural Scheid Esquadrias Casar\u00e3o Im\u00f3veis Programa de P\u00f3s-Gradua\u00e7\u00e3o e Arquitetura e Urbanismo da UFPel Apoiadores: Papelaria Dom Pedro Curso CURA Livraria Vanguarda<\/p>\n","protected":false},"author":956,"featured_media":0,"parent":0,"menu_order":0,"comment_status":"closed","ping_status":"closed","template":"","meta":{"footnotes":""},"class_list":["post-31","page","type-page","status-publish","hentry"],"_links":{"self":[{"href":"https:\/\/wp.ufpel.edu.br\/semanaacademicafaurb\/wp-json\/wp\/v2\/pages\/31","targetHints":{"allow":["GET"]}}],"collection":[{"href":"https:\/\/wp.ufpel.edu.br\/semanaacademicafaurb\/wp-json\/wp\/v2\/pages"}],"about":[{"href":"https:\/\/wp.ufpel.edu.br\/semanaacademicafaurb\/wp-json\/wp\/v2\/types\/page"}],"author":[{"embeddable":true,"href":"https:\/\/wp.ufpel.edu.br\/semanaacademicafaurb\/wp-json\/wp\/v2\/users\/956"}],"replies":[{"embeddable":true,"href":"https:\/\/wp.ufpel.edu.br\/semanaacademicafaurb\/wp-json\/wp\/v2\/comments?post=31"}],"version-history":[{"count":9,"href":"https:\/\/wp.ufpel.edu.br\/semanaacademicafaurb\/wp-json\/wp\/v2\/pages\/31\/revisions"}],"predecessor-version":[{"id":286,"href":"https:\/\/wp.ufpel.edu.br\/semanaacademicafaurb\/wp-json\/wp\/v2\/pages\/31\/revisions\/286"}],"wp:attachment":[{"href":"https:\/\/wp.ufpel.edu.br\/semanaacademicafaurb\/wp-json\/wp\/v2\/media?parent=31"}],"curies":[{"name":"wp","href":"https:\/\/api.w.org\/{rel}","templated":true}]}}