{"id":44,"date":"2012-09-25T13:00:46","date_gmt":"2012-09-25T16:00:46","guid":{"rendered":"https:\/\/wp.ufpel.edu.br\/semanaacademicadegestaoambiental\/?page_id=44"},"modified":"2012-09-26T11:48:03","modified_gmt":"2012-09-26T14:48:03","slug":"inscricao-alunos","status":"publish","type":"page","link":"https:\/\/wp.ufpel.edu.br\/semanaacademicadegestaoambiental\/inscricao-alunos\/","title":{"rendered":"Inscri\u00e7\u00e3o &#8211; Estudantes"},"content":{"rendered":"<p>&#8211; Para realizar sua inscri\u00e7\u00e3o efetue dep\u00f3sito ou transfer\u00eancia banc\u00e1ria no valor de <strong>R$ 15,00<\/strong>\u00a0para a conta abaixo:<\/p>\n<div>Banco do Brasil &#8211; \u00a0Ag\u00eancia:\u00a0<strong>4468-7 \u00a0<\/strong>Conta corrente:\u00a0<strong>12045-6<\/strong><\/div>\n<div><\/div>\n<p>&nbsp;<\/p>\n<p>&#8211; Preencha os campos abaixo<\/p>\n<p>&#8211; Envie seu comprovante de dep\u00f3sito ou transfer\u00eancia banc\u00e1ria em anexo observando os tipos de arquivos permitidos ( Jpg , Bmp e Png) e o tamanho m\u00e1ximo do arquivo ( 2 Mb).<\/p>\n<p>&#8211; Digite as letras que aparecem na imagem de seguran\u00e7a no campo ao lado da mesma.<\/p>\n<p>&#8211; Clique em Enviar<\/p>\n<p>______________________________________________________________________________________________________<\/p>\n\n<div class=\"wpcf7 no-js\" id=\"wpcf7-f133-o1\" lang=\"\" dir=\"ltr\" data-wpcf7-id=\"133\">\n<div class=\"screen-reader-response\"><p role=\"status\" aria-live=\"polite\" aria-atomic=\"true\"><\/p> <ul><\/ul><\/div>\n<form action=\"\/semanaacademicadegestaoambiental\/wp-json\/wp\/v2\/pages\/44#wpcf7-f133-o1\" method=\"post\" class=\"wpcf7-form init\" aria-label=\"Formul\u00e1rios de contato\" enctype=\"multipart\/form-data\" novalidate=\"novalidate\" data-status=\"init\">\n<fieldset class=\"hidden-fields-container\"><input type=\"hidden\" name=\"_wpcf7\" value=\"133\" \/><input type=\"hidden\" name=\"_wpcf7_version\" value=\"6.1.4\" \/><input type=\"hidden\" name=\"_wpcf7_locale\" value=\"\" \/><input type=\"hidden\" name=\"_wpcf7_unit_tag\" value=\"wpcf7-f133-o1\" \/><input type=\"hidden\" name=\"_wpcf7_container_post\" value=\"0\" \/><input type=\"hidden\" name=\"_wpcf7_posted_data_hash\" value=\"\" \/>\n<\/fieldset>\n<p>NOME (Obrigat\u00f3rio)\n<\/p>\n<p><span class=\"wpcf7-form-control-wrap\" data-name=\"your-name\"><input size=\"40\" maxlength=\"400\" class=\"wpcf7-form-control wpcf7-text wpcf7-validates-as-required\" aria-required=\"true\" aria-invalid=\"false\" value=\"\" type=\"text\" name=\"your-name\" \/><\/span>\n<\/p>\n<p>E-MAIL (Obrigat\u00f3rio)\n<\/p>\n<p><span class=\"wpcf7-form-control-wrap\" data-name=\"your-email\"><input size=\"40\" maxlength=\"400\" class=\"wpcf7-form-control wpcf7-email wpcf7-validates-as-required wpcf7-text wpcf7-validates-as-email\" aria-required=\"true\" aria-invalid=\"false\" value=\"\" type=\"email\" name=\"your-email\" \/><\/span>\n<\/p>\n<p>INSTITUI\u00c7\u00c3O DE ENSINO (Obrigat\u00f3rio)\n<\/p>\n<p><span class=\"wpcf7-form-control-wrap\" data-name=\"InstituiodeEnsino\"><input size=\"40\" maxlength=\"400\" class=\"wpcf7-form-control wpcf7-text\" aria-invalid=\"false\" value=\"\" type=\"text\" name=\"InstituiodeEnsino\" \/><\/span>\n<\/p>\n<p>CURSO (Obrigat\u00f3rio)\n<\/p>\n<p><span class=\"wpcf7-form-control-wrap\" data-name=\"Curso\"><input size=\"40\" maxlength=\"400\" class=\"wpcf7-form-control wpcf7-text\" aria-invalid=\"false\" value=\"\" type=\"text\" name=\"Curso\" \/><\/span>\n<\/p>\n<p>SEMESTRE ( Opcional)\n<\/p>\n<p><span class=\"wpcf7-form-control-wrap\" data-name=\"Semestre\"><input size=\"40\" maxlength=\"400\" class=\"wpcf7-form-control wpcf7-text\" aria-invalid=\"false\" value=\"\" type=\"text\" name=\"Semestre\" \/><\/span>\n<\/p>\n<p>N\u00daMERO DE MATR\u00cdCULA ( Opcional )\n<\/p>\n<p><span class=\"wpcf7-form-control-wrap\" data-name=\"NmerodeMatrcula\"><input size=\"40\" maxlength=\"400\" class=\"wpcf7-form-control wpcf7-text\" aria-invalid=\"false\" value=\"\" type=\"text\" name=\"NmerodeMatrcula\" \/><\/span>\n<\/p>\n<p>COMPROVANTE DE PAGAMENTO ( * - Arquivos aceitos: Jpg, Bmp e Png):\n<\/p>\n<p><span class=\"wpcf7-form-control-wrap\" data-name=\"Comprovante\"><input size=\"40\" class=\"wpcf7-form-control wpcf7-file wpcf7-validates-as-required\" accept=\".jpg,.jpge,.bmp,.png\" aria-required=\"true\" aria-invalid=\"false\" type=\"file\" name=\"Comprovante\" \/><\/span>\n<\/p>\n<p><label style=\"display: inline\">Imagem de seguran\u00e7a<\/label><br \/>\n<input type=\"hidden\" name=\"_wpcf7_captcha_challenge_captcha-1\" value=\"2870392464\" \/><img loading=\"lazy\" decoding=\"async\" class=\"wpcf7-form-control wpcf7-captchac wpcf7-captcha-captcha-1\" width=\"72\" height=\"24\" alt=\"captcha\" src=\"https:\/\/wp.ufpel.edu.br\/semanaacademicadegestaoambiental\/files\/wpcf7_captcha\/2870392464.png\" \/><span class=\"wpcf7-form-control-wrap\" data-name=\"captcha-1\"><input size=\"8\" class=\"wpcf7-form-control wpcf7-captchar\" autocomplete=\"off\" aria-invalid=\"false\" value=\"\" type=\"text\" name=\"captcha-1\" \/><\/span>\n<\/p>\n<p><input class=\"wpcf7-form-control wpcf7-submit has-spinner\" type=\"submit\" value=\"Enviar\" \/>\n<\/p><p style=\"display: none !important;\" class=\"akismet-fields-container\" data-prefix=\"_wpcf7_ak_\"><label>&#916;<textarea name=\"_wpcf7_ak_hp_textarea\" cols=\"45\" rows=\"8\" maxlength=\"100\"><\/textarea><\/label><input type=\"hidden\" id=\"ak_js_1\" name=\"_wpcf7_ak_js\" value=\"216\"\/><script>document.getElementById( \"ak_js_1\" ).setAttribute( \"value\", ( new Date() ).getTime() );<\/script><\/p><div class=\"wpcf7-response-output\" aria-hidden=\"true\"><\/div>\n<\/form>\n<\/div>\n\n<p>&nbsp;<\/p>\n","protected":false},"excerpt":{"rendered":"<p>&#8211; Para realizar sua inscri\u00e7\u00e3o efetue dep\u00f3sito ou transfer\u00eancia banc\u00e1ria no valor de R$ 15,00\u00a0para a conta abaixo: Banco do Brasil &#8211; \u00a0Ag\u00eancia:\u00a04468-7 \u00a0Conta corrente:\u00a012045-6 &nbsp; &#8211; Preencha os campos abaixo &#8211; Envie seu comprovante de dep\u00f3sito ou transfer\u00eancia banc\u00e1ria&#8230; <a class=\"more-link\" href=\"https:\/\/wp.ufpel.edu.br\/semanaacademicadegestaoambiental\/inscricao-alunos\/\">Continue lendo &rarr;<\/a><\/p>\n","protected":false},"author":215,"featured_media":0,"parent":0,"menu_order":0,"comment_status":"closed","ping_status":"closed","template":"","meta":{"footnotes":""},"class_list":["post-44","page","type-page","status-publish","hentry"],"_links":{"self":[{"href":"https:\/\/wp.ufpel.edu.br\/semanaacademicadegestaoambiental\/wp-json\/wp\/v2\/pages\/44","targetHints":{"allow":["GET"]}}],"collection":[{"href":"https:\/\/wp.ufpel.edu.br\/semanaacademicadegestaoambiental\/wp-json\/wp\/v2\/pages"}],"about":[{"href":"https:\/\/wp.ufpel.edu.br\/semanaacademicadegestaoambiental\/wp-json\/wp\/v2\/types\/page"}],"author":[{"embeddable":true,"href":"https:\/\/wp.ufpel.edu.br\/semanaacademicadegestaoambiental\/wp-json\/wp\/v2\/users\/215"}],"replies":[{"embeddable":true,"href":"https:\/\/wp.ufpel.edu.br\/semanaacademicadegestaoambiental\/wp-json\/wp\/v2\/comments?post=44"}],"version-history":[{"count":10,"href":"https:\/\/wp.ufpel.edu.br\/semanaacademicadegestaoambiental\/wp-json\/wp\/v2\/pages\/44\/revisions"}],"predecessor-version":[{"id":105,"href":"https:\/\/wp.ufpel.edu.br\/semanaacademicadegestaoambiental\/wp-json\/wp\/v2\/pages\/44\/revisions\/105"}],"wp:attachment":[{"href":"https:\/\/wp.ufpel.edu.br\/semanaacademicadegestaoambiental\/wp-json\/wp\/v2\/media?parent=44"}],"curies":[{"name":"wp","href":"https:\/\/api.w.org\/{rel}","templated":true}]}}