{"id":698,"date":"2018-02-08T12:45:28","date_gmt":"2018-02-08T14:45:28","guid":{"rendered":"https:\/\/wp.ufpel.edu.br\/sei\/?page_id=698"},"modified":"2024-03-15T09:59:10","modified_gmt":"2024-03-15T12:59:10","slug":"pop-ufpel-manuais","status":"publish","type":"page","link":"https:\/\/wp.ufpel.edu.br\/sei\/?page_id=698","title":{"rendered":"POP UFPel (Manuais)"},"content":{"rendered":"<p>Abaixo est\u00e3o disponibilizados os POPs (Procedimentos Operacionais padr\u00e3o) em rela\u00e7\u00e3o ao SEI na UFPEL.<\/p>\n<p>&nbsp;<\/p>\n<p><strong>MANUAIS SEI UFPEL<\/strong><\/p>\n<p><a href=\"https:\/\/wp.ufpel.edu.br\/sei\/files\/2019\/01\/03_Manual-SEI_PRA-Usu\u00e1rio-Externo_rev05.pdf\"><span style=\"color: #0000ff;\">Manual do Usu\u00e1rio Externo<\/span><\/a><\/p>\n<p>&nbsp;<\/p>\n<p><strong>FINAN\u00c7AS<\/strong><\/p>\n<p><a href=\"https:\/\/wp.ufpel.edu.br\/sei\/files\/2022\/03\/01_Manual-SEI_Editado_v05-Notas-Fiscais.pdf\"><span style=\"color: #0000ff;\">PRA &#8211; Encaminhamento de Notas Fiscais para Pagamento<\/span><\/a><\/p>\n<p>&nbsp;<\/p>\n<p><strong>N\u00daCLEO DE MATERIAL\u00a0<\/strong><\/p>\n<p><span style=\"color: #0000ff;\"><a style=\"color: #0000ff;\" href=\"https:\/\/wp.ufpel.edu.br\/sei\/files\/2021\/07\/05_Manual-SEI_PRA-Encam-Solic-Novas-Aquis-Contrat_rev08.pdf\">PRA &#8211; Encaminhamento de Solicita\u00e7\u00f5es para Novas Aquisi\u00e7\u00f5es\/Contrata\u00e7\u00f5es<\/a><\/span><\/p>\n<p><span style=\"color: #0000ff;\"><a style=\"color: #0000ff;\" href=\"https:\/\/wp.ufpel.edu.br\/sei\/files\/2021\/07\/06_Manual-SEI_PRA-Solicitacao-de-SRP_rev06.pdf\">PRA &#8211; Encaminhamento de Solicita\u00e7\u00f5es Sistema Registro de Pre\u00e7o(SRP)<\/a><\/span><\/p>\n<p>&nbsp;<\/p>\n<p><strong>N\u00daCLEO DE CONTRATOS\u00a0<\/strong><\/p>\n<p><span style=\"color: #0000ff;\"><a style=\"color: #0000ff;\" href=\"https:\/\/wp.ufpel.edu.br\/sei\/files\/2021\/03\/11_PRA_Processo-pgto-SEI_contrato-sem-mao-de-obra_rev01-2.pdf\">PRA &#8211; Encaminhamento de Nota Fiscal referentes a Contratos de Servi\u00e7o<\/a><\/span><\/p>\n<p><span style=\"color: #0000ff;\"><a style=\"color: #0000ff;\" href=\"https:\/\/wp.ufpel.edu.br\/sei\/files\/2021\/03\/10_PRA_Processo-pgto-SEI_contrato-de-material_rev01-1.pdf\">PRA &#8211; Encaminhamento de Nota Fiscal referentes a Contratos com Fornecimento de Material<\/a><\/span><\/p>\n<p><a href=\"https:\/\/wp.ufpel.edu.br\/sei\/files\/2024\/02\/13_PRA_Orientacoes-sobre-tramitacao-de-notas-fiscais-no-SEI_rev03.pdf\"><span style=\"color: #0000ff;\">PRA &#8211; Encaminhamento de Nota Fiscal referentes a Contratos Obra<\/span><\/a><\/p>\n<p><span style=\"color: #0000ff;\"><a style=\"color: #0000ff;\" href=\"https:\/\/wp.ufpel.edu.br\/sei\/files\/2024\/03\/14_PRA_Orientacoes-para-Ateste-de-Cessao-com-Contrato-no-SEI_rev03.pdf\">PRA &#8211; Orienta\u00e7\u00f5es para Ateste de Cess\u00e3o com Contrato no SEI<\/a><\/span><\/p>\n<p>&nbsp;<\/p>\n<p><strong>N\u00daCLEO DE PATRIM\u00d4NIO<\/strong><\/p>\n<p><span style=\"color: #0000ff;\"><a style=\"color: #0000ff;\" href=\"https:\/\/wp.ufpel.edu.br\/sei\/files\/2019\/01\/04_Manual-SEI_PRA-Solic-Aut-Ret-Bens-Patrim_rev02-1.pdf\">PRA &#8211; Solicita\u00e7\u00e3o de Autoriza\u00e7\u00e3o para Retirada de Bens Patrimoniais<\/a><\/span><\/p>\n<p><span style=\"color: #0000ff;\"><a style=\"color: #0000ff;\" href=\"https:\/\/wp.ufpel.edu.br\/sei\/files\/2019\/01\/07_Manual-SEI_PRA-TM-Equip.-Entre-Unid-1.pdf\">PRA &#8211; Transfer\u00eancia de Bens Entre Unidades<\/a><\/span><\/p>\n<p><span style=\"color: #0000ff;\"><a style=\"color: #0000ff;\" href=\"https:\/\/wp.ufpel.edu.br\/sei\/files\/2019\/01\/08_Manual-SEI_PRA-TM-URDB-para-Unidades_rev03-3.pdf\">PRA &#8211; Transfer\u00eancia de Bens da URDB para as Unidades Acad\u00eamicas\/Administrativas<\/a><\/span><\/p>\n<p><a href=\"https:\/\/wp.ufpel.edu.br\/sei\/files\/2019\/01\/09_Manual-SEI_PRA-TM-Unidadespara-URDB_rev03-3.pdf\"><span style=\"color: #0000ff;\">PRA &#8211; Transfer\u00eancia de Bens das Unidades Acad\u00eamicas\/Administrativas para a URDB<\/span><\/a><\/p>\n<p>&nbsp;<\/p>\n<p><strong>SECRETARIA DAS COMISS\u00d5ES<\/strong><\/p>\n<p><span style=\"color: #0000ff;\"><a style=\"color: #0000ff;\" href=\"https:\/\/wp.ufpel.edu.br\/sei\/files\/2018\/07\/CEEA-Solicita\u00e7\u00e3o-de-Avalia\u00e7\u00e3o-de-Projeto-pelo-Comit\u00ea-de-\u00c9tica-e-Experimenta\u00e7\u00e3o-Animal.pdf\">CEEA &#8211; Solicita\u00e7\u00e3o de Avalia\u00e7\u00e3o de Projeto pelo Comit\u00ea de \u00c9tica e Experimenta\u00e7\u00e3o Animal<\/a><\/span><\/p>\n","protected":false},"excerpt":{"rendered":"<p>Abaixo est\u00e3o disponibilizados os POPs (Procedimentos Operacionais padr\u00e3o) em rela\u00e7\u00e3o ao SEI na UFPEL. &nbsp; MANUAIS SEI UFPEL Manual do Usu\u00e1rio Externo &nbsp; FINAN\u00c7AS PRA &#8211; Encaminhamento de Notas Fiscais para Pagamento &nbsp; N\u00daCLEO DE MATERIAL\u00a0 PRA &#8211; Encaminhamento de Solicita\u00e7\u00f5es para Novas Aquisi\u00e7\u00f5es\/Contrata\u00e7\u00f5es PRA &#8211; Encaminhamento de Solicita\u00e7\u00f5es Sistema Registro de Pre\u00e7o(SRP) &nbsp; N\u00daCLEO [&hellip;]<\/p>\n","protected":false},"author":765,"featured_media":0,"parent":0,"menu_order":0,"comment_status":"closed","ping_status":"closed","template":"","meta":{"footnotes":""},"class_list":["post-698","page","type-page","status-publish","hentry"],"jetpack_sharing_enabled":true,"_links":{"self":[{"href":"https:\/\/wp.ufpel.edu.br\/sei\/index.php?rest_route=\/wp\/v2\/pages\/698","targetHints":{"allow":["GET"]}}],"collection":[{"href":"https:\/\/wp.ufpel.edu.br\/sei\/index.php?rest_route=\/wp\/v2\/pages"}],"about":[{"href":"https:\/\/wp.ufpel.edu.br\/sei\/index.php?rest_route=\/wp\/v2\/types\/page"}],"author":[{"embeddable":true,"href":"https:\/\/wp.ufpel.edu.br\/sei\/index.php?rest_route=\/wp\/v2\/users\/765"}],"replies":[{"embeddable":true,"href":"https:\/\/wp.ufpel.edu.br\/sei\/index.php?rest_route=%2Fwp%2Fv2%2Fcomments&post=698"}],"version-history":[{"count":54,"href":"https:\/\/wp.ufpel.edu.br\/sei\/index.php?rest_route=\/wp\/v2\/pages\/698\/revisions"}],"predecessor-version":[{"id":1712,"href":"https:\/\/wp.ufpel.edu.br\/sei\/index.php?rest_route=\/wp\/v2\/pages\/698\/revisions\/1712"}],"wp:attachment":[{"href":"https:\/\/wp.ufpel.edu.br\/sei\/index.php?rest_route=%2Fwp%2Fv2%2Fmedia&parent=698"}],"curies":[{"name":"wp","href":"https:\/\/api.w.org\/{rel}","templated":true}]}}