{"id":626,"date":"2017-10-06T18:36:23","date_gmt":"2017-10-06T21:36:23","guid":{"rendered":"https:\/\/wp.ufpel.edu.br\/sei\/?page_id=626"},"modified":"2024-11-01T10:48:29","modified_gmt":"2024-11-01T13:48:29","slug":"pop-procedimento-operacional-padrao","status":"publish","type":"page","link":"https:\/\/wp.ufpel.edu.br\/sei\/?page_id=626","title":{"rendered":"POP &#8211; Procedimento Operacional Padr\u00e3o Vers\u00e3o 3.0"},"content":{"rendered":"<p><strong>Conhe\u00e7a os POPS da Vers\u00e3o 3.0<\/strong><\/p>\n<p>Abaixo disponibilizamos os POP&#8217;s (Procedimentos Operacionais Padr\u00e3o) da vers\u00e3o 3.0: Material em PDF, apresentando as opera\u00e7\u00f5es no SEI, passo a passo:<\/p>\n<ul>\n<li><a href=\"https:\/\/wp.ufpel.edu.br\/sei\/files\/2017\/07\/POP-1-Acessar-o-SEI.pdf\" target=\"_blank\" rel=\"noopener\">POP 1- Acessar o SEI<\/a><\/li>\n<li><a href=\"https:\/\/wp.ufpel.edu.br\/sei\/files\/2017\/07\/POP-2-Receber-processo.pdf\">POP 2 &#8211; Receber Processo<\/a><\/li>\n<li><a href=\"https:\/\/wp.ufpel.edu.br\/sei\/files\/2017\/07\/POP-3-Atribuir-processo.pdf\" target=\"_blank\" rel=\"noopener\">POP 3 &#8211; Atribuir Processo<\/a><\/li>\n<li><a href=\"https:\/\/wp.ufpel.edu.br\/sei\/files\/2017\/07\/POP-4-Inserir-Anota\u00e7\u00e3o.pdf\" target=\"_blank\" rel=\"noopener\">POP 4 &#8211; Inserir Anota\u00e7\u00e3o<\/a><\/li>\n<li><a href=\"https:\/\/wp.ufpel.edu.br\/sei\/files\/2017\/07\/POP5-Iniciar-Processo.pdf\" target=\"_blank\" rel=\"noopener\">POP 5 &#8211; Iniciar Processo<\/a><\/li>\n<li><a href=\"https:\/\/wp.ufpel.edu.br\/sei\/files\/2017\/07\/POP-6-Excluir-Processo.pdf\" target=\"_blank\" rel=\"noopener\">POP 6 &#8211; Excluir Processo<\/a><\/li>\n<li><a href=\"https:\/\/wp.ufpel.edu.br\/sei\/files\/2017\/07\/POP-7-Relacionar-Processo.pdf\" target=\"_blank\" rel=\"noopener\">POP 7 &#8211; Relacionar Processo<\/a><\/li>\n<li><a href=\"https:\/\/wp.ufpel.edu.br\/sei\/files\/2017\/07\/POP-8-Remover-Relacionamento.pdf\" target=\"_blank\" rel=\"noopener\">POP 8 &#8211; Remover Relacionamento<\/a><\/li>\n<li><a href=\"https:\/\/wp.ufpel.edu.br\/sei\/files\/2017\/07\/POP-9-Iniciar-Processo-Relacionado.pdf\" target=\"_blank\" rel=\"noopener\">POP 9 &#8211; Iniciar Processo Relacionado<\/a><\/li>\n<li><a href=\"https:\/\/wp.ufpel.edu.br\/sei\/files\/2017\/07\/POP-10-Anexar-Processo.pdf\" target=\"_blank\" rel=\"noopener\">POP 10 &#8211; Anexar Processo<\/a><\/li>\n<li><a href=\"https:\/\/wp.ufpel.edu.br\/sei\/files\/2017\/07\/POP-11-Abrir-Processo-Anexado.pdf\" target=\"_blank\" rel=\"noopener\">POP 11 &#8211; Abrir Processo Anexado<\/a><\/li>\n<li><a href=\"https:\/\/wp.ufpel.edu.br\/sei\/files\/2017\/07\/POP-12-Sobrestar-Processo.pdf\" target=\"_blank\" rel=\"noopener\">POP 12 &#8211; Sobrestar Processo<\/a><\/li>\n<li><a href=\"https:\/\/wp.ufpel.edu.br\/sei\/files\/2017\/07\/POP-13-Remover-Sobrestamento.pdf\" target=\"_blank\" rel=\"noopener\">POP 13 &#8211; Remover Sobrestamento<\/a><\/li>\n<li><a href=\"https:\/\/wp.ufpel.edu.br\/sei\/files\/2017\/07\/POP-14-Duplicar-Processo.pdf\" target=\"_blank\" rel=\"noopener\">POP 14 &#8211; Duplicar Processo<\/a><\/li>\n<li><a href=\"https:\/\/wp.ufpel.edu.br\/sei\/files\/2017\/07\/POP-15-Enviar-processo-1.pdf\" target=\"_blank\" rel=\"noopener\">POP 15 &#8211; Enviar Processo<\/a><\/li>\n<li><a href=\"https:\/\/wp.ufpel.edu.br\/sei\/files\/2017\/07\/POP-16-Concluir-processo.pdf\" target=\"_blank\" rel=\"noopener\">POP 16 &#8211; Concluir Processo<\/a><\/li>\n<li><a href=\"https:\/\/wp.ufpel.edu.br\/sei\/files\/2017\/07\/POP-17-Inserir-ponto-de-controle.pdf\" target=\"_blank\" rel=\"noopener\">POP 17 &#8211; Inserir Ponto de Controle<\/a><\/li>\n<li><a href=\"https:\/\/wp.ufpel.edu.br\/sei\/files\/2017\/07\/POP-18-Gerenciar-ponto-de-controle.pdf\" target=\"_blank\" rel=\"noopener\">POP 18 &#8211; Gerenciar Ponto de Controle<\/a><\/li>\n<li><a href=\"https:\/\/wp.ufpel.edu.br\/sei\/files\/2017\/07\/POP-19-Criar-documento-interno.pdf\" target=\"_blank\" rel=\"noopener\">POP 19 &#8211; Criar Documento Interno<\/a><\/li>\n<li><a href=\"https:\/\/wp.ufpel.edu.br\/sei\/files\/2017\/07\/POP-20-Editar-documento-interno.pdf\" target=\"_blank\" rel=\"noopener\">POP 20 &#8211; Editar Documento Interno<\/a><\/li>\n<li><a href=\"https:\/\/wp.ufpel.edu.br\/sei\/files\/2017\/07\/POP-21-Gerar-vers\u00e3o-do-documento.pdf\" target=\"_blank\" rel=\"noopener\">POP 21 &#8211; Gerar Vers\u00e3o do Documento<\/a><\/li>\n<li><a href=\"https:\/\/wp.ufpel.edu.br\/sei\/files\/2017\/07\/POP-22-Assinar-documento-interno.pdf\" target=\"_blank\" rel=\"noopener\">POP 22 &#8211; Assinar Documento Interno<\/a><\/li>\n<li><a href=\"https:\/\/wp.ufpel.edu.br\/sei\/files\/2017\/07\/POP-23-Criar-texto-padr\u00e3o.pdf\" target=\"_blank\" rel=\"noopener\">POP 23 &#8211; Criar Texto Padr\u00e3o<\/a><\/li>\n<li><a href=\"https:\/\/wp.ufpel.edu.br\/sei\/files\/2017\/07\/POP-24-Criar-consultar-alterar-e-excluir-modelo-de-documento.pdf\" target=\"_blank\" rel=\"noopener\">POP 24 &#8211; Criar Consultar Alterar e Excluir Modelo de Documento<\/a><\/li>\n<li><a href=\"https:\/\/wp.ufpel.edu.br\/sei\/files\/2017\/07\/POP-25-Incluir-documento-externo.pdf\" target=\"_blank\" rel=\"noopener\">POP 25 &#8211; Incluir Documento Externo<\/a><\/li>\n<li><a href=\"https:\/\/wp.ufpel.edu.br\/sei\/files\/2017\/07\/POP-26-Excluir-documento-do-processo.pdf\" target=\"_blank\" rel=\"noopener\">POP 26 &#8211; Excluir Documento do Processo<\/a><\/li>\n<li><a href=\"https:\/\/wp.ufpel.edu.br\/sei\/files\/2017\/07\/POP-27-Cancelar-documento.pdf\" target=\"_blank\" rel=\"noopener\">POP 27 &#8211; Cancelar Documento<\/a><\/li>\n<li><a href=\"https:\/\/wp.ufpel.edu.br\/sei\/files\/2017\/07\/POP-28-Incluir-documento-em-m\u00faltiplos-processos.pdf\" target=\"_blank\" rel=\"noopener\">POP 28 &#8211; Incluir Documento em M\u00faltiplos Processos<\/a><\/li>\n<li><a href=\"https:\/\/wp.ufpel.edu.br\/sei\/files\/2017\/07\/POP-29-Imprimir-documento.pdf\" target=\"_blank\" rel=\"noopener\">POP 29 &#8211; Imprimir Documento<\/a><\/li>\n<li><a href=\"https:\/\/wp.ufpel.edu.br\/sei\/files\/2017\/07\/POP-30-Dar-ci\u00eancia.pdf\" target=\"_blank\" rel=\"noopener\">POP 30 &#8211; Dar Ci\u00eancia<\/a><\/li>\n<li><a href=\"https:\/\/wp.ufpel.edu.br\/sei\/files\/2017\/07\/POP-31-Encaminhar-documento-para-assinatura-em-outra-Unidade.pdf\" target=\"_blank\" rel=\"noopener\">POP 31 &#8211; Encaminhar Documento para Assinatura em Outra Unidade<\/a><\/li>\n<li><a href=\"https:\/\/wp.ufpel.edu.br\/sei\/files\/2017\/07\/POP-32-Assinar-documento-encaminhado-por-outra-Unidade.pdf\" target=\"_blank\" rel=\"noopener\">POP 32 &#8211; Assinar Documento Encaminhado por Outra Unidade<\/a><\/li>\n<li><a href=\"https:\/\/wp.ufpel.edu.br\/sei\/files\/2017\/07\/POP-33-Encaminhar-processo-para-consulta-de-outra-Unidade.pdf\" target=\"_blank\" rel=\"noopener\">POP 33 &#8211; Encaminhar Processo para Consulta de Outra Unidade<\/a><\/li>\n<li><a href=\"https:\/\/wp.ufpel.edu.br\/sei\/files\/2017\/07\/POP-34-Visualizar-minutas-e-documentos-por-meio-de-Blocos-de-Reuni\u00e3o.pdf\" target=\"_blank\" rel=\"noopener\">POP 34 &#8211; Visualizar Minutas e Documentos por Meio de Blocos de Reuni\u00e3o<\/a><\/li>\n<li><a href=\"https:\/\/wp.ufpel.edu.br\/sei\/files\/2017\/07\/POP-35-Incluir-processos-em-um-Bloco-Interno.pdf\" target=\"_blank\" rel=\"noopener\">POP 35 &#8211; Incluir Processos em um Bloco Interno<\/a><\/li>\n<li><a href=\"https:\/\/wp.ufpel.edu.br\/sei\/files\/2017\/07\/POP-36-Visualizar-processos-em-um-Bloco-Interno.pdf\" target=\"_blank\" rel=\"noopener\">POP 36 &#8211; Visualizar Processos em um Bloco Interno<\/a><\/li>\n<li><a href=\"https:\/\/wp.ufpel.edu.br\/sei\/files\/2017\/07\/POP-37-Verificar-o-hist\u00f3rico-do-processo.pdf\" target=\"_blank\" rel=\"noopener\">POP 37 &#8211; Verificar o Hist\u00f3rico do Processo<\/a><\/li>\n<li><a href=\"https:\/\/wp.ufpel.edu.br\/sei\/files\/2017\/07\/POP-38-Incluir-processo-em-Acompanhamento-Especial.pdf\" target=\"_blank\" rel=\"noopener\">POP 38 &#8211; Incluir Processo em Acompanhamento Especial<\/a><\/li>\n<li><a href=\"https:\/\/wp.ufpel.edu.br\/sei\/files\/2017\/07\/POP-39-Alterar-grupo-em-Acompanhamento-Especial.pdf\" target=\"_blank\" rel=\"noopener\">POP 39 &#8211; Alterar Grupo em Acompanhamento Especial<\/a><\/li>\n<li><a href=\"https:\/\/wp.ufpel.edu.br\/sei\/files\/2017\/07\/POP-40-Excluir-grupo-em-Acompanhamento-Especial.pdf\" target=\"_blank\" rel=\"noopener\">POP 40 &#8211; Excluir Grupo em Acompanhamento Especial<\/a><\/li>\n<li><a href=\"https:\/\/wp.ufpel.edu.br\/sei\/files\/2017\/07\/POP-41-Criar-e-disponibilizar-a-Base-de-Conhecimento.pdf\" target=\"_blank\" rel=\"noopener\">POP 41 &#8211; Criar e Disponibilizar a Base de Conhecimento<\/a><\/li>\n<li><a href=\"https:\/\/wp.ufpel.edu.br\/sei\/files\/2017\/07\/POP-42-Alterar-a-Base-de-Conhecimento.pdf\" target=\"_blank\" rel=\"noopener\">POP 42 &#8211; Alterar a Base de Conhecimento<\/a><\/li>\n<li><a href=\"https:\/\/wp.ufpel.edu.br\/sei\/files\/2017\/07\/POP-43-Executar-pesquisa.pdf\" target=\"_blank\" rel=\"noopener\">POP 43 &#8211; Executar Pesquisa<\/a><\/li>\n<li><a href=\"https:\/\/wp.ufpel.edu.br\/sei\/files\/2017\/07\/POP-44-Reabrir-processo.pdf\" target=\"_blank\" rel=\"noopener\">POP 44 &#8211; Reabrir Processo<\/a><\/li>\n<li><a href=\"https:\/\/wp.ufpel.edu.br\/sei\/files\/2017\/07\/POP-45-Exportar-documentos-do-processo-em-formato-PDF.pdf\" target=\"_blank\" rel=\"noopener\">POP 45 &#8211; Exportar Documentos do Processo em Formato PDF<\/a><\/li>\n<li><a href=\"https:\/\/wp.ufpel.edu.br\/sei\/files\/2017\/07\/POP-46-Exportar-documentos-do-processo-em-formato-ZIP.pdf\" target=\"_blank\" rel=\"noopener\">POP 46 &#8211; Exportar Documentos do Processo em Formato ZIP<\/a><\/li>\n<li><a href=\"https:\/\/wp.ufpel.edu.br\/sei\/files\/2017\/07\/POP-47-Estat\u00edstica-dos-processos.pdf\" target=\"_blank\" rel=\"noopener\">POP 47 &#8211; Estat\u00edstica dos Processos<\/a><\/li>\n<li><a href=\"https:\/\/wp.ufpel.edu.br\/sei\/files\/2017\/07\/POP-48-Enviar-e-mail-utilizando-o-SEI.pdf\" target=\"_blank\" rel=\"noopener\">POP 48 &#8211; Enviar E-mail Utilizando o SEI<\/a><\/li>\n<li><a href=\"https:\/\/wp.ufpel.edu.br\/sei\/files\/2017\/07\/POP-49-Criar-grupo-de-e-mail.pdf\" target=\"_blank\" rel=\"noopener\">POP 49 &#8211; Criar Grupo de E-mail<\/a><\/li>\n<li><a href=\"https:\/\/wp.ufpel.edu.br\/sei\/files\/2017\/07\/POP-50-Permitir-visualiza\u00e7\u00e3o-de-processo-por-usu\u00e1rio-externo.pdf\" target=\"_blank\" rel=\"noopener\">POP 50 &#8211; Permitir Visualiza\u00e7\u00e3o de Processo por Usu\u00e1rio Externo<\/a><\/li>\n<li><a href=\"https:\/\/wp.ufpel.edu.br\/sei\/files\/2017\/07\/POP-51-Cadastrar-usu\u00e1rio-externo-para-assinatura-em-documento-interno.pdf\" target=\"_blank\" rel=\"noopener\">POP 51 &#8211; Cadastrar Usu\u00e1rio Externo para Assinatura em Documento Interno<\/a><\/li>\n<li><a href=\"https:\/\/wp.ufpel.edu.br\/sei\/files\/2017\/07\/POP-52-Solicitar-assinatura-de-usu\u00e1rio-externo-em-documento-interno.pdf\" target=\"_blank\" rel=\"noopener\">POP 52 &#8211; Solicitar Assinatura de Usu\u00e1rio Externo em Documento Interno<\/a><\/li>\n<li><a href=\"https:\/\/wp.ufpel.edu.br\/sei\/files\/2017\/12\/POP-53-Marcadores.pdf\" target=\"_blank\" rel=\"noopener\">POP 53 &#8211; Marcadores<\/a><\/li>\n<li><a href=\"https:\/\/wp.ufpel.edu.br\/sei\/files\/2017\/12\/POP-54-Bloco-de-Asssinatura.pdf\" target=\"_blank\" rel=\"noopener\">POP 54 &#8211; Bloco de Assinatura<\/a><\/li>\n<li><a href=\"https:\/\/wp.ufpel.edu.br\/sei\/files\/2017\/12\/POP-55-Filtro-Tipo-de-Processo.pdf\" target=\"_blank\" rel=\"noopener\">POP 55 &#8211; Filtro Tipo de Processo<\/a><\/li>\n<li><a href=\"https:\/\/wp.ufpel.edu.br\/sei\/files\/2017\/12\/POP-56-Pesquisar-no-Processo.pdf\" target=\"_blank\" rel=\"noopener\">POP 56 &#8211; Pesquisar no Processo<\/a><\/li>\n<li><a href=\"https:\/\/wp.ufpel.edu.br\/sei\/files\/2017\/12\/POP-57-Compara\u00e7\u00e3o-de-vers\u00f5es-do-documento.pdf\" target=\"_blank\" rel=\"noopener\">POP 57 &#8211; Compara\u00e7\u00e3o de Vers\u00f5es do Documento<\/a><\/li>\n<li><a href=\"https:\/\/wp.ufpel.edu.br\/sei\/files\/2017\/12\/POP-58-Administra\u00e7\u00e3o-de-Acervo-de-Processos-Sigilosos-da-Unidade.pdf\" target=\"_blank\" rel=\"noopener\">POP 58 &#8211; Administra\u00e7\u00e3o de Acervo de Processos Sigilosos da Unidade<\/a><\/li>\n<\/ul>\n<p>Conte\u00fado exclusivo para auxilio de cria\u00e7\u00e3o de blocos para assinatura:<\/p>\n<ul>\n<li><a href=\"https:\/\/wp.ufpel.edu.br\/sei\/files\/2018\/12\/Manual-para-cria\u00e7\u00e3o-de-blocos-de-assinatura.pdf\">Manual para cria\u00e7\u00e3o de blocos de assinatura<\/a><\/li>\n<\/ul>\n<p>Fonte: Escola Nacional de Administra\u00e7\u00e3o P\u00fablica (ENAP \u2013 curso SEI!Usar)<em>\u00a0<\/em><\/p>\n","protected":false},"excerpt":{"rendered":"<p>Conhe\u00e7a os POPS da Vers\u00e3o 3.0 Abaixo disponibilizamos os POP&#8217;s (Procedimentos Operacionais Padr\u00e3o) da vers\u00e3o 3.0: Material em PDF, apresentando as opera\u00e7\u00f5es no SEI, passo a passo: POP 1- Acessar o SEI POP 2 &#8211; Receber Processo POP 3 &#8211; Atribuir Processo POP 4 &#8211; Inserir Anota\u00e7\u00e3o POP 5 &#8211; Iniciar Processo POP 6 &#8211; [&hellip;]<\/p>\n","protected":false},"author":765,"featured_media":0,"parent":589,"menu_order":0,"comment_status":"closed","ping_status":"closed","template":"","meta":{"footnotes":""},"class_list":["post-626","page","type-page","status-publish","hentry"],"jetpack_sharing_enabled":true,"_links":{"self":[{"href":"https:\/\/wp.ufpel.edu.br\/sei\/index.php?rest_route=\/wp\/v2\/pages\/626","targetHints":{"allow":["GET"]}}],"collection":[{"href":"https:\/\/wp.ufpel.edu.br\/sei\/index.php?rest_route=\/wp\/v2\/pages"}],"about":[{"href":"https:\/\/wp.ufpel.edu.br\/sei\/index.php?rest_route=\/wp\/v2\/types\/page"}],"author":[{"embeddable":true,"href":"https:\/\/wp.ufpel.edu.br\/sei\/index.php?rest_route=\/wp\/v2\/users\/765"}],"replies":[{"embeddable":true,"href":"https:\/\/wp.ufpel.edu.br\/sei\/index.php?rest_route=%2Fwp%2Fv2%2Fcomments&post=626"}],"version-history":[{"count":9,"href":"https:\/\/wp.ufpel.edu.br\/sei\/index.php?rest_route=\/wp\/v2\/pages\/626\/revisions"}],"predecessor-version":[{"id":1812,"href":"https:\/\/wp.ufpel.edu.br\/sei\/index.php?rest_route=\/wp\/v2\/pages\/626\/revisions\/1812"}],"up":[{"embeddable":true,"href":"https:\/\/wp.ufpel.edu.br\/sei\/index.php?rest_route=\/wp\/v2\/pages\/589"}],"wp:attachment":[{"href":"https:\/\/wp.ufpel.edu.br\/sei\/index.php?rest_route=%2Fwp%2Fv2%2Fmedia&parent=626"}],"curies":[{"name":"wp","href":"https:\/\/api.w.org\/{rel}","templated":true}]}}