{"id":44,"date":"2017-06-14T12:13:21","date_gmt":"2017-06-14T15:13:21","guid":{"rendered":"https:\/\/wp.ufpel.edu.br\/sei\/?page_id=44"},"modified":"2025-08-18T11:45:19","modified_gmt":"2025-08-18T14:45:19","slug":"treinamentos","status":"publish","type":"page","link":"https:\/\/wp.ufpel.edu.br\/sei\/","title":{"rendered":"SEI UFPel"},"content":{"rendered":"<p><div><\/div>\n<div><a href=\"https:\/\/sei.ufpel.edu.br\/sip\/controlador_externo.php?acao=instrucoes_2fa&amp;sigla_sistema=SEI&amp;sigla_orgao_sistema=UFPel\" target=\"_blank\" rel=\"noopener\"><img class=\"aligncenter size-full wp-image-1959\" src=\"https:\/\/wp.ufpel.edu.br\/sei\/files\/2025\/08\/Bem-vindoa-ao-site-do.png\" alt=\"\" width=\"807\" height=\"114\" srcset=\"https:\/\/wp.ufpel.edu.br\/sei\/files\/2025\/08\/Bem-vindoa-ao-site-do.png 807w, https:\/\/wp.ufpel.edu.br\/sei\/files\/2025\/08\/Bem-vindoa-ao-site-do-400x57.png 400w, https:\/\/wp.ufpel.edu.br\/sei\/files\/2025\/08\/Bem-vindoa-ao-site-do-768x108.png 768w\" sizes=\"(max-width: 807px) 100vw, 807px\" \/><\/a><\/div>\n<div><\/div>\n<div><\/div>\n<\/p>\n<div style=\"background-color: #008fc4 !important; padding: 20px 0 !important; text-align: center !important;\"><img style=\"max-width: 100% !important; height: auto !important; display: block !important; margin: 0 auto !important;\" src=\"https:\/\/wp.ufpel.edu.br\/sei\/files\/2025\/04\/SEI.png\" alt=\"Logotipo SEI\" \/><\/div>\n<p><!-- BLOCO 2: Acessos do Sistema (Fundo Branco) --><\/p>\n<div style=\"background-color: #ffffff !important; padding: 40px 0 !important; text-align: center !important;\">\n<h2 style=\"font-family: 'Helvetica', sans-serif !important; font-size: 24pt !important; color: #008fc4 !important; margin-bottom: 30px !important; text-align: center !important;\"><strong>Acessos do Sistema<\/strong><\/h2>\n<div style=\"display: flex !important; flex-direction: row !important; flex-wrap: nowrap !important; justify-content: center !important; align-items: flex-start !important;\">\n<div style=\"width: 270px !important; margin: 0 15px !important; text-align: center !important;\"><a style=\"text-decoration: none !important;\" href=\"https:\/\/sei.ufpel.edu.br\/sei\/modulos\/pesquisa\/md_pesq_processo_pesquisar.php?acao_externa=protocolo_pesquisar&amp;acao_origem_externa=protocolo_pesquisar&amp;id_orgao_acesso_externo=0\" target=\"_blank\" rel=\"noopener\"><img style=\"width: 270px !important; height: 270px !important; display: block !important; object-fit: contain !important; margin: 0 auto !important;\" src=\"https:\/\/wp.ufpel.edu.br\/sei\/files\/2025\/04\/4.png\" alt=\"M\u00f3dulo\" \/><\/a><\/div>\n<div style=\"width: 270px !important; margin: 0 15px !important; text-align: center !important;\"><a style=\"text-decoration: none !important;\" href=\"https:\/\/sei.ufpel.edu.br\/sip\/login.php?sigla_orgao_sistema=UFPel&amp;sigla_sistema=SEI&amp;infra_url=L3NlaS8=\" target=\"_blank\" rel=\"noopener\"><img style=\"width: 270px !important; height: 270px !important; display: block !important; object-fit: contain !important; margin: 0 auto !important;\" src=\"https:\/\/wp.ufpel.edu.br\/sei\/files\/2025\/04\/2-1.png\" alt=\"Usu\u00e1rio Interno\" \/><br \/>\n<\/a><\/p>\n<p style=\"font-family: 'Open Sans', sans-serif !important; font-size: 14px !important; color: #000000 !important; margin-top: 10px !important; text-align: left;\">\n<\/div>\n<p><!-- \u00cdcone 3: Autenticidade --><\/p>\n<div style=\"width: 270px !important; margin: 0 15px !important; text-align: center !important;\"><a style=\"text-decoration: none !important;\" href=\"https:\/\/sei.ufpel.edu.br\/sei\/controlador_externo.php?acao=documento_conferir&amp;id_orgao_acesso_externo=0\" target=\"_blank\" rel=\"noopener\"><img style=\"width: 270px !important; height: 270px !important; display: block !important; object-fit: contain !important; margin: 0 auto !important;\" src=\"https:\/\/wp.ufpel.edu.br\/sei\/files\/2025\/04\/5.png\" alt=\"Autenticidade\" \/><br \/>\n<\/a><\/p>\n<p style=\"font-family: 'Open Sans', sans-serif !important; font-size: 14px !important; color: #000000 !important; margin-top: 10px !important; text-align: left;\">\n<\/div>\n<\/div>\n<\/div>\n<p><!-- BLOCO 3: Usu\u00e1rio Externo (Fundo Azul) --><\/p>\n<div style=\"background-color: #008fc4 !important; padding: 40px 0 !important; text-align: center !important;\">\n<h2 style=\"font-family: 'Helvetica', sans-serif !important; font-size: 24pt !important; color: #ffffff !important; margin-bottom: 30px !important; text-align: center !important;\">Usu\u00e1rio Externo<\/h2>\n<div style=\"display: flex !important; flex-direction: row !important; flex-wrap: nowrap !important; justify-content: center !important; align-items: flex-start !important;\">\n<p><!-- \u00cdcone 1: Cadastro --><\/p>\n<div style=\"width: 270px !important; margin: 0 15px !important; text-align: center !important;\"><a style=\"text-decoration: none !important;\" href=\"https:\/\/sei.ufpel.edu.br\/sei\/controlador_externo.php?acao=usuario_externo_enviar_cadastro&amp;id_orgao_acesso_externo=0\" target=\"_blank\" rel=\"noopener\"><br \/>\n<img style=\"width: 270px !important; height: 270px !important; display: block !important; object-fit: contain !important; margin: 0 auto !important;\" src=\"https:\/\/wp.ufpel.edu.br\/sei\/files\/2025\/04\/3.png\" alt=\"Cadastro\" \/><br \/>\n<\/a><\/p>\n<p style=\"font-family: 'Open Sans', sans-serif !important; font-size: 14px !important; color: #ffffff !important; margin-top: 10px !important; text-align: left;\">\n<\/div>\n<p><!-- \u00cdcone 2: Manual --><\/p>\n<div style=\"width: 270px !important; margin: 0 15px !important; text-align: center !important;\"><a style=\"text-decoration: none !important;\" href=\"https:\/\/wp.ufpel.edu.br\/sei\/files\/2019\/01\/03_Manual-SEI_PRA-Usu%C3%A1rio-Externo_rev05.pdf\" target=\"_blank\" rel=\"noopener\"><br \/>\n<img style=\"width: 270px !important; height: 270px !important; display: block !important; object-fit: contain !important; margin: 0 auto !important;\" src=\"https:\/\/wp.ufpel.edu.br\/sei\/files\/2025\/04\/6.png\" alt=\"Manual\" \/><br \/>\n<\/a><\/p>\n<p style=\"font-family: 'Open Sans', sans-serif !important; font-size: 14px !important; color: #ffffff !important; margin-top: 10px !important; text-align: left;\">\n<\/div>\n<p><!-- \u00cdcone 3: Acesso --><\/p>\n<div style=\"width: 270px !important; margin: 0 15px !important; text-align: center !important;\"><a style=\"text-decoration: none !important;\" href=\"https:\/\/sei.ufpel.edu.br\/sei\/controlador_externo.php?acao=usuario_externo_logar&amp;id_orgao_acesso_externo=0\" target=\"_blank\" rel=\"noopener\"><br \/>\n<img style=\"width: 270px !important; height: 270px !important; display: block !important; object-fit: contain !important; margin: 0 auto !important;\" src=\"https:\/\/wp.ufpel.edu.br\/sei\/files\/2025\/04\/2.png\" alt=\"Acesso\" \/><br \/>\n<\/a><\/p>\n<p style=\"font-family: 'Open Sans', sans-serif !important; font-size: 14px !important; color: #ffffff !important; margin-top: 10px !important; text-align: left;\">\n<\/div>\n<\/div>\n<p><!-- \u00cdCONE EXTRA: TERMO DE DECLARA\u00c7\u00c3O (abaixo dos \u00edcones anteriores) --><\/p>\n<div style=\"margin-top: 40px !important;\"><a style=\"text-decoration: none !important;\" href=\"https:\/\/wp.ufpel.edu.br\/sei\/files\/2018\/04\/Anexo-I-do-Manual-do-Usu%C3%A1rio-Externo-1-1.pdf\" target=\"_blank\" rel=\"noopener\"><br \/>\n<img style=\"width: 600px !important; height: auto !important; display: block !important; margin: 0 auto !important; object-fit: contain !important;\" src=\"https:\/\/wp.ufpel.edu.br\/sei\/files\/2025\/04\/termo.jpg\" alt=\"Termo de Declara\u00e7\u00e3o\" \/><br \/>\n<\/a><\/div>\n<\/div>\n<p><!-- BLOCO 4: Links Externos (Fundo Branco) --><\/p>\n<div style=\"background-color: #ffffff !important; padding: 40px 0 !important; text-align: center !important;\">\n<h2 style=\"font-family: 'Helvetica', sans-serif !important; font-size: 24pt !important; color: #008fc4 !important; margin-bottom: 30px !important; text-align: center !important;\">Links Externos<\/h2>\n<div style=\"display: flex !important; flex-direction: row !important; flex-wrap: nowrap !important; justify-content: center !important; align-items: flex-start !important;\">\n<p><!-- \u00cdcone 1: SEI Usar --><\/p>\n<div style=\"width: 270px !important; margin: 0 15px !important; text-align: center !important;\"><a style=\"text-decoration: none !important;\" href=\"https:\/\/www.escolavirtual.gov.br\/curso\/1052\" target=\"_blank\" rel=\"noopener\"><br \/>\n<img style=\"width: 270px !important; height: 270px !important; display: block !important; object-fit: contain !important; margin: 0 auto !important;\" src=\"https:\/\/wp.ufpel.edu.br\/sei\/files\/2025\/04\/7.png\" alt=\"SEI Usar\" \/><br \/>\n<\/a><\/p>\n<p style=\"font-family: 'Open Sans', sans-serif !important; font-size: 14px !important; color: #000000 !important; margin-top: 10px !important; text-align: left;\"><strong>Curso oferecido pela ENAP, atrav\u00e9s da Escola Virtual Gov, com as principais funcionalidades do SEI!<\/strong><\/p>\n<\/div>\n<p><!-- \u00cdcone 2: Manual Externo --><\/p>\n<div style=\"width: 270px !important; margin: 0 15px !important; text-align: center !important;\"><a style=\"text-decoration: none !important;\" href=\"https:\/\/manuais.processoeletronico.gov.br\/pt-br\/latest\/SEI\/index.html\" target=\"_blank\" rel=\"noopener\"><br \/>\n<img style=\"width: 270px !important; height: 270px !important; display: block !important; object-fit: contain !important; margin: 0 auto !important;\" src=\"https:\/\/wp.ufpel.edu.br\/sei\/files\/2025\/04\/8.png\" alt=\"Manual\" \/><br \/>\n<\/a><\/p>\n<p style=\"font-family: 'Open Sans', sans-serif !important; font-size: 14px !important; color: #000000 !important; margin-top: 10px !important; text-align: left;\"><strong>Manual elaborado pelo Processo Eletr\u00f4nico Nacional &#8211; PEN<\/strong><\/p>\n<\/div>\n<p><!-- \u00cdcone 3: AI --><\/p>\n<div style=\"width: 270px !important; margin: 0 15px !important; text-align: center !important;\"><a style=\"text-decoration: none !important;\" href=\"LINK_PARA_AI\" target=\"_blank\" rel=\"noopener\"><br \/>\n<img style=\"width: 270px !important; height: 270px !important; display: block !important; object-fit: contain !important; margin: 0 auto !important;\" src=\"https:\/\/wp.ufpel.edu.br\/sei\/files\/2025\/04\/9.png\" alt=\"AI\" \/><br \/>\n<\/a><\/p>\n<p style=\"font-family: 'Open Sans', sans-serif !important; font-size: 14px !important; color: #000000 !important; margin-top: 10px !important; text-align: left;\">\u00a0<strong>Assistente de IA NUDOC (Em breve)<\/strong><\/p>\n<\/div>\n<\/div>\n<\/div>\n<p><!-- BLOCO 5: Imagem Final --><\/p>\n<div style=\"text-align: center !important; padding: 20px 0 !important;\"><img style=\"max-width: 100% !important; height: auto !important; display: block !important; margin: 0 auto !important;\" src=\"https:\/\/wp.ufpel.edu.br\/sei\/files\/2025\/04\/tela-final.png\" alt=\"Informa\u00e7\u00f5es Finais\" \/><\/div>\n<p>&nbsp;<\/p>\n","protected":false},"excerpt":{"rendered":"<p>Acessos do Sistema Usu\u00e1rio Externo Links Externos Curso oferecido pela ENAP, atrav\u00e9s da Escola Virtual Gov, com as principais funcionalidades do SEI! Manual elaborado pelo Processo Eletr\u00f4nico Nacional &#8211; PEN \u00a0Assistente de IA NUDOC (Em breve) &nbsp;<\/p>\n","protected":false},"author":765,"featured_media":0,"parent":0,"menu_order":0,"comment_status":"closed","ping_status":"closed","template":"","meta":{"footnotes":""},"class_list":["post-44","page","type-page","status-publish","hentry"],"jetpack_sharing_enabled":true,"_links":{"self":[{"href":"https:\/\/wp.ufpel.edu.br\/sei\/index.php?rest_route=\/wp\/v2\/pages\/44","targetHints":{"allow":["GET"]}}],"collection":[{"href":"https:\/\/wp.ufpel.edu.br\/sei\/index.php?rest_route=\/wp\/v2\/pages"}],"about":[{"href":"https:\/\/wp.ufpel.edu.br\/sei\/index.php?rest_route=\/wp\/v2\/types\/page"}],"author":[{"embeddable":true,"href":"https:\/\/wp.ufpel.edu.br\/sei\/index.php?rest_route=\/wp\/v2\/users\/765"}],"replies":[{"embeddable":true,"href":"https:\/\/wp.ufpel.edu.br\/sei\/index.php?rest_route=%2Fwp%2Fv2%2Fcomments&post=44"}],"version-history":[{"count":4,"href":"https:\/\/wp.ufpel.edu.br\/sei\/index.php?rest_route=\/wp\/v2\/pages\/44\/revisions"}],"predecessor-version":[{"id":1960,"href":"https:\/\/wp.ufpel.edu.br\/sei\/index.php?rest_route=\/wp\/v2\/pages\/44\/revisions\/1960"}],"wp:attachment":[{"href":"https:\/\/wp.ufpel.edu.br\/sei\/index.php?rest_route=%2Fwp%2Fv2%2Fmedia&parent=44"}],"curies":[{"name":"wp","href":"https:\/\/api.w.org\/{rel}","templated":true}]}}