{"id":180,"date":"2017-07-14T11:58:55","date_gmt":"2017-07-14T14:58:55","guid":{"rendered":"https:\/\/wp.ufpel.edu.br\/sei\/?page_id=180"},"modified":"2017-07-24T08:30:27","modified_gmt":"2017-07-24T11:30:27","slug":"home","status":"publish","type":"page","link":"https:\/\/wp.ufpel.edu.br\/sei\/?page_id=180","title":{"rendered":"O que \u00e9 o SEI?"},"content":{"rendered":"<p><span style=\"font-family: arial, helvetica, sans-serif\">O Sistema Eletr\u00f4nico de Informa\u00e7\u00f5es (SEI) \u00e9 um sistema desenvolvido pelo Tribunal Regional Federal da 4\u00aa Regi\u00e3o (TRF4) que engloba um conjunto de m\u00f3dulos e funcionalidades com vistas \u00e0 promo\u00e7\u00e3o da efici\u00eancia administrativa. A solu\u00e7\u00e3o \u00e9 cedida gratuitamente para institui\u00e7\u00f5es p\u00fablicas e permite transferir a gest\u00e3o de documentos e de processos eletr\u00f4nicos administrativos para um mesmo ambiente virtual.<\/span><\/p>\n<p><span style=\"font-family: arial, helvetica, sans-serif\">O \u00a0SEI surgiu como alternativa ao desenvolvimento de uma solu\u00e7\u00e3o informatizada capaz de atender aos requisitos apontados pela equipe do <a href=\"http:\/\/www.planejamento.gov.br\/pensei\" target=\"_blank\" rel=\"noopener\">PEN (Processo Eletr\u00f4nico Nacional)<\/a>. Sua ado\u00e7\u00e3o se deu atrav\u00e9s da realiza\u00e7\u00e3o de uma consulta p\u00fablica, onde v\u00e1rios \u00f3rg\u00e3os apresentaram seus sistemas como forma de contribuir para o desenvolvimento do projeto.<\/span><\/p>\n<p><span style=\"font-family: arial, helvetica, sans-serif\">Suas principais caracter\u00edsticas incluem suporte \u00e0 produ\u00e7\u00e3o, edi\u00e7\u00e3o, assinatura e tr\u00e2mite de processos e documentos, proporcionando desta forma, a virtualiza\u00e7\u00e3o destes. Al\u00e9m disso, o SEI reduz o tempo de realiza\u00e7\u00e3o das atividades por permitir a atua\u00e7\u00e3o simult\u00e2nea de v\u00e1rias Unidades\/Setores em um mesmo processo, ainda que distantes fisicamente. Frente a essas caracter\u00edsticas, o sistema apresenta-se como uma solu\u00e7\u00e3o flex\u00edvel para ser adaptada \u00e0 realidade de \u00f3rg\u00e3os da Administra\u00e7\u00e3o P\u00fablica Federal, independente dos processos e fluxos de trabalho caracter\u00edsticos de cada \u00f3rg\u00e3o.<\/span><\/p>\n<h5><span style=\"font-family: arial, helvetica, sans-serif\">IMPLANTA\u00c7\u00c3O DO SEI NA UFPEL<\/span><\/h5>\n<p><span style=\"font-family: arial, helvetica, sans-serif\">A implanta\u00e7\u00e3o do SEI na UFPEL parte de uma decis\u00e3o da administra\u00e7\u00e3o superior e visa atender ao disposto no <a href=\"http:\/\/www.planalto.gov.br\/ccivil_03\/_Ato2015-2018\/2015\/Decreto\/D8539.htm\" target=\"_blank\" rel=\"noopener\">Decreto n\u00ba 8.539, de 8 de outubro de 2015<\/a>, que disp\u00f5e sobre o uso do meio eletr\u00f4nico para a realiza\u00e7\u00e3o do processo administrativo no \u00e2mbito dos \u00f3rg\u00e3os e das entidades da Administra\u00e7\u00e3o P\u00fablica Federal Direta, Aut\u00e1rquica e Fundacional.<\/span><\/p>\n<p><span style=\"font-family: arial, helvetica, sans-serif\">A implanta\u00e7\u00e3o do SEI encontra-se alinhada ao <a href=\"http:\/\/dados.ufpel.edu.br\/dataset\/plano-de-desenvolvimento-institucional-ufpel\" target=\"_blank\" rel=\"noopener\">Plano de Desenvolvimento Institucional (PDI) da UFPEL<\/a>. Ao referenciar o tema Gest\u00e3o Institucional, o PDI enfatiza: \u201cpara bem\u00a0<\/span><span style=\"font-family: arial, helvetica, sans-serif\">cumprir seu papel, a gest\u00e3o deve, tamb\u00e9m, zelar pela efetividade de suas a\u00e7\u00f5es, pelo uso sustent\u00e1vel dos recursos, pelo aperfei\u00e7oamento de seus m\u00e9todos de trabalho, incorporando novos conhecimentos e tecnologias\u201d. Dessa forma, dado o contexto de aplica\u00e7\u00e3o do SEI, pode-se destacar sua import\u00e2ncia e alinhamento aos seguintes objetivos:<\/span><\/p>\n<p><span style=\"font-family: arial, helvetica, sans-serif\">1. implantar e avaliar programas voltados para a implementa\u00e7\u00e3o do PDI;<\/span><br \/>\n<span style=\"font-family: arial, helvetica, sans-serif\"> 2. tornar mais eficiente a gest\u00e3o institucional;<\/span><br \/>\n<span style=\"font-family: arial, helvetica, sans-serif\"> 3. padronizar processos e implantar sistemas informatizados que qualifiquem as aquisi\u00e7\u00f5es de bens e servi\u00e7os;<\/span><br \/>\n<span style=\"font-family: arial, helvetica, sans-serif\"> 4. implementar sistema que propicie dr\u00e1stica redu\u00e7\u00e3o do uso de papel nos processos administrativos.<\/span><\/p>\n<p>&nbsp;<\/p>\n<p><span style=\"font-family: arial, helvetica, sans-serif\">A implanta\u00e7\u00e3o do SEI apresenta benef\u00edcios para o servi\u00e7o p\u00fablico e para o cidad\u00e3o, entre os quais podemos destacar:<\/span><\/p>\n<p><span style=\"font-family: arial, helvetica, sans-serif\">\u2022 reduzir a tramita\u00e7\u00e3o dos procedimentos em meio f\u00edsico;<\/span><br \/>\n<span style=\"font-family: arial, helvetica, sans-serif\"> \u2022 integrar sistemas de processo eletr\u00f4nico de outros \u00f3rg\u00e3os e entidades da Administra\u00e7\u00e3o P\u00fablica Federal;<\/span><br \/>\n<span style=\"font-family: arial, helvetica, sans-serif\"> \u2022 melhorar a gest\u00e3o, otimizar fluxos de trabalho e racionalizar despesas administrativas;<\/span><br \/>\n<span style=\"font-family: arial, helvetica, sans-serif\"> \u2022 garantir a qualidade e confiabilidade dos dados e das informa\u00e7\u00f5es dispon\u00edveis;<\/span><br \/>\n<span style=\"font-family: arial, helvetica, sans-serif\"> \u2022 proporcionar maior ganho de produtividade e celeridade na tramita\u00e7\u00e3o de processos;<\/span><br \/>\n<span style=\"font-family: arial, helvetica, sans-serif\"> \u2022 promover a satisfa\u00e7\u00e3o do p\u00fablico usu\u00e1rio;<\/span><br \/>\n<span style=\"font-family: arial, helvetica, sans-serif\"> \u2022 assegurar a efici\u00eancia, a efic\u00e1cia e a efetividade da a\u00e7\u00e3o governamental e promover a adequa\u00e7\u00e3o entre meios, a\u00e7\u00f5es, impactos e resultados;<\/span><br \/>\n<span style=\"font-family: arial, helvetica, sans-serif\"> \u2022 promover a utiliza\u00e7\u00e3o de meios eletr\u00f4nicos para a realiza\u00e7\u00e3o dos processos administrativos com seguran\u00e7a, transpar\u00eancia e economicidade;<\/span><br \/>\n<span style=\"font-family: arial, helvetica, sans-serif\"> \u2022 ampliar a sustentabilidade ambiental com o uso da tecnologia da informa\u00e7\u00e3o e da comunica\u00e7\u00e3o; e<\/span><br \/>\n<span style=\"font-family: arial, helvetica, sans-serif\"> \u2022 facilitar o acesso do cidad\u00e3o \u00e0s inst\u00e2ncias administrativas.<\/span><\/p>\n<p>&nbsp;<\/p>\n<p><span style=\"font-family: arial, helvetica, sans-serif\">Saiba mais:<\/span><\/p>\n<p><span style=\"font-family: arial, helvetica, sans-serif\"><a href=\"https:\/\/wp.ufpel.edu.br\/sei\/files\/2017\/07\/Plano-de-Implanta\u00e7\u00e3o-SEI-UFPel.pdf\" target=\"_blank\" rel=\"noopener\">Acesse o Plano de Implanta\u00e7\u00e3o do SEI na UFPel<\/a><\/span><\/p>\n<p>&nbsp;<\/p>\n","protected":false},"excerpt":{"rendered":"<p>O Sistema Eletr\u00f4nico de Informa\u00e7\u00f5es (SEI) \u00e9 um sistema desenvolvido pelo Tribunal Regional Federal da 4\u00aa Regi\u00e3o (TRF4) que engloba um conjunto de m\u00f3dulos e funcionalidades com vistas \u00e0 promo\u00e7\u00e3o da efici\u00eancia administrativa. A solu\u00e7\u00e3o \u00e9 cedida gratuitamente para institui\u00e7\u00f5es p\u00fablicas e permite transferir a gest\u00e3o de documentos e de processos eletr\u00f4nicos administrativos para um [&hellip;]<\/p>\n","protected":false},"author":765,"featured_media":0,"parent":0,"menu_order":0,"comment_status":"closed","ping_status":"closed","template":"","meta":{"footnotes":""},"class_list":["post-180","page","type-page","status-publish","hentry"],"jetpack_sharing_enabled":true,"_links":{"self":[{"href":"https:\/\/wp.ufpel.edu.br\/sei\/index.php?rest_route=\/wp\/v2\/pages\/180","targetHints":{"allow":["GET"]}}],"collection":[{"href":"https:\/\/wp.ufpel.edu.br\/sei\/index.php?rest_route=\/wp\/v2\/pages"}],"about":[{"href":"https:\/\/wp.ufpel.edu.br\/sei\/index.php?rest_route=\/wp\/v2\/types\/page"}],"author":[{"embeddable":true,"href":"https:\/\/wp.ufpel.edu.br\/sei\/index.php?rest_route=\/wp\/v2\/users\/765"}],"replies":[{"embeddable":true,"href":"https:\/\/wp.ufpel.edu.br\/sei\/index.php?rest_route=%2Fwp%2Fv2%2Fcomments&post=180"}],"version-history":[{"count":24,"href":"https:\/\/wp.ufpel.edu.br\/sei\/index.php?rest_route=\/wp\/v2\/pages\/180\/revisions"}],"predecessor-version":[{"id":404,"href":"https:\/\/wp.ufpel.edu.br\/sei\/index.php?rest_route=\/wp\/v2\/pages\/180\/revisions\/404"}],"wp:attachment":[{"href":"https:\/\/wp.ufpel.edu.br\/sei\/index.php?rest_route=%2Fwp%2Fv2%2Fmedia&parent=180"}],"curies":[{"name":"wp","href":"https:\/\/api.w.org\/{rel}","templated":true}]}}