{"id":158,"date":"2017-07-09T18:50:56","date_gmt":"2017-07-09T21:50:56","guid":{"rendered":"https:\/\/wp.ufpel.edu.br\/sei\/?page_id=158"},"modified":"2017-08-02T13:27:15","modified_gmt":"2017-08-02T16:27:15","slug":"aspectos-legais","status":"publish","type":"page","link":"https:\/\/wp.ufpel.edu.br\/sei\/?page_id=158","title":{"rendered":"Aspectos legais"},"content":{"rendered":"<p><span style=\"font-family: arial, helvetica, sans-serif\">Para oferecer maior seguran\u00e7a jur\u00eddica \u00e0 UFPEL, alguns aspectos legais devem ser considerados:<\/span><\/p>\n<p><span style=\"font-family: arial, helvetica, sans-serif\"><strong>1. Termo de ades\u00e3o<\/strong><\/span><\/p>\n<p><span style=\"font-family: arial, helvetica, sans-serif\">O Minist\u00e9rio do Planejamento, Or\u00e7amento e Gest\u00e3o \u00e9 o coordenador do projeto Processo\u00a0<\/span><span style=\"font-family: arial, helvetica, sans-serif\">Eletr\u00f4nico Nacional (PEN) e no \u00e2mbito deste projeto foi prevista a disponibiliza\u00e7\u00e3o do\u00a0<\/span><span style=\"font-family: arial, helvetica, sans-serif\">SEI, cuja cess\u00e3o ocorre mediante a assinatura de um termo de ades\u00e3o, com o objetivo\u00a0<\/span><span style=\"font-family: arial, helvetica, sans-serif\">de garantir que o software seja implantado e utilizado conforme previsto em sua licen\u00e7a\u00a0<\/span><span style=\"font-family: arial, helvetica, sans-serif\">de uso.<\/span><\/p>\n<p><span style=\"font-family: arial, helvetica, sans-serif\"><strong>2. Normativa para institui\u00e7\u00e3o do SEI<\/strong><\/span><\/p>\n<p><span style=\"font-family: arial, helvetica, sans-serif\">A UFPEL expedir\u00e1 normativas que regulem a implanta\u00e7\u00e3o e utiliza\u00e7\u00e3o do SEI em seu \u00e2mbito,\u00a0<\/span><span style=\"font-family: arial, helvetica, sans-serif\">o que dar\u00e1 legitimidade ao processo de ado\u00e7\u00e3o dos documentos digitais e facilitar\u00e1\u00a0<\/span><span style=\"font-family: arial, helvetica, sans-serif\">a internaliza\u00e7\u00e3o da nova ferramenta pelos servidores, al\u00e9m de auxiliar na busca de apoio\u00a0<\/span><span style=\"font-family: arial, helvetica, sans-serif\">interno e externo.<\/span><\/p>\n<p><em><span style=\"font-family: arial, helvetica, sans-serif\">2.1. Adequa\u00e7\u00e3o \u00e0s normas existentes<\/span><\/em><\/p>\n<p><span style=\"font-family: arial, helvetica, sans-serif\">Devem ser observados as normativas \u00e0s quais a UFPEL est\u00e1 subordinada e que dever\u00e3o\u00a0<\/span><span style=\"font-family: arial, helvetica, sans-serif\">ser consideradas para implanta\u00e7\u00e3o e funcionamento do SEI. As regras estabelecidas nestas\u00a0<\/span><span style=\"font-family: arial, helvetica, sans-serif\">normas dever\u00e3o ser incorporadas ao Sistema Eletr\u00f4nico de Informa\u00e7\u00f5es e \u00e0s rotinas\u00a0<\/span><span style=\"font-family: arial, helvetica, sans-serif\">de trabalho da institui\u00e7\u00e3o, a fim de promover efetivamente melhorias na gest\u00e3o da informa\u00e7\u00e3o,\u00a0<\/span><span style=\"font-family: arial, helvetica, sans-serif\">alinhadas aos requisitos legais vigentes. A seguir, algumas das normativas que\u00a0<\/span><span style=\"font-family: arial, helvetica, sans-serif\">dever\u00e3o ser consideradas para a implanta\u00e7\u00e3o do SEI na UFPEL:<\/span><\/p>\n<p><em><span style=\"font-family: arial, helvetica, sans-serif\">2.2. Portarias de protocolo (comunica\u00e7\u00e3o administrativa)<\/span><\/em><\/p>\n<ul>\n<li style=\"text-align: justify\"><span style=\"font-family: arial, helvetica, sans-serif\">Portaria Normativa SLTI\/MP n\u00b0 5, de 19 de dezembro de 2002:\u00a0<\/span><span style=\"font-family: arial, helvetica, sans-serif\">disp\u00f5e sobre os procedimentos gerais para utiliza\u00e7\u00e3o dos servi\u00e7os\u00a0<\/span><span style=\"font-family: arial, helvetica, sans-serif\">de protocolo, no \u00e2mbito da Administra\u00e7\u00e3o P\u00fablica Federal, para os\u00a0<\/span><span style=\"font-family: arial, helvetica, sans-serif\">\u00f3rg\u00e3os e entidades integrantes do Sistema de Servi\u00e7os Gerais \u2013 SISG.<\/span><\/li>\n<li style=\"text-align: justify\"><span style=\"font-family: arial, helvetica, sans-serif\">Portaria SLTI\/MP n\u00b0 3, de 16 de maio de 2003: orienta os \u00f3rg\u00e3os\u00a0<\/span><span style=\"font-family: arial, helvetica, sans-serif\">da Presid\u00eancia da Rep\u00fablica, Minist\u00e9rios, autarquias e funda\u00e7\u00f5es integrantes\u00a0<\/span><span style=\"font-family: arial, helvetica, sans-serif\">do Sistema de Servi\u00e7os Gerais &#8211; SISG, quanto aos procedimentos<\/span><br \/>\n<span style=\"font-family: arial, helvetica, sans-serif\">relativos \u00e0s atividades de Comunica\u00e7\u00f5es Administrativas,\u00a0<\/span><span style=\"font-family: arial, helvetica, sans-serif\">para utiliza\u00e7\u00e3o do n\u00famero \u00fanico de processos e documentos.<\/span><\/li>\n<li style=\"text-align: justify\"><span style=\"font-family: arial, helvetica, sans-serif\">Portaria SLTI\/MP n\u00b0 12, de 23 de novembro de 2009: altera a Portaria\u00a0<\/span><span style=\"font-family: arial, helvetica, sans-serif\">Normativa n\u00ba 5, de 19 de dezembro de 2002, que disp\u00f5e sobre\u00a0<\/span><span style=\"font-family: arial, helvetica, sans-serif\">os procedimentos gerais para utiliza\u00e7\u00e3o de protocolo, no \u00e2mbito\u00a0<\/span><span style=\"font-family: arial, helvetica, sans-serif\">da Administra\u00e7\u00e3o P\u00fablica Federal, para os \u00f3rg\u00e3os e entidades integrantes\u00a0<\/span><span style=\"font-family: arial, helvetica, sans-serif\">do Sistema de Servi\u00e7os Gerais \u2013 SISG.<\/span><\/li>\n<\/ul>\n<p><em><span style=\"font-family: arial, helvetica, sans-serif\">2.3. Resolu\u00e7\u00f5es do Conselho Nacional de Arquivos (CONARQ)<\/span><\/em><\/p>\n<ul>\n<li style=\"text-align: justify\"><span style=\"font-family: arial, helvetica, sans-serif\">Resolu\u00e7\u00e3o n\u00b0 7: disp\u00f5e sobre os procedimentos para a elimina\u00e7\u00e3o\u00a0<\/span><span style=\"font-family: arial, helvetica, sans-serif\">de documentos no \u00e2mbito dos \u00f3rg\u00e3os e entidades integrantes do\u00a0<\/span><span style=\"font-family: arial, helvetica, sans-serif\">Poder P\u00fablico.<\/span><\/li>\n<li style=\"text-align: justify\"><span style=\"font-family: arial, helvetica, sans-serif\">Resolu\u00e7\u00e3o n\u00b0 14: aprova a vers\u00e3o revisada e ampliada da Resolu\u00e7\u00e3o\u00a0<\/span><span style=\"font-family: arial, helvetica, sans-serif\">n\u00ba 4, de 28 de mar\u00e7o de 1996, que disp\u00f5e sobre o C\u00f3digo de Classifica\u00e7\u00e3o\u00a0<\/span><span style=\"font-family: arial, helvetica, sans-serif\">de Documentos de Arquivo para a Administra\u00e7\u00e3o P\u00fablica:\u00a0<\/span><span style=\"font-family: arial, helvetica, sans-serif\">Atividades-Meio, a ser adotado como modelo para os arquivos correntes\u00a0<\/span><span style=\"font-family: arial, helvetica, sans-serif\">dos \u00f3rg\u00e3os e entidades integrantes do Sistema Nacional de\u00a0<\/span><span style=\"font-family: arial, helvetica, sans-serif\">Arquivos (SINAR), e os prazos de guarda e a destina\u00e7\u00e3o de documentos\u00a0<\/span><span style=\"font-family: arial, helvetica, sans-serif\">estabelecidos na Tabela B\u00e1sica de Temporalidade e Destina\u00e7\u00e3o\u00a0<\/span><span style=\"font-family: arial, helvetica, sans-serif\">de Documentos de Arquivo Relativos \u00e0s Atividades-Meio da\u00a0<\/span><span style=\"font-family: arial, helvetica, sans-serif\">Administra\u00e7\u00e3o P\u00fablica.<\/span><\/li>\n<li style=\"text-align: justify\"><span style=\"font-family: arial, helvetica, sans-serif\">Resolu\u00e7\u00e3o n\u00b0 32: disp\u00f5e sobre a inser\u00e7\u00e3o dos Metadados na Parte\u00a0<\/span><span style=\"font-family: arial, helvetica, sans-serif\">II do Modelo de Requisitos para Sistemas Informatizados de Gest\u00e3o\u00a0<\/span><span style=\"font-family: arial, helvetica, sans-serif\">Arquiv\u00edstica de Documentos &#8211; e-ARQ Brasil.<\/span><\/li>\n<li style=\"text-align: justify\"><span style=\"font-family: arial, helvetica, sans-serif\">Resolu\u00e7\u00e3o n\u00b0 35: altera o C\u00f3digo de Classifica\u00e7\u00e3o de Documentos\u00a0<\/span><span style=\"font-family: arial, helvetica, sans-serif\">de Arquivo para a Administra\u00e7\u00e3o P\u00fablica: Atividades-Meio e na Tabela\u00a0<\/span><span style=\"font-family: arial, helvetica, sans-serif\">B\u00e1sica de Temporalidade e Destina\u00e7\u00e3o de Documentos de Arquivo\u00a0<\/span><span style=\"font-family: arial, helvetica, sans-serif\">Relativos \u00e0s Atividades-Meio da Administra\u00e7\u00e3o P\u00fablica, aprovados\u00a0<\/span><span style=\"font-family: arial, helvetica, sans-serif\">pela Resolu\u00e7\u00e3o n\u00ba 14, de 24 de outubro de 2001.<\/span><\/li>\n<\/ul>\n<p><em><span style=\"font-family: arial, helvetica, sans-serif\">2.4. Certifica\u00e7\u00e3o digital<\/span><\/em><\/p>\n<ul>\n<li style=\"text-align: justify\"><span style=\"font-family: arial, helvetica, sans-serif\">Medida Provis\u00f3ria n\u00b0 2.200-2, de 24 de agosto de 2001: institui a\u00a0<\/span><span style=\"font-family: arial, helvetica, sans-serif\">Infraestrutura de Chaves P\u00fablicas Brasileira &#8211; ICP-Brasil, transforma\u00a0<\/span><span style=\"font-family: arial, helvetica, sans-serif\">o Instituto Nacional de Tecnologia da Informa\u00e7\u00e3o em autarquia, e d\u00e1\u00a0<\/span><span style=\"font-family: arial, helvetica, sans-serif\">outras provid\u00eancias.<\/span><\/li>\n<\/ul>\n<p><em><span style=\"font-family: arial, helvetica, sans-serif\">2.5. Digitaliza\u00e7\u00e3o<\/span><\/em><\/p>\n<ul>\n<li style=\"text-align: justify\"><span style=\"font-family: arial, helvetica, sans-serif\">Lei n\u00b0 12.682, de 9 de julho de 2012: disp\u00f5e sobre a elabora\u00e7\u00e3o e o\u00a0<\/span><span style=\"font-family: arial, helvetica, sans-serif\">arquivamento de documentos em meios eletromagn\u00e9ticos.<\/span><\/li>\n<\/ul>\n<p><em><span style=\"font-family: arial, helvetica, sans-serif\">2.6. Lei de acesso a informa\u00e7\u00e3o<\/span><\/em><\/p>\n<ul>\n<li style=\"text-align: justify\"><span style=\"font-family: arial, helvetica, sans-serif\">Lei n\u00b0 12.527, de 18 de novembro de 2011: regula o acesso a informa\u00e7\u00f5es\u00a0<\/span><span style=\"font-family: arial, helvetica, sans-serif\">previsto no inciso XXXIII do art. 5\u00b0, no inciso II do \u00a7 3\u00b0 do\u00a0<\/span><span style=\"font-family: arial, helvetica, sans-serif\">art. 37 e no \u00a7 2\u00b0 do art. 216 da Constitui\u00e7\u00e3o Federal; altera a Lei no\u00a0<\/span><span style=\"font-family: arial, helvetica, sans-serif\">8.112, de 11 de dezembro de 1990; revoga a Lei no 11.111, de 5 de maio\u00a0<\/span><span style=\"font-family: arial, helvetica, sans-serif\">de 2005, e dispositivos da Lei no 8.159, de 8 de janeiro de 1991; e d\u00e1\u00a0<\/span><span style=\"font-family: arial, helvetica, sans-serif\">outras provid\u00eancias.<\/span><\/li>\n<li style=\"text-align: justify\"><span style=\"font-family: arial, helvetica, sans-serif\">Decreto n\u00b0 7.724, de 16 de maio de 2012: regulamenta a Lei no\u00a0<\/span><span style=\"font-family: arial, helvetica, sans-serif\">12.527, de 18 de novembro de 2011, que disp\u00f5e sobre o acesso a informa\u00e7\u00f5es\u00a0<\/span><span style=\"font-family: arial, helvetica, sans-serif\">previsto no inciso XXXIII do caput do art. 5\u00b0, no inciso II\u00a0<\/span><span style=\"font-family: arial, helvetica, sans-serif\">do \u00a7 3\u00b0 do art. 37 e no \u00a7 2\u00b0 do art. 216 da Constitui\u00e7\u00e3o.<\/span><\/li>\n<\/ul>\n<p><em><span style=\"font-family: arial, helvetica, sans-serif\">2.7. Documentos sigilosos<\/span><\/em><\/p>\n<ul>\n<li style=\"text-align: justify\"><span style=\"font-family: arial, helvetica, sans-serif\">Decreto n\u00b0 7.845, de 14 de novembro de 2012: regulamenta procedimentos\u00a0<\/span><span style=\"font-family: arial, helvetica, sans-serif\">para credenciamento de seguran\u00e7a e tratamento de informa\u00e7\u00e3o\u00a0<\/span><span style=\"font-family: arial, helvetica, sans-serif\">classificada em qualquer grau de sigilo, e disp\u00f5e sobre o\u00a0<\/span><span style=\"font-family: arial, helvetica, sans-serif\">N\u00facleo de Seguran\u00e7a e Credenciamento.<\/span><\/li>\n<\/ul>\n<p>&nbsp;<\/p>\n","protected":false},"excerpt":{"rendered":"<p>Para oferecer maior seguran\u00e7a jur\u00eddica \u00e0 UFPEL, alguns aspectos legais devem ser considerados: 1. Termo de ades\u00e3o O Minist\u00e9rio do Planejamento, Or\u00e7amento e Gest\u00e3o \u00e9 o coordenador do projeto Processo\u00a0Eletr\u00f4nico Nacional (PEN) e no \u00e2mbito deste projeto foi prevista a disponibiliza\u00e7\u00e3o do\u00a0SEI, cuja cess\u00e3o ocorre mediante a assinatura de um termo de ades\u00e3o, com o [&hellip;]<\/p>\n","protected":false},"author":765,"featured_media":0,"parent":0,"menu_order":0,"comment_status":"closed","ping_status":"closed","template":"","meta":{"footnotes":""},"class_list":["post-158","page","type-page","status-publish","hentry"],"jetpack_sharing_enabled":true,"_links":{"self":[{"href":"https:\/\/wp.ufpel.edu.br\/sei\/index.php?rest_route=\/wp\/v2\/pages\/158","targetHints":{"allow":["GET"]}}],"collection":[{"href":"https:\/\/wp.ufpel.edu.br\/sei\/index.php?rest_route=\/wp\/v2\/pages"}],"about":[{"href":"https:\/\/wp.ufpel.edu.br\/sei\/index.php?rest_route=\/wp\/v2\/types\/page"}],"author":[{"embeddable":true,"href":"https:\/\/wp.ufpel.edu.br\/sei\/index.php?rest_route=\/wp\/v2\/users\/765"}],"replies":[{"embeddable":true,"href":"https:\/\/wp.ufpel.edu.br\/sei\/index.php?rest_route=%2Fwp%2Fv2%2Fcomments&post=158"}],"version-history":[{"count":6,"href":"https:\/\/wp.ufpel.edu.br\/sei\/index.php?rest_route=\/wp\/v2\/pages\/158\/revisions"}],"predecessor-version":[{"id":503,"href":"https:\/\/wp.ufpel.edu.br\/sei\/index.php?rest_route=\/wp\/v2\/pages\/158\/revisions\/503"}],"wp:attachment":[{"href":"https:\/\/wp.ufpel.edu.br\/sei\/index.php?rest_route=%2Fwp%2Fv2%2Fmedia&parent=158"}],"curies":[{"name":"wp","href":"https:\/\/api.w.org\/{rel}","templated":true}]}}