{"id":149,"date":"2017-07-09T18:48:53","date_gmt":"2017-07-09T21:48:53","guid":{"rendered":"https:\/\/wp.ufpel.edu.br\/sei\/?page_id=149"},"modified":"2024-11-04T14:31:13","modified_gmt":"2024-11-04T17:31:13","slug":"manuais-e-apresentacoes","status":"publish","type":"page","link":"https:\/\/wp.ufpel.edu.br\/sei\/?page_id=149","title":{"rendered":"Manuais e apresenta\u00e7\u00f5es"},"content":{"rendered":"<p><span style=\"font-family: arial, helvetica, sans-serif;\"><strong>Manuais e apresenta\u00e7\u00f5es:<\/strong><\/span><\/p>\n<p><strong>Vers\u00e3o SEI 3<\/strong><\/p>\n<ul>\n<li><span style=\"font-family: arial, helvetica, sans-serif;\"><a href=\"https:\/\/wp.ufpel.edu.br\/sei\/files\/2017\/07\/Apresenta\u00e7\u00e3o-SEI.pdf\" target=\"_blank\" rel=\"noopener\">Apresenta\u00e7\u00e3o SEI UFPEL<\/a>\u00a0(pdf)<\/span><\/li>\n<li><span style=\"font-family: arial, helvetica, sans-serif;\"><a href=\"https:\/\/wp.ufpel.edu.br\/sei\/files\/2017\/07\/Manual_SEI_CADE.pdf\" target=\"_blank\" rel=\"noopener\">Manual de Usu\u00e1rio &#8211; SEI\/CADE &#8211; vers\u00e3o 2.5.1<\/a><\/span><\/li>\n<li><span style=\"font-family: arial, helvetica, sans-serif;\"><a href=\"https:\/\/wp.ufpel.edu.br\/sei\/files\/2017\/07\/Workshop-CI-e-BC.pdf\" target=\"_blank\" rel=\"noopener\">Workshop Controles Internos e Bases de Conhecimento &#8211; SEI\/CADE<\/a><\/span><\/li>\n<li><a href=\"https:\/\/wp.ufpel.edu.br\/sei\/files\/2021\/11\/ApresentacaoSEI-RodaConversa2021-1.pdf\" target=\"_blank\" rel=\"noopener\">Apresenta\u00e7\u00e3o da Roda de Conversa do SEI -UFPel<\/a><\/li>\n<\/ul>\n<p><strong>Vers\u00e3o SEI 4<\/strong><\/p>\n<ul>\n<li><a href=\"https:\/\/wp.ufpel.edu.br\/sei\/files\/2024\/07\/RODA-DE-CONVERSA-PUBLICIDADE-DOS-PROCESSOS-PUBLICOS-E-A-VERSAO-4-DO-SEI.pdf\" target=\"_blank\" rel=\"noopener\">Apresenta\u00e7\u00e3o da Roda de Conversa Publicidade dos Processos P\u00fablicos e a Vers\u00e3o 4 do SEI<\/a><\/li>\n<li><a href=\"https:\/\/manuais.processoeletronico.gov.br\/pt-br\/latest\/SEI\/index.html\" target=\"_blank\" rel=\"noopener\">Manual do Usu\u00e1rio SEI Vers\u00e3o 4<\/a><\/li>\n<li><a href=\"https:\/\/wp.ufpel.edu.br\/sei\/files\/2024\/11\/Comparativo-SEI-4.pdf\" target=\"_blank\" rel=\"noopener\">Comparativo Entre as Vers\u00f5es 3 e 4 do SEI<\/a><\/li>\n<\/ul>\n","protected":false},"excerpt":{"rendered":"<p>Manuais e apresenta\u00e7\u00f5es: Vers\u00e3o SEI 3 Apresenta\u00e7\u00e3o SEI UFPEL\u00a0(pdf) Manual de Usu\u00e1rio &#8211; SEI\/CADE &#8211; vers\u00e3o 2.5.1 Workshop Controles Internos e Bases de Conhecimento &#8211; SEI\/CADE Apresenta\u00e7\u00e3o da Roda de Conversa do SEI -UFPel Vers\u00e3o SEI 4 Apresenta\u00e7\u00e3o da Roda de Conversa Publicidade dos Processos P\u00fablicos e a Vers\u00e3o 4 do SEI Manual do Usu\u00e1rio [&hellip;]<\/p>\n","protected":false},"author":765,"featured_media":0,"parent":0,"menu_order":0,"comment_status":"closed","ping_status":"closed","template":"","meta":{"footnotes":""},"class_list":["post-149","page","type-page","status-publish","hentry"],"jetpack_sharing_enabled":true,"_links":{"self":[{"href":"https:\/\/wp.ufpel.edu.br\/sei\/index.php?rest_route=\/wp\/v2\/pages\/149","targetHints":{"allow":["GET"]}}],"collection":[{"href":"https:\/\/wp.ufpel.edu.br\/sei\/index.php?rest_route=\/wp\/v2\/pages"}],"about":[{"href":"https:\/\/wp.ufpel.edu.br\/sei\/index.php?rest_route=\/wp\/v2\/types\/page"}],"author":[{"embeddable":true,"href":"https:\/\/wp.ufpel.edu.br\/sei\/index.php?rest_route=\/wp\/v2\/users\/765"}],"replies":[{"embeddable":true,"href":"https:\/\/wp.ufpel.edu.br\/sei\/index.php?rest_route=%2Fwp%2Fv2%2Fcomments&post=149"}],"version-history":[{"count":23,"href":"https:\/\/wp.ufpel.edu.br\/sei\/index.php?rest_route=\/wp\/v2\/pages\/149\/revisions"}],"predecessor-version":[{"id":1815,"href":"https:\/\/wp.ufpel.edu.br\/sei\/index.php?rest_route=\/wp\/v2\/pages\/149\/revisions\/1815"}],"wp:attachment":[{"href":"https:\/\/wp.ufpel.edu.br\/sei\/index.php?rest_route=%2Fwp%2Fv2%2Fmedia&parent=149"}],"curies":[{"name":"wp","href":"https:\/\/api.w.org\/{rel}","templated":true}]}}