{"id":146,"date":"2017-07-09T18:47:07","date_gmt":"2017-07-09T21:47:07","guid":{"rendered":"https:\/\/wp.ufpel.edu.br\/sei\/?page_id=146"},"modified":"2017-08-02T12:42:30","modified_gmt":"2017-08-02T15:42:30","slug":"pen-processo-eletronico-nacional","status":"publish","type":"page","link":"https:\/\/wp.ufpel.edu.br\/sei\/?page_id=146","title":{"rendered":"PEN &#8211; Processo Eletr\u00f4nico Nacional"},"content":{"rendered":"<p><span style=\"font-family: arial, helvetica, sans-serif;font-size: 12pt\">O Processo Eletr\u00f4nico Nacional (PEN) \u00e9 uma iniciativa conjunta de \u00f3rg\u00e3os e entidades de diversas esferas da administra\u00e7\u00e3o p\u00fablica, com o intuito de construir uma infraestrutura p\u00fablica de processos e documentos administrativos eletr\u00f4nicos, objetivando a melhoria no desempenho dos processos do setor p\u00fablico, com ganhos em agilidade, produtividade, transpar\u00eancia, satisfa\u00e7\u00e3o do usu\u00e1rio e redu\u00e7\u00e3o de custos. O PEN introduz pr\u00e1ticas inovadoras no setor p\u00fablico \u2013 elimina o uso de papel como suporte f\u00edsico para documentos institucionais e disponibiliza informa\u00e7\u00f5es em tempo real.<\/span><\/p>\n<p><span style=\"font-size: 12pt\"><span style=\"font-family: arial, helvetica, sans-serif\">O PEN \u00e9 composto por tr\u00eas grandes a\u00e7\u00f5es, sendo o Sistema Eletr\u00f4nico de Informa\u00e7\u00f5es (SEI),\u00a0desenvolvido pelo\u00a0Tribunal Regional Federal da 4\u00aa Regi\u00e3o, a principal entrega. As outras duas s\u00e3o o Barramento de Integra\u00e7\u00e3o do SEI (com outras solu\u00e7\u00f5es) e o Protocolo Integrado.<\/span><\/span><\/p>\n<p><span style=\"font-family: arial, helvetica, sans-serif;font-size: 12pt\">Fonte: <a href=\"http:\/\/www.planejamento.gov.br\/pensei\" target=\"_blank\" rel=\"noopener\">Minist\u00e9rio do Planejamento, Desenvolvimento e Gest\u00e3o<\/a><\/span><\/p>\n","protected":false},"excerpt":{"rendered":"<p>O Processo Eletr\u00f4nico Nacional (PEN) \u00e9 uma iniciativa conjunta de \u00f3rg\u00e3os e entidades de diversas esferas da administra\u00e7\u00e3o p\u00fablica, com o intuito de construir uma infraestrutura p\u00fablica de processos e documentos administrativos eletr\u00f4nicos, objetivando a melhoria no desempenho dos processos do setor p\u00fablico, com ganhos em agilidade, produtividade, transpar\u00eancia, satisfa\u00e7\u00e3o do usu\u00e1rio e redu\u00e7\u00e3o de [&hellip;]<\/p>\n","protected":false},"author":765,"featured_media":0,"parent":0,"menu_order":0,"comment_status":"closed","ping_status":"closed","template":"","meta":{"footnotes":""},"class_list":["post-146","page","type-page","status-publish","hentry"],"jetpack_sharing_enabled":true,"_links":{"self":[{"href":"https:\/\/wp.ufpel.edu.br\/sei\/index.php?rest_route=\/wp\/v2\/pages\/146","targetHints":{"allow":["GET"]}}],"collection":[{"href":"https:\/\/wp.ufpel.edu.br\/sei\/index.php?rest_route=\/wp\/v2\/pages"}],"about":[{"href":"https:\/\/wp.ufpel.edu.br\/sei\/index.php?rest_route=\/wp\/v2\/types\/page"}],"author":[{"embeddable":true,"href":"https:\/\/wp.ufpel.edu.br\/sei\/index.php?rest_route=\/wp\/v2\/users\/765"}],"replies":[{"embeddable":true,"href":"https:\/\/wp.ufpel.edu.br\/sei\/index.php?rest_route=%2Fwp%2Fv2%2Fcomments&post=146"}],"version-history":[{"count":4,"href":"https:\/\/wp.ufpel.edu.br\/sei\/index.php?rest_route=\/wp\/v2\/pages\/146\/revisions"}],"predecessor-version":[{"id":492,"href":"https:\/\/wp.ufpel.edu.br\/sei\/index.php?rest_route=\/wp\/v2\/pages\/146\/revisions\/492"}],"wp:attachment":[{"href":"https:\/\/wp.ufpel.edu.br\/sei\/index.php?rest_route=%2Fwp%2Fv2%2Fmedia&parent=146"}],"curies":[{"name":"wp","href":"https:\/\/api.w.org\/{rel}","templated":true}]}}