{"id":142,"date":"2017-07-09T18:37:16","date_gmt":"2017-07-09T21:37:16","guid":{"rendered":"https:\/\/wp.ufpel.edu.br\/sei\/?page_id=142"},"modified":"2017-08-02T13:34:55","modified_gmt":"2017-08-02T16:34:55","slug":"o-que-muda-com-o-sei","status":"publish","type":"page","link":"https:\/\/wp.ufpel.edu.br\/sei\/?page_id=142","title":{"rendered":"O que muda com o SEI"},"content":{"rendered":"<p style=\"text-align: justify\"><span style=\"font-family: arial, helvetica, sans-serif\">A implanta\u00e7\u00e3o do SEI encontra-se alinhada ao Plano de Desenvolvimento Institucional (PDI) da UFPEL. Ao referenciar o tema Gest\u00e3o Institucional, o PDI enfatiza: \u201cpara bem cumprir seu papel, a gest\u00e3o deve, tamb\u00e9m, zelar pela efetividade de suas a\u00e7\u00f5es, pelo uso sustent\u00e1vel dos recursos, pelo aperfei\u00e7oamento de seus m\u00e9todos de trabalho, incorporando novos conhecimentos e tecnologias\u201d. Dessa forma, dado o contexto de aplica\u00e7\u00e3o do SEI, pode-se destacar sua import\u00e2ncia e alinhamento aos seguintes objetivos:<\/span><\/p>\n<ol style=\"text-align: justify\">\n<li><span style=\"font-family: arial, helvetica, sans-serif\">implantar e avaliar programas voltados para a implementa\u00e7\u00e3o do PDI;<\/span><\/li>\n<li><span style=\"font-family: arial, helvetica, sans-serif\">tornar mais eficiente a gest\u00e3o institucional;<\/span><\/li>\n<li><span style=\"font-family: arial, helvetica, sans-serif\">padronizar processos e implantar sistemas informatizados que qualifiquem as aquisi\u00e7\u00f5es de bens e servi\u00e7os;<\/span><\/li>\n<li><span style=\"font-family: arial, helvetica, sans-serif\">implementar sistema que propicie dr\u00e1stica redu\u00e7\u00e3o do uso de papel nos processos administrativos.<\/span><\/li>\n<\/ol>\n<p style=\"text-align: justify\"><span style=\"font-family: arial, helvetica, sans-serif\">A implanta\u00e7\u00e3o do SEI apresenta benef\u00edcios para o servi\u00e7o p\u00fablico e para o cidad\u00e3o, entre os quais podemos destacar:<\/span><\/p>\n<ul>\n<li style=\"text-align: justify\"><span style=\"font-family: arial, helvetica, sans-serif\">reduzir a tramita\u00e7\u00e3o dos procedimentos em meio f\u00edsico;<\/span><\/li>\n<li style=\"text-align: justify\"><span style=\"font-family: arial, helvetica, sans-serif\">integrar sistemas de processo eletr\u00f4nico de outros \u00f3rg\u00e3os e entidades da Administra\u00e7\u00e3o P\u00fablica Federal;<\/span><\/li>\n<li style=\"text-align: justify\"><span style=\"font-family: arial, helvetica, sans-serif\">melhorar a gest\u00e3o, otimizar fluxos de trabalho e racionalizar despesas administrativas;<\/span><\/li>\n<li style=\"text-align: justify\"><span style=\"font-family: arial, helvetica, sans-serif\">garantir a qualidade e confiabilidade dos dados e das informa\u00e7\u00f5es dispon\u00edveis;<\/span><\/li>\n<li style=\"text-align: justify\"><span style=\"font-family: arial, helvetica, sans-serif\">proporcionar maior ganho de produtividade e celeridade na tramita\u00e7\u00e3o de processos;<\/span><\/li>\n<li style=\"text-align: justify\"><span style=\"font-family: arial, helvetica, sans-serif\">promover a satisfa\u00e7\u00e3o do p\u00fablico usu\u00e1rio;<\/span><\/li>\n<li style=\"text-align: justify\"><span style=\"font-family: arial, helvetica, sans-serif\">assegurar a efici\u00eancia, a efic\u00e1cia e a efetividade da a\u00e7\u00e3o governamental e promover a adequa\u00e7\u00e3o entre meios, a\u00e7\u00f5es, impactos e resultados;<\/span><\/li>\n<li style=\"text-align: justify\"><span style=\"font-family: arial, helvetica, sans-serif\">promover a utiliza\u00e7\u00e3o de meios eletr\u00f4nicos para a realiza\u00e7\u00e3o dos processos administrativos com seguran\u00e7a, transpar\u00eancia e economicidade;<\/span><\/li>\n<li style=\"text-align: justify\"><span style=\"font-family: arial, helvetica, sans-serif\">ampliar a sustentabilidade ambiental com o uso da tecnologia da informa\u00e7\u00e3o e da comunica\u00e7\u00e3o; e<\/span><\/li>\n<li style=\"text-align: justify\"><span style=\"font-family: arial, helvetica, sans-serif\">facilitar o acesso do cidad\u00e3o \u00e0s inst\u00e2ncias administrativas.<\/span><\/li>\n<\/ul>\n","protected":false},"excerpt":{"rendered":"<p>A implanta\u00e7\u00e3o do SEI encontra-se alinhada ao Plano de Desenvolvimento Institucional (PDI) da UFPEL. Ao referenciar o tema Gest\u00e3o Institucional, o PDI enfatiza: \u201cpara bem cumprir seu papel, a gest\u00e3o deve, tamb\u00e9m, zelar pela efetividade de suas a\u00e7\u00f5es, pelo uso sustent\u00e1vel dos recursos, pelo aperfei\u00e7oamento de seus m\u00e9todos de trabalho, incorporando novos conhecimentos e tecnologias\u201d. [&hellip;]<\/p>\n","protected":false},"author":765,"featured_media":0,"parent":0,"menu_order":0,"comment_status":"closed","ping_status":"closed","template":"","meta":{"footnotes":""},"class_list":["post-142","page","type-page","status-publish","hentry"],"jetpack_sharing_enabled":true,"_links":{"self":[{"href":"https:\/\/wp.ufpel.edu.br\/sei\/index.php?rest_route=\/wp\/v2\/pages\/142","targetHints":{"allow":["GET"]}}],"collection":[{"href":"https:\/\/wp.ufpel.edu.br\/sei\/index.php?rest_route=\/wp\/v2\/pages"}],"about":[{"href":"https:\/\/wp.ufpel.edu.br\/sei\/index.php?rest_route=\/wp\/v2\/types\/page"}],"author":[{"embeddable":true,"href":"https:\/\/wp.ufpel.edu.br\/sei\/index.php?rest_route=\/wp\/v2\/users\/765"}],"replies":[{"embeddable":true,"href":"https:\/\/wp.ufpel.edu.br\/sei\/index.php?rest_route=%2Fwp%2Fv2%2Fcomments&post=142"}],"version-history":[{"count":3,"href":"https:\/\/wp.ufpel.edu.br\/sei\/index.php?rest_route=\/wp\/v2\/pages\/142\/revisions"}],"predecessor-version":[{"id":504,"href":"https:\/\/wp.ufpel.edu.br\/sei\/index.php?rest_route=\/wp\/v2\/pages\/142\/revisions\/504"}],"wp:attachment":[{"href":"https:\/\/wp.ufpel.edu.br\/sei\/index.php?rest_route=%2Fwp%2Fv2%2Fmedia&parent=142"}],"curies":[{"name":"wp","href":"https:\/\/api.w.org\/{rel}","templated":true}]}}