{"id":118,"date":"2017-07-09T18:12:59","date_gmt":"2017-07-09T21:12:59","guid":{"rendered":"https:\/\/wp.ufpel.edu.br\/sei\/?page_id=118"},"modified":"2017-12-01T14:47:31","modified_gmt":"2017-12-01T16:47:31","slug":"sei-ufpel","status":"publish","type":"page","link":"https:\/\/wp.ufpel.edu.br\/sei\/?page_id=118","title":{"rendered":"Documentos Institucionais"},"content":{"rendered":"<p><span style=\"font-family: arial, helvetica, sans-serif\"><strong>Plano de implanta\u00e7\u00e3o<\/strong><\/span><\/p>\n<p><span style=\"font-family: arial, helvetica, sans-serif\">Alinhado \u00e0s diretrizes estabelecidas e com base no escopo definido de processos da institui\u00e7\u00e3o\u00a0<\/span><span style=\"font-family: arial, helvetica, sans-serif\">para o projeto de implanta\u00e7\u00e3o do SEI, o presente Plano de Implanta\u00e7\u00e3o detalha\u00a0<\/span><span style=\"font-family: arial, helvetica, sans-serif\">as atividades necess\u00e1rias para disponibiliza\u00e7\u00e3o do SEI na UFPEL, buscando garantir funcionamento\u00a0<\/span><span style=\"font-family: arial, helvetica, sans-serif\">adequado e est\u00e1vel desta solu\u00e7\u00e3o no ambiente institucional.<\/span><\/p>\n<p><span style=\"font-family: arial, helvetica, sans-serif\"><a href=\"https:\/\/wp.ufpel.edu.br\/sei\/files\/2017\/07\/Plano-de-Implanta%C3%A7%C3%A3o-SEI-UFPel-1.pdf\" target=\"_blank\" rel=\"noopener\">Plano de Implanta\u00e7\u00e3o do Sistema Eletr\u00f4nico de Informa\u00e7\u00f5es &#8211; UFPel<\/a><\/span><\/p>\n<p>&nbsp;<\/p>\n<p><span style=\"font-family: arial, helvetica, sans-serif\"><strong>Plano de comunica\u00e7\u00e3o<\/strong><\/span><\/p>\n<p><span style=\"font-family: arial, helvetica, sans-serif\">O Plano de Comunica\u00e7\u00e3o da implanta\u00e7\u00e3o do SEI\/UFPEL foi dividido em dois objetivos\u00a0<\/span><span style=\"font-family: arial, helvetica, sans-serif\">espec\u00edficos articulados entre si, a fim de facilitar o entendimento e, metodologicamente,\u00a0<\/span><span style=\"font-family: arial, helvetica, sans-serif\">deixar mais claro o que se pretende alcan\u00e7ar em cada uma das suas etapas. Neste primeiro\u00a0<\/span><span style=\"font-family: arial, helvetica, sans-serif\">momento, o p\u00fablico gen\u00e9rico das a\u00e7\u00f5es s\u00e3o os servidores t\u00e9cnicos administrativos\u00a0<\/span><span style=\"font-family: arial, helvetica, sans-serif\">e os docentes. O p\u00fablico discente ser\u00e1 alcan\u00e7ado numa segunda etapa do processo e\u00a0<\/span><span style=\"font-family: arial, helvetica, sans-serif\">implanta\u00e7\u00e3o, uma vez que sua rela\u00e7\u00e3o com a tramita\u00e7\u00e3o de documentos \u00e9 mediada, na\u00a0<\/span><span style=\"font-family: arial, helvetica, sans-serif\">maior parte, por servidores. As estrat\u00e9gias e as a\u00e7\u00f5es, portanto, v\u00e3o buscar realizar os\u00a0<\/span><span style=\"font-family: arial, helvetica, sans-serif\">seguintes objetivos:<\/span><\/p>\n<p><span style=\"font-family: arial, helvetica, sans-serif\">O objetivo \u00e9 fazer com que o p\u00fablico perceba o SEI como algo positivo, aproximador, r\u00e1pido, transparente e de f\u00e1cil acesso. Nesse sentido, o fato de que as unidades acad\u00eamicas se encontram geograficamente dispersas pode ser um facilitador na hora de difundir a ideia de que os processos eletr\u00f4nicos acabar\u00e3o com a dist\u00e2ncia entre as unidades que tramitam documentos entre si.<\/span><br \/>\n<span style=\"font-family: arial, helvetica, sans-serif\">O argumento de implanta\u00e7\u00e3o do SEI \u00e9 a quest\u00e3o da agilidade na gest\u00e3o dos processos administrativos e de documentos eletr\u00f4nicos da UFPEL, j\u00e1 que ele proporciona eletronicamente o compartilhamento e a atualiza\u00e7\u00e3o das informa\u00e7\u00f5es em tempo real liberando a institui\u00e7\u00e3o do uso de papel como suporte e do pr\u00f3prio servi\u00e7o de transporte de documentos, muito comum atualmente.<\/span><\/p>\n<p>&nbsp;<\/p>\n<p><strong><span style=\"font-family: arial, helvetica, sans-serif\">Acordo de Coopera\u00e7\u00e3o T\u00e9cnica<\/span><\/strong><\/p>\n<p><a href=\"https:\/\/wp.ufpel.edu.br\/sei\/files\/2017\/12\/SEI_MP-4687944-Acordo-de-Coopera\u00e7\u00e3o-T\u00e9cnica.pdf\" target=\"_blank\" rel=\"noopener\">Acordo de Coopera\u00e7\u00e3o T\u00e9cnica<\/a><\/p>\n<p>&nbsp;<\/p>\n<p><strong><span style=\"font-family: arial, helvetica, sans-serif\">Plano de Trabalho<\/span><\/strong><\/p>\n<p><a href=\"https:\/\/wp.ufpel.edu.br\/sei\/files\/2017\/12\/SEI_MP-4687907-Plano-de-Trabalho.pdf\">Plano de Trabalho<\/a><\/p>\n","protected":false},"excerpt":{"rendered":"<p>Plano de implanta\u00e7\u00e3o Alinhado \u00e0s diretrizes estabelecidas e com base no escopo definido de processos da institui\u00e7\u00e3o\u00a0para o projeto de implanta\u00e7\u00e3o do SEI, o presente Plano de Implanta\u00e7\u00e3o detalha\u00a0as atividades necess\u00e1rias para disponibiliza\u00e7\u00e3o do SEI na UFPEL, buscando garantir funcionamento\u00a0adequado e est\u00e1vel desta solu\u00e7\u00e3o no ambiente institucional. Plano de Implanta\u00e7\u00e3o do Sistema Eletr\u00f4nico de Informa\u00e7\u00f5es [&hellip;]<\/p>\n","protected":false},"author":765,"featured_media":0,"parent":0,"menu_order":0,"comment_status":"closed","ping_status":"closed","template":"","meta":{"footnotes":""},"class_list":["post-118","page","type-page","status-publish","hentry"],"jetpack_sharing_enabled":true,"_links":{"self":[{"href":"https:\/\/wp.ufpel.edu.br\/sei\/index.php?rest_route=\/wp\/v2\/pages\/118","targetHints":{"allow":["GET"]}}],"collection":[{"href":"https:\/\/wp.ufpel.edu.br\/sei\/index.php?rest_route=\/wp\/v2\/pages"}],"about":[{"href":"https:\/\/wp.ufpel.edu.br\/sei\/index.php?rest_route=\/wp\/v2\/types\/page"}],"author":[{"embeddable":true,"href":"https:\/\/wp.ufpel.edu.br\/sei\/index.php?rest_route=\/wp\/v2\/users\/765"}],"replies":[{"embeddable":true,"href":"https:\/\/wp.ufpel.edu.br\/sei\/index.php?rest_route=%2Fwp%2Fv2%2Fcomments&post=118"}],"version-history":[{"count":13,"href":"https:\/\/wp.ufpel.edu.br\/sei\/index.php?rest_route=\/wp\/v2\/pages\/118\/revisions"}],"predecessor-version":[{"id":674,"href":"https:\/\/wp.ufpel.edu.br\/sei\/index.php?rest_route=\/wp\/v2\/pages\/118\/revisions\/674"}],"wp:attachment":[{"href":"https:\/\/wp.ufpel.edu.br\/sei\/index.php?rest_route=%2Fwp%2Fv2%2Fmedia&parent=118"}],"curies":[{"name":"wp","href":"https:\/\/api.w.org\/{rel}","templated":true}]}}