{"id":9,"date":"2016-05-24T09:10:34","date_gmt":"2016-05-24T12:10:34","guid":{"rendered":"https:\/\/wp.ufpel.edu.br\/seginfo\/?page_id=9"},"modified":"2016-06-17T11:58:19","modified_gmt":"2016-06-17T14:58:19","slug":"antivirus","status":"publish","type":"page","link":"https:\/\/wp.ufpel.edu.br\/seginfo\/antivirus\/","title":{"rendered":"Antiv\u00edrus"},"content":{"rendered":"<p>O antiv\u00edrus \u00e9 um dos principais recursos de prote\u00e7\u00e3o contra as amea\u00e7as virtuais. Neste \u00e2mbito, existe um problema normalmente enfrentado pelos usu\u00e1rios: &#8220;qual antiv\u00edrus instalar?&#8221; ou &#8220;qual o melhor antiv\u00edrus da atualidade?&#8221;. Tendo este desafio em vista, periodicamente, institutos independentes de seguran\u00e7a da informa\u00e7\u00e3o, como o <a href=\"http:\/\/www.av-comparatives.org\/\">AV-Comparatives<\/a> e o <a href=\"https:\/\/www.av-test.org\/\">AV-TEST<\/a>, testam a efic\u00e1cia dos principais antiv\u00edrus do mercado.<\/p>\n<p>Com isto, a seguir \u00e9 apresentada uma lista baseada nos institutos mencionados e no quadrante m\u00e1gico da gartner (prote\u00e7\u00e3o de endpoint) com os melhores anti-v\u00edrus no mercado atual (2016 &#8211; considere acessar diretamente os sites dos institutos citados a cima para uma informa\u00e7\u00e3o mais atualizada e completa).<\/p>\n<p>Antes de apresentar a lista, \u00e9 importante destacar que apesar da import\u00e2ncia de um bom antiv\u00edrus, ele \u00e9 apenas um complemento de seguran\u00e7a para o dispositivo. \u00c9 fundamental que o usu\u00e1rio saiba utilizar o computador de maneira consciente, n\u00e3o clicando em e-mails com conte\u00fados duvidosos, evitando abrir sites desconhecidos, bem como n\u00e3o colocando <em>pen drives<\/em> de terceiros em seu computador.<\/p>\n<p>Al\u00e9m disso, n\u00e3o basta ter um bom antiv\u00edrus operando no dispositivo, \u00e9 preciso certificar-se que o mesmo esteja atualizado, e \u00e9 indicado realizar uma varredura completa periodicamente.<\/p>\n<p>Por fim, ressalta-se que a maioria das empresas que desenvolvem as solu\u00e7\u00f5es aqui listadas possuem vers\u00f5es de suas solu\u00e7\u00f5es para os diferentes sistemas operacionais (Windows, Linux, MacOS, iOS, Android entre outros).<\/p>\n<p><strong>N\u00e3o deixe de instalar um bom antiv\u00edrus nos seus dispositivos m\u00f3veis j\u00e1<\/strong>.<\/p>\n<div class=\"accordion\">\n<p class=\"collapseomatic \" id=\"id69f2bc5baa4ae\" rel=\"-highlander\" tabindex=\"0\" title=\"Antiv\u00edrus gr\u00e1tis\"    >Antiv\u00edrus gr\u00e1tis<\/p><div id=\"target-id69f2bc5baa4ae\" class=\"collapseomatic_content \">\n<p>&#8211; <a style=\"color: #666666 !important\" href=\"http:\/\/www.avast.com\/pt-br\/index\">Avast! Free Antiv\u00edrus<\/a><\/p>\n<p>&#8211; <a style=\"color: #666666 !important\" href=\"http:\/\/www.avira.com\/pt-br\/avira-free-antivirus\">Avira Free Antivirus<\/a><\/p>\n<p>&#8211; <a style=\"color: #666666 !important\" href=\"http:\/\/www.bitdefender.com.br\/solutions\/free.html\">Bitdefender Antivirus Free Edition<\/a><\/p>\n<p>&#8211; <a href=\"http:\/\/forticlient.com\">FortiClient<\/a><\/p>\n<\/div>\n<p class=\"collapseomatic \" id=\"id69f2bc5baa543\" rel=\"-highlander\" tabindex=\"0\" title=\"Antiv\u00edrus pago\"    >Antiv\u00edrus pago<\/p><div id=\"target-id69f2bc5baa543\" class=\"collapseomatic_content \">\n<p>As empresas listadas abaixo oferecem diversas solu\u00e7\u00f5es pagas, incluindo antiv\u00edrus, firewall, entre outras solu\u00e7\u00f5es integradas e multiplataformas (Windows, Mac OS X, Android, &#8230;):<\/p>\n<p>&#8211; <a style=\"color: #666666 !important\" href=\"http:\/\/www.bitdefender.com.br\/solutions\/internet-security.html\">Bitdefender Internet Security<\/a>\u00a0(AV-Test\u00a0Best Performance 2015 Award, PC MAG Editors&#8217; Choice)<\/p>\n<p>&#8211; <a style=\"color: #666666 !important\" href=\"http:\/\/brazil.kaspersky.com\/\">Kaspersky<\/a>\u00a0(AV-Test\u00a0Best Usability\/Performance\u00a02015 Award, PC MAG Editors&#8217; Choice)<\/p>\n<p>&#8211; <a style=\"color: #666666 !important\" href=\"http:\/\/www.trendmicro.com.br\/\">TrendMicro<\/a><\/p>\n<p>&#8211; <a style=\"color: #666666 !important\" href=\"https:\/\/www.avira.com\/pt-br\/buy-antivirus\">Avira (Antivirus Pro ou Internet Security Suite)<\/a>\u00a0(AV-Test\u00a0Best Usability\/Repair\u00a02015 Award)<\/p>\n<p>A Coordena\u00e7\u00e3o de Tecnologia da Informa\u00e7\u00e3o (CTI) indica fortemente a an\u00e1lise do portf\u00f3lio dessas empresas, assim como o investimento em suas solu\u00e7\u00f5es.<\/p>\n<\/div>\n<p class=\"collapseomatic \" id=\"id69f2bc5baa571\" rel=\"-highlander\" tabindex=\"0\" title=\"Antiv\u00edrus de verifica\u00e7\u00e3o r\u00e1pida\"    >Antiv\u00edrus de verifica\u00e7\u00e3o r\u00e1pida<\/p><div id=\"target-id69f2bc5baa571\" class=\"collapseomatic_content \">\n<p>&#8211; <a style=\"color: #666666 !important\" href=\"http:\/\/brazil.kaspersky.com\/security-scan\">Kaspersky Security Scan<\/a><\/p>\n<p>&#8211; <a style=\"color: #666666 !important\" href=\"http:\/\/home.mcafee.com\/downloads\/free-virus-scan\">McAfee Security Scan<\/a><\/p>\n<p>&#8211; <a style=\"color: #666666 !important\" href=\"http:\/\/www.eset.com\/us\/online-scanner\/\">ESET Online Scanner<\/a><\/p>\n<\/div>\n<p class=\"collapseomatic \" id=\"id69f2bc5baa598\" rel=\"-highlander\" tabindex=\"0\" title=\"Antiv\u00edrus para Android\"    >Antiv\u00edrus para Android<\/p><div id=\"target-id69f2bc5baa598\" class=\"collapseomatic_content \">\n<p>&#8211; <a style=\"color: #666666 !important\" href=\"https:\/\/play.google.com\/store\/apps\/details?id=com.qihoo.security\">360 Security &#8211; Antivirus Boost<\/a> e <a style=\"color: #666666 !important\" href=\"https:\/\/play.google.com\/store\/apps\/details?id=com.qihoo.security.lite\">360 Security Lite Speed Boost<\/a>\u00a0(AV-Test\u00a0Best\u00a0Android\u00a0Security\u00a0Product 2014 Award)<\/p>\n<p>&#8211;\u00a0<a style=\"color: #666666 !important\" href=\"https:\/\/play.google.com\/store\/apps\/details?id=com.ahnlab.v3mobilesecurity\">AhnLab\u00a0V3 Mobile Security<\/a><\/p>\n<p>&#8211; <a style=\"color: #666666 !important\" href=\"https:\/\/play.google.com\/store\/apps\/details?id=com.avira.android\">Avira Antivirus Security<\/a><\/p>\n<p>&#8211; <a style=\"color: #666666 !important\" href=\"https:\/\/play.google.com\/store\/apps\/details?id=com.bitdefender.antivirus\">Bitdefender Antivirus Free<\/a><\/p>\n<p>&#8211; <a style=\"color: #666666 !important\" href=\"http:\/\/www.bitdefender.com.br\/solutions\/mobile-security-android.html\">Bitdefender Mobile Security<\/a>\u00a0(AV-Test\u00a0Best\u00a0Android\u00a0Security 2015 Award)<\/p>\n<p>&#8211; <a style=\"color: #666666 !important\" href=\"https:\/\/play.google.com\/store\/apps\/details?id=com.kms.free&amp;referrer=af_tranid%3DRV2uYsEkDf_agiBvDP_yeg%26pid%3Dacq%26c%3Dacq-tyfd-KSS-BRA-kisa\">Kaspersky Internet Security<\/a><\/p>\n<p>&#8211; <a style=\"color: #666666 !important\" href=\"http:\/\/www.sophos.com\/en-us\/products\/free-tools\/sophos-mobile-security-free-edition.aspx\">Sophos Mobile Security for Android<\/a>\u00a0(AV-Test\u00a0Best\u00a0Android Security 2015 Award)<\/p>\n<\/div>\n<\/div>\n<p>Al\u00e9m da utiliza\u00e7\u00e3o de um bom antiv\u00edrus, considere a utiliza\u00e7\u00e3o de ferramentas auxiliares como as apresentadas neste <a href=\"https:\/\/wp.ufpel.edu.br\/seginfo\/anti-malware\/\" target=\"_blank\">link<\/a>.<\/p>\n<p>Para sugest\u00e3o de novas solu\u00e7\u00f5es, entre em contato por meio do formul\u00e1rio dispon\u00edvel <a href=\"https:\/\/wp.ufpel.edu.br\/seginfo\/contato\/\" target=\"_blank\">aqui<\/a>.<\/p>\n<p><strong class=\"corTexto\">Refer\u00eancias:<\/strong><\/p>\n[ 1 ] &#8211; <a title=\"PC Magazine\" href=\"http:\/\/www.pcmag.com\/article2\/0,2817,2388652,00.asp\">PC Magazine<\/a><\/p>\n[ 2 ] &#8211; <a title=\"AV Comparatives\" href=\"http:\/\/www.av-comparatives.org\/\">AV Comparatives<\/a><\/p>\n","protected":false},"excerpt":{"rendered":"<p>O antiv\u00edrus \u00e9 um dos principais recursos de prote\u00e7\u00e3o contra as amea\u00e7as virtuais. Neste \u00e2mbito, existe um problema normalmente enfrentado pelos usu\u00e1rios: &#8220;qual antiv\u00edrus instalar?&#8221; ou &#8220;qual o melhor antiv\u00edrus da atualidade?&#8221;. Tendo este desafio em vista, periodicamente, institutos independentes de seguran\u00e7a da informa\u00e7\u00e3o, como o AV-Comparatives e o AV-TEST, testam a efic\u00e1cia dos principais [&hellip;]<\/p>\n","protected":false},"author":572,"featured_media":0,"parent":0,"menu_order":0,"comment_status":"closed","ping_status":"closed","template":"","meta":{"jetpack_post_was_ever_published":false,"footnotes":""},"class_list":["post-9","page","type-page","status-publish","hentry"],"jetpack_sharing_enabled":true,"_links":{"self":[{"href":"https:\/\/wp.ufpel.edu.br\/seginfo\/wp-json\/wp\/v2\/pages\/9","targetHints":{"allow":["GET"]}}],"collection":[{"href":"https:\/\/wp.ufpel.edu.br\/seginfo\/wp-json\/wp\/v2\/pages"}],"about":[{"href":"https:\/\/wp.ufpel.edu.br\/seginfo\/wp-json\/wp\/v2\/types\/page"}],"author":[{"embeddable":true,"href":"https:\/\/wp.ufpel.edu.br\/seginfo\/wp-json\/wp\/v2\/users\/572"}],"replies":[{"embeddable":true,"href":"https:\/\/wp.ufpel.edu.br\/seginfo\/wp-json\/wp\/v2\/comments?post=9"}],"version-history":[{"count":21,"href":"https:\/\/wp.ufpel.edu.br\/seginfo\/wp-json\/wp\/v2\/pages\/9\/revisions"}],"predecessor-version":[{"id":236,"href":"https:\/\/wp.ufpel.edu.br\/seginfo\/wp-json\/wp\/v2\/pages\/9\/revisions\/236"}],"wp:attachment":[{"href":"https:\/\/wp.ufpel.edu.br\/seginfo\/wp-json\/wp\/v2\/media?parent=9"}],"curies":[{"name":"wp","href":"https:\/\/api.w.org\/{rel}","templated":true}]}}