{"id":63,"date":"2016-05-25T12:43:37","date_gmt":"2016-05-25T15:43:37","guid":{"rendered":"https:\/\/wp.ufpel.edu.br\/seginfo\/?page_id=63"},"modified":"2018-05-30T14:02:43","modified_gmt":"2018-05-30T17:02:43","slug":"sobre","status":"publish","type":"page","link":"https:\/\/wp.ufpel.edu.br\/seginfo\/sobre\/","title":{"rendered":"Sobre"},"content":{"rendered":"<h2 class=\"corTexto\">Contextualiza\u00e7\u00e3o<\/h2>\n<p>A informa\u00e7\u00e3o \u00e9 um ativo muito importante para qualquer institui\u00e7\u00e3o, podendo ser considerada, atualmente, o recurso patrimonial mais cr\u00edtico. Informa\u00e7\u00f5es adulteradas, n\u00e3o dispon\u00edveis, sob conhecimento de pessoas de m\u00e1-f\u00e9 ou de concorrentes podem comprometer significativamente, n\u00e3o apenas a imagem da institui\u00e7\u00e3o perante terceiros, como tamb\u00e9m o andamento dos pr\u00f3prios processos institucionais. \u00c9 poss\u00edvel inviabilizar a continuidade de uma institui\u00e7\u00e3o se n\u00e3o for dada a devida aten\u00e7\u00e3o \u00e0 seguran\u00e7a de suas informa\u00e7\u00f5es.<\/p>\n<p>Desta forma, a <strong>seguran\u00e7a da informa\u00e7\u00e3o<\/strong> visa garantir a integridade, confidencialidade, autenticidade e disponibilidade das informa\u00e7\u00f5es processadas pela institui\u00e7\u00e3o.<\/p>\n<h2 class=\"corTexto\">Motiva\u00e7\u00e3o<\/h2>\n<p>De acordo com alguns relat\u00f3rios elaborados por empresas da \u00e1rea de seguran\u00e7a da informa\u00e7\u00e3o, como por exemplo o &#8220;<a href=\"http:\/\/www.isaca.org\/cyber\/Pages\/state-of-cybersecurity-implications-for-2016.aspx\" target=\"_blank\">State of Cibersecurity \u2013 Implications for 2016<\/a>&#8221; produzido pela <a href=\"http:\/\/www.isaca.org\/\" target=\"_blank\">ISACA<\/a>, existe um aumento do n\u00famero dos ataques a organiza\u00e7\u00f5es e indiv\u00edduos, e os mesmos t\u00eam evolu\u00eddo em termos de sofistica\u00e7\u00e3o t\u00e9cnica. 75% dos entrevistados d\u00e3o como certo o fato de que ser\u00e3o v\u00edtimas de ciberataques em 2016. O relat\u00f3rio conclui que \u00e9 necess\u00e1rio investir ainda mais em conscientiza\u00e7\u00e3o dos usu\u00e1rios uma vez que ataques envolvendo t\u00e9cnicas de engenharia social dependem do fator humano.<\/p>\n<h2 class=\"corTexto\">Objetivos<\/h2>\n<p>Apesar da seguran\u00e7a da informa\u00e7\u00e3o transcender \u00e0 \u00e1rea de Tecnologia da Informa\u00e7\u00e3o (TI), o setor respons\u00e1vel pela TI da UFPel, seguindo orienta\u00e7\u00f5es dos \u00f3rg\u00e3os federais de controle e legisla\u00e7\u00e3o vigente, tem se empenhado para fomentar e implementar boas pr\u00e1ticas de seguran\u00e7a na Universidade. Neste sentido, em parceria com a Coordena\u00e7\u00e3o de Desenvolvimento de Pessoal (CDP\/PROGEP), \u00e9 poss\u00edvel citar a palestra &#8220;Seguran\u00e7a na Internet: Navegar \u00e9 preciso, arriscar-se n\u00e3o!&#8221; promovida em novembro de 2014, e os cursos de capacita\u00e7\u00e3o &#8220;Seguran\u00e7a digital: Proteja seu trabalho e sua vida pessoal&#8221; realizado em maio de 2015 e &#8220;Seguran\u00e7a Digital: uma abordagem pr\u00e1tica para prote\u00e7\u00e3o do seu ambiente de trabalho e da sua vida pessoal&#8221; oferecido em abril de 2016.<\/p>\n<p>Visando atender os desafios em torno da seguran\u00e7a da informa\u00e7\u00e3o e as demandas levantadas nos cursos de capacita\u00e7\u00e3o, foi elaborado este site que tem como objetivo principal disseminar dicas de seguran\u00e7a da informa\u00e7\u00e3o para membros da comunidade da UFPel. Al\u00e9m disso, o site ir\u00e1 centralizar as iniciativas em torno do tema, como as desenvolvidas pelo Comit\u00ea Gestor de Seguran\u00e7a da Informa\u00e7\u00e3o.<\/p>\n","protected":false},"excerpt":{"rendered":"<p>Contextualiza\u00e7\u00e3o A informa\u00e7\u00e3o \u00e9 um ativo muito importante para qualquer institui\u00e7\u00e3o, podendo ser considerada, atualmente, o recurso patrimonial mais cr\u00edtico. Informa\u00e7\u00f5es adulteradas, n\u00e3o dispon\u00edveis, sob conhecimento de pessoas de m\u00e1-f\u00e9 ou de concorrentes podem comprometer significativamente, n\u00e3o apenas a imagem da institui\u00e7\u00e3o perante terceiros, como tamb\u00e9m o andamento dos pr\u00f3prios processos institucionais. \u00c9 poss\u00edvel inviabilizar [&hellip;]<\/p>\n","protected":false},"author":572,"featured_media":0,"parent":0,"menu_order":0,"comment_status":"closed","ping_status":"closed","template":"","meta":{"jetpack_post_was_ever_published":false,"footnotes":""},"class_list":["post-63","page","type-page","status-publish","hentry"],"jetpack_sharing_enabled":true,"_links":{"self":[{"href":"https:\/\/wp.ufpel.edu.br\/seginfo\/wp-json\/wp\/v2\/pages\/63","targetHints":{"allow":["GET"]}}],"collection":[{"href":"https:\/\/wp.ufpel.edu.br\/seginfo\/wp-json\/wp\/v2\/pages"}],"about":[{"href":"https:\/\/wp.ufpel.edu.br\/seginfo\/wp-json\/wp\/v2\/types\/page"}],"author":[{"embeddable":true,"href":"https:\/\/wp.ufpel.edu.br\/seginfo\/wp-json\/wp\/v2\/users\/572"}],"replies":[{"embeddable":true,"href":"https:\/\/wp.ufpel.edu.br\/seginfo\/wp-json\/wp\/v2\/comments?post=63"}],"version-history":[{"count":7,"href":"https:\/\/wp.ufpel.edu.br\/seginfo\/wp-json\/wp\/v2\/pages\/63\/revisions"}],"predecessor-version":[{"id":605,"href":"https:\/\/wp.ufpel.edu.br\/seginfo\/wp-json\/wp\/v2\/pages\/63\/revisions\/605"}],"wp:attachment":[{"href":"https:\/\/wp.ufpel.edu.br\/seginfo\/wp-json\/wp\/v2\/media?parent=63"}],"curies":[{"name":"wp","href":"https:\/\/api.w.org\/{rel}","templated":true}]}}