{"id":600,"date":"2018-05-30T13:52:29","date_gmt":"2018-05-30T16:52:29","guid":{"rendered":"https:\/\/wp.ufpel.edu.br\/seginfo\/?page_id=600"},"modified":"2018-05-30T13:52:29","modified_gmt":"2018-05-30T16:52:29","slug":"dicas-de-seguranca","status":"publish","type":"page","link":"https:\/\/wp.ufpel.edu.br\/seginfo\/dicas-de-seguranca\/","title":{"rendered":"Dicas de Seguran\u00e7a"},"content":{"rendered":"<p>Quando voc\u00ea entrar para a Universidade Federal de Pelotas (UFPel), voc\u00ea estar\u00e1 assumindo novas responsabilidades, tomando suas pr\u00f3prias decis\u00f5es, e tornando-se parte da comunidade do campus. Nesse \u00e2mbito, h\u00e1 um papel importante que voc\u00ea pode desempenhar nos esfor\u00e7os de ciberseguran\u00e7a da universidade que combina esses elementos de responsabilidade, tomada de decis\u00f5es, e de comunidade.<\/p>\n<p>Quando voc\u00ea est\u00e1 na UFPel, o seu computador e seus dispositivos m\u00f3veis s\u00e3o ferramentas essenciais em sua vida educacional e social. Os alunos e funcion\u00e1rios usam a Internet para trabalhos de casa, pesquisa, redes sociais, fazer compras online e outras atividades.<\/p>\n<p>A Internet \u00e9 uma ferramenta incr\u00edvel, mas deve ser usada de forma segura.<\/p>\n<p>Quando voc\u00ea efetuar logon nas redes do campus (ou qualquer rede), o que voc\u00ea faz online pode impactar n\u00e3o s\u00f3 em seu computador, mas nos de outros alunos e na rede da universidade tamb\u00e9m. Por meio da combina\u00e7\u00e3o de ferramentas de seguran\u00e7a atualizadas e com bom senso, voc\u00ea e sua comunidade universit\u00e1ria s\u00e3o muito menos propensos a sofrerem uma viola\u00e7\u00e3o de seguran\u00e7a, perda de dados, ou problemas no sistema [1].<\/p>\n<p>A seguir, s\u00e3o apresentadas algumas dicas que ir\u00e3o auxili\u00e1-lo a manter os seus dispositivos seguro. Essas dicas foram selecionadas a partir de fontes confi\u00e1veis e podem ser compartilhadas com todos os seus colegas de aula, de trabalho, fam\u00edlia e demais. Este esfor\u00e7o desenvolvido pela Coordena\u00e7\u00e3o de Tecnologia da Informa\u00e7\u00e3o (CTI) visa conscientizar os usu\u00e1rios sobre as quest\u00f5es relacionadas a seguran\u00e7a da informa\u00e7\u00e3o ao se utilizar a Internet.<\/p>\n<h2 style=\"text-align: center;\">Dicas<\/h2>\n<div class=\"accordion\">\n<p class=\"collapseomatic \" id=\"id69d787a72a6a6\" rel=\"-highlander\" tabindex=\"0\" title=\"Mantenha sua M\u00e1quina Limpa\"    >Mantenha sua M\u00e1quina Limpa<\/p><div id=\"target-id69d787a72a6a6\" class=\"collapseomatic_content \">\n<p><strong>&#8211; Mantenha atualizados seus softwares de seguran\u00e7a<\/strong>: a melhor defesa contra v\u00edrus, malwares e outras amea\u00e7as online \u00e9 o uso das vers\u00f5es mais recentes dos softwares, do navegador da Web e do sistema operacional. Apesar de ser algo simples, boa parte dos usu\u00e1rios e at\u00e9 mesmo dos t\u00e9cnicos em Tecnologia da Informa\u00e7\u00e3o n\u00e3o seguem esta pr\u00e1tica.<\/p>\n<p><strong>&#8211; Automatize as atualiza\u00e7\u00f5es de software<\/strong>: muitos softwares podem se conectar com a Internet e se atualizar automaticamente para corre\u00e7\u00e3o de seus erros e vulnerabilidades. Ative as atualiza\u00e7\u00f5es autom\u00e1ticas se essa op\u00e7\u00e3o estiver dispon\u00edvel.<\/p>\n<p><strong>&#8211; Proteja todos os dispositivos que se conectam com a Internet<\/strong>: al\u00e9m de computadores, os smartphones, tablets, os videogames e outros dispositivos habilitados para a Internet tamb\u00e9m precisam de prote\u00e7\u00e3o contra ataques, v\u00edrus e malwares.<\/p>\n<p><strong>&#8211; Conecte e examine<\/strong>: &#8220;USBs&#8221; e outros dispositivos externos podem ser infectados por v\u00edrus e malwares. Use sempre um software de seguran\u00e7a para examin\u00e1\u2010los.<\/p>\n<p>Para um exemplo simples da relev\u00e2ncia dessas dicas, podemos considerar um simples acesso \u00e0 um site &#8211; seja ele malicioso ou um site verdadeiro que tenha sido comprometido &#8211; por meio de um navegador Web (internet explorer, firefox, google chrome, &#8230;) desatualizado, o usu\u00e1rio pode ter seu computador comprometido, pondendo ter suas credenciais, assim como arquivos particulares (documentos, fotos, &#8230;) roubados e passar a participar de uma rede de computadores controlada por criminosos. Isto \u00e9 poss\u00edvel pois o atacante ir\u00e1 explorar vulnerabilidades presentes no navegador Web, que caso fosse atualizado teriam sido corrigidas.<\/p>\n<p>No menu <a href=\"http:\/\/cti.ufpel.edu.br\/site\/seguranca-da-informacao\/ferramentas\">ferramentas<\/a>, o CTI disponibiliza dicas de solu\u00e7\u00f5es que podem ser utilizadas para manter o seu sistema operacional e outros softwares atualizados, assim como solu\u00e7\u00f5es de antiv\u00edrus e outras ferramentas para aprimorar a seguran\u00e7a de seus dispositivos.<\/p>\n<\/div>\n<p class=\"collapseomatic \" id=\"id69d787a72a79d\" rel=\"-highlander\" tabindex=\"0\" title=\"Proteja suas Informa\u00e7\u00f5es Pessoais\"    >Proteja suas Informa\u00e7\u00f5es Pessoais<\/p><div id=\"target-id69d787a72a79d\" class=\"collapseomatic_content \">\n<p><strong>&#8211; Proteja suas contas<\/strong>: voc\u00ea quer ter certeza de que s\u00f3 voc\u00ea tem acesso \u00e0s suas informa\u00e7\u00f5es pessoais, ent\u00e3o voc\u00ea precisa de um m\u00e9todo seguro para provar quem voc\u00ea \u00e9, por exemplo, quando acessar seu e-mail, rede social, realizar compras online, acessar contas banc\u00e1rias, entre outros. Solicite prote\u00e7\u00e3o que n\u00e3o se limite a senhas. Atualmente, muitos provedores de contas oferecem m\u00e9todos adicionais para verificar sua identidade e permitir a realiza\u00e7\u00e3o de neg\u00f3cios nos sites com mais seguran\u00e7a. Saiba mais acessando estes dois documentos: <a href=\"https:\/\/wp.ufpel.edu.br\/ti\/files\/2014\/03\/OUCH-201308_pt.pdf\">verifica\u00e7\u00e3o de duas etapas<\/a>, <a href=\"https:\/\/wp.ufpel.edu.br\/ti\/files\/2014\/03\/OUCH-201211_pt.pdf\">autentica\u00e7\u00e3o por dois fatores<\/a>.<\/p>\n<p><strong>&#8211; Use senhas longas e fortes<\/strong>: combine letras mai\u00fasculas e min\u00fasculas com n\u00fameros e s\u00edmbolos para criar uma senha mais segura. Tenha consci\u00eancia da import\u00e2ncia de se utilizar senhas fortes e veja as dicas para cri\u00e1-las com facilidade para que assim sejam f\u00e1ceis de serem lembradas: <a href=\"http:\/\/cti.ufpel.edu.br\/site\/dicas-senha\/\">dicas para criar uma boa senha<\/a>.<\/p>\n<p><strong>&#8211; Uma conta, uma senha<\/strong>: o uso de senhas diferentes para contas\/sites diferentes ajuda a frustrar os atacantes. Caso o atacante consiga roubar a senha de um dos servi\u00e7os utilizados por voc\u00ea, um dos pr\u00f3ximos passos dele ser\u00e1 verificar se voc\u00ea utiliza a mesma senha para os outros servi\u00e7os que voc\u00ea possivelmente acessa. Veja mais dicas e cuidados que se devem ter com as senhas em: <a href=\"https:\/\/wp.ufpel.edu.br\/ti\/files\/2014\/03\/OUCH-201305_pt.pdf\">senhas<\/a>.<\/p>\n<p>Observa-se que apenas o cuidado com as senhas, ponto que vem sendo bastante discutido e divulgado por diversos meios de comunica\u00e7\u00e3o, n\u00e3o resolve o problema da seguran\u00e7a, ou seja, a seguran\u00e7a da informa\u00e7\u00e3o deve ser composta por pequenas a\u00e7\u00f5es como as apresentas nessa p\u00e1gina para que se obtenha um baixo n\u00edvel de risco ao se navegar na Internet.<\/p>\n<p><strong>&#8211; Anote e proteja<\/strong>: todo mundo pode esquecer uma senha e a cultura de anotar senhas \u00e9 algo dif\u00edcil de ser modificado, por isso, a CTI indica que voc\u00ea guarde sua lista de senhas em um local seguro e protegido, longe do seu computador. Al\u00e9m disso, veja na se\u00e7\u00e3o <a href=\"http:\/\/cti.ufpel.edu.br\/site\/seguranca-da-informacao\/ferramentas\">ferramentas<\/a> alguns gerenciadores de senhas que podem ser utilizados para auxiliar no uso pr\u00e1tico das dicas apresentadas.<\/p>\n<p>A CTI aconselha fortemente que as senhas sejam anotadas somente em \u00faltimo caso, e por reconhecer esta pr\u00e1tica selecionou a dica acima. Para evitar anotar senhas, siga as <a href=\"http:\/\/cti.ufpel.edu.br\/site\/dicas-senha\/\">dicas para criar uma boa senha<\/a>, e assim voc\u00ea n\u00e3o precisar\u00e1 anot\u00e1-las a partir de ent\u00e3o. Al\u00e9m disso, apesar de existirem solu\u00e7\u00f5es para gerenciar senhas, \u00e9 poss\u00edvel que estas solu\u00e7\u00f5es possuam vulnerabilidades que podem ser exploradas por atacantes.<\/p>\n<p><strong>&#8211; Proteja sua presen\u00e7a online<\/strong>: quando dispon\u00edvel, configure a privacidade e seguran\u00e7a em sites de acordo com o seu n\u00edvel de confian\u00e7a para compartilhar informa\u00e7\u00f5es. N\u00e3o \u00e9 errado restringir as pessoas com quem voc\u00ea compartilha informa\u00e7\u00f5es.<\/p>\n<\/div>\n<p class=\"collapseomatic \" id=\"id69d787a72a7ef\" rel=\"-highlander\" tabindex=\"0\" title=\"Conecte\u2010se com Cautela\"    >Conecte\u2010se com Cautela<\/p><div id=\"target-id69d787a72a7ef\" class=\"collapseomatic_content \">\n<p><strong>&#8211; Quando estiver em d\u00favida, elimine<\/strong>: links em emails, tweets, publica\u00e7\u00f5es e an\u00fancios online, em geral, s\u00e3o recursos utilizados por cibercriminosos para comprometer seu computador. Se algo parece suspeito, <strong>mesmo que voc\u00ea conhe\u00e7a a fonte<\/strong>, \u00e9 melhor exclu\u00ed\u2010lo. Caso necess\u00e1rio, se voc\u00ea \u00e9 membro da UFPel, entre em contato com o N\u00facleo de Infraestrutura de Tecnologia da Informa\u00e7\u00e3o (NITI).<\/p>\n<p><strong>&#8211; Cuidado com as redes sem fio<\/strong>: cuidado com redes de acesso sem fio, principalmente as p\u00fablicas e sem autentica\u00e7\u00e3o, como os de caf\u00e9s, aeroportos e hot\u00e9is, apesar de convenientes, muitas vezes elas n\u00e3o s\u00e3o seguras. Ajuste as configura\u00e7\u00f5es de seguran\u00e7a no seu dispositivo para restringir quem tem acesso \u00e0 sua m\u00e1quina.<\/p>\n<p><strong>&#8211; Proteja seu dinheiro<\/strong>: quando realizar transa\u00e7\u00f5es banc\u00e1rias ou fizer compras online, certifique\u2010se de que a seguran\u00e7a foi habilitada nesses sites. Procure endere\u00e7os da Web com &#8220;https:\/\/&#8221; ou &#8220;shttp:\/\/&#8221;, que significam que o site adota medidas adicionais para ajudar a proteger suas informa\u00e7\u00f5es. Um site &#8220;http:\/\/&#8221; n\u00e3o \u00e9 seguro.<\/p>\n<\/div>\n<p class=\"collapseomatic \" id=\"id69d787a72a835\" rel=\"-highlander\" tabindex=\"0\" title=\"Mantenha\u2010se Informado sobre a Web\"    >Mantenha\u2010se Informado sobre a Web<\/p><div id=\"target-id69d787a72a835\" class=\"collapseomatic_content \">\n<p><strong>&#8211; Mantenha\u2010se atualizado<\/strong>: acompanhe as novas maneiras de proteger\u2010se online. Visite os sites confi\u00e1veis para obter informa\u00e7\u00f5es recentes e compartilhe\u2010as com amigos, parentes e colegas para estimul\u00e1\u2010los a se manterem informados sobre a Web.<\/p>\n<p><strong>&#8211; Pense antes de agir<\/strong>: seja cauteloso com comunica\u00e7\u00f5es que insistem que voc\u00ea aja imediatamente, que ofere\u00e7am algo que pare\u00e7a ser muito bom para ser verdadeiro ou que solicitem informa\u00e7\u00f5es pessoais.<\/p>\n<p><strong>&#8211; Fa\u00e7a backups<\/strong>: proteja o valor de seu trabalho, de suas m\u00fasicas, de suas fotos e de outras informa\u00e7\u00f5es digitais fazendo uma c\u00f3pia eletr\u00f4nica que seja armazenada em local seguro.<\/p>\n<\/div>\n<p class=\"collapseomatic \" id=\"id69d787a72a873\" rel=\"-highlander\" tabindex=\"0\" title=\"Seja um Bom Cidad\u00e3o Online\"    >Seja um Bom Cidad\u00e3o Online<\/p><div id=\"target-id69d787a72a873\" class=\"collapseomatic_content \">\n<p><strong>&#8211; Comportamento nas redes sociais<\/strong>: sites de redes sociais como Facebook, Twitter, Google+ s\u00e3o poderos, permitem ao usu\u00e1rio encontrar, interagir e compartilhar conte\u00fado com pessoas ao redor do mundo. Mas, com todos esses recursos v\u00eam os riscos, n\u00e3o somente para o usu\u00e1rio mas tamb\u00e9m para sua fam\u00edlia. Saiba mais sobre estes riscos, e como se proteger: <a href=\"https:\/\/wp.ufpel.edu.br\/ti\/files\/2014\/03\/OUCH-201303_pt.pdf\">redes sociais com seguran\u00e7a<\/a>.<\/p>\n<p><strong>&#8211; Mais seguran\u00e7a para voc\u00ea e para todos<\/strong>: suas atitudes online t\u00eam o potencial de afetar a todos &#8211; em casa, no trabalho e no mundo inteiro. A pr\u00e1tica de bons h\u00e1bitos online beneficia a comunidade digital global.<\/p>\n<p><strong>&#8211; Ajude as autoridades a combater o crime cibern\u00e9tico<\/strong>: informe o roubo de dinheiro ou de identidades e outros crimes cibern\u00e9ticos para a pol\u00edcia local ou promotoria p\u00fablica, conforme apropriado.<\/p>\n<\/div>\n<\/div>\n<p>&nbsp;<\/p>\n<h2 style=\"text-align: center;\"><span class=\"corTexto\"><strong>Portal Internet Segura<\/strong><\/span><\/h2>\n<p>O <a href=\"http:\/\/internetsegura.br\/\">Portal Internet Segura<\/a> procura reunir as principais iniciativas de seguran\u00e7a da Internet no Brasil e apresent\u00e1-las em um local \u00fanico, auxiliando os internautas a localizar as informa\u00e7\u00f5es de interesse e incentivando o uso seguro da Internet.<\/p>\n<p><strong>&#8211; Conhecendo os riscos e protegendo-se: <\/strong>assim como o uso da Internet trouxe uma s\u00e9rie de inova\u00e7\u00f5es, benef\u00edcios e oportunidades, tamb\u00e9m trouxe consigo diversos riscos a seus usu\u00e1rios e novas oportunidades a pessoas mal-intencionadas, como fraudadores e atacantes.<\/p>\n<p><strong>&#8211; Compras e transa\u00e7\u00f5es banc\u00e1rias seguras<\/strong>: realizar compras e transa\u00e7\u00f5es banc\u00e1rias online podem ser atividades seguras, desde que voc\u00ea conhe\u00e7a os riscos e saiba como se proteger da a\u00e7\u00e3o de atacantes e c\u00f3digos maliciosos.<\/p>\n<p><strong>&#8211; Ensinando filhos e alunos<\/strong>: a Internet pode ser uma grande fonte de aprendizagem, entretenimento e socializa\u00e7\u00e3o para jovens e crian\u00e7as. \u00c9 necess\u00e1rio, por\u00e9m, que eles sejam instru\u00eddos sobre os riscos envolvendo o uso desta tecnologia e estejam atentos.<\/p>\n<p><strong>&#8211; Protegendo a privacidade<\/strong>: a Internet \u00e9 um \u00f3timo local para socializa\u00e7\u00e3o, por\u00e9m, assim como no dia-a-dia, h\u00e1 v\u00e1rios riscos envolvidos e cuidados a serem tomados ao disponibilizar informa\u00e7\u00f5es e ao interagir com pessoas.<\/p>\n<p><strong>&#8211; Dicas para jovens e crian\u00e7as<\/strong>: voc\u00ea pode utilizar a Internet para diversas atividades como estudar, conversar com seus amigos, compartilhar informa\u00e7\u00f5es e se divertir. \u00c9 muito importante, por\u00e9m, que voc\u00ea conhe\u00e7a os riscos envolvidos nestas atividades e se proteja.<\/p>\n<p><strong>&#8211; Notifica\u00e7\u00f5es<\/strong>: para notificar incidentes relacionados \u00e0 seguran\u00e7a da informa\u00e7\u00e3o (spam, v\u00edrus, &#8230;) ocorridos na Universidade Federal de Pelotas, por favor, acesse o link: <a href=\"http:\/\/redes.ufpel.edu.br\/\">centro de suporte e atendimento<\/a>.<\/p>\n<p>A Universidade Federal de Pelotas, por meio da Coordena\u00e7\u00e3o de Tecnologia da Informa\u00e7\u00e3o convida voc\u00ea para participar e divulgar as iniciativas:<\/p>\n<p><strong class=\"corTexto\">#Pare|Pense|Conecte\u2010se <\/strong>&#8211; seguran\u00e7a na Internet come\u00e7a com uma simples mensagem que todos usu\u00e1rios da Internet podem adotar: Pare|Pense|Conecte\u2010se (<em>STOP|THINK|CONNECT<\/em>). Tenha precau\u00e7\u00f5es de seguran\u00e7a e protec\u00e7\u00e3o, compreenda as consequ\u00eancias de suas a\u00e7\u00f5es e comportamentos online e desfrute dos benef\u00edcios da Internet [2].<\/p>\n<p><strong class=\"corTexto\">#NossaResposabilidadeCompartilhada<\/strong> &#8211; a Internet \u00e9 um recurso compartilhado e garantir a sua seguran\u00e7a \u00e9 nossa responsabilidade compartilhada. #NossaResponsabilidadeCompartilhada (<em>#OurSharedResponsibility<\/em>) \u00e9 mais uma vez o tema para o <em>National Cybersecurity Awareness Month<\/em> 2014. Este projeto \u00e9 desenvolvido nos Estados Unidos da Am\u00e9rica, e a CTI buscou informa\u00e7\u00f5es neste projeto para repassar \u00e0 comunidade da UFPel [3].<\/p>\n<p><strong class=\"corTexto\">Internet Segura<\/strong> &#8211; iniciativa brasileira brevemente apresentada acima, desenvolvida pelo <a href=\"http:\/\/www.cgi.br\/\">CGI.br<\/a> (Comit\u00ea Gestor da Internet no Brasil) e pelo <a href=\"http:\/\/www.nic.br\/\">NIC.br<\/a> (N\u00facleo de Informa\u00e7\u00e3o e Coordena\u00e7\u00e3o do Ponto BR) [4].<\/p>\n<p><strong class=\"corTexto\">Cartilha de Seguran\u00e7a para Internet<\/strong> &#8211; material did\u00e1tico desenvolvido pelo <a href=\"http:\/\/www.cert.br\/\">CERT.br<\/a> (Centro de Estudos, Resposta e Tratamento de Incidentes de Seguran\u00e7a no Brasil) que cont\u00e9m recomenda\u00e7\u00f5es e dicas sobre como voc\u00ea pode aumentar a sua seguran\u00e7a na Internet [5].<\/p>\n<p>Estimule outras pessoas a fazer isso tamb\u00e9m, pois \u00e9 principalmente por meio da conscientiza\u00e7\u00e3o sobre seguran\u00e7a da informa\u00e7\u00e3o que acreditamos em uma Internet mais segura. Mantenha um di\u00e1logo aberto com seus amigos, familiares e colegas sobre a seguran\u00e7a na internet.<\/p>\n<h2><span class=\"corTexto\"><strong>Refer\u00eancias<\/strong><\/span><\/h2>\n[ 1 ] &#8211; <a title=\"StaySafeOnline - Teach online safety (higher education)\" href=\"http:\/\/www.staysafeonline.org\/teach-online-safety\/higher-education\/\" target=\"_blank\" rel=\"noopener\">StaySafeOnline &#8211; Teach online safety (higher education)<\/a><\/p>\n[ 2 ] &#8211; <a title=\"Stop|Think|Connect\" href=\"http:\/\/www.stopthinkconnect.org\/\" target=\"_blank\" rel=\"noopener\">Stop|Think|Connect<\/a><\/p>\n[ 3 ] &#8211; <a title=\"National Cybersecurity Awareness Month\" href=\"http:\/\/www.staysafeonline.org\/ncsam\/about\" target=\"_blank\" rel=\"noopener\">National Cybersecurity Awareness Month<\/a><\/p>\n[ 4 ] &#8211; <a title=\"Internet Segura\" href=\"http:\/\/internetsegura.br\/\" target=\"_blank\" rel=\"noopener\">Internet Segura<\/a><\/p>\n[ 5 ] &#8211; <a title=\"Centro de Estudos, Resposta e Tratamento de Incidentes de Seguran\u00e7a no Brasil - Cartilha de Seguran\u00e7a para Internet\" href=\"http:\/\/cartilha.cert.br\/\" target=\"_blank\" rel=\"noopener\">Cartilha de Seguran\u00e7a para Internet<\/a><\/p>\n","protected":false},"excerpt":{"rendered":"<p>Quando voc\u00ea entrar para a Universidade Federal de Pelotas (UFPel), voc\u00ea estar\u00e1 assumindo novas responsabilidades, tomando suas pr\u00f3prias decis\u00f5es, e tornando-se parte da comunidade do campus. Nesse \u00e2mbito, h\u00e1 um papel importante que voc\u00ea pode desempenhar nos esfor\u00e7os de ciberseguran\u00e7a da universidade que combina esses elementos de responsabilidade, tomada de decis\u00f5es, e de comunidade. Quando [&hellip;]<\/p>\n","protected":false},"author":572,"featured_media":0,"parent":0,"menu_order":0,"comment_status":"closed","ping_status":"closed","template":"","meta":{"jetpack_post_was_ever_published":false,"footnotes":""},"class_list":["post-600","page","type-page","status-publish","hentry"],"jetpack_sharing_enabled":true,"_links":{"self":[{"href":"https:\/\/wp.ufpel.edu.br\/seginfo\/wp-json\/wp\/v2\/pages\/600","targetHints":{"allow":["GET"]}}],"collection":[{"href":"https:\/\/wp.ufpel.edu.br\/seginfo\/wp-json\/wp\/v2\/pages"}],"about":[{"href":"https:\/\/wp.ufpel.edu.br\/seginfo\/wp-json\/wp\/v2\/types\/page"}],"author":[{"embeddable":true,"href":"https:\/\/wp.ufpel.edu.br\/seginfo\/wp-json\/wp\/v2\/users\/572"}],"replies":[{"embeddable":true,"href":"https:\/\/wp.ufpel.edu.br\/seginfo\/wp-json\/wp\/v2\/comments?post=600"}],"version-history":[{"count":1,"href":"https:\/\/wp.ufpel.edu.br\/seginfo\/wp-json\/wp\/v2\/pages\/600\/revisions"}],"predecessor-version":[{"id":602,"href":"https:\/\/wp.ufpel.edu.br\/seginfo\/wp-json\/wp\/v2\/pages\/600\/revisions\/602"}],"wp:attachment":[{"href":"https:\/\/wp.ufpel.edu.br\/seginfo\/wp-json\/wp\/v2\/media?parent=600"}],"curies":[{"name":"wp","href":"https:\/\/api.w.org\/{rel}","templated":true}]}}