{"id":46,"date":"2016-05-24T16:57:24","date_gmt":"2016-05-24T19:57:24","guid":{"rendered":"https:\/\/wp.ufpel.edu.br\/seginfo\/?page_id=46"},"modified":"2016-06-03T11:17:47","modified_gmt":"2016-06-03T14:17:47","slug":"anti-malware","status":"publish","type":"page","link":"https:\/\/wp.ufpel.edu.br\/seginfo\/anti-malware\/","title":{"rendered":"Anti-Malware"},"content":{"rendered":"<p>Indicado utilizar periodicamente, ou em casos de poss\u00edvel infec\u00e7\u00e3o. N\u00e3o substituem o antiv\u00edrus, s\u00e3o consideradas ferramentas auxiliares ao antiv\u00edrus.<\/p>\n<ul>\n<li><a style=\"color: #666666 !important\" href=\"https:\/\/br.malwarebytes.org\/antimalware\/\">Malwarebytes Anti-Malware<\/a>\u00a0(AV-Test Award\u00a0&#8211;\u00a0Best Repair\u00a02014)<\/li>\n<li><a style=\"color: #666666 !important\" href=\"https:\/\/www.comodo.com\/business-security\/network-protection\/cleaning_essentials.php\">Comodo Cleaning Essentials<\/a><\/li>\n<li><a style=\"color: #666666 !important\" href=\"http:\/\/www.bleepingcomputer.com\/download\/combofix\/\">Combofix<\/a><\/li>\n<li><a style=\"color: #666666 !important\" href=\"http:\/\/brazil.kaspersky.com\/free-virus-scan\">Kaspersky Security Scan<\/a>\u00a0(AV-Test Award\u00a0&#8211;\u00a0Best Repair\u00a02015)<\/li>\n<li><a style=\"color: #666666 !important\" href=\"http:\/\/www.kaspersky.com\/antivirus-removal-tool?form=1\">Kaspersky Virus Removal Tool<\/a>\u00a0(AV-Test Award\u00a0&#8211;\u00a0Best Repair\u00a02014)<\/li>\n<li><a style=\"color: #666666 !important\" href=\"http:\/\/www.safer-networking.org\/\">Spybot &#8211; Search &amp; Destroy<\/a><\/li>\n<li><a style=\"color: #666666 !important\" href=\"http:\/\/www.sophos.com\/en-us\/products\/free-tools\/virus-removal-tool.aspx\">Sophos Virus Removal Tool<\/a><\/li>\n<\/ul>\n<p>Para sugest\u00e3o de novas solu\u00e7\u00f5es, entre em contato por meio do formul\u00e1rio dispon\u00edvel <a href=\"https:\/\/wp.ufpel.edu.br\/seginfo\/contato\/\" target=\"_blank\">aqui<\/a>.<\/p>\n","protected":false},"excerpt":{"rendered":"<p>Indicado utilizar periodicamente, ou em casos de poss\u00edvel infec\u00e7\u00e3o. N\u00e3o substituem o antiv\u00edrus, s\u00e3o consideradas ferramentas auxiliares ao antiv\u00edrus. Malwarebytes Anti-Malware\u00a0(AV-Test Award\u00a0&#8211;\u00a0Best Repair\u00a02014) Comodo Cleaning Essentials Combofix Kaspersky Security Scan\u00a0(AV-Test Award\u00a0&#8211;\u00a0Best Repair\u00a02015) Kaspersky Virus Removal Tool\u00a0(AV-Test Award\u00a0&#8211;\u00a0Best Repair\u00a02014) Spybot &#8211; Search &amp; Destroy Sophos Virus Removal Tool Para sugest\u00e3o de novas solu\u00e7\u00f5es, entre em contato [&hellip;]<\/p>\n","protected":false},"author":572,"featured_media":0,"parent":0,"menu_order":0,"comment_status":"closed","ping_status":"closed","template":"","meta":{"jetpack_post_was_ever_published":false,"footnotes":""},"class_list":["post-46","page","type-page","status-publish","hentry"],"jetpack_sharing_enabled":true,"_links":{"self":[{"href":"https:\/\/wp.ufpel.edu.br\/seginfo\/wp-json\/wp\/v2\/pages\/46","targetHints":{"allow":["GET"]}}],"collection":[{"href":"https:\/\/wp.ufpel.edu.br\/seginfo\/wp-json\/wp\/v2\/pages"}],"about":[{"href":"https:\/\/wp.ufpel.edu.br\/seginfo\/wp-json\/wp\/v2\/types\/page"}],"author":[{"embeddable":true,"href":"https:\/\/wp.ufpel.edu.br\/seginfo\/wp-json\/wp\/v2\/users\/572"}],"replies":[{"embeddable":true,"href":"https:\/\/wp.ufpel.edu.br\/seginfo\/wp-json\/wp\/v2\/comments?post=46"}],"version-history":[{"count":10,"href":"https:\/\/wp.ufpel.edu.br\/seginfo\/wp-json\/wp\/v2\/pages\/46\/revisions"}],"predecessor-version":[{"id":208,"href":"https:\/\/wp.ufpel.edu.br\/seginfo\/wp-json\/wp\/v2\/pages\/46\/revisions\/208"}],"wp:attachment":[{"href":"https:\/\/wp.ufpel.edu.br\/seginfo\/wp-json\/wp\/v2\/media?parent=46"}],"curies":[{"name":"wp","href":"https:\/\/api.w.org\/{rel}","templated":true}]}}