{"id":247,"date":"2016-06-20T10:08:45","date_gmt":"2016-06-20T13:08:45","guid":{"rendered":"https:\/\/wp.ufpel.edu.br\/seginfo\/?page_id=247"},"modified":"2016-06-20T10:11:32","modified_gmt":"2016-06-20T13:11:32","slug":"extras","status":"publish","type":"page","link":"https:\/\/wp.ufpel.edu.br\/seginfo\/extras\/","title":{"rendered":"Extras"},"content":{"rendered":"<p>&#8220;Com a populariza\u00e7\u00e3o das entradas USB, os dispositivos port\u00e1teis como os pendrives ganharam espa\u00e7o e hoje s\u00e3o refer\u00eancia em se tratando de portabilidade de informa\u00e7\u00e3o. Al\u00e9m de ocuparem um espa\u00e7o reduzido e poderem ser colocados at\u00e9 mesmo junto ao chaveiro, a transfer\u00eancia de dados \u00e9 autom\u00e1tica, n\u00e3o requerendo nenhum tipo de instala\u00e7\u00e3o.<\/p>\n<p>Mobilidade e acessibilidade, no entanto, podem funcionar como uma faca de dois gumes: se por um lado o uso \u00e9 pr\u00e1tico, por outro a facilidade em se inserir v\u00edrus e softwares maliciosos ou copiar informa\u00e7\u00f5es confidenciais presentes neles faz com que muitos usu\u00e1rios tenham dores de cabe\u00e7a caso n\u00e3o tomem alguns cuidados b\u00e1sicos.&#8221; [1].<\/p>\n<p>O texto acima foi retirado do site <a href=\"http:\/\/www.tecmundo.com.br\/usb\/6977-como-proteger-dados-em-pendrives-e-dispositivos-usb.htm\">TecMundo<\/a>, publicado em dezembro de 2010. Apesar de poder ser consideravelmente antigo, os riscos na utiliza\u00e7\u00e3o de pendrives permanece, basta verificar as not\u00edcias veiculadas em 2016: &#8220;<a href=\"http:\/\/www.tecmundo.com.br\/virus\/6544-como-remover-virus-de-pendrive-que-converte-arquivos-e-pastas-em-atalhos.htm\">Como remover v\u00edrus de pendrive que converte arquivos e pastas em atalhos<\/a>&#8221; e &#8220;<a href=\"http:\/\/www.techtudo.com.br\/dicas-e-tutoriais\/noticia\/2013\/11\/como-remover-um-virus-do-pendrive.html\">autorun.inf: Como remover um v\u00edrus do pendrive?<\/a>&#8220;. Para se previnir\u00a0dessas amea\u00e7as, al\u00e9m de acessar os links dispostos nesta p\u00e1gina, considere a avalia\u00e7\u00e3o das seguintes ferramentas:<\/p>\n<ul>\n<li><a href=\"http:\/\/www.pandasecurity.com\/brazil\/homeusers\/downloads\/usbvaccine\/\">Panda USB Vaccine<\/a><\/li>\n<li><a href=\"https:\/\/labs.bitdefender.com\/projects\/usb-immunizer\/overview\/\">BitDefender USB Immunizer<\/a><\/li>\n<\/ul>\n<p>Para sugest\u00e3o de novas solu\u00e7\u00f5es, entre em contato por meio do formul\u00e1rio dispon\u00edvel\u00a0<a href=\"https:\/\/wp.ufpel.edu.br\/seginfo\/contato\/\" target=\"_blank\">aqui<\/a>.<\/p>\n<p>Refer\u00eancia:<\/p>\n[1] &#8211;\u00a0<a href=\"http:\/\/www.tecmundo.com.br\/usb\/6977-como-proteger-dados-em-pendrives-e-dispositivos-usb.htm\">http:\/\/www.tecmundo.com.br\/usb\/6977-como-proteger-dados-em-pendrives-e-dispositivos-usb.htm<\/a><\/p>\n","protected":false},"excerpt":{"rendered":"<p>&#8220;Com a populariza\u00e7\u00e3o das entradas USB, os dispositivos port\u00e1teis como os pendrives ganharam espa\u00e7o e hoje s\u00e3o refer\u00eancia em se tratando de portabilidade de informa\u00e7\u00e3o. Al\u00e9m de ocuparem um espa\u00e7o reduzido e poderem ser colocados at\u00e9 mesmo junto ao chaveiro, a transfer\u00eancia de dados \u00e9 autom\u00e1tica, n\u00e3o requerendo nenhum tipo de instala\u00e7\u00e3o. Mobilidade e acessibilidade, [&hellip;]<\/p>\n","protected":false},"author":572,"featured_media":0,"parent":0,"menu_order":0,"comment_status":"closed","ping_status":"closed","template":"","meta":{"jetpack_post_was_ever_published":false,"footnotes":""},"class_list":["post-247","page","type-page","status-publish","hentry"],"jetpack_sharing_enabled":true,"_links":{"self":[{"href":"https:\/\/wp.ufpel.edu.br\/seginfo\/wp-json\/wp\/v2\/pages\/247","targetHints":{"allow":["GET"]}}],"collection":[{"href":"https:\/\/wp.ufpel.edu.br\/seginfo\/wp-json\/wp\/v2\/pages"}],"about":[{"href":"https:\/\/wp.ufpel.edu.br\/seginfo\/wp-json\/wp\/v2\/types\/page"}],"author":[{"embeddable":true,"href":"https:\/\/wp.ufpel.edu.br\/seginfo\/wp-json\/wp\/v2\/users\/572"}],"replies":[{"embeddable":true,"href":"https:\/\/wp.ufpel.edu.br\/seginfo\/wp-json\/wp\/v2\/comments?post=247"}],"version-history":[{"count":2,"href":"https:\/\/wp.ufpel.edu.br\/seginfo\/wp-json\/wp\/v2\/pages\/247\/revisions"}],"predecessor-version":[{"id":251,"href":"https:\/\/wp.ufpel.edu.br\/seginfo\/wp-json\/wp\/v2\/pages\/247\/revisions\/251"}],"wp:attachment":[{"href":"https:\/\/wp.ufpel.edu.br\/seginfo\/wp-json\/wp\/v2\/media?parent=247"}],"curies":[{"name":"wp","href":"https:\/\/api.w.org\/{rel}","templated":true}]}}