{"id":218,"date":"2016-06-06T12:53:59","date_gmt":"2016-06-06T15:53:59","guid":{"rendered":"https:\/\/wp.ufpel.edu.br\/seginfo\/?page_id=218"},"modified":"2021-05-31T16:10:32","modified_gmt":"2021-05-31T19:10:32","slug":"gerenciadores-de-senhas","status":"publish","type":"page","link":"https:\/\/wp.ufpel.edu.br\/seginfo\/gerenciadores-de-senhas\/","title":{"rendered":"Gerenciadores de Senhas"},"content":{"rendered":"<p>Uma das dicas normalmente encontradas para se proteger online \u00e9 a utiliza\u00e7\u00e3o de uma senha \u00fanica e forte para cada uma de suas contas. Infelizmente a maioria de n\u00f3s tem uma quantidade de contas t\u00e3o grande que fica quase imposs\u00edvel lembrar de todas as senhas. Uma solu\u00e7\u00e3o simples \u00e9 utilizar um Gerenciador de Senhas, tamb\u00e9m conhecido como Password Manager ou password vault (um cofre de senhas). Esses aplicativos s\u00e3o feitos para armazenar de forma segura as suas credenciais de login (usu\u00e1rio e senha). Al\u00e9m de ajud\u00e1-lo a entrar em sites de internet, aplicativos m\u00f3veis de celular e outras aplica\u00e7\u00f5es.&#8221;. Fonte: <a href=\"https:\/\/wp.ufpel.edu.br\/seginfo\/files\/2016\/06\/OUCH-201510_pt.pdf\">Gerenciadores de Senhas (SANS)<\/a>.<\/p>\n<ul>\n<li><a href=\"https:\/\/bitwarden.com\/\">BitWarden<\/a><\/li>\n<li><a href=\"http:\/\/keepass.info\/\">KeePass<\/a><\/li>\n<li><a href=\"https:\/\/lastpass.com\/?lang=pt-br\">LastPass<\/a><\/li>\n<li><a href=\"http:\/\/brazil.kaspersky.com\/produtos\/produtos-para-usuarios-domesticos\/password-manager\">Kaspersky Password Manager<\/a><\/li>\n<li><a href=\"http:\/\/www.f-secure.com\/en\/web\/home_global\/key\">F-Secure Secure Password Manager<\/a><\/li>\n<li><a href=\"https:\/\/agilebits.com\/onepassword\">1Password<\/a><\/li>\n<\/ul>\n","protected":false},"excerpt":{"rendered":"<p>Uma das dicas normalmente encontradas para se proteger online \u00e9 a utiliza\u00e7\u00e3o de uma senha \u00fanica e forte para cada uma de suas contas. Infelizmente a maioria de n\u00f3s tem uma quantidade de contas t\u00e3o grande que fica quase imposs\u00edvel lembrar de todas as senhas. Uma solu\u00e7\u00e3o simples \u00e9 utilizar um Gerenciador de Senhas, tamb\u00e9m [&hellip;]<\/p>\n","protected":false},"author":572,"featured_media":0,"parent":0,"menu_order":0,"comment_status":"closed","ping_status":"closed","template":"","meta":{"jetpack_post_was_ever_published":false,"footnotes":""},"class_list":["post-218","page","type-page","status-publish","hentry"],"jetpack_sharing_enabled":true,"_links":{"self":[{"href":"https:\/\/wp.ufpel.edu.br\/seginfo\/wp-json\/wp\/v2\/pages\/218","targetHints":{"allow":["GET"]}}],"collection":[{"href":"https:\/\/wp.ufpel.edu.br\/seginfo\/wp-json\/wp\/v2\/pages"}],"about":[{"href":"https:\/\/wp.ufpel.edu.br\/seginfo\/wp-json\/wp\/v2\/types\/page"}],"author":[{"embeddable":true,"href":"https:\/\/wp.ufpel.edu.br\/seginfo\/wp-json\/wp\/v2\/users\/572"}],"replies":[{"embeddable":true,"href":"https:\/\/wp.ufpel.edu.br\/seginfo\/wp-json\/wp\/v2\/comments?post=218"}],"version-history":[{"count":6,"href":"https:\/\/wp.ufpel.edu.br\/seginfo\/wp-json\/wp\/v2\/pages\/218\/revisions"}],"predecessor-version":[{"id":725,"href":"https:\/\/wp.ufpel.edu.br\/seginfo\/wp-json\/wp\/v2\/pages\/218\/revisions\/725"}],"wp:attachment":[{"href":"https:\/\/wp.ufpel.edu.br\/seginfo\/wp-json\/wp\/v2\/media?parent=218"}],"curies":[{"name":"wp","href":"https:\/\/api.w.org\/{rel}","templated":true}]}}