{"id":210,"date":"2016-06-03T11:29:00","date_gmt":"2016-06-03T14:29:00","guid":{"rendered":"https:\/\/wp.ufpel.edu.br\/seginfo\/?page_id=210"},"modified":"2016-06-15T13:03:03","modified_gmt":"2016-06-15T16:03:03","slug":"backups","status":"publish","type":"page","link":"https:\/\/wp.ufpel.edu.br\/seginfo\/backups\/","title":{"rendered":"Backups"},"content":{"rendered":"<p>Mais cedo ou mais tarde provavelmente algo dar\u00e1 errado e voc\u00ea\u00a0perder\u00e1 seus arquivos, documentos pessoais ou fotografias. Exemplos incluem a exclus\u00e3o acidental de\u00a0arquivos errados, falhas de hardware, perda ou roubo de seu\u00a0notebook\u00a0ou infec\u00e7\u00e3o por malware de seu\u00a0computador. Em momentos como esses, backups s\u00e3o normalmente a \u00fanica maneira de\u00a0reconstruir a sua &#8220;vida digital&#8221;. <a href=\"https:\/\/wp.ufpel.edu.br\/seginfo\/files\/2016\/06\/OUCH-201508_pt.pdf\">Neste link<\/a>\u00a0\u00e9 explicado\u00a0o que \u00e9 backup, como execut\u00e1-lo e\u00a0como\u00a0decidir qual a estrat\u00e9gia mais indicada para seu\u00a0caso.<\/p>\n<p>De acordo com o documento mencionado, produzido pelo Instituto SANS (reconhecido na \u00e1rea de seguran\u00e7a da informa\u00e7\u00e3o), existem duas maneiras de fazer backups:\u00a0em meios f\u00edsicos ou em armazenamento baseado na nuvem. Para maiores detalhes sobre as vantagens e desvantagens de cada m\u00e9todo, a CTI indica a leitura completa do documento.<\/p>\n<p>A seguir s\u00e3o listadas algumas ferramentas que podem auxiliar na automatiza\u00e7\u00e3o da tarefa de backup.<\/p>\n<ul>\n<li>Solu\u00e7\u00f5es para backup em nuvem (dados pessoais):\n<ul>\n<li><a href=\"https:\/\/www.dropbox.com\/pt_BR\/\">Dropbox<\/a><\/li>\n<li><a href=\"https:\/\/www.google.com\/intl\/pt-BR\/drive\/\">GoogleDrive<\/a><\/li>\n<li><a href=\"https:\/\/onedrive.live.com\/about\/pt-br\/\">Microsoft OneDrive<\/a><\/li>\n<\/ul>\n<\/li>\n<li>Solu\u00e7\u00e3o para backup em nuvem (<strong>dados institucionais<\/strong>):\n<ul>\n<li><a href=\"http:\/\/www.planalto.gov.br\/ccivil_03\/_Ato2011-2014\/2013\/Decreto\/D8135.htm\">Decreto N\u00ba 8.135\/13<\/a>:\n<ul>\n<li>&#8220;Art. 1\u00ba As comunica\u00e7\u00f5es de dados da administra\u00e7\u00e3o p\u00fablica federal direta, aut\u00e1rquica e fundacional dever\u00e3o ser realizadas por redes de telecomunica\u00e7\u00f5es e servi\u00e7os de tecnologia da informa\u00e7\u00e3o fornecidos por \u00f3rg\u00e3os ou entidades da administra\u00e7\u00e3o p\u00fablica federal, incluindo empresas p\u00fablicas e sociedades de economia mista da Uni\u00e3o e suas subsidi\u00e1rias.<\/li>\n<li>\u00a7 4<s>\u00ba<\/s>\u00a0 O armazenamento e a recupera\u00e7\u00e3o de dados a que se refere o <b>caput<\/b> dever\u00e1 ser realizada em centro de processamento de dados fornecido por \u00f3rg\u00e3os e entidades da administra\u00e7\u00e3o p\u00fablica federal.&#8221;<\/li>\n<\/ul>\n<\/li>\n<li>Tendo isto em vista, a CTI oferece o servi\u00e7o <a href=\"https:\/\/wp.ufpel.edu.br\/cti\/servicos\/docs\/\">DocsUFPel<\/a>, atualmente dispon\u00edvel para t\u00e9cnicos-administrativos e docentes.<\/li>\n<\/ul>\n<\/li>\n<\/ul>\n<p>O armazenamento em nuvem\u00a0oferece algumas\u00a0vantagens, como\u00a0a possibilidade de acessar seus documentos de qualquer lugar. No entanto, isto pode trazer novos riscos &#8211; v\u00e1rios casos de roubo de dados, principalmente fotos, ganharam repercuss\u00e3o mundial. Para\u00a0proteger os dados, algumas das solu\u00e7\u00f5es mencionadas oferecem a &#8220;autentica\u00e7\u00e3o de dois fatores&#8221;. Leia mais sobre em &#8220;<a href=\"https:\/\/wp.ufpel.edu.br\/seginfo\/files\/2016\/06\/OUCH-201508_pt-1.pdf\">Verifica\u00e7\u00e3o de Duas Etapas (SANS)<\/a>&#8220;.<\/p>\n<ul>\n<li>Solu\u00e7\u00f5es para backup em m\u00eddia f\u00edsica:\n<ul>\n<li><a href=\"http:\/\/www.cobiansoft.com\/cobianbackup.htm\">Cobian<\/a><\/li>\n<li><a href=\"https:\/\/www.comodo.com\/home\/backup-online-storage\/comodo-backup.php\">Comodo<\/a>\u00a0(tamb\u00e9m oferece armazenamento online)<\/li>\n<li><a href=\"http:\/\/www.todo-backup.com\/products\/home\/free-backup-software.htm\">EaseUS<\/a><\/li>\n<li><a href=\"http:\/\/www.fbackup.com\/free-download.php\">FBackup<\/a><\/li>\n<\/ul>\n<\/li>\n<\/ul>\n<p>&nbsp;<\/p>\n","protected":false},"excerpt":{"rendered":"<p>Mais cedo ou mais tarde provavelmente algo dar\u00e1 errado e voc\u00ea\u00a0perder\u00e1 seus arquivos, documentos pessoais ou fotografias. Exemplos incluem a exclus\u00e3o acidental de\u00a0arquivos errados, falhas de hardware, perda ou roubo de seu\u00a0notebook\u00a0ou infec\u00e7\u00e3o por malware de seu\u00a0computador. Em momentos como esses, backups s\u00e3o normalmente a \u00fanica maneira de\u00a0reconstruir a sua &#8220;vida digital&#8221;. Neste link\u00a0\u00e9 explicado\u00a0o [&hellip;]<\/p>\n","protected":false},"author":572,"featured_media":0,"parent":0,"menu_order":0,"comment_status":"closed","ping_status":"closed","template":"","meta":{"jetpack_post_was_ever_published":false,"footnotes":""},"class_list":["post-210","page","type-page","status-publish","hentry"],"jetpack_sharing_enabled":true,"_links":{"self":[{"href":"https:\/\/wp.ufpel.edu.br\/seginfo\/wp-json\/wp\/v2\/pages\/210","targetHints":{"allow":["GET"]}}],"collection":[{"href":"https:\/\/wp.ufpel.edu.br\/seginfo\/wp-json\/wp\/v2\/pages"}],"about":[{"href":"https:\/\/wp.ufpel.edu.br\/seginfo\/wp-json\/wp\/v2\/types\/page"}],"author":[{"embeddable":true,"href":"https:\/\/wp.ufpel.edu.br\/seginfo\/wp-json\/wp\/v2\/users\/572"}],"replies":[{"embeddable":true,"href":"https:\/\/wp.ufpel.edu.br\/seginfo\/wp-json\/wp\/v2\/comments?post=210"}],"version-history":[{"count":4,"href":"https:\/\/wp.ufpel.edu.br\/seginfo\/wp-json\/wp\/v2\/pages\/210\/revisions"}],"predecessor-version":[{"id":233,"href":"https:\/\/wp.ufpel.edu.br\/seginfo\/wp-json\/wp\/v2\/pages\/210\/revisions\/233"}],"wp:attachment":[{"href":"https:\/\/wp.ufpel.edu.br\/seginfo\/wp-json\/wp\/v2\/media?parent=210"}],"curies":[{"name":"wp","href":"https:\/\/api.w.org\/{rel}","templated":true}]}}