{"id":29,"date":"2014-02-25T09:40:19","date_gmt":"2014-02-25T12:40:19","guid":{"rendered":"https:\/\/wp.ufpel.edu.br\/segeomatica\/?page_id=29"},"modified":"2014-08-22T13:45:45","modified_gmt":"2014-08-22T16:45:45","slug":"ensino","status":"publish","type":"page","link":"https:\/\/wp.ufpel.edu.br\/segeomatica\/ensino\/","title":{"rendered":"ENSINO"},"content":{"rendered":"<p><strong>A) Disciplinas obrigat\u00f3rias ofertadas pelo Setor:<\/strong><\/p>\n<p><strong>1.Agronomia:<\/strong><\/p>\n<p>I. Topografia I (<a href=\"https:\/\/wp.ufpel.edu.br\/segeomatica\/files\/2014\/08\/Caracterizacao-da-Topografia-I_Agronomia.doc\">Caracterizacao da Topografia I_Agronomia<\/a>);<\/p>\n<p>II. Topografia II (<a href=\"https:\/\/wp.ufpel.edu.br\/segeomatica\/files\/2014\/08\/Caracterizacao-da-Topografia-II_Agronomia.doc\">Caracterizacao da Topografia II_Agronomia<\/a>);<\/p>\n<p>&nbsp;<\/p>\n<p><strong>2. Engenharia Agr\u00edcola:<\/strong><\/p>\n<p>I.\u00a0Topografia I (<a href=\"https:\/\/wp.ufpel.edu.br\/segeomatica\/files\/2014\/08\/instr_plano_ens_TOP1AGRIC-2014-1.doc\">instr_plano_ens_TOP1AGRIC- 2014-1<\/a>);<\/p>\n<p>II. \u00a0Topografia II (<a href=\"https:\/\/wp.ufpel.edu.br\/segeomatica\/files\/2014\/08\/instr_plano_ens_TOP2AGRIC-2014-2.doc\">instr_plano_ens_TOP2AGRIC- 2014-2<\/a>);<\/p>\n<p>&nbsp;<\/p>\n<p><strong>3. Arquitetura:<\/strong><\/p>\n<p>I.\u00a0Topografia (<a href=\"https:\/\/wp.ufpel.edu.br\/segeomatica\/files\/2014\/08\/instr_plano_ens_TOP_ARQ.doc\">instr_plano_ens_TOP_ARQ-2014-2<\/a>);<\/p>\n<p>&nbsp;<\/p>\n<p><strong>B) Disciplinas eletivas\u00a0ofertadas pelo Setor:<\/strong><\/p>\n<p><strong>1. Agronomia:<\/strong><\/p>\n<p>I. \u00a0M\u00e9todos de Pos. Global e Proje\u00e7\u00f5es Cartogr\u00e1ficas (<a href=\"https:\/\/wp.ufpel.edu.br\/segeomatica\/files\/2014\/08\/Caracterizacao-Disciplina-Metodos-de-Posicionamento-Global-e-Projecoes-Cartograficas_Agronomia.doc\">Carac.Disc.Met.Pos.Global e Proj. Cart._Agron<\/a>);<\/p>\n<p>&nbsp;<\/p>\n<p><strong>2. Engenharia Agr\u00edcola:<\/strong><\/p>\n<p>I. \u00a0M\u00e9todos de Pos. Global e Proje\u00e7\u00f5es Cartogr\u00e1ficas (<a href=\"https:\/\/wp.ufpel.edu.br\/segeomatica\/files\/2014\/08\/Caracterizacao-Disciplina-Metodos-de-Posicionamento-Global-e-Projecoes-Cartograficas_E_Agr\u00edcola.doc\">Carac.Disc.Met.Pos.Global e Proj. Cart.E_Agr\u00edc<\/a>);<\/p>\n<p>&nbsp;<\/p>\n<p><strong>C)\u00a0Projetos de Ensino:<\/strong><\/p>\n<p><strong>1. Livro Eletr\u00f4nico de Topografia I<\/strong><\/p>\n<p><span style=\"color: #000000\">Equipe: Fioravante Jakel dos Santos, Rodrigo Rizzi, Rogers Ademir Pereira, S\u00e9rgio Leal Fernandes,\u00a0Suelen Cristina Movio Huinca.<\/span><\/p>\n","protected":false},"excerpt":{"rendered":"<p>A) Disciplinas obrigat\u00f3rias ofertadas pelo Setor: 1.Agronomia: I. Topografia I (Caracterizacao da Topografia I_Agronomia); II. Topografia II (Caracterizacao da Topografia II_Agronomia); &nbsp; 2. Engenharia Agr\u00edcola: I.\u00a0Topografia I (instr_plano_ens_TOP1AGRIC- 2014-1); II. \u00a0Topografia II (instr_plano_ens_TOP2AGRIC- 2014-2); &nbsp; 3. Arquitetura: I.\u00a0Topografia (instr_plano_ens_TOP_ARQ-2014-2); &nbsp; B) Disciplinas eletivas\u00a0ofertadas pelo Setor: 1. Agronomia: I. \u00a0M\u00e9todos de Pos. Global e Proje\u00e7\u00f5es Cartogr\u00e1ficas [&hellip;]<\/p>\n","protected":false},"author":363,"featured_media":0,"parent":0,"menu_order":4,"comment_status":"closed","ping_status":"closed","template":"","meta":{"footnotes":""},"class_list":["post-29","page","type-page","status-publish","hentry"],"_links":{"self":[{"href":"https:\/\/wp.ufpel.edu.br\/segeomatica\/wp-json\/wp\/v2\/pages\/29","targetHints":{"allow":["GET"]}}],"collection":[{"href":"https:\/\/wp.ufpel.edu.br\/segeomatica\/wp-json\/wp\/v2\/pages"}],"about":[{"href":"https:\/\/wp.ufpel.edu.br\/segeomatica\/wp-json\/wp\/v2\/types\/page"}],"author":[{"embeddable":true,"href":"https:\/\/wp.ufpel.edu.br\/segeomatica\/wp-json\/wp\/v2\/users\/363"}],"replies":[{"embeddable":true,"href":"https:\/\/wp.ufpel.edu.br\/segeomatica\/wp-json\/wp\/v2\/comments?post=29"}],"version-history":[{"count":30,"href":"https:\/\/wp.ufpel.edu.br\/segeomatica\/wp-json\/wp\/v2\/pages\/29\/revisions"}],"predecessor-version":[{"id":174,"href":"https:\/\/wp.ufpel.edu.br\/segeomatica\/wp-json\/wp\/v2\/pages\/29\/revisions\/174"}],"wp:attachment":[{"href":"https:\/\/wp.ufpel.edu.br\/segeomatica\/wp-json\/wp\/v2\/media?parent=29"}],"curies":[{"name":"wp","href":"https:\/\/api.w.org\/{rel}","templated":true}]}}