{"id":25,"date":"2014-02-25T09:36:35","date_gmt":"2014-02-25T12:36:35","guid":{"rendered":"https:\/\/wp.ufpel.edu.br\/segeomatica\/?page_id=25"},"modified":"2014-02-25T13:43:13","modified_gmt":"2014-02-25T16:43:13","slug":"o-setor","status":"publish","type":"page","link":"https:\/\/wp.ufpel.edu.br\/segeomatica\/o-setor\/","title":{"rendered":"O SETOR"},"content":{"rendered":"<p>O Setor de Geom\u00e1tica \u00e9 uma unidade do Departamento de Engenharia Rural da Universidade Federal de Pelotas. Ministra as disciplinas Topografia I e Topografia II para os cursos de Agronomia, Engenharia Agr\u00edcola e Arquitetura da mesma U<span style=\"font-family: georgia, palatino\">niversid<\/span>ade.<\/p>\n<p>Realiza pesquisas nas \u00e1reas de Cartografia, Geod\u00e9sia e Sensoriamento Remoto. Eventualmente disponibiliza \u00a0cursos de 45h associados a estas \u00e1reas como disciplinas complementares de gradua\u00e7\u00e3o. Constantemente mant\u00e9m projetos de extens\u00e3o vinculados e tem tradi\u00e7\u00e3o no ensino das disciplinas ligadas \u00e0 Topografia dentro da UFPel.<\/p>\n","protected":false},"excerpt":{"rendered":"<p>O Setor de Geom\u00e1tica \u00e9 uma unidade do Departamento de Engenharia Rural da Universidade Federal de Pelotas. Ministra as disciplinas Topografia I e Topografia II para os cursos de Agronomia, Engenharia Agr\u00edcola e Arquitetura da mesma Universidade. Realiza pesquisas nas \u00e1reas de Cartografia, Geod\u00e9sia e Sensoriamento Remoto. Eventualmente disponibiliza \u00a0cursos de 45h associados a estas [&hellip;]<\/p>\n","protected":false},"author":363,"featured_media":0,"parent":0,"menu_order":0,"comment_status":"closed","ping_status":"closed","template":"","meta":{"footnotes":""},"class_list":["post-25","page","type-page","status-publish","hentry"],"_links":{"self":[{"href":"https:\/\/wp.ufpel.edu.br\/segeomatica\/wp-json\/wp\/v2\/pages\/25","targetHints":{"allow":["GET"]}}],"collection":[{"href":"https:\/\/wp.ufpel.edu.br\/segeomatica\/wp-json\/wp\/v2\/pages"}],"about":[{"href":"https:\/\/wp.ufpel.edu.br\/segeomatica\/wp-json\/wp\/v2\/types\/page"}],"author":[{"embeddable":true,"href":"https:\/\/wp.ufpel.edu.br\/segeomatica\/wp-json\/wp\/v2\/users\/363"}],"replies":[{"embeddable":true,"href":"https:\/\/wp.ufpel.edu.br\/segeomatica\/wp-json\/wp\/v2\/comments?post=25"}],"version-history":[{"count":4,"href":"https:\/\/wp.ufpel.edu.br\/segeomatica\/wp-json\/wp\/v2\/pages\/25\/revisions"}],"predecessor-version":[{"id":46,"href":"https:\/\/wp.ufpel.edu.br\/segeomatica\/wp-json\/wp\/v2\/pages\/25\/revisions\/46"}],"wp:attachment":[{"href":"https:\/\/wp.ufpel.edu.br\/segeomatica\/wp-json\/wp\/v2\/media?parent=25"}],"curies":[{"name":"wp","href":"https:\/\/api.w.org\/{rel}","templated":true}]}}