{"id":216,"date":"2022-05-31T11:08:16","date_gmt":"2022-05-31T14:08:16","guid":{"rendered":"https:\/\/wp.ufpel.edu.br\/segeomatica\/?page_id=216"},"modified":"2024-06-20T11:24:08","modified_gmt":"2024-06-20T14:24:08","slug":"rogers-ademir-drunn-pereira","status":"publish","type":"page","link":"https:\/\/wp.ufpel.edu.br\/segeomatica\/docentes\/rogers-ademir-drunn-pereira\/","title":{"rendered":"Rogers Ademir Drunn Pereira"},"content":{"rendered":"<p>C\u00f3digos:<\/p>\n<ul>\n<li>Fun\u00e7\u00e3o Variograma, com dados (Octave, Matlab) &#8211;\n<ul>\n<li>Link realocado para: https:\/\/wp.ufpel.edu.br\/der\/setor-de-geomatica\/rogers-ademir-drunn-pereira\/<\/li>\n<\/ul>\n<\/li>\n<\/ul>\n","protected":false},"excerpt":{"rendered":"<p>C\u00f3digos: Fun\u00e7\u00e3o Variograma, com dados (Octave, Matlab) &#8211; Link realocado para: https:\/\/wp.ufpel.edu.br\/der\/setor-de-geomatica\/rogers-ademir-drunn-pereira\/<\/p>\n","protected":false},"author":363,"featured_media":0,"parent":19,"menu_order":0,"comment_status":"closed","ping_status":"closed","template":"","meta":{"footnotes":""},"class_list":["post-216","page","type-page","status-publish","hentry"],"_links":{"self":[{"href":"https:\/\/wp.ufpel.edu.br\/segeomatica\/wp-json\/wp\/v2\/pages\/216","targetHints":{"allow":["GET"]}}],"collection":[{"href":"https:\/\/wp.ufpel.edu.br\/segeomatica\/wp-json\/wp\/v2\/pages"}],"about":[{"href":"https:\/\/wp.ufpel.edu.br\/segeomatica\/wp-json\/wp\/v2\/types\/page"}],"author":[{"embeddable":true,"href":"https:\/\/wp.ufpel.edu.br\/segeomatica\/wp-json\/wp\/v2\/users\/363"}],"replies":[{"embeddable":true,"href":"https:\/\/wp.ufpel.edu.br\/segeomatica\/wp-json\/wp\/v2\/comments?post=216"}],"version-history":[{"count":4,"href":"https:\/\/wp.ufpel.edu.br\/segeomatica\/wp-json\/wp\/v2\/pages\/216\/revisions"}],"predecessor-version":[{"id":250,"href":"https:\/\/wp.ufpel.edu.br\/segeomatica\/wp-json\/wp\/v2\/pages\/216\/revisions\/250"}],"up":[{"embeddable":true,"href":"https:\/\/wp.ufpel.edu.br\/segeomatica\/wp-json\/wp\/v2\/pages\/19"}],"wp:attachment":[{"href":"https:\/\/wp.ufpel.edu.br\/segeomatica\/wp-json\/wp\/v2\/media?parent=216"}],"curies":[{"name":"wp","href":"https:\/\/api.w.org\/{rel}","templated":true}]}}