{"id":21,"date":"2014-02-25T09:32:50","date_gmt":"2014-02-25T12:32:50","guid":{"rendered":"https:\/\/wp.ufpel.edu.br\/segeomatica\/?page_id=21"},"modified":"2014-08-22T13:42:11","modified_gmt":"2014-08-22T16:42:11","slug":"laboratorios","status":"publish","type":"page","link":"https:\/\/wp.ufpel.edu.br\/segeomatica\/laboratorios\/","title":{"rendered":"LABORAT\u00d3RIOS"},"content":{"rendered":"<p><strong>1. Laborat\u00f3rio de Instrumenta\u00e7\u00e3o Topogr\u00e1fica:<\/strong> Abriga o instrumental utilizado nas aulas de topografia;<\/p>\n<p><strong>2. Laborat\u00f3rio de Geod\u00e9sia:<\/strong> Abriga o grupo de aparelhos utilizados em Levantamentos Geod\u00e9sicos;<\/p>\n<p><strong>3. Laborat\u00f3rio de Geom\u00e1tica:<\/strong> Mant\u00e9m um conjunto de programas e computadores para o processamento de informa\u00e7\u00f5es geoespaciais;<\/p>\n","protected":false},"excerpt":{"rendered":"<p>1. Laborat\u00f3rio de Instrumenta\u00e7\u00e3o Topogr\u00e1fica: Abriga o instrumental utilizado nas aulas de topografia; 2. Laborat\u00f3rio de Geod\u00e9sia: Abriga o grupo de aparelhos utilizados em Levantamentos Geod\u00e9sicos; 3. Laborat\u00f3rio de Geom\u00e1tica: Mant\u00e9m um conjunto de programas e computadores para o processamento de informa\u00e7\u00f5es geoespaciais;<\/p>\n","protected":false},"author":363,"featured_media":0,"parent":0,"menu_order":3,"comment_status":"closed","ping_status":"closed","template":"","meta":{"footnotes":""},"class_list":["post-21","page","type-page","status-publish","hentry"],"_links":{"self":[{"href":"https:\/\/wp.ufpel.edu.br\/segeomatica\/wp-json\/wp\/v2\/pages\/21","targetHints":{"allow":["GET"]}}],"collection":[{"href":"https:\/\/wp.ufpel.edu.br\/segeomatica\/wp-json\/wp\/v2\/pages"}],"about":[{"href":"https:\/\/wp.ufpel.edu.br\/segeomatica\/wp-json\/wp\/v2\/types\/page"}],"author":[{"embeddable":true,"href":"https:\/\/wp.ufpel.edu.br\/segeomatica\/wp-json\/wp\/v2\/users\/363"}],"replies":[{"embeddable":true,"href":"https:\/\/wp.ufpel.edu.br\/segeomatica\/wp-json\/wp\/v2\/comments?post=21"}],"version-history":[{"count":8,"href":"https:\/\/wp.ufpel.edu.br\/segeomatica\/wp-json\/wp\/v2\/pages\/21\/revisions"}],"predecessor-version":[{"id":170,"href":"https:\/\/wp.ufpel.edu.br\/segeomatica\/wp-json\/wp\/v2\/pages\/21\/revisions\/170"}],"wp:attachment":[{"href":"https:\/\/wp.ufpel.edu.br\/segeomatica\/wp-json\/wp\/v2\/media?parent=21"}],"curies":[{"name":"wp","href":"https:\/\/api.w.org\/{rel}","templated":true}]}}