{"id":450,"date":"2020-01-08T15:57:51","date_gmt":"2020-01-08T18:57:51","guid":{"rendered":"https:\/\/wp.ufpel.edu.br\/seged\/?page_id=450"},"modified":"2020-01-08T15:57:51","modified_gmt":"2020-01-08T18:57:51","slug":"livro-de-resumos","status":"publish","type":"page","link":"https:\/\/wp.ufpel.edu.br\/seged\/livro-de-resumos\/","title":{"rendered":"Livro de resumos"},"content":{"rendered":"<p>No <a href=\"https:\/\/drive.google.com\/open?id=1Qj83Pa0B2rBYE6vQ2u9WgtJhVQ0c1zxO\" target=\"_blank\" rel=\"noopener noreferrer\">link<\/a> encontra-se o livro de Resumos do XI Simp\u00f3sio de Ecologia, Gen\u00e9tica e Evolu\u00e7\u00e3o de <em>Drosophila.<\/em><\/p>\n","protected":false},"excerpt":{"rendered":"<p>No link encontra-se o livro de Resumos do XI Simp\u00f3sio de Ecologia, Gen\u00e9tica e Evolu\u00e7\u00e3o de Drosophila.<\/p>\n","protected":false},"author":900,"featured_media":0,"parent":0,"menu_order":0,"comment_status":"closed","ping_status":"closed","template":"","meta":{"footnotes":""},"class_list":["post-450","page","type-page","status-publish","hentry"],"_links":{"self":[{"href":"https:\/\/wp.ufpel.edu.br\/seged\/wp-json\/wp\/v2\/pages\/450","targetHints":{"allow":["GET"]}}],"collection":[{"href":"https:\/\/wp.ufpel.edu.br\/seged\/wp-json\/wp\/v2\/pages"}],"about":[{"href":"https:\/\/wp.ufpel.edu.br\/seged\/wp-json\/wp\/v2\/types\/page"}],"author":[{"embeddable":true,"href":"https:\/\/wp.ufpel.edu.br\/seged\/wp-json\/wp\/v2\/users\/900"}],"replies":[{"embeddable":true,"href":"https:\/\/wp.ufpel.edu.br\/seged\/wp-json\/wp\/v2\/comments?post=450"}],"version-history":[{"count":2,"href":"https:\/\/wp.ufpel.edu.br\/seged\/wp-json\/wp\/v2\/pages\/450\/revisions"}],"predecessor-version":[{"id":454,"href":"https:\/\/wp.ufpel.edu.br\/seged\/wp-json\/wp\/v2\/pages\/450\/revisions\/454"}],"wp:attachment":[{"href":"https:\/\/wp.ufpel.edu.br\/seged\/wp-json\/wp\/v2\/media?parent=450"}],"curies":[{"name":"wp","href":"https:\/\/api.w.org\/{rel}","templated":true}]}}