{"id":321,"date":"2019-09-08T23:24:56","date_gmt":"2019-09-09T02:24:56","guid":{"rendered":"https:\/\/wp.ufpel.edu.br\/seged\/?page_id=321"},"modified":"2019-09-08T23:24:56","modified_gmt":"2019-09-09T02:24:56","slug":"chegando-em-pelotas-de-porto-alegre","status":"publish","type":"page","link":"https:\/\/wp.ufpel.edu.br\/seged\/chegando-em-pelotas-de-porto-alegre\/","title":{"rendered":"Chegando em Pelotas de Porto Alegre"},"content":{"rendered":"<p>Se voc\u00ea optar por n\u00e3o viajar para Pelotas de avi\u00e3o em fun\u00e7\u00e3o dos valores das passagens ou disponibilidade de hor\u00e1rios, voc\u00ea pode viajar at\u00e9 Porto Alegre de avi\u00e3o e utilizar outro meio de transporte at\u00e9 Pelotas. Ao chegar no Aeroporto Internacional Salgado Filho, em Porto Alegre, voc\u00ea pode optar por:<\/p>\n<p><strong>Viajar de \u00f4nibus<\/strong> \u2013 No Terminal 1 do Aeroporto Internacional Salgado Filho existe um guich\u00ea de venda de passagens rodovi\u00e1rias intermunicipais. L\u00e1 voc\u00ea pode comprar a passagem de \u00f4nibus para Pelotas com anteced\u00eancia, ou pode deixar para comprar na pr\u00f3pria rodovi\u00e1ria. Se n\u00e3o encontrar o guich\u00ea, pe\u00e7a informa\u00e7\u00f5es pois o aeroporto est\u00e1 passando por reforma. A empresa que faz a viagem entre Porto Alegre e Pelotas \u00e9 o Expresso Embaixador e durante o dia h\u00e1 \u00f4nibus de hora em hora. Para se deslocar do aeroporto \u00e0 rodovi\u00e1ria, voc\u00ea pode utilizar t\u00e1xi (assim que sair no desembarque no terminal 1 tem um guich\u00ea da empresa de taxi para informa\u00e7\u00f5es), aplicativos de transporte ou o sistema de trem (Trensurb &#8211; no valor de R$1,70, com ele des\u00e7a na pr\u00f3pria Esta\u00e7\u00e3o Rodovi\u00e1ria). O tempo de deslocamento at\u00e9 a rodovi\u00e1ria pode variar dependendo da forma de transporte escolhida e do hor\u00e1rio que voc\u00ea chegar. Confira no Google Maps. Normalmente, a viagem entre Porto Alegre e Pelotas leva aproximadamente 4 horas.<\/p>\n<p><em>Links:<\/em><\/p>\n<p>Rodovi\u00e1ria de Porto Alegre &#8211; <a href=\"http:\/\/www.rodoviaria-poa.com.br\/institucional\/site\/df_hora.htm\">http:\/\/www.rodoviaria-poa.com.br\/institucional\/site\/df_hora.htm<\/a><\/p>\n<p>Rodovi\u00e1ria de Pelotas &#8211; <a href=\"http:\/\/rodoviariapelotas.com.br\/\">http:\/\/rodoviariapelotas.com.br\/<\/a><\/p>\n<p>Expresso Embaixador &#8211; <a href=\"https:\/\/expressoembaixador.com.br\/\">https:\/\/expressoembaixador.com.br\/<\/a><\/p>\n<p>Trensurb &#8211; <a href=\"http:\/\/www.trensurb.gov.br\/paginas\/galeria_projetos_detalhes.php?codigo_sitemap=87\">http:\/\/www.trensurb.gov.br\/paginas\/galeria_projetos_detalhes.php?codigo_sitemap=87<\/a><\/p>\n<p>&nbsp;<\/p>\n<p><strong>Viajar de carro<\/strong> \u2013 Voc\u00ea pode alugar um carro no aeroporto, na empresa de sua escolha. O tempo de viagem \u00e9 3h30m, podendo levar 4h de viagem. Voc\u00ea seguir\u00e1 pela BR116, que tem parte da estrada duplicada. Por\u00e9m, a maior parte ainda n\u00e3o est\u00e1 duplicada e tem intenso movimento de caminh\u00f5es dependendo do dia e hor\u00e1rio da viagem. De uma forma geral, a viagem \u00e9 tranquila e segura, basta se manter prudente na dire\u00e7\u00e3o.<\/p>\n<p>Ainda existe a possibilidade de utilizar o aplicativo de compartilhamento de caronas, que funciona muito bem para compartilhar a viagem com motoristas que se disp\u00f5em a dar carona. O valor da carona pode variar, mas geralmente fica em torno de R$60,00 at\u00e9 Pelotas. Caso voc\u00ea escolha esta op\u00e7\u00e3o, marque com anteced\u00eancia a sua carona.<\/p>\n<p><em>Links:<\/em><\/p>\n<p>Empresas de aluguel de carro no Aeroporto Salgado Filho &#8211; <a href=\"https:\/\/www.aeroportoportoalegre.net\/aluguel-carros-aeroporto-porto-alegre\">https:\/\/www.aeroportoportoalegre.net\/aluguel-carros-aeroporto-porto-alegre<\/a><\/p>\n","protected":false},"excerpt":{"rendered":"<p>Se voc\u00ea optar por n\u00e3o viajar para Pelotas de avi\u00e3o em fun\u00e7\u00e3o dos valores das passagens ou disponibilidade de hor\u00e1rios, voc\u00ea pode viajar at\u00e9 Porto Alegre de avi\u00e3o e utilizar outro meio de transporte at\u00e9 Pelotas. Ao chegar no Aeroporto Internacional Salgado Filho, em Porto Alegre, voc\u00ea pode optar por: Viajar de \u00f4nibus \u2013 No&hellip;<\/p>\n","protected":false},"author":900,"featured_media":0,"parent":0,"menu_order":0,"comment_status":"closed","ping_status":"closed","template":"","meta":{"footnotes":""},"class_list":["post-321","page","type-page","status-publish","hentry"],"_links":{"self":[{"href":"https:\/\/wp.ufpel.edu.br\/seged\/wp-json\/wp\/v2\/pages\/321","targetHints":{"allow":["GET"]}}],"collection":[{"href":"https:\/\/wp.ufpel.edu.br\/seged\/wp-json\/wp\/v2\/pages"}],"about":[{"href":"https:\/\/wp.ufpel.edu.br\/seged\/wp-json\/wp\/v2\/types\/page"}],"author":[{"embeddable":true,"href":"https:\/\/wp.ufpel.edu.br\/seged\/wp-json\/wp\/v2\/users\/900"}],"replies":[{"embeddable":true,"href":"https:\/\/wp.ufpel.edu.br\/seged\/wp-json\/wp\/v2\/comments?post=321"}],"version-history":[{"count":1,"href":"https:\/\/wp.ufpel.edu.br\/seged\/wp-json\/wp\/v2\/pages\/321\/revisions"}],"predecessor-version":[{"id":323,"href":"https:\/\/wp.ufpel.edu.br\/seged\/wp-json\/wp\/v2\/pages\/321\/revisions\/323"}],"wp:attachment":[{"href":"https:\/\/wp.ufpel.edu.br\/seged\/wp-json\/wp\/v2\/media?parent=321"}],"curies":[{"name":"wp","href":"https:\/\/api.w.org\/{rel}","templated":true}]}}