{"id":24,"date":"2019-01-16T14:07:48","date_gmt":"2019-01-16T16:07:48","guid":{"rendered":"https:\/\/wp.ufpel.edu.br\/seged\/?page_id=24"},"modified":"2019-08-05T08:40:01","modified_gmt":"2019-08-05T11:40:01","slug":"localizacao","status":"publish","type":"page","link":"https:\/\/wp.ufpel.edu.br\/seged\/localizacao\/","title":{"rendered":"Localiza\u00e7\u00e3o"},"content":{"rendered":"<p>O XI Simp\u00f3sio de Ecologia, Gen\u00e9tica e Evolu\u00e7\u00e3o de\u00a0<em>Drosophila<\/em> ocorrer\u00e1 na <strong>Biblioteca de Ci\u00eancias Sociais<\/strong> da Universidade Federal de Pelotas, na Rua Coronel Alberto Rosa 154 (em frente aos Instituto de Ci\u00eancias Humanas, Instituto de Filosofia, Sociologia e Pol\u00edtica e Faculdade de Educa\u00e7\u00e3o), em Pelotas.<\/p>\n<p><a href=\"https:\/\/wp.ufpel.edu.br\/seged\/files\/2019\/06\/DSC_8841.jpg\"><img loading=\"lazy\" decoding=\"async\" class=\"alignnone size-medium wp-image-230\" src=\"https:\/\/wp.ufpel.edu.br\/seged\/files\/2019\/06\/DSC_8841-400x265.jpg\" alt=\"\" width=\"400\" height=\"265\" srcset=\"https:\/\/wp.ufpel.edu.br\/seged\/files\/2019\/06\/DSC_8841-400x265.jpg 400w, https:\/\/wp.ufpel.edu.br\/seged\/files\/2019\/06\/DSC_8841-768x509.jpg 768w, https:\/\/wp.ufpel.edu.br\/seged\/files\/2019\/06\/DSC_8841-1024x678.jpg 1024w, https:\/\/wp.ufpel.edu.br\/seged\/files\/2019\/06\/DSC_8841.jpg 1631w\" sizes=\"auto, (max-width: 400px) 100vw, 400px\" \/><\/a><\/p>\n<p>&nbsp;<\/p>\n\n<!-- iframe plugin v.6.0 wordpress.org\/plugins\/iframe\/ -->\n<iframe loading=\"lazy\" src=\"https:\/\/www.google.com\/maps\/embed?pb=!1m18!1m12!1m3!1d3391.6702415674285!2d-52.342222684843044!3d-31.779478781284702!2m3!1f0!2f0!3f0!3m2!1i1024!2i768!4f13.1!3m3!1m2!1s0x9511b5c1e0216f2d%3A0x8684a47865a44187!2sBiblioteca+de+Ci%C3%AAncias+Sociais+-+Universidade+Federal+de+Pelotas+(UFPEL)!5e0!3m2!1sen!2sbr!4v1565005175061!5m2!1sen!2sbr\" width=\"600\" height=\"450\" frameborder=\"0\" style=\"border:0\" 0=\"allowfullscreen\" scrolling=\"yes\" class=\"iframe-class\"><\/iframe>\n\n<p>&nbsp;<\/p>\n","protected":false},"excerpt":{"rendered":"<p>O XI Simp\u00f3sio de Ecologia, Gen\u00e9tica e Evolu\u00e7\u00e3o de\u00a0Drosophila ocorrer\u00e1 na Biblioteca de Ci\u00eancias Sociais da Universidade Federal de Pelotas, na Rua Coronel Alberto Rosa 154 (em frente aos Instituto de Ci\u00eancias Humanas, Instituto de Filosofia, Sociologia e Pol\u00edtica e Faculdade de Educa\u00e7\u00e3o), em Pelotas. &nbsp; &nbsp;<\/p>\n","protected":false},"author":900,"featured_media":0,"parent":0,"menu_order":0,"comment_status":"closed","ping_status":"closed","template":"","meta":{"footnotes":""},"class_list":["post-24","page","type-page","status-publish","hentry"],"_links":{"self":[{"href":"https:\/\/wp.ufpel.edu.br\/seged\/wp-json\/wp\/v2\/pages\/24","targetHints":{"allow":["GET"]}}],"collection":[{"href":"https:\/\/wp.ufpel.edu.br\/seged\/wp-json\/wp\/v2\/pages"}],"about":[{"href":"https:\/\/wp.ufpel.edu.br\/seged\/wp-json\/wp\/v2\/types\/page"}],"author":[{"embeddable":true,"href":"https:\/\/wp.ufpel.edu.br\/seged\/wp-json\/wp\/v2\/users\/900"}],"replies":[{"embeddable":true,"href":"https:\/\/wp.ufpel.edu.br\/seged\/wp-json\/wp\/v2\/comments?post=24"}],"version-history":[{"count":17,"href":"https:\/\/wp.ufpel.edu.br\/seged\/wp-json\/wp\/v2\/pages\/24\/revisions"}],"predecessor-version":[{"id":269,"href":"https:\/\/wp.ufpel.edu.br\/seged\/wp-json\/wp\/v2\/pages\/24\/revisions\/269"}],"wp:attachment":[{"href":"https:\/\/wp.ufpel.edu.br\/seged\/wp-json\/wp\/v2\/media?parent=24"}],"curies":[{"name":"wp","href":"https:\/\/api.w.org\/{rel}","templated":true}]}}