{"id":23,"date":"2019-01-16T14:07:38","date_gmt":"2019-01-16T16:07:38","guid":{"rendered":"https:\/\/wp.ufpel.edu.br\/seged\/?page_id=23"},"modified":"2019-09-16T10:07:03","modified_gmt":"2019-09-16T13:07:03","slug":"resumos","status":"publish","type":"page","link":"https:\/\/wp.ufpel.edu.br\/seged\/resumos\/","title":{"rendered":"Resumos"},"content":{"rendered":"<p>Cada inscrito poder\u00e1 encaminhar at\u00e9 dois resumos como autor (n\u00e3o sendo necess\u00e1rio ser o primeiro autor), at\u00e9 o dia <em><strong>15 de Setembro de 2019<\/strong><\/em>, sendo o respons\u00e1vel pela sua apresenta\u00e7\u00e3o como p\u00f4ster. Ser\u00e1 emitido apenas um certificado para cada resumo inscrito.<\/p>\n<p><strong>Os resumos dever\u00e3o ser escritos em ingl\u00eas<\/strong>, sendo gram\u00e1tica e ortografia de inteira responsabilidade dos autores.<\/p>\n<p>Os resumos ser\u00e3o compilados no Anais do XI Simp\u00f3sio de Ecologia, Gen\u00e9tica e Evolu\u00e7\u00e3o de <em>Drosophila<\/em>, que ser\u00e1 disponibilizado <em>on-line<\/em> para visualiza\u00e7\u00e3o ou download de qualquer interessado.<\/p>\n<p>&nbsp;<\/p>\n<p><strong>Formata\u00e7\u00e3o dos resumos<\/strong><\/p>\n<p>Os resumos dever\u00e3o ser submetidos em formato especificado no <a href=\"https:\/\/drive.google.com\/file\/d\/1fLkgyZXi5hnGqeCcfaDrpbGM5JoAOXBC\/view?usp=sharing\" target=\"_blank\" rel=\"noopener noreferrer\">Modelo_Resumo<\/a> em anexo, no formato DOC\/DOCX (Word).<\/p>\n<p>&nbsp;<\/p>\n<p><strong>Premia\u00e7\u00e3o<\/strong><\/p>\n<p>Cada inscrito poder\u00e1 concorrer a premia\u00e7\u00e3o de destaque de melhor trabalho, contanto que seja o primeiro autor do mesmo. No momento da submiss\u00e3o, escolha a categoria de apresenta\u00e7\u00e3o (Gradua\u00e7\u00e3o ou P\u00f3s-Gradua\u00e7\u00e3o) e a \u00e1rea do trabalho (Ecologia, Evolu\u00e7\u00e3o ou Gen\u00e9tica).<\/p>\n<p>A avalia\u00e7\u00e3o do trabalho ser\u00e1 realizada atrav\u00e9s da an\u00e1lise do resumo, seguindo os seguintes crit\u00e9rios: qualidade do texto (gram\u00e1tica, ortografia, digita\u00e7\u00e3o, clareza, objetividade e coer\u00eancia); delimita\u00e7\u00e3o do problema apresentado; clareza dos objetivos; metodologia apropriada; clareza e relev\u00e2ncia dos resultados; pertin\u00eancia da conclus\u00e3o.<\/p>\n<p>Os destaques apresentar\u00e3o seus trabalhos na forma oral (10min + 5min para perguntas), no dia 07 de novembro de 2019, no per\u00edodo da manh\u00e3. O idioma da apresenta\u00e7\u00e3o ser\u00e1 da escolha do premiado, por\u00e9m recomenda-se que os slides apresentem as informa\u00e7\u00f5es na l\u00edngua inglesa para um melhor aproveitamento e integra\u00e7\u00e3o de todos os participantes do XI SEGED.<\/p>\n<p><strong>Submiss\u00e3o de resumos<\/strong><\/p>\n<p>As submiss\u00f5es de resumos est\u00e3o encerradas.<\/p>\n","protected":false},"excerpt":{"rendered":"<p>Cada inscrito poder\u00e1 encaminhar at\u00e9 dois resumos como autor (n\u00e3o sendo necess\u00e1rio ser o primeiro autor), at\u00e9 o dia 15 de Setembro de 2019, sendo o respons\u00e1vel pela sua apresenta\u00e7\u00e3o como p\u00f4ster. Ser\u00e1 emitido apenas um certificado para cada resumo inscrito. Os resumos dever\u00e3o ser escritos em ingl\u00eas, sendo gram\u00e1tica e ortografia de inteira responsabilidade&hellip;<\/p>\n","protected":false},"author":900,"featured_media":0,"parent":0,"menu_order":0,"comment_status":"closed","ping_status":"closed","template":"","meta":{"footnotes":""},"class_list":["post-23","page","type-page","status-publish","hentry"],"_links":{"self":[{"href":"https:\/\/wp.ufpel.edu.br\/seged\/wp-json\/wp\/v2\/pages\/23","targetHints":{"allow":["GET"]}}],"collection":[{"href":"https:\/\/wp.ufpel.edu.br\/seged\/wp-json\/wp\/v2\/pages"}],"about":[{"href":"https:\/\/wp.ufpel.edu.br\/seged\/wp-json\/wp\/v2\/types\/page"}],"author":[{"embeddable":true,"href":"https:\/\/wp.ufpel.edu.br\/seged\/wp-json\/wp\/v2\/users\/900"}],"replies":[{"embeddable":true,"href":"https:\/\/wp.ufpel.edu.br\/seged\/wp-json\/wp\/v2\/comments?post=23"}],"version-history":[{"count":9,"href":"https:\/\/wp.ufpel.edu.br\/seged\/wp-json\/wp\/v2\/pages\/23\/revisions"}],"predecessor-version":[{"id":380,"href":"https:\/\/wp.ufpel.edu.br\/seged\/wp-json\/wp\/v2\/pages\/23\/revisions\/380"}],"wp:attachment":[{"href":"https:\/\/wp.ufpel.edu.br\/seged\/wp-json\/wp\/v2\/media?parent=23"}],"curies":[{"name":"wp","href":"https:\/\/api.w.org\/{rel}","templated":true}]}}