{"id":22,"date":"2019-01-16T14:07:28","date_gmt":"2019-01-16T16:07:28","guid":{"rendered":"https:\/\/wp.ufpel.edu.br\/seged\/?page_id=22"},"modified":"2019-11-01T00:13:43","modified_gmt":"2019-11-01T03:13:43","slug":"inscricoes","status":"publish","type":"page","link":"https:\/\/wp.ufpel.edu.br\/seged\/inscricoes\/","title":{"rendered":"Inscri\u00e7\u00f5es"},"content":{"rendered":"<p>A inscri\u00e7\u00e3o \u00e9 individual e intransfer\u00edvel e dever\u00e1 ser feita atrav\u00e9s do formul\u00e1rio dispon\u00edvel nesta p\u00e1gina.<\/p>\n<p>Para a inscri\u00e7\u00e3o ser efetuada, ser\u00e1 necess\u00e1rio anexar comprovante de pagamento. <span style=\"font-family: 'Helvetica Neue', Helvetica, Arial, sans-serif;font-size: 13px;font-style: normal;font-weight: 300\">Ap\u00f3s a transfer\u00eancia do valor da inscri\u00e7\u00e3o, ela n\u00e3o poder\u00e1 ser cancelada e o valor n\u00e3o ser\u00e1 ressarcido.<\/span><\/p>\n<p style=\"text-align: center\">Os dados para transfer\u00eancia banc\u00e1ria s\u00e3o:<\/p>\n<table class=\" aligncenter\" style=\"height: 115px;width: 195px\" width=\"458\">\n<tbody>\n<tr>\n<td style=\"width: 176.4px;text-align: center\">\n<h4><strong>Banco do Brasil<\/strong><\/h4>\n<\/td>\n<\/tr>\n<tr>\n<td style=\"width: 176.4px;text-align: center\">\n<h4><strong>Ag\u00eancia: 0029-9<\/strong><\/h4>\n<\/td>\n<\/tr>\n<tr>\n<td style=\"width: 176.4px;text-align: center\">\n<h4><strong>Conta: 43.516-3<\/strong><\/h4>\n<\/td>\n<\/tr>\n<\/tbody>\n<\/table>\n<h6>Se a transfer\u00eancia for realizada de um banco diferente do Banco do Brasil, as informa\u00e7\u00f5es de titularidade da conta para efetivar a transa\u00e7\u00e3o s\u00e3o:<\/h6>\n<h6>Nome: <strong>Funda\u00e7\u00e3o Delfim Mendes Silveira<\/strong><\/h6>\n<h6>CNPj: <strong>03.703.102\/0001-61<\/strong><\/h6>\n<p>&nbsp;<\/p>\n<h6><\/h6>\n<h6>Graduandos e p\u00f3s-graduandos precisar\u00e3o anexar um comprovante de matr\u00edcula ou v\u00ednculo com a institui\u00e7\u00e3o de ensino atualizado (2019). <strong>Os participantes que defenderam suas disserta\u00e7\u00f5es e teses durante o ano de 2019 podem se inscrever na modalidade p\u00f3s-graduando (ao inv\u00e9s da modalidade profissional) enviando o comprovante da defesa no lugar do comprovante de matr\u00edcula.<\/strong><\/h6>\n<p>Ap\u00f3s o preenchimento do formul\u00e1rio, voc\u00ea receber\u00e1 um e-mail de confirma\u00e7\u00e3o. Havendo alguma pend\u00eancia detectada, a comiss\u00e3o de organiza\u00e7\u00e3o entrar\u00e1 em contato.<\/p>\n<p>&nbsp;<\/p>\n<p><strong>Taxas de Inscri\u00e7\u00e3o<\/strong><\/p>\n<table style=\"height: 91px\">\n<tbody>\n<tr style=\"height: 10px\">\n<td style=\"height: 10px;text-align: center\" width=\"151\"><strong>Categoria de Inscri\u00e7\u00e3o<\/strong><\/td>\n<td style=\"height: 10px;text-align: center\" width=\"139\"><strong>At\u00e9 15 de Setembro<\/strong><\/td>\n<td style=\"height: 10px;text-align: center\" width=\"154\"><strong>At\u00e9 dia 31 de Outubro<\/strong><\/td>\n<\/tr>\n<tr style=\"height: 18px\">\n<td style=\"height: 18px;text-align: center\" width=\"151\">Gradua\u00e7\u00e3o<\/td>\n<td style=\"height: 18px;text-align: center\" width=\"139\">R$ 150,00<\/td>\n<td style=\"height: 18px;text-align: center\" width=\"154\">R$ 250,00<\/td>\n<\/tr>\n<tr style=\"height: 39px\">\n<td style=\"height: 20px;text-align: center\" width=\"151\">P\u00f3s-gradua\u00e7\u00e3o<\/td>\n<td style=\"height: 20px;text-align: center\" width=\"139\">R$ 300,00<\/td>\n<td style=\"height: 20px;text-align: center\" width=\"154\">R$ 450,00<\/td>\n<\/tr>\n<tr style=\"height: 24px\">\n<td style=\"height: 24px;text-align: center\" width=\"151\">Profissional<\/td>\n<td style=\"height: 24px;text-align: center\" width=\"139\">R$ 400,00<\/td>\n<td style=\"height: 24px;text-align: center\" width=\"154\">R$ 600,00<\/td>\n<\/tr>\n<\/tbody>\n<\/table>\n<p>Aten\u00e7\u00e3o: n\u00e3o ser\u00e3o aceitas inscri\u00e7\u00f5es na secretaria do evento, devido ao conv\u00eanio com a Funda\u00e7\u00e3o de Apoio da Universidade.<\/p>\n<p>&nbsp;<\/p>\n<p><strong>Os inscritos ter\u00e3o direito a:<\/strong><\/p>\n<p>&#8211; Receber o material de divulga\u00e7\u00e3o no local do evento;<\/p>\n<p>&#8211; Participar das atividades do XI SEGED, sendo elas palestras e sess\u00e3o de p\u00f4steres;<\/p>\n<p>&#8211; Enviar at\u00e9 dois resumos de trabalhos como autor, sendo os mesmos apresentados na forma de p\u00f4ster durante o simp\u00f3sio (o envio dos resumos se dar\u00e1 em formul\u00e1rio pr\u00f3prio no <a href=\"https:\/\/wp.ufpel.edu.br\/seged\/resumos\/\" target=\"_blank\" rel=\"noopener noreferrer\">link<\/a>);<\/p>\n<p>&#8211; Concorrer \u00e0 premia\u00e7\u00e3o com um dos resumos;<\/p>\n<p>&#8211; Receber certifica\u00e7\u00e3o de participa\u00e7\u00e3o e de apresenta\u00e7\u00e3o do p\u00f4ster, no local do evento.<\/p>\n<p>&nbsp;<\/p>\n<p><strong>Formul\u00e1rio de inscri\u00e7\u00e3o<\/strong><\/p>\n<p>As inscri\u00e7\u00f5es est\u00e3o encerradas.<\/p>\n","protected":false},"excerpt":{"rendered":"<p>A inscri\u00e7\u00e3o \u00e9 individual e intransfer\u00edvel e dever\u00e1 ser feita atrav\u00e9s do formul\u00e1rio dispon\u00edvel nesta p\u00e1gina. Para a inscri\u00e7\u00e3o ser efetuada, ser\u00e1 necess\u00e1rio anexar comprovante de pagamento. Ap\u00f3s a transfer\u00eancia do valor da inscri\u00e7\u00e3o, ela n\u00e3o poder\u00e1 ser cancelada e o valor n\u00e3o ser\u00e1 ressarcido. Os dados para transfer\u00eancia banc\u00e1ria s\u00e3o: Banco do Brasil Ag\u00eancia:&hellip;<\/p>\n","protected":false},"author":900,"featured_media":0,"parent":0,"menu_order":0,"comment_status":"closed","ping_status":"closed","template":"","meta":{"footnotes":""},"class_list":["post-22","page","type-page","status-publish","hentry"],"_links":{"self":[{"href":"https:\/\/wp.ufpel.edu.br\/seged\/wp-json\/wp\/v2\/pages\/22","targetHints":{"allow":["GET"]}}],"collection":[{"href":"https:\/\/wp.ufpel.edu.br\/seged\/wp-json\/wp\/v2\/pages"}],"about":[{"href":"https:\/\/wp.ufpel.edu.br\/seged\/wp-json\/wp\/v2\/types\/page"}],"author":[{"embeddable":true,"href":"https:\/\/wp.ufpel.edu.br\/seged\/wp-json\/wp\/v2\/users\/900"}],"replies":[{"embeddable":true,"href":"https:\/\/wp.ufpel.edu.br\/seged\/wp-json\/wp\/v2\/comments?post=22"}],"version-history":[{"count":13,"href":"https:\/\/wp.ufpel.edu.br\/seged\/wp-json\/wp\/v2\/pages\/22\/revisions"}],"predecessor-version":[{"id":447,"href":"https:\/\/wp.ufpel.edu.br\/seged\/wp-json\/wp\/v2\/pages\/22\/revisions\/447"}],"wp:attachment":[{"href":"https:\/\/wp.ufpel.edu.br\/seged\/wp-json\/wp\/v2\/media?parent=22"}],"curies":[{"name":"wp","href":"https:\/\/api.w.org\/{rel}","templated":true}]}}