{"id":21,"date":"2019-01-16T14:07:18","date_gmt":"2019-01-16T16:07:18","guid":{"rendered":"https:\/\/wp.ufpel.edu.br\/seged\/?page_id=21"},"modified":"2019-10-26T05:37:23","modified_gmt":"2019-10-26T08:37:23","slug":"programa","status":"publish","type":"page","link":"https:\/\/wp.ufpel.edu.br\/seged\/programa\/","title":{"rendered":"Programa"},"content":{"rendered":"<table style=\"height: 1344px\" width=\"701\">\n<tbody>\n<tr style=\"height: 21px\">\n<td style=\"height: 21px\" colspan=\"2\" width=\"701\">\n<h4><strong>04\/11 (segunda-feira)<\/strong><\/h4>\n<\/td>\n<\/tr>\n<tr style=\"height: 40px\">\n<td style=\"height: 40px\" width=\"121\">\n<h4>13:00 \u2013 17:00<\/h4>\n<\/td>\n<td style=\"height: 40px\" width=\"580\">\n<h4>Abertura da secretaria e recep\u00e7\u00e3o dos participantes do simp\u00f3sio.<\/h4>\n<h4><em>Coffee break <\/em>para recepcionar os participantes<\/h4>\n<\/td>\n<\/tr>\n<tr style=\"height: 20px\">\n<td style=\"height: 20px\" width=\"121\">\n<h4>17:00 \u2013 17:30<\/h4>\n<\/td>\n<td style=\"height: 20px\" width=\"580\">\n<h4>Abertura do XI Simp\u00f3sio de Ecologia, Gen\u00e9tica e Evolu\u00e7\u00e3o de <em>Drosophila<\/em><\/h4>\n<\/td>\n<\/tr>\n<tr style=\"height: 41px\">\n<td style=\"height: 41px\" width=\"121\">\n<h4>17:30 \u2013 18:30<\/h4>\n<\/td>\n<td style=\"height: 41px\" width=\"580\">\n<h4><strong>Confer\u00eancia 01:<\/strong> A influ\u00eancia de simbiontes herd\u00e1veis nas intera\u00e7\u00f5es entre <em>Drosophila <\/em>e vespas parasit\u00f3ides<\/h4>\n<h4>Dra. Mariana Mateos (Texas A&amp;M University \u2013 TX, EUA)<\/h4>\n<\/td>\n<\/tr>\n<tr style=\"height: 21px\">\n<td style=\"height: 21px\" colspan=\"2\" width=\"701\">\n<h4><strong>05\/11 (ter\u00e7a-feira)<\/strong><\/h4>\n<\/td>\n<\/tr>\n<tr style=\"height: 20px\">\n<td style=\"height: 20px\" colspan=\"2\" width=\"701\">\n<h4><em>Sess\u00e3o Evolu\u00e7\u00e3o<\/em><\/h4>\n<\/td>\n<\/tr>\n<tr style=\"height: 41px\">\n<td style=\"height: 41px\" width=\"121\">\n<h4>08:00 \u2013 09:00<\/h4>\n<\/td>\n<td style=\"height: 41px\" width=\"580\">\n<h4><strong>Confer\u00eancia 02:<\/strong> Cactofilia como modelo de especializa\u00e7\u00e3o e coevolu\u00e7\u00e3o<\/h4>\n<h4>Dr. Ign\u00e1cio Soto (Universidad de Buenos Aires &#8211; Argentina)<\/h4>\n<\/td>\n<\/tr>\n<tr style=\"height: 41px\">\n<td style=\"height: 41px\" width=\"121\">\n<h4>09:00 \u2013 10:00<\/h4>\n<\/td>\n<td style=\"height: 41px\" width=\"580\">\n<h4><strong>Confer\u00eancia 03: <\/strong>Hist\u00f3ria evolutiva de esp\u00e9cies de <em>Drosophila<\/em> na Mata Atl\u00e2ntica<\/h4>\n<h4>Dr. Rog\u00e9rio Pincela Mateus (Universidade Estadual do Centro-Oeste &#8211; UNICENTRO)<\/h4>\n<\/td>\n<\/tr>\n<tr style=\"height: 20px\">\n<td style=\"height: 20px\" width=\"121\">\n<h4><em>10:00 \u2013 10:30<\/em><\/h4>\n<\/td>\n<td style=\"height: 20px\" width=\"580\">\n<h4><em>Coffee break<\/em><\/h4>\n<\/td>\n<\/tr>\n<tr style=\"height: 61px\">\n<td style=\"height: 61px\" width=\"121\">\n<h4>10:30 \u2013 11:00<\/h4>\n<\/td>\n<td style=\"height: 61px\" width=\"580\">\n<h4><strong>Palestra 01:<\/strong> Evolu\u00e7\u00e3o de drosofil\u00eddeos mic\u00f3fagos pertencentes ao grupo gen\u00e9rico <em>Zygothrica <\/em>na regi\u00e3o Neotropical<\/h4>\n<h4>Dra. Lizandra Jaqueline Robe (Universidade Federal de Santa Maria &#8211; UFSM)<\/h4>\n<\/td>\n<\/tr>\n<tr style=\"height: 41px\">\n<td style=\"height: 41px\" width=\"121\">\n<h4>11:00 \u2013 11:30<\/h4>\n<\/td>\n<td style=\"height: 41px\" width=\"580\">\n<h4><strong>Palestra 02:<\/strong> Sistem\u00e1tica e evolu\u00e7\u00e3o das esp\u00e9cies do subgrupo\u00a0<em>Drosophila willistoni<\/em><\/h4>\n<h4>Dra. Rebeca Zanini (Universidade Federal do Rio Grande do Sul &#8211; UFRGS)<\/h4>\n<\/td>\n<\/tr>\n<tr style=\"height: 41px\">\n<td style=\"height: 41px\" width=\"121\">\n<h4>11:30 \u2013 12:00<\/h4>\n<\/td>\n<td style=\"height: 41px\" width=\"580\">\n<h4><strong>Palestra 03:<\/strong> Evolu\u00e7\u00e3o de Cactaceae na Diagonal Seca da Am\u00e9rica do Sul<\/h4>\n<h4>Dr. Evandro Marsola de Moraes (Universidade Federal de S\u00e3o Carlos &#8211; UFSCar)<\/h4>\n<\/td>\n<\/tr>\n<tr style=\"height: 40px\">\n<td style=\"height: 40px\" width=\"121\">\n<h4>12:00 \u2013 14:00<\/h4>\n<\/td>\n<td style=\"height: 40px\" width=\"580\">\n<h4><em>Intervalo para almo\u00e7o e para visita\u00e7\u00e3o \u00e0 a\u00e7\u00e3o extensionista sobre Pesquisa com Drosophila, organizada pela Comiss\u00e3o do XI SEGED, no Mercado P\u00fablico, centro da cidade de Pelotas<\/em><\/h4>\n<\/td>\n<\/tr>\n<tr style=\"height: 20px\">\n<td style=\"height: 20px\" width=\"121\">\n<h4><\/h4>\n<\/td>\n<td style=\"height: 20px\" width=\"580\">\n<h4><em>Sess\u00e3o Ecologia<\/em><\/h4>\n<\/td>\n<\/tr>\n<tr style=\"height: 41px\">\n<td style=\"height: 41px\" width=\"121\">\n<h4>14:00 \u2013 15:00<\/h4>\n<\/td>\n<td style=\"height: 41px\" width=\"580\">\n<h4><strong>Confer\u00eancia 04:<\/strong> Drosofil\u00eddeos da Amaz\u00f4nia: da ecologia b\u00e1sica a pol\u00edtica p\u00fablica<\/h4>\n<h4>Dra. Marl\u00facia Bonif\u00e1cio Martins (Museu Paraense Em\u00edlio Goeldi &#8211; MPEG)<\/h4>\n<\/td>\n<\/tr>\n<tr style=\"height: 41px\">\n<td style=\"height: 41px\" width=\"121\">\n<h4>15:00 \u2013 15:30<\/h4>\n<\/td>\n<td style=\"height: 41px\" width=\"580\">\n<h4><strong>Palestra 04:<\/strong> Intera\u00e7\u00f5es de Drosophilidae mic\u00f3fagos na Amaz\u00f4nia<\/h4>\n<h4>Dra. Ros\u00e2ngela Santa Br\u00edgida Costa (Universidade Federal do Paran\u00e1 &#8211; UFPR)<\/h4>\n<\/td>\n<\/tr>\n<tr style=\"height: 41px\">\n<td style=\"height: 41px\" width=\"121\">\n<h4>15:30 \u2013 16:00<\/h4>\n<\/td>\n<td style=\"height: 41px\" width=\"580\">\n<h4><strong>Palestra 05:<\/strong> Frutos como s\u00edtios de cria\u00e7\u00e3o para drosofil\u00eddeos: padr\u00f5es na regi\u00e3o Neotropical<\/h4>\n<h4>Dr. Henrique Valad\u00e3o de Oliveira (Instituto Federal Catarinense &#8211; IFC)<\/h4>\n<\/td>\n<\/tr>\n<tr style=\"height: 41px\">\n<td style=\"height: 41px\" width=\"121\">\n<h4>16:00 \u2013 16:30<\/h4>\n<\/td>\n<td style=\"height: 41px\" width=\"580\">\n<h4><strong>Palestra 06:<\/strong> Estrutura da rede de intera\u00e7\u00f5es de uma guilda de drosofil\u00eddeos antof\u00edlicos<\/h4>\n<h4>Dra. Juliana Cordeiro (Universidade Federal de Pelotas &#8211; UFPel)<\/h4>\n<\/td>\n<\/tr>\n<tr style=\"height: 20px\">\n<td style=\"height: 20px\" width=\"121\">\n<h4>16:30 \u2013 17:00<\/h4>\n<\/td>\n<td style=\"height: 20px\" width=\"580\">\n<h4><em>Coffee break<\/em><\/h4>\n<\/td>\n<\/tr>\n<tr style=\"height: 20px\">\n<td style=\"height: 20px\" width=\"121\">\n<h4>17:00 \u2013 19:00<\/h4>\n<\/td>\n<td style=\"height: 20px\" width=\"580\">\n<h4>Sess\u00e3o de p\u00f4steres<\/h4>\n<\/td>\n<\/tr>\n<tr style=\"height: 21px\">\n<td style=\"height: 21px\" colspan=\"2\" width=\"701\">\n<h4><strong>06\/11 (quarta-feira)<\/strong><\/h4>\n<\/td>\n<\/tr>\n<tr style=\"height: 20px\">\n<td style=\"height: 20px\" colspan=\"2\" width=\"701\">\n<h4><em>Sess\u00e3o Gen\u00e9tica<\/em><\/h4>\n<\/td>\n<\/tr>\n<tr style=\"height: 41px\">\n<td style=\"height: 41px\" width=\"121\">\n<h4>08:00 \u2013 09:00<\/h4>\n<\/td>\n<td style=\"height: 41px\" width=\"580\">\n<h4><strong>Confer\u00eancia 05:<\/strong> Express\u00e3o de genes do cromossomo X em <em>Drosophila<\/em><\/h4>\n<h4>Dra. Maria Dulcetti Vibranovski (Universidade de S\u00e3o Paulo &#8211; USP)<\/h4>\n<\/td>\n<\/tr>\n<tr style=\"height: 41px\">\n<td style=\"height: 41px\" width=\"121\">\n<h4>09:00 \u2013 10:00<\/h4>\n<\/td>\n<td style=\"height: 41px\" width=\"580\">\n<h4><strong>Confer\u00eancia 06:<\/strong> A contribui\u00e7\u00e3o dos elementos de transposi\u00e7\u00e3o na varia\u00e7\u00e3o da express\u00e3o do genoma de\u00a0<em>Drosophila<\/em><\/h4>\n<h4>Dra. Cristina Vieira (Lyon University &#8211; Fran\u00e7a)<\/h4>\n<\/td>\n<\/tr>\n<tr style=\"height: 20px\">\n<td style=\"height: 20px\" width=\"121\">\n<h4>10:00 \u2013 10:30<\/h4>\n<\/td>\n<td style=\"height: 20px\" width=\"580\">\n<h4><em>Coffee break<\/em><\/h4>\n<\/td>\n<\/tr>\n<tr style=\"height: 41px\">\n<td style=\"height: 41px\" width=\"121\">\n<h4>10:30 \u2013 11:00<\/h4>\n<\/td>\n<td style=\"height: 41px\" width=\"580\">\n<h4><strong>Palestra 07:<\/strong> Estudos Epigen\u00e9ticos em <em>Drosophila:<\/em> O Encantador Caso das Fun\u00e7\u00f5es Biol\u00f3gicas e Hist\u00f3rico Evolutivo da enzima DNMT2 em <em>Drosophila willistoni<\/em><\/h4>\n<h4>Dr. Gilberto Cavalheiro Vieira (Universidade Federal do Rio Grande do Sul &#8211; UFRGS)<\/h4>\n<\/td>\n<\/tr>\n<tr style=\"height: 41px\">\n<td style=\"height: 41px\" width=\"121\">\n<h4>11:00 \u2013 11:30<\/h4>\n<\/td>\n<td style=\"height: 41px\" width=\"580\">\n<h4><strong>Palestra 08:<\/strong> Intera\u00e7\u00e3o <em>Drosophila<\/em>&#8211;<em>Wolbachia<\/em>-v\u00edrus<\/h4>\n<h4>Dr. Andr\u00e9 Pimentel (Universidade de S\u00e3o Paulo &#8211; USP)<\/h4>\n<\/td>\n<\/tr>\n<tr style=\"height: 41px\">\n<td style=\"height: 41px\" width=\"121\">\n<h4>11:30 \u2013 12:00<\/h4>\n<\/td>\n<td style=\"height: 41px\" width=\"580\">\n<h4><strong>Palestra 09:<\/strong> Diversifica\u00e7\u00e3o inicial em Drosophilidae: o que aprendemos com a filogen\u00f4mica<\/h4>\n<h4>MSc. Guilherme de Rezende Dias (Universidade Federal do Rio de Janeiro &#8211; UFRJ)<\/h4>\n<\/td>\n<\/tr>\n<tr style=\"height: 40px\">\n<td style=\"height: 40px\" width=\"121\">\n<h4>12:00 \u2013 14:00<\/h4>\n<\/td>\n<td style=\"height: 40px\" width=\"580\">\n<h4><em>Intervalo para almo\u00e7o e para visita\u00e7\u00e3o \u00e0 a\u00e7\u00e3o de extensionista sobre Pesquisa com Drosophila, organizada pela Comiss\u00e3o do XI SEGED, no Mercado P\u00fablico, centro da cidade de Pelotas<\/em><\/h4>\n<\/td>\n<\/tr>\n<tr style=\"height: 41px\">\n<td style=\"height: 41px\" width=\"121\">\n<h4>14:00 \u2013 14:50<\/h4>\n<\/td>\n<td style=\"height: 41px\" width=\"580\">\n<h4><strong>Confer\u00eancia 07: <\/strong>Estudos com <em>Drosophila suzukii<\/em> no Brasil<\/h4>\n<h4>Dra. Mar\u00edndia Depr\u00e1 (Universidade Federal do Rio Grande do Sul &#8211; UFRGS)<\/h4>\n<\/td>\n<\/tr>\n<tr style=\"height: 61px\">\n<td style=\"height: 61px\" width=\"121\">\n<h4>14:50 \u2013 15:40<\/h4>\n<\/td>\n<td style=\"height: 61px\" width=\"580\">\n<h4><strong>Confer\u00eancia 08:<\/strong> Hist\u00f3rico da SBPC na luta pela Ci\u00eancia no Brasil<\/h4>\n<h4>Dr. Paulo Roberto Petersen Hofmann (SBPC- Sociedade Brasileira para o Progresso da Ci\u00eancia)<\/h4>\n<\/td>\n<\/tr>\n<tr style=\"height: 41px\">\n<td style=\"height: 41px\" width=\"121\">\n<h4>15:40 \u2013 16:30<\/h4>\n<\/td>\n<td style=\"height: 41px\" width=\"580\">\n<h4><strong>Confer\u00eancia 09:<\/strong> Por que fazer divulga\u00e7\u00e3o cient\u00edfica?<\/h4>\n<h4>Dra. Ana de Medeiros Arnt (Universidade Estadual de Campinas &#8211; UNICAMP)<\/h4>\n<\/td>\n<\/tr>\n<tr style=\"height: 20px\">\n<td style=\"height: 20px\" width=\"121\">\n<h4>16:30 \u2013 17:00<\/h4>\n<\/td>\n<td style=\"height: 20px\" width=\"580\">\n<h4><em>Coffee break<\/em><\/h4>\n<\/td>\n<\/tr>\n<tr style=\"height: 20px\">\n<td style=\"height: 20px\" width=\"121\">\n<h4>17:00 \u2013 19:00<\/h4>\n<\/td>\n<td style=\"height: 20px\" width=\"580\">\n<h4>Sess\u00e3o de p\u00f4steres<\/h4>\n<\/td>\n<\/tr>\n<tr style=\"height: 21px\">\n<td style=\"height: 21px\" colspan=\"2\" width=\"701\">\n<h4><strong>07\/11 (quinta-feira)<\/strong><\/h4>\n<\/td>\n<\/tr>\n<tr style=\"height: 40px\">\n<td style=\"height: 40px\" width=\"121\">\n<h4>08:00 \u2013 09:30<\/h4>\n<\/td>\n<td style=\"height: 40px\" width=\"580\">\n<h4>Apresenta\u00e7\u00e3o dos trabalhos premiados.<\/h4>\n<p><strong>Evolu\u00e7\u00e3o<\/strong><br \/>\n<em>Gradua\u00e7\u00e3o<\/em><br \/>\nT\u00edtulo: On the evolutionary history of a speciation gene in <em>Drosophila<\/em>: the Odysseus (OdsH)<br \/>\nAutores: William Vilas Boas Nunes, Claudia Marcia Aparecida Carareto<\/p>\n<p><em>P\u00f3s-Gradua\u00e7\u00e3o<\/em><br \/>\nT\u00edtulo: Higher misexpression of genes and transposable elements in <em>Drosophila<\/em> hybrid testes<br \/>\nAutores: Cec\u00edlia Artico Banho, Vincent M\u00e9rel, Annabelle Haudry, Edoardo Estevam de Oliveira Lobl, Thiago Yukio Kikuchi Oliveira, Cristina Vieira, Claudia Marcia Aparecida Carareto<\/p>\n<p><strong>Gen\u00e9tica<\/strong><br \/>\n<em>Gradua\u00e7\u00e3o<\/em><br \/>\nT\u00edtulo: Expression of MDR49 gene in<em> D. melanogaster<\/em> embryos subjected to fungus infection<br \/>\nAutores: Arthur Bandeira de Mello Garcia, Vera L. Valente, Regis Zanette e Mar\u00edndia Depr\u00e1<\/p>\n<p><em>P\u00f3s-Gradua\u00e7\u00e3o<\/em><br \/>\nT\u00edtulo: Characterization of the mitogenome of two <em>Hirtodrosophila<\/em> (Diptera, Drosophilidae) species, with an evaluation of their phylogenetic position<br \/>\nAutores: Maiara Hartwig Bessa, Rafael Moura, Elgion Loreto, Lizandra Jaqueline Robe<\/p>\n<p><strong>Ecologia<\/strong><br \/>\n<em>Gradua\u00e7\u00e3o<\/em><br \/>\nT\u00edtulo: Mycophagous drosophilids as imperfect generalists in Igua\u00e7u National Park<br \/>\nAutores: Kristhy Cobo Soto, Emanuel Grassi, Victoria Vignale, Hermes Jos\u00e9 Schmitz<\/p>\n<p><em>P\u00f3s-Gradua\u00e7\u00e3o<\/em><br \/>\nT\u00edtulo: Very young <em>Drosophila melanogaster<\/em> are more resistant to Paraquat than mature adults: a survival and locomotor evaluation<br \/>\nAutores: Paula Fernanda Ribas Neves, Bruna Milanesi, Lisi\u00ea Val\u00e9ria Paz, Raquel Oliveira, Louise Cordoni da Veiga, Pamela Brambilla Bagatini, L\u00e9der Leal Xavier<\/td>\n<\/tr>\n<tr style=\"height: 20px\">\n<td style=\"height: 20px\" width=\"121\">\n<h4>09:30 \u2013 10:00<\/h4>\n<\/td>\n<td style=\"height: 20px\" width=\"580\">\n<h4><em>Coffee break<\/em><\/h4>\n<\/td>\n<\/tr>\n<tr style=\"height: 41px\">\n<td style=\"height: 41px\" width=\"121\">\n<h4>10:00 \u2013 10:50<\/h4>\n<\/td>\n<td style=\"height: 41px\" width=\"580\">\n<h4><strong>Confer\u00eancia 10:<\/strong> O m\u00f3dulo de reconhecimento celular Irre (IRM) e suas m\u00faltiplas fun\u00e7\u00f5es durante o desenvolvimento de <em>Drosophila melanogaster<\/em><\/h4>\n<h4>Dr. Ricardo Guelerman Pinheiro Ramos (Universidade de S\u00e3o Paulo &#8211; USP)<\/h4>\n<\/td>\n<\/tr>\n<tr style=\"height: 41px\">\n<td style=\"height: 41px\" width=\"121\">\n<h4>10:50 \u2013 11:40<\/h4>\n<\/td>\n<td style=\"height: 41px\" width=\"580\">\n<h4><strong>Confer\u00eancia 11:<\/strong> Evolu\u00e7\u00e3o da variabilidade fenot\u00edpica em <em>Drosophila<\/em>: uma compara\u00e7\u00e3o entre moscas criadas em laborat\u00f3rio e coletadas em campo<\/h4>\n<h4>Dr. Jean David (Centre National de la Recherche Scientifique &#8211; Fran\u00e7a)<\/h4>\n<\/td>\n<\/tr>\n<tr style=\"height: 20px\">\n<td style=\"height: 20px\" width=\"121\">\n<h4>11:40 \u2013 12:00<\/h4>\n<\/td>\n<td style=\"height: 20px\" width=\"580\">\n<h4>Reuni\u00e3o de encerramento<\/h4>\n<\/td>\n<\/tr>\n<\/tbody>\n<\/table>\n<p>&nbsp;<\/p>\n","protected":false},"excerpt":{"rendered":"<p>04\/11 (segunda-feira) 13:00 \u2013 17:00 Abertura da secretaria e recep\u00e7\u00e3o dos participantes do simp\u00f3sio. Coffee break para recepcionar os participantes 17:00 \u2013 17:30 Abertura do XI Simp\u00f3sio de Ecologia, Gen\u00e9tica e Evolu\u00e7\u00e3o de Drosophila 17:30 \u2013 18:30 Confer\u00eancia 01: A influ\u00eancia de simbiontes herd\u00e1veis nas intera\u00e7\u00f5es entre Drosophila e vespas parasit\u00f3ides Dra. Mariana Mateos (Texas&hellip;<\/p>\n","protected":false},"author":900,"featured_media":0,"parent":0,"menu_order":0,"comment_status":"closed","ping_status":"closed","template":"","meta":{"footnotes":""},"class_list":["post-21","page","type-page","status-publish","hentry"],"_links":{"self":[{"href":"https:\/\/wp.ufpel.edu.br\/seged\/wp-json\/wp\/v2\/pages\/21","targetHints":{"allow":["GET"]}}],"collection":[{"href":"https:\/\/wp.ufpel.edu.br\/seged\/wp-json\/wp\/v2\/pages"}],"about":[{"href":"https:\/\/wp.ufpel.edu.br\/seged\/wp-json\/wp\/v2\/types\/page"}],"author":[{"embeddable":true,"href":"https:\/\/wp.ufpel.edu.br\/seged\/wp-json\/wp\/v2\/users\/900"}],"replies":[{"embeddable":true,"href":"https:\/\/wp.ufpel.edu.br\/seged\/wp-json\/wp\/v2\/comments?post=21"}],"version-history":[{"count":21,"href":"https:\/\/wp.ufpel.edu.br\/seged\/wp-json\/wp\/v2\/pages\/21\/revisions"}],"predecessor-version":[{"id":429,"href":"https:\/\/wp.ufpel.edu.br\/seged\/wp-json\/wp\/v2\/pages\/21\/revisions\/429"}],"wp:attachment":[{"href":"https:\/\/wp.ufpel.edu.br\/seged\/wp-json\/wp\/v2\/media?parent=21"}],"curies":[{"name":"wp","href":"https:\/\/api.w.org\/{rel}","templated":true}]}}