{"id":85,"date":"2023-11-02T20:52:07","date_gmt":"2023-11-02T23:52:07","guid":{"rendered":"https:\/\/wp.ufpel.edu.br\/segbarragem\/?page_id=85"},"modified":"2024-08-13T11:18:18","modified_gmt":"2024-08-13T14:18:18","slug":"materiais-sobre-barragens","status":"publish","type":"page","link":"https:\/\/wp.ufpel.edu.br\/segbarragem\/materiais-sobre-barragens\/","title":{"rendered":"Materiais sobre seguran\u00e7a de barragens"},"content":{"rendered":"<ul>\n<li>O setor de recursos h\u00eddricos da FAEM disponibilizou um <strong>Roteiro b\u00e1sico para realizar inspe\u00e7\u00e3o de seguran\u00e7a em barragens de terra<\/strong>, . Voc\u00ea pode fazer o download desse material clicando <a href=\"https:\/\/wp.ufpel.edu.br\/segbarragem\/files\/2024\/03\/Roteiro-basico-inspecao-seg-bar-v02.pdf\" target=\"_blank\" rel=\"noopener\">aqui<\/a> .<\/li>\n<\/ul>\n<ul>\n<li>V\u00eddeo educativo da ANA explica a Seguran\u00e7a de Barragens no Brasil.<\/li>\n<\/ul>\n<div class=\"top_embedded\" style=\"padding-left: 50px;\"><iframe src=\"https:\/\/www.youtube.com\/embed\/If57BMOy5Xk?feature=oembed\" width=\"480\" height=\"270\" frameborder=\"0\" allowfullscreen=\"allowfullscreen\"><\/iframe><\/div>\n<ul>\n<li>A ANA disponibilizou um <strong>modelo de ficha para inspe\u00e7\u00e3o regular de barragens de terra<\/strong>, atualizado em 2020. Voc\u00ea pode fazer o download do modelo clicando <a href=\"https:\/\/www.gov.br\/ana\/pt-br\/todos-os-documentos-do-portal\/documentos-sre\/barragens\/modeloanafichaparainspecaoregulardebarragemdeterra.docx\/@@download\/file\">aqui<\/a>.<\/li>\n<\/ul>\n<ul>\n<li>Em 2016 a ANA publicou o <strong>Guia Pr\u00e1tico de Pequenas Barragens<\/strong>, com parte do Manual do Empreendedor sobre Seguran\u00e7a de Barragens. Este material \u00e9 basicamente um guia pr\u00e1tico de opera\u00e7\u00e3o, manuten\u00e7\u00e3o e inspe\u00e7\u00e3o de pequenas barragens de terra, destinadas \u00e0 acumula\u00e7\u00e3o de \u00e1gua para quaisquer usos, com altura inferior a 15 m e com volume do reservat\u00f3rio de at\u00e9 3 milh\u00f5es de m\u00b3, de perfil homog\u00eaneo ou zoneado, com vertedouro em l\u00e2mina livre e descarregador de fundo. Destina-se a ser utilizado pelo empreendedor\/operador, no campo, no seu dia a dia. Inclui ainda um conjunto de recomenda\u00e7\u00f5es relativas ao projeto e \u00e0 constru\u00e7\u00e3o destas pequenas barragens. Acesse o Guia clicando <a href=\"https:\/\/www.snisb.gov.br\/portal-snisb\/api\/file\/download\/195\/4\/volume-viii-guia-pratico-de-pequenas-barragens.pdf\" target=\"_blank\" rel=\"noopener\">aqui<\/a>.<\/li>\n<\/ul>\n<ul>\n<li>Voc\u00ea pode encontrar diversas informa\u00e7\u00f5es sobre as barragens do Brasil no portal do <a href=\"https:\/\/www.snisb.gov.br\" target=\"_blank\" rel=\"noopener\">Sistema Nacional de Informa\u00e7\u00f5es sobre Seguran\u00e7a de Barragens (SNISB)<\/a>. O sistema \u00e9 mantido pela Ag\u00eancia Nacional de \u00c1guas e Saneamento B\u00e1sico (ANA) e re\u00fane o cadastro de barragens de usos m\u00faltiplos da \u00e1gua, de gera\u00e7\u00e3o de energia el\u00e9trica, de conten\u00e7\u00e3o de res\u00edduos industriais e de conten\u00e7\u00e3o de rejeitos de minera\u00e7\u00e3o, abrangendo tanto as que s\u00e3o submetidas \u00e0 lei, quanto as que n\u00e3o s\u00e3o.<\/li>\n<\/ul>\n<ul>\n<li>A FAO (Organiza\u00e7\u00e3o das Na\u00e7\u00f5es Unidas para a Alimenta\u00e7\u00e3o e a Agricultura) publicou em 2011 o &#8220;<strong>Manual sobre pequenas barragens de terra: guia para a localiza\u00e7\u00e3o, projecto e constru\u00e7\u00e3o<\/strong>&#8220;. A publica\u00e7\u00e3o pode ser encontrada no site da entidade (<a href=\"https:\/\/www.fao.org\/documents\/card\/en\/c\/655e4452-a026-4d6f-b516-dade9ce94d3e\" target=\"_blank\" rel=\"noopener\">https:\/\/www.fao.org<\/a>) ou fa\u00e7a o download clicando em: <a href=\"https:\/\/wp.ufpel.edu.br\/segbarragem\/files\/2023\/08\/2011-Manual-FAO-pequenas-barragens-ba0081p.pdf\">Manual FAO 2011.<\/a><\/li>\n<\/ul>\n<ul>\n<li>O Minist\u00e9rio da Integra\u00e7\u00e3o Nacional publicou em 2002, o <strong>Manual de Seguran\u00e7a e Inspe\u00e7\u00e3o de Barragens<\/strong>, contendo normas de constru\u00e7\u00e3o, opera\u00e7\u00e3o e manuten\u00e7\u00e3o das barragens, assim como, os procedimentos que devem ser adotados em casos de emerg\u00eancias. Voc\u00ea pode acessar uma p\u00e1gina para download do manual clicando <a href=\"http:\/\/www.dominiopublico.gov.br\/pesquisa\/DetalheObraForm.do?select_action=&amp;co_obra=82054\">aqui<\/a>.<\/li>\n<\/ul>\n","protected":false},"excerpt":{"rendered":"<p>O setor de recursos h\u00eddricos da FAEM disponibilizou um Roteiro b\u00e1sico para realizar inspe\u00e7\u00e3o de seguran\u00e7a em barragens de terra, . Voc\u00ea pode fazer o download desse material clicando aqui . V\u00eddeo educativo da ANA explica a Seguran\u00e7a de Barragens no Brasil. A ANA disponibilizou um modelo de ficha para inspe\u00e7\u00e3o regular de barragens de [&hellip;]<\/p>\n","protected":false},"author":94,"featured_media":0,"parent":0,"menu_order":0,"comment_status":"closed","ping_status":"closed","template":"","meta":{"footnotes":""},"class_list":["post-85","page","type-page","status-publish","hentry"],"jetpack_sharing_enabled":true,"_links":{"self":[{"href":"https:\/\/wp.ufpel.edu.br\/segbarragem\/wp-json\/wp\/v2\/pages\/85","targetHints":{"allow":["GET"]}}],"collection":[{"href":"https:\/\/wp.ufpel.edu.br\/segbarragem\/wp-json\/wp\/v2\/pages"}],"about":[{"href":"https:\/\/wp.ufpel.edu.br\/segbarragem\/wp-json\/wp\/v2\/types\/page"}],"author":[{"embeddable":true,"href":"https:\/\/wp.ufpel.edu.br\/segbarragem\/wp-json\/wp\/v2\/users\/94"}],"replies":[{"embeddable":true,"href":"https:\/\/wp.ufpel.edu.br\/segbarragem\/wp-json\/wp\/v2\/comments?post=85"}],"version-history":[{"count":32,"href":"https:\/\/wp.ufpel.edu.br\/segbarragem\/wp-json\/wp\/v2\/pages\/85\/revisions"}],"predecessor-version":[{"id":3216,"href":"https:\/\/wp.ufpel.edu.br\/segbarragem\/wp-json\/wp\/v2\/pages\/85\/revisions\/3216"}],"wp:attachment":[{"href":"https:\/\/wp.ufpel.edu.br\/segbarragem\/wp-json\/wp\/v2\/media?parent=85"}],"curies":[{"name":"wp","href":"https:\/\/api.w.org\/{rel}","templated":true}]}}