{"id":100,"date":"2023-11-02T20:51:47","date_gmt":"2023-11-02T23:51:47","guid":{"rendered":"https:\/\/wp.ufpel.edu.br\/segbarragem\/?page_id=100"},"modified":"2025-07-29T17:30:46","modified_gmt":"2025-07-29T20:30:46","slug":"legislacao-e-normas","status":"publish","type":"page","link":"https:\/\/wp.ufpel.edu.br\/segbarragem\/legislacao-e-normas\/","title":{"rendered":"Legisla\u00e7\u00e3o e Normas"},"content":{"rendered":"<p>Aqui est\u00e3o listadas algumas das principais leis e normas referentes \u00e0 seguran\u00e7a de barragens. Note que a legisla\u00e7\u00e3o \u00e9 alterada com frequ\u00eancia. \u00c9 importante verificar se as informa\u00e7\u00f5es apresentadas nesta p\u00e1gina sofreram altera\u00e7\u00f5es. Se tiver alguma sugest\u00e3o, por favor nos envie, clicando <a href=\"https:\/\/wp.ufpel.edu.br\/segbarragem\/?page_id=119&amp;preview=true\" target=\"_blank\" rel=\"noopener\">aqui<\/a>.<\/p>\n<p><strong>Federal<\/strong><\/p>\n<p><a href=\"https:\/\/www2.aneel.gov.br\/cedoc\/ren20231064.pdf\" target=\"_blank\" rel=\"noopener\">ANEEL &#8211; RESOLU\u00c7\u00c3O NORMATIVA N\u00ba 1.064, DE 2 DE MAIO DE 2023<\/a> &#8211; Estabelece crit\u00e9rios e a\u00e7\u00f5es de seguran\u00e7a de barragens associadas a usinas hidrel\u00e9tricas fiscalizadas pela ANEEL, de acordo com o que determina a Lei n\u00ba 12.334, de 20 de setembro de 2010.<\/p>\n<p><a href=\"http:\/\/www.planalto.gov.br\/ccivil_03\/_Ato2019-2022\/2022\/Decreto\/D11310.htm\" target=\"_blank\" rel=\"noopener\">DECRETO N\u00ba 11.310, DE 26 DE DEZEMBRO DE 2022<\/a> &#8211; Regulamenta dispositivos da Lei n\u00ba 12.334, de 20 de setembro de 2010, para dispor sobre as atividades de fiscaliza\u00e7\u00e3o e a governan\u00e7a federal da Pol\u00edtica Nacional de Seguran\u00e7a de Barragens, institui o Comit\u00ea Interministerial de Seguran\u00e7a de Barragens e altera o Decreto n\u00ba 10.000, de 3 de setembro de 2019.<\/p>\n<p><a href=\"https:\/\/www.gov.br\/mdr\/pt-br\/assuntos\/seguranca-hidrica\/cnrh\/deliberacoes-cnrh-1\/resolucoes\/resolucao-cnrh-no-230-de-22-de-marco-de-2022_dou-1.pdf\" target=\"_blank\" rel=\"noopener\">CNRH\/MDR &#8211; RESOLU\u00c7\u00c3O N\u00ba 230, DE 22 DE MAR\u00c7O DE 2022<\/a> &#8211; Estabelece diretrizes para \ufb01scaliza\u00e7\u00e3o da seguran\u00e7a de barragens de acumula\u00e7\u00e3o de \u00e1gua para usos m\u00faltiplos.<\/p>\n<p><a href=\"https:\/\/www.gov.br\/mdr\/pt-br\/assuntos\/seguranca-hidrica\/cnrh\/deliberacoes-cnrh-1\/resolucao-cnrh-no-223-de-20-de-novembro-de-2020-dou-imprensa-nacional.pdf\" target=\"_blank\" rel=\"noopener\">CNRH\/MDR &#8211; RESOLU\u00c7\u00c3O N\u00ba 223, DE 20 DE NOVEMBRO DE 2020<\/a> &#8211; Altera a Resolu\u00e7\u00e3o CNRH n. 144, de 10 de julho de 2012, que estabelece diretrizes para implementa\u00e7\u00e3o da Pol\u00edtica Nacional de Seguran\u00e7a de Barragens, e d\u00e1 outras provid\u00eancias.<\/p>\n<p><a href=\"http:\/\/www.planalto.gov.br\/ccivil_03\/_ato2019-2022\/2020\/lei\/L14066.htm#:~:text=Fica%20proibida%20a%20constru%C3%A7%C3%A3o%20ou,minera%C3%A7%C3%A3o%20pelo%20m%C3%A9todo%20a%20montante.\" target=\"_blank\" rel=\"noopener\">LEI N\u00ba 14.066, DE 30 DE SETEMBRO DE 2020<\/a> &#8211; Altera a Lei n\u00ba 12.334, de 20 de setembro de 2010, que estabelece a Pol\u00edtica Nacional de Seguran\u00e7a de Barragens (PNSB), a Lei n\u00ba 7.797, de 10 de julho de 1989, que cria o Fundo Nacional do Meio Ambiente (FNMA), a Lei n\u00ba 9.433, de 8 de janeiro de 1997, que institui a Pol\u00edtica Nacional de Recursos H\u00eddricos, e o Decreto-Lei n\u00ba 227, de 28 de fevereiro de 1967 (C\u00f3digo de Minera\u00e7\u00e3o).<\/p>\n<p><a href=\"https:\/\/www.snisb.gov.br\/Entenda_Mais\/legislacao-aplicada\/resolucao-cnrh-178-2016.pdf\" target=\"_blank\" rel=\"noopener\">CNRH\/MMA &#8211; RESOLU\u00c7\u00c3O CNRH N\u00ba 178, DE 29 DE JUNHO DE 2016<\/a> &#8211; Altera a Resolu\u00e7\u00e3o CNRH n\u00ba 144, de 10 de julho de 2012, que estabelece diretrizes para implementa\u00e7\u00e3o da Pol\u00edtica Nacional de Seguran\u00e7a de Barragens.<\/p>\n<p><a href=\"https:\/\/www.gov.br\/mdr\/pt-br\/assuntos\/seguranca-hidrica\/cnrh\/deliberacoes-cnrh-1\/resolucoes\/resolucao_144-alterada.pdf\" target=\"_blank\" rel=\"noopener\">CNRH\/MMA &#8211; RESOLU\u00c7\u00c3O N\u00b0 144, DE 10 de JULHO DE 2012<\/a> &#8211; Estabelece diretrizes para implementa\u00e7\u00e3o da Pol\u00edtica Nacional de Seguran\u00e7a de Barragens, aplica\u00e7\u00e3o de seus instrumentos e atua\u00e7\u00e3o do Sistema Nacional de Informa\u00e7\u00f5es sobre Seguran\u00e7a de Barragens.<\/p>\n<p><a href=\"https:\/\/www.gov.br\/mdr\/pt-br\/assuntos\/seguranca-hidrica\/cnrh\/deliberacoes-cnrh-1\/resolucoes\/resolucao_143.pdf\" target=\"_blank\" rel=\"noopener\">CNRH\/MMA &#8211; RESOLU\u00c7\u00c3O N\u00b0 143, DE 04 DE SETEMBRO DE 2012<\/a> &#8211; Estabelece crit\u00e9rios gerais de classifica\u00e7\u00e3o de barragens por categoria de risco, dano potencial associado e pelo seu volume.<\/p>\n<p><a href=\"http:\/\/www.planalto.gov.br\/ccivil_03\/_Ato2007-2010\/2010\/Lei\/L12334.htm\" target=\"_blank\" rel=\"noopener\">LEI N\u00ba 12.334, DE\u00a020 DE SETEMBRO DE 2010<\/a>\u00a0&#8211; Estabelece a Pol\u00edtica Nacional de Seguran\u00e7a de Barragens destinadas \u00e0 acumula\u00e7\u00e3o de \u00e1gua para quaisquer usos, \u00e0 disposi\u00e7\u00e3o final ou tempor\u00e1ria de rejeitos e \u00e0 acumula\u00e7\u00e3o de res\u00edduos industriais, cria o Sistema Nacional de Informa\u00e7\u00f5es sobre Seguran\u00e7a de Barragens e altera a reda\u00e7\u00e3o do art. 35 da Lei no 9.433, de 8 de janeiro de 1997, e do art. 4o da Lei no 9.984, de 17 de julho de 2000.<\/p>\n<p><a href=\"https:\/\/www.snisb.gov.br\/Entenda_Mais\/legislacao-aplicada\/resolucao-cnrh-37-2004.pdf\" target=\"_blank\" rel=\"noopener\">CNRH\/MMA &#8211; RESOLU\u00c7\u00c3O N\u00ba 37, DE 26 DE MAR\u00c7O DE 2004<\/a> &#8211; Estabelece diretrizes para a outorga de recursos h\u00eddricos para a implanta\u00e7\u00e3o de barragens em corpos de \u00e1gua de dom\u00ednio dos Estados, do Distrito Federal ou da Uni\u00e3o.<\/p>\n<p><strong>Estadual &#8211; RS<\/strong><\/p>\n<p><a href=\"https:\/\/www.sema.rs.gov.br\/upload\/arquivos\/202503\/19092748-novo-decreto-barragens.pdf\" target=\"_blank\" rel=\"noopener\">DECRETO N\u00ba 58.065, DE 17 DE MAR\u00c7O DE 2025<\/a>\u00a0&#8211;\u00a0Disp\u00f5e sobre as atribui\u00e7\u00f5es da administra\u00e7\u00e3o p\u00fablica estadual no \u00e2mbito da Pol\u00edtica Nacional de Seguran\u00e7a de Barragens estabelecida pela Lei Federal n\u00ba 12.334, de 20 de setembro de 2010, e sobre o Programa Estadual de Aperfei\u00e7oamento da Pol\u00edtica de Seguran\u00e7a de Barragens no Rio Grande do Sul &#8211; Barragem Segura.<\/p>\n<p><a href=\"https:\/\/drive.google.com\/file\/d\/1cpYZogAEX1riL36_7UmhivikQjJpRDxT\/view\" target=\"_blank\" rel=\"noopener\">DRHS\/SEMA (RS) &#8211; OF\u00cdCIO CIRCULAR N\u00ba 06\/2021<\/a> &#8211; Orienta\u00e7\u00f5es transit\u00f3rias para atendimento \u00e0 Pol\u00edtica Nacional de Seguran\u00e7a de Barragens no RS.<\/p>\n<p><a href=\"https:\/\/www.sema.rs.gov.br\/upload\/arquivos\/202112\/09132531-03151959-2017-port-sema-n-136-estabelece-conteudo-minimo-detalham-plano-seg-reservatorios-acumulacao-agua-ac-e-bar-e-revisao-periodica.pdf\" target=\"_blank\" rel=\"noopener\">SEMA (RS) &#8211; PORTARIA N\u00ba 136\/2017<\/a> &#8211; Estabelece o conte\u00fado m\u00ednimo e o detalhamento do Plano de Seguran\u00e7a de Reservat\u00f3rios de Acumula\u00e7\u00e3o de \u00c1gua &#8211; A\u00e7udes e Barragens, e a sua Revis\u00e3o Peri\u00f3dica, bem como d\u00e1 outras provid\u00eancias.<\/p>\n<p><a href=\"https:\/\/www.agricultura.rs.gov.br\/upload\/arquivos\/201902\/19140801-decreto-54-165-18-altera-decreto-52-931-16.pdf\" target=\"_blank\" rel=\"noopener\">DECRETO N\u00ba 54.165, DE 26 DE JULHO DE 2018<\/a>\u00a0-(REVOGADO pelo DECRETO N\u00ba 58.065\/2025) Altera o Decreto n\u00ba 52.931, de 7 de mar\u00e7o de 2016, que disp\u00f5e sobre os procedimentos para a Outorga do Direito de Uso da \u00c1gua e obten\u00e7\u00e3o de Alvar\u00e1 de Obra de Reservat\u00f3rios em empreendimentos de irriga\u00e7\u00e3o, bem como sobre procedimentos para acompanhamento da Seguran\u00e7a de Barragens.<\/p>\n<p><a href=\"https:\/\/www.al.rs.gov.br\/legis\/M010\/M0100099.ASP?Hid_Tipo=TEXTO&amp;Hid_TodasNormas=62876&amp;hTexto=&amp;Hid_IDNorma=62876\" target=\"_blank\" rel=\"noopener\">DECRETO N\u00ba 52.931, DE 07 DE MAR\u00c7O DE 2016<\/a> &#8211; (REVOGADO pelo DECRETO N\u00ba 58.065\/2025) Disp\u00f5e sobre os procedimentos para a Outorga do Direito de Uso da \u00c1gua e obten\u00e7\u00e3o de Alvar\u00e1 de Obra de Reservat\u00f3rios em empreendimentos de irriga\u00e7\u00e3o, bem como sobre procedimentos para acompanhamento da Seguran\u00e7a de Barragens.<\/p>\n","protected":false},"excerpt":{"rendered":"<p>Aqui est\u00e3o listadas algumas das principais leis e normas referentes \u00e0 seguran\u00e7a de barragens. Note que a legisla\u00e7\u00e3o \u00e9 alterada com frequ\u00eancia. \u00c9 importante verificar se as informa\u00e7\u00f5es apresentadas nesta p\u00e1gina sofreram altera\u00e7\u00f5es. Se tiver alguma sugest\u00e3o, por favor nos envie, clicando aqui. Federal ANEEL &#8211; RESOLU\u00c7\u00c3O NORMATIVA N\u00ba 1.064, DE 2 DE MAIO DE [&hellip;]<\/p>\n","protected":false},"author":94,"featured_media":0,"parent":0,"menu_order":0,"comment_status":"closed","ping_status":"closed","template":"","meta":{"footnotes":""},"class_list":["post-100","page","type-page","status-publish","hentry"],"jetpack_sharing_enabled":true,"_links":{"self":[{"href":"https:\/\/wp.ufpel.edu.br\/segbarragem\/wp-json\/wp\/v2\/pages\/100","targetHints":{"allow":["GET"]}}],"collection":[{"href":"https:\/\/wp.ufpel.edu.br\/segbarragem\/wp-json\/wp\/v2\/pages"}],"about":[{"href":"https:\/\/wp.ufpel.edu.br\/segbarragem\/wp-json\/wp\/v2\/types\/page"}],"author":[{"embeddable":true,"href":"https:\/\/wp.ufpel.edu.br\/segbarragem\/wp-json\/wp\/v2\/users\/94"}],"replies":[{"embeddable":true,"href":"https:\/\/wp.ufpel.edu.br\/segbarragem\/wp-json\/wp\/v2\/comments?post=100"}],"version-history":[{"count":35,"href":"https:\/\/wp.ufpel.edu.br\/segbarragem\/wp-json\/wp\/v2\/pages\/100\/revisions"}],"predecessor-version":[{"id":226,"href":"https:\/\/wp.ufpel.edu.br\/segbarragem\/wp-json\/wp\/v2\/pages\/100\/revisions\/226"}],"wp:attachment":[{"href":"https:\/\/wp.ufpel.edu.br\/segbarragem\/wp-json\/wp\/v2\/media?parent=100"}],"curies":[{"name":"wp","href":"https:\/\/api.w.org\/{rel}","templated":true}]}}