{"id":24,"date":"2014-08-31T16:16:43","date_gmt":"2014-08-31T19:16:43","guid":{"rendered":"https:\/\/wp.ufpel.edu.br\/seazoo\/?page_id=24"},"modified":"2014-10-03T08:50:50","modified_gmt":"2014-10-03T11:50:50","slug":"inscricoes","status":"publish","type":"page","link":"https:\/\/wp.ufpel.edu.br\/seazoo\/inscricoes\/","title":{"rendered":"Inscri\u00e7\u00f5es"},"content":{"rendered":"<h4 class=\"txt_inscr_2\"><b>Investimento<\/b><\/h4>\n<table style=\"height: 229px;width: 705px\" width=\"553\">\n<tbody>\n<tr>\n<th style=\"text-align: center\"><strong>Categoria<\/strong><\/th>\n<th style=\"text-align: center\"><strong>At\u00e9 22\/09<\/strong><\/th>\n<th style=\"text-align: center\"><strong>De 23\/09<br \/>\n<\/strong><strong>a\u00a0<\/strong><strong>02\/10<\/strong><\/th>\n<th style=\"text-align: center\">Dia do<br \/>\nEvento<\/th>\n<\/tr>\n<tr>\n<td>Estudantes &#8211; Gradua\u00e7\u00e3o<\/td>\n<td style=\"text-align: center\">R$ 20,00<\/td>\n<td style=\"text-align: center\">R$ 30,00<\/td>\n<td style=\"text-align: center\">R$ 40,00<\/td>\n<\/tr>\n<tr>\n<td>Estudantes &#8211; P\u00f3s-Gradua\u00e7\u00e3o<\/td>\n<td style=\"text-align: center\">R$ 30,00<\/td>\n<td style=\"text-align: center\">R$ 40,00<\/td>\n<td style=\"text-align: center\">R$ 50,00<\/td>\n<\/tr>\n<tr>\n<td>Profissionais<\/td>\n<td style=\"text-align: center\">R$ 50,00<\/td>\n<td style=\"text-align: center\">R$ 60,00<\/td>\n<td style=\"text-align: center\">R$ 70,00<\/td>\n<\/tr>\n<tr>\n<td>Produtores Rurais<\/td>\n<td style=\"text-align: center\">R$ 40,00<\/td>\n<td style=\"text-align: center\">R$ 50,00<\/td>\n<td style=\"text-align: center\">R$ 60,00<\/td>\n<\/tr>\n<\/tbody>\n<\/table>\n<hr \/>\n<h4><strong>Inscri\u00e7\u00f5es em Grupo<\/strong><\/h4>\n<h5 class=\"txt_inscr_2\" style=\"text-align: justify\">Os grupos dever\u00e3o ser formados por no <strong>&#8220;<span style=\"text-decoration: underline\">m\u00e1ximo<\/span>&#8220;<\/strong> dez (10) pessoas.<br \/>\nOs grupos ter\u00e3o desconto de <strong>R$ 5,00<\/strong> nos valores v\u00e1lidos para inscri\u00e7\u00f5es at\u00e9 o dia 22\/09.<br \/>\nAo preencher o formul\u00e1rio de inscri\u00e7\u00e3o, quem optar por essa modalidade, deve marcar a op\u00e7\u00e3o de <strong>&#8220;Inscri\u00e7\u00e3o em Grupo&#8221;<\/strong>, e colocar a <strong>&#8220;Identifica\u00e7\u00e3o do Grupo&#8221;<\/strong>, para que a comiss\u00e3o de inscri\u00e7\u00e3o identifique\u00a0os integrantes. O\u00a0restante do formul\u00e1rio deve ser preenchido normalmente, seguindo as mesmas regras de pagamento.<\/h5>\n<h5 class=\"txt_inscr_2\" style=\"text-align: justify\"><strong>OBS:<\/strong> \u00c9<strong>\u00a0de inteira responsabilidade do participante a identifica\u00e7\u00e3o correta do grupo e o pagamento do valor correto. Caso seja identificado n\u00famero maior ou menor que &#8220;<span style=\"text-decoration: underline\">dez<\/span>&#8221; pessoas, o grupo ser\u00e1 desconsiderado, sendo cobrado os valores de inscri\u00e7\u00e3o individual.<\/strong><\/h5>\n<hr \/>\n<h4>\u00a0<strong>Inscri\u00e7\u00f5es\u00a0para o I Encontro Estadual dos Cursos de Zootecnia<\/strong><\/h4>\n<h5 class=\"txt_inscr_2\" style=\"text-align: justify\">Aos participantes que optarem por essa modalidade, o investimento ser\u00e1 de\u00a0<strong>R$ 10,00<\/strong>\u00a0e s\u00f3 ter\u00e1\u00a0direito de participar do Encontro na sexta-fera, 10\/10.<br \/>\nAo realizar a inscri\u00e7\u00e3o, deve marcar a op\u00e7\u00e3o de\u00a0<strong>&#8220;I Encontro Estadual dos Cursos de Zootecnia&#8221;<\/strong>, e preencher o restante do formul\u00e1rio normalmente, seguindo as mesmas regras de pagamento.<\/h5>\n<hr \/>\n<h4>\u00a0<strong>Pagamento<\/strong><\/h4>\n<h5 class=\"txt_inscr_2\">O pagamento dever\u00e1 ser efetuado atrav\u00e9s de <strong>dep\u00f3sito banc\u00e1rio<\/strong>, na conta-poupan\u00e7a:<\/h5>\n<h5><strong>Banco do Brasil<\/strong><br \/>\n<strong>Ag\u00eancia:\u00a04468-7<br \/>\nConta Corrente:<\/strong>\u00a0<strong>13.869-X<br \/>\nVaria\u00e7\u00e3o: 51<br \/>\nFavorecido:\u00a0ISABELLA III SEAZOO<\/strong> (como aparecer\u00e1 no momento do dep\u00f3sito)<\/h5>\n<hr \/>\n<h4><\/h4>\n","protected":false},"excerpt":{"rendered":"<p>Investimento Categoria At\u00e9 22\/09 De 23\/09 a\u00a002\/10 Dia do Evento Estudantes &#8211; Gradua\u00e7\u00e3o R$ 20,00 R$ 30,00 R$ 40,00 Estudantes &#8211; P\u00f3s-Gradua\u00e7\u00e3o R$ 30,00 R$ 40,00 R$ 50,00 Profissionais R$ 50,00 R$ 60,00 R$ 70,00 Produtores Rurais R$ 40,00 R$ 50,00 R$ 60,00 Inscri\u00e7\u00f5es em Grupo Os grupos dever\u00e3o ser formados por no &#8220;m\u00e1ximo&#8220; dez &hellip; <\/p>\n<p><a class=\"more-link btn\" href=\"https:\/\/wp.ufpel.edu.br\/seazoo\/inscricoes\/\">Continue lendo<\/a><\/p>\n","protected":false},"author":439,"featured_media":0,"parent":0,"menu_order":0,"comment_status":"closed","ping_status":"closed","template":"","meta":{"footnotes":""},"class_list":["post-24","page","type-page","status-publish","hentry","nodate","item-wrap"],"_links":{"self":[{"href":"https:\/\/wp.ufpel.edu.br\/seazoo\/wp-json\/wp\/v2\/pages\/24","targetHints":{"allow":["GET"]}}],"collection":[{"href":"https:\/\/wp.ufpel.edu.br\/seazoo\/wp-json\/wp\/v2\/pages"}],"about":[{"href":"https:\/\/wp.ufpel.edu.br\/seazoo\/wp-json\/wp\/v2\/types\/page"}],"author":[{"embeddable":true,"href":"https:\/\/wp.ufpel.edu.br\/seazoo\/wp-json\/wp\/v2\/users\/439"}],"replies":[{"embeddable":true,"href":"https:\/\/wp.ufpel.edu.br\/seazoo\/wp-json\/wp\/v2\/comments?post=24"}],"version-history":[{"count":44,"href":"https:\/\/wp.ufpel.edu.br\/seazoo\/wp-json\/wp\/v2\/pages\/24\/revisions"}],"predecessor-version":[{"id":286,"href":"https:\/\/wp.ufpel.edu.br\/seazoo\/wp-json\/wp\/v2\/pages\/24\/revisions\/286"}],"wp:attachment":[{"href":"https:\/\/wp.ufpel.edu.br\/seazoo\/wp-json\/wp\/v2\/media?parent=24"}],"curies":[{"name":"wp","href":"https:\/\/api.w.org\/{rel}","templated":true}]}}