{"id":20,"date":"2014-08-31T16:16:12","date_gmt":"2014-08-31T19:16:12","guid":{"rendered":"https:\/\/wp.ufpel.edu.br\/seazoo\/?page_id=20"},"modified":"2014-09-02T17:30:27","modified_gmt":"2014-09-02T20:30:27","slug":"local","status":"publish","type":"page","link":"https:\/\/wp.ufpel.edu.br\/seazoo\/local\/","title":{"rendered":"Local"},"content":{"rendered":"<h4 style=\"text-align: justify\">A III Semana Acad\u00eamica da Zootecnia e o I Encontro Estadual do Cursos de Zootecnia, ser\u00e1 realizado na Casa da Amizade, no Parque de Exposi\u00e7\u00f5es Doutor Ildefonso Sim\u00f5es Lopes, da <a href=\"http:\/\/www.associacaoruraldepelotas.com.br\/site\" target=\"_blank\"><strong>Associa\u00e7\u00e3o Rural de Pelotas<\/strong><\/a>, e far\u00e1 parte da programa\u00e7\u00e3o oficial da <a href=\"http:\/\/www.associacaoruraldepelotas.com.br\/site\/expofeira\" target=\"_blank\"><strong>88\u00a0EXPOFEIRA<\/strong><\/a> de Pelotas.<\/h4>\n<h4><a href=\"https:\/\/wp.ufpel.edu.br\/seazoo\/files\/2014\/08\/associa\u00e7\u00e3o_rural_pelotas.jpg\"><img loading=\"lazy\" decoding=\"async\" class=\"wp-image-176 size-large aligncenter\" src=\"https:\/\/wp.ufpel.edu.br\/seazoo\/files\/2014\/08\/associa\u00e7\u00e3o_rural_pelotas-780x220.jpg\" alt=\"associa\u00e7\u00e3o_rural_pelotas\" width=\"780\" height=\"220\" \/><\/a><\/h4>\n<h4 style=\"text-align: justify\">O Parque de Exposi\u00e7\u00f5es Doutor Ildefonso Sim\u00f5es Lopes, est\u00e1 localizado na Avenida Fernando Os\u00f3rio 1754, Bairro Tr\u00eas Vendas, e conta com \u00e1rea total de 43 hectares de belezas naturais, enriquecida pela implanta\u00e7\u00e3o de esp\u00e9cies ex\u00f3ticas e nativas.<\/h4>\n<h4 style=\"text-align: justify\"><strong><a href=\"https:\/\/www.google.com.br\/maps\/dir\/-31.734654,-52.344485\/\/@-31.734755,-52.343443,675m\/data=!3m1!1e3!4m4!4m3!1m1!4e1!1m0?hl=pt-BR\" target=\"_blank\">Veja o mapa<\/a><\/strong><\/h4>\n<h4 style=\"text-align: justify\">Essas s\u00e3o as dist\u00e2ncias das principais cidades do Rio Grande do Sul, cidades vizinhas, Brasil e Mercosul.<\/h4>\n<h4 style=\"text-align: justify\">Assun\u00e7\u00e3o &#8211; 1510 km<br \/>\nAmaral Ferrador &#8211; 190 km<br \/>\nArroio Grande &#8211; 100 km<br \/>\nBag\u00e9 &#8211; 191 km<br \/>\nBras\u00edlia &#8211; 2515 km<br \/>\nBuenos Aires &#8211; 1388 km<br \/>\nCamaqu\u00e3 &#8211; 132 km<br \/>\nCanela &#8211; 382 km<br \/>\nCangu\u00e7u &#8211; 61 km<br \/>\nCap\u00e3o do Le\u00e3o &#8211; 20 km<br \/>\nChu\u00ed &#8211; 275 km<br \/>\nCristal &#8211; 94 km<br \/>\nCuritiba &#8211; 965 km<br \/>\nFlorian\u00f3polis &#8211; 726 km<br \/>\nGramado &#8211; 376 km<br \/>\nHerval do Sul &#8211; 140 km<br \/>\nJaguar\u00e3o &#8211; 145 km<br \/>\nMontevid\u00e9o &#8211; 650 km<br \/>\nMorro Redondo &#8211; 38 km<br \/>\nPedro Os\u00f3rio &#8211; 57 km<br \/>\nPinheiro Machado &#8211; 100 km<br \/>\nPiratini &#8211; 110 km<br \/>\nPorto Alegre -249 km<br \/>\nRio de Janeiro &#8211; 1771 km<br \/>\nRio Grande &#8211; 59 km<br \/>\nSantana da Boa Vista &#8211; 135 km<br \/>\nSanta Vit\u00f3ria do Palmar &#8211; 241 km<br \/>\nSantana do Livramento &#8211; 360 km<br \/>\nS\u00e3o Jos\u00e9 do Norte &#8211; 61 km<br \/>\nS\u00e3o Louren\u00e7o do Sul &#8211; 70 km<br \/>\nS\u00e3o Paulo &#8211; 1336 km<br \/>\nTavares &#8211; 214 km<\/h4>\n<h4><\/h4>\n","protected":false},"excerpt":{"rendered":"<p>A III Semana Acad\u00eamica da Zootecnia e o I Encontro Estadual do Cursos de Zootecnia, ser\u00e1 realizado na Casa da Amizade, no Parque de Exposi\u00e7\u00f5es Doutor Ildefonso Sim\u00f5es Lopes, da Associa\u00e7\u00e3o Rural de Pelotas, e far\u00e1 parte da programa\u00e7\u00e3o oficial da 88\u00a0EXPOFEIRA de Pelotas. O Parque de Exposi\u00e7\u00f5es Doutor Ildefonso Sim\u00f5es Lopes, est\u00e1 localizado na &hellip; <\/p>\n<p><a class=\"more-link btn\" href=\"https:\/\/wp.ufpel.edu.br\/seazoo\/local\/\">Continue lendo<\/a><\/p>\n","protected":false},"author":439,"featured_media":0,"parent":0,"menu_order":0,"comment_status":"closed","ping_status":"closed","template":"","meta":{"footnotes":""},"class_list":["post-20","page","type-page","status-publish","hentry","nodate","item-wrap"],"_links":{"self":[{"href":"https:\/\/wp.ufpel.edu.br\/seazoo\/wp-json\/wp\/v2\/pages\/20","targetHints":{"allow":["GET"]}}],"collection":[{"href":"https:\/\/wp.ufpel.edu.br\/seazoo\/wp-json\/wp\/v2\/pages"}],"about":[{"href":"https:\/\/wp.ufpel.edu.br\/seazoo\/wp-json\/wp\/v2\/types\/page"}],"author":[{"embeddable":true,"href":"https:\/\/wp.ufpel.edu.br\/seazoo\/wp-json\/wp\/v2\/users\/439"}],"replies":[{"embeddable":true,"href":"https:\/\/wp.ufpel.edu.br\/seazoo\/wp-json\/wp\/v2\/comments?post=20"}],"version-history":[{"count":5,"href":"https:\/\/wp.ufpel.edu.br\/seazoo\/wp-json\/wp\/v2\/pages\/20\/revisions"}],"predecessor-version":[{"id":179,"href":"https:\/\/wp.ufpel.edu.br\/seazoo\/wp-json\/wp\/v2\/pages\/20\/revisions\/179"}],"wp:attachment":[{"href":"https:\/\/wp.ufpel.edu.br\/seazoo\/wp-json\/wp\/v2\/media?parent=20"}],"curies":[{"name":"wp","href":"https:\/\/api.w.org\/{rel}","templated":true}]}}