{"id":16,"date":"2014-08-31T16:15:32","date_gmt":"2014-08-31T19:15:32","guid":{"rendered":"https:\/\/wp.ufpel.edu.br\/seazoo\/?page_id=16"},"modified":"2014-09-01T17:36:26","modified_gmt":"2014-09-01T20:36:26","slug":"apresentacao","status":"publish","type":"page","link":"https:\/\/wp.ufpel.edu.br\/seazoo\/apresentacao\/","title":{"rendered":"Apresenta\u00e7\u00e3o"},"content":{"rendered":"<h4 style=\"text-align: justify\"><span style=\"color: #000000\">A\u00a0<strong>Semana Acad\u00eamica da Zootecnia<\/strong>\u00a0<strong>&#8211; SEAZOO<\/strong>\u00a0\u00e9 o principal evento t\u00e9cnico-cient\u00edfico dirigido aos estudantes, profissionais ligados a produ\u00e7\u00e3o animal. Sua programa\u00e7\u00e3o, estruturada em palestras, mesas-redondas busca o aprimoramento e a atualiza\u00e7\u00e3o dos profissionais que trabalham nessa\u00a0\u00e1rea.<\/span><\/h4>\n<h4 style=\"text-align: justify\"><span style=\"color: #000000\">Tendo como \u00e1rea central o tema\u00a0<strong>Zootecnia Porteira Adentro<\/strong>,\u00a0a\u00a0Comiss\u00e3o Organizadora, consciente da responsabilidade de manter o alto n\u00edvel verificado nas edi\u00e7\u00f5es anteriores, n\u00e3o mediu esfor\u00e7os, buscou e\u00a0consultou renomados especialistas das diferentes \u00e1reas do conhecimento para que auxiliassem na elabora\u00e7\u00e3o de um programa que atendesse, da melhor forma poss\u00edvel,\u00a0o ecl\u00e9tico p\u00fablico que abrange a \u00e1rea de Produ\u00e7\u00e3o Animal.<\/span><\/h4>\n<h4 style=\"text-align: justify\"><span style=\"color: #000000\">Em conjunto com a\u00a0<strong>III SEAZOO<\/strong>, ser\u00e1 realizado o\u00a0<strong>I Encontro Estadual dos Cursos de Zootecnia<\/strong>, onde\u00a0foi criado espa\u00e7o destinado aos acad\u00eamicos de Zootecnia, entendendo que, al\u00e9m da educa\u00e7\u00e3o continuada dos profissionais da produ\u00e7\u00e3o animal, a extens\u00e3o rural tamb\u00e9m deve ser abordada. Por essa raz\u00e3o, as atividades do dia 10 de outubro foram direcionadas\u00a0ao encontro.<\/span><\/h4>\n<h4 style=\"text-align: justify\"><span style=\"color: #000000\">Sejam bem vindos, e esperamos contar com sua participa\u00e7\u00e3o\u00a0e\u00a0contribui\u00e7\u00e3o para fortalecer e assim, consolidar a\u00a0<strong>SEAZOO<\/strong>\u00a0como principal evento de\u00a0Produ\u00e7\u00e3o Animal do Sul do Rio Grande do Sul.<\/span><\/h4>\n<h4><span style=\"color: #000000\">Atenciosamente,<\/span><\/h4>\n<h4><span style=\"color: #000000\">Comiss\u00e3o organizadora<\/span><\/h4>\n<p>&nbsp;<\/p>\n","protected":false},"excerpt":{"rendered":"<p>A\u00a0Semana Acad\u00eamica da Zootecnia\u00a0&#8211; SEAZOO\u00a0\u00e9 o principal evento t\u00e9cnico-cient\u00edfico dirigido aos estudantes, profissionais ligados a produ\u00e7\u00e3o animal. Sua programa\u00e7\u00e3o, estruturada em palestras, mesas-redondas busca o aprimoramento e a atualiza\u00e7\u00e3o dos profissionais que trabalham nessa\u00a0\u00e1rea. Tendo como \u00e1rea central o tema\u00a0Zootecnia Porteira Adentro,\u00a0a\u00a0Comiss\u00e3o Organizadora, consciente da responsabilidade de manter o alto n\u00edvel verificado nas edi\u00e7\u00f5es anteriores, &hellip; <\/p>\n<p><a class=\"more-link btn\" href=\"https:\/\/wp.ufpel.edu.br\/seazoo\/apresentacao\/\">Continue lendo<\/a><\/p>\n","protected":false},"author":439,"featured_media":0,"parent":0,"menu_order":0,"comment_status":"closed","ping_status":"closed","template":"","meta":{"footnotes":""},"class_list":["post-16","page","type-page","status-publish","hentry","nodate","item-wrap"],"_links":{"self":[{"href":"https:\/\/wp.ufpel.edu.br\/seazoo\/wp-json\/wp\/v2\/pages\/16","targetHints":{"allow":["GET"]}}],"collection":[{"href":"https:\/\/wp.ufpel.edu.br\/seazoo\/wp-json\/wp\/v2\/pages"}],"about":[{"href":"https:\/\/wp.ufpel.edu.br\/seazoo\/wp-json\/wp\/v2\/types\/page"}],"author":[{"embeddable":true,"href":"https:\/\/wp.ufpel.edu.br\/seazoo\/wp-json\/wp\/v2\/users\/439"}],"replies":[{"embeddable":true,"href":"https:\/\/wp.ufpel.edu.br\/seazoo\/wp-json\/wp\/v2\/comments?post=16"}],"version-history":[{"count":12,"href":"https:\/\/wp.ufpel.edu.br\/seazoo\/wp-json\/wp\/v2\/pages\/16\/revisions"}],"predecessor-version":[{"id":152,"href":"https:\/\/wp.ufpel.edu.br\/seazoo\/wp-json\/wp\/v2\/pages\/16\/revisions\/152"}],"wp:attachment":[{"href":"https:\/\/wp.ufpel.edu.br\/seazoo\/wp-json\/wp\/v2\/media?parent=16"}],"curies":[{"name":"wp","href":"https:\/\/api.w.org\/{rel}","templated":true}]}}