{"id":99,"date":"2013-02-06T21:32:16","date_gmt":"2013-02-06T23:32:16","guid":{"rendered":"https:\/\/wp.ufpel.edu.br\/seata\/?page_id=99"},"modified":"2013-02-06T21:41:22","modified_gmt":"2013-02-06T23:41:22","slug":"local-das-inscricoes","status":"publish","type":"page","link":"https:\/\/wp.ufpel.edu.br\/seata\/local-das-inscricoes\/","title":{"rendered":"LOCAL INSCRI\u00c7\u00d5ES"},"content":{"rendered":"<p><strong>QUINTA \u2013 FEIRA 06\/02<\/strong><\/p>\n<h5>9:40 \u00c1S 11:00 \u2013 FAEM<br \/>\n12:00 \u00c1S 14:00 \u2013 R.U CAMPUS CAP\u00c3O DO LE\u00c3O<br \/>\n14:00 \u00c1S 17:00 &#8211; ANGLO (2\u00ba ANDAR &#8211; NUTRI\u00c7\u00c3O\/GASTRONOMIA) E EM FRENTE A BIBLIOTECA DA FAEM<\/h5>\n<p><strong>SEXTA &#8211; FEIRA 07\/02<\/strong><\/p>\n<h5>9:00 \u00c1S 10:30 \u2013 EM FRENTE A BIBLIOTECA DA FAEM<br \/>\n12:00 \u00c1S 14:00 \u2013 R.U CAMPUS CAP\u00c3O DO LE\u00c3O<\/h5>\n<h5><strong>QUINTA &#8211; FEIRA 14\/02<\/strong><\/h5>\n<h5>9:40 \u00c1S 11:00 \u2013 EM FRENTE A BIBLIOTECA DA FAEM E ANGLO (2\u00ba ANDAR &#8211; NUTRI\u00c7\u00c3O\/GASTRONOMIA)<br \/>\n12:00 \u00c1S 14:00 \u2013 R.U CAMPUS CAP\u00c3O DO LE\u00c3O<br \/>\n14:00 \u00c1S 17:00 &#8211; EM FRENTE A BIBLIOTECA DA FAEM E ANGLO (2\u00ba ANDAR &#8211; NUTRI\u00c7\u00c3O\/GASTRONOMIA)<\/h5>\n<p><strong>SEXTA &#8211; FEIRA 15\/02<\/strong><\/p>\n<h5>9:40 \u00c1S 11:00 \u2013 EM FRENTE A BIBLIOTECA DA FAEM E ANGLO (2\u00ba ANDAR &#8211; NUTRI\u00c7\u00c3O\/GASTRONOMIA)<br \/>\n12:00 \u00c1S 14:00 \u2013 R.U CAMPUS CAP\u00c3O DO LE\u00c3O<br \/>\n14:00 \u00c1S 17:00 &#8211; EM FRENTE A BIBLIOTECA DA FAEM E ANGLO (2\u00ba ANDAR &#8211; NUTRI\u00c7\u00c3O\/GASTRONOMIA)<\/h5>\n<p><strong>SEGUNDA &#8211; FEIRA 18\/02<\/strong><\/p>\n<h5>9:00 \u00c1S 12:00 \u2013 EM FRENTE A BIBLIOTECA DA FAEM E ANGLO (2\u00ba ANDAR &#8211; NUTRI\u00c7\u00c3O\/GASTRONOMIA)<br \/>\n12:00 \u00c1S 14:00 \u2013 R.U CAMPUS CAP\u00c3O DO LE\u00c3O<br \/>\n14:00 \u00c1S 17:00 &#8211; ANGLO (2\u00ba ANDAR &#8211; NUTRI\u00c7\u00c3O\/GASTRONOMIA) E R.U CAMPUS CAP\u00c3O DO LE\u00c3O<\/h5>\n<p>E das 9:00 \u00c1S 17:00 ESTAREMOS FAZENDO INSCRI\u00c7\u00d5ES <strong>TAMB\u00c9M<\/strong> NO IFSUL E CAVG!!!!!!!!!!!<\/p>\n<p>INSCRI\u00c7\u00d5ES TAMB\u00c9M PODEM SER FEITAS PELO SITE E DIA 19\/02 NA HORA<\/p>\n","protected":false},"excerpt":{"rendered":"<p>QUINTA \u2013 FEIRA 06\/02 9:40 \u00c1S 11:00 \u2013 FAEM 12:00 \u00c1S 14:00 \u2013 R.U CAMPUS CAP\u00c3O DO LE\u00c3O 14:00 \u00c1S 17:00 &#8211; ANGLO (2\u00ba ANDAR &#8211; NUTRI\u00c7\u00c3O\/GASTRONOMIA) E EM FRENTE A BIBLIOTECA DA FAEM SEXTA &#8211; FEIRA 07\/02 9:00 \u00c1S 10:30 \u2013 EM FRENTE A BIBLIOTECA DA FAEM 12:00 \u00c1S 14:00 \u2013 R.U CAMPUS CAP\u00c3O &hellip; <\/p>\n<p><a class=\"more-link btn\" href=\"https:\/\/wp.ufpel.edu.br\/seata\/local-das-inscricoes\/\">Continue lendo<\/a><\/p>\n","protected":false},"author":239,"featured_media":0,"parent":0,"menu_order":2,"comment_status":"closed","ping_status":"closed","template":"","meta":{"footnotes":""},"class_list":["post-99","page","type-page","status-publish","hentry","nodate","item-wrap"],"_links":{"self":[{"href":"https:\/\/wp.ufpel.edu.br\/seata\/wp-json\/wp\/v2\/pages\/99","targetHints":{"allow":["GET"]}}],"collection":[{"href":"https:\/\/wp.ufpel.edu.br\/seata\/wp-json\/wp\/v2\/pages"}],"about":[{"href":"https:\/\/wp.ufpel.edu.br\/seata\/wp-json\/wp\/v2\/types\/page"}],"author":[{"embeddable":true,"href":"https:\/\/wp.ufpel.edu.br\/seata\/wp-json\/wp\/v2\/users\/239"}],"replies":[{"embeddable":true,"href":"https:\/\/wp.ufpel.edu.br\/seata\/wp-json\/wp\/v2\/comments?post=99"}],"version-history":[{"count":7,"href":"https:\/\/wp.ufpel.edu.br\/seata\/wp-json\/wp\/v2\/pages\/99\/revisions"}],"predecessor-version":[{"id":108,"href":"https:\/\/wp.ufpel.edu.br\/seata\/wp-json\/wp\/v2\/pages\/99\/revisions\/108"}],"wp:attachment":[{"href":"https:\/\/wp.ufpel.edu.br\/seata\/wp-json\/wp\/v2\/media?parent=99"}],"curies":[{"name":"wp","href":"https:\/\/api.w.org\/{rel}","templated":true}]}}