{"id":20,"date":"2013-01-28T22:03:25","date_gmt":"2013-01-29T00:03:25","guid":{"rendered":"https:\/\/wp.ufpel.edu.br\/seata\/?page_id=20"},"modified":"2013-02-13T12:34:35","modified_gmt":"2013-02-13T14:34:35","slug":"1-alimentar-cientifico","status":"publish","type":"page","link":"https:\/\/wp.ufpel.edu.br\/seata\/1-alimentar-cientifico\/","title":{"rendered":"1\u00b0 ALIMENTAR CIENT\u00cdFICO"},"content":{"rendered":"<p>O I Alimentar Cient\u00edfico \u00e9 uma amostra de trabalhos cient\u00edficos da \u00e1rea de alimentos e faz parte da programa\u00e7\u00e3o da II Semana Acad\u00eamica da Tecnologia em Alimentos. Ocorrer\u00e1 no dia 20 de fevereiro, \u00e0s 14h.<\/p>\n<p>As inscri\u00e7\u00f5es podem ser feitas pelo email (semanaacademica.ta@gmail.com) at\u00e9 o dia 15 de fevereiro e o custo \u00e9 de R$3,00 adicional ao valor \u00a0da Semana Acad\u00eamica.<\/p>\n<p><strong>Formata\u00e7\u00e3o do resumo simples:<\/strong><\/p>\n<p>\u2022 T\u00edtulo em letras min\u00fasculas, centralizado, fonte Arial 12;<\/p>\n<p>\u2022 Autores e institui\u00e7\u00e3o devidamente numerados, centralizado, fonte Arial 11;<\/p>\n<p>\u2022 N\u00e3o ser\u00e3o aceitos figuras ou gr\u00e1ficos nos resumos;<\/p>\n<p>\u2022 Margens 2,5 cm;<\/p>\n<p>\u2022 A fonte da letra deve ser Arial 12. Espa\u00e7amento simples;<\/p>\n<p>\u2022 3 palavras-chave;<\/p>\n<p>\u2022 No m\u00e1ximo 300 palavras.<\/p>\n<p><a href=\"https:\/\/wp.ufpel.edu.br\/seata\/files\/2013\/01\/I-Alimentar-Cient.-Modelo-resumo-semana-academica.doc\">Modelo resumo para o Alimentar Cient\u00edfico<\/a><\/p>\n","protected":false},"excerpt":{"rendered":"<p>O I Alimentar Cient\u00edfico \u00e9 uma amostra de trabalhos cient\u00edficos da \u00e1rea de alimentos e faz parte da programa\u00e7\u00e3o da II Semana Acad\u00eamica da Tecnologia em Alimentos. Ocorrer\u00e1 no dia 20 de fevereiro, \u00e0s 14h. As inscri\u00e7\u00f5es podem ser feitas pelo email (semanaacademica.ta@gmail.com) at\u00e9 o dia 15 de fevereiro e o custo \u00e9 de R$3,00 &hellip; <\/p>\n<p><a class=\"more-link btn\" href=\"https:\/\/wp.ufpel.edu.br\/seata\/1-alimentar-cientifico\/\">Continue lendo<\/a><\/p>\n","protected":false},"author":239,"featured_media":0,"parent":0,"menu_order":0,"comment_status":"closed","ping_status":"closed","template":"","meta":{"footnotes":""},"class_list":["post-20","page","type-page","status-publish","hentry","nodate","item-wrap"],"_links":{"self":[{"href":"https:\/\/wp.ufpel.edu.br\/seata\/wp-json\/wp\/v2\/pages\/20","targetHints":{"allow":["GET"]}}],"collection":[{"href":"https:\/\/wp.ufpel.edu.br\/seata\/wp-json\/wp\/v2\/pages"}],"about":[{"href":"https:\/\/wp.ufpel.edu.br\/seata\/wp-json\/wp\/v2\/types\/page"}],"author":[{"embeddable":true,"href":"https:\/\/wp.ufpel.edu.br\/seata\/wp-json\/wp\/v2\/users\/239"}],"replies":[{"embeddable":true,"href":"https:\/\/wp.ufpel.edu.br\/seata\/wp-json\/wp\/v2\/comments?post=20"}],"version-history":[{"count":10,"href":"https:\/\/wp.ufpel.edu.br\/seata\/wp-json\/wp\/v2\/pages\/20\/revisions"}],"predecessor-version":[{"id":148,"href":"https:\/\/wp.ufpel.edu.br\/seata\/wp-json\/wp\/v2\/pages\/20\/revisions\/148"}],"wp:attachment":[{"href":"https:\/\/wp.ufpel.edu.br\/seata\/wp-json\/wp\/v2\/media?parent=20"}],"curies":[{"name":"wp","href":"https:\/\/api.w.org\/{rel}","templated":true}]}}