{"id":122,"date":"2013-02-06T22:34:58","date_gmt":"2013-02-07T00:34:58","guid":{"rendered":"https:\/\/wp.ufpel.edu.br\/seata\/?page_id=122"},"modified":"2013-02-06T23:08:16","modified_gmt":"2013-02-07T01:08:16","slug":"a-semana","status":"publish","type":"page","link":"https:\/\/wp.ufpel.edu.br\/seata\/a-semana\/","title":{"rendered":"A SEMANA"},"content":{"rendered":"<pre>O Curso Superior de Tecnologia em Alimentos da Universidade Federal de Pelotas promove no \r\nper\u00edodo de 19 a 22 de fevereiro a  II Semana Acad\u00eamica e I Alimentar Cient\u00edfico, \r\nabordando o tema \"ALIMENTOS EM EXPANS\u00c3O TECNOLOGICA\".\r\nO evento contar\u00e1 com palestras, mostra de trabalhos cient\u00edficos, minicursos, visita t\u00e9cnica \r\n\u00e0 Universidade Federal do Rio Grande do Sul e para agregar nossos objetivos, teremos a \r\ntradicional mateada.\r\nA participa\u00e7\u00e3o de todos \u00e9 nossa meta e a troca de experi\u00eancias nosso objetivo.<\/pre>\n","protected":false},"excerpt":{"rendered":"<p>O Curso Superior de Tecnologia em Alimentos da Universidade Federal de Pelotas promove no per\u00edodo de 19 a 22 de fevereiro a II Semana Acad\u00eamica e I Alimentar Cient\u00edfico, abordando o tema &#8220;ALIMENTOS EM EXPANS\u00c3O TECNOLOGICA&#8221;. O evento contar\u00e1 com palestras, mostra de trabalhos cient\u00edficos, minicursos, visita t\u00e9cnica \u00e0 Universidade Federal do Rio Grande do &hellip; <\/p>\n<p><a class=\"more-link btn\" href=\"https:\/\/wp.ufpel.edu.br\/seata\/a-semana\/\">Continue lendo<\/a><\/p>\n","protected":false},"author":239,"featured_media":0,"parent":0,"menu_order":5,"comment_status":"closed","ping_status":"closed","template":"","meta":{"footnotes":""},"class_list":["post-122","page","type-page","status-publish","hentry","nodate","item-wrap"],"_links":{"self":[{"href":"https:\/\/wp.ufpel.edu.br\/seata\/wp-json\/wp\/v2\/pages\/122","targetHints":{"allow":["GET"]}}],"collection":[{"href":"https:\/\/wp.ufpel.edu.br\/seata\/wp-json\/wp\/v2\/pages"}],"about":[{"href":"https:\/\/wp.ufpel.edu.br\/seata\/wp-json\/wp\/v2\/types\/page"}],"author":[{"embeddable":true,"href":"https:\/\/wp.ufpel.edu.br\/seata\/wp-json\/wp\/v2\/users\/239"}],"replies":[{"embeddable":true,"href":"https:\/\/wp.ufpel.edu.br\/seata\/wp-json\/wp\/v2\/comments?post=122"}],"version-history":[{"count":9,"href":"https:\/\/wp.ufpel.edu.br\/seata\/wp-json\/wp\/v2\/pages\/122\/revisions"}],"predecessor-version":[{"id":138,"href":"https:\/\/wp.ufpel.edu.br\/seata\/wp-json\/wp\/v2\/pages\/122\/revisions\/138"}],"wp:attachment":[{"href":"https:\/\/wp.ufpel.edu.br\/seata\/wp-json\/wp\/v2\/media?parent=122"}],"curies":[{"name":"wp","href":"https:\/\/api.w.org\/{rel}","templated":true}]}}