{"id":38,"date":"2017-03-17T21:26:52","date_gmt":"2017-03-18T00:26:52","guid":{"rendered":"https:\/\/wp.ufpel.edu.br\/seaengenhariajr\/?page_id=38"},"modified":"2017-05-25T18:30:01","modified_gmt":"2017-05-25T21:30:01","slug":"servicos","status":"publish","type":"page","link":"https:\/\/wp.ufpel.edu.br\/seaengenhariajr\/servicos\/","title":{"rendered":"Servi\u00e7os"},"content":{"rendered":"<p>A empresa j\u00fanior intitulada por SEA Solu\u00e7\u00f5es em Engenharia H\u00eddrica possui compet\u00eancia para executar com qualidade projetos em diversas \u00e1reas relacionadas com os Recursos H\u00eddricos, contando com o aux\u00edlio t\u00e9cnico de professores e colaboradores.<\/p>\n<p>Os empres\u00e1rios juniores da SEA realizam seus projetos com profissionalismo e aplicando metodologias e t\u00e9cnicas de alta efici\u00eancia, trazendo inova\u00e7\u00e3o e economia para seus clientes.<\/p>\n<p>A SEA possui as seguintes \u00e1reas de atua\u00e7\u00e3o:<\/p>\n<ul>\n<li>Projetos de irriga\u00e7\u00e3o, assim como seu adequado manejo, conserva\u00e7\u00e3o e manuten\u00e7\u00e3o;<\/li>\n<li>Projetos de drenagem em \u00e1reas rurais e urbanas;<\/li>\n<li>Dimensionaliza\u00e7\u00e3o de reservat\u00f3rios e an\u00e1lise hidrol\u00f3gica de dispoibilidade h\u00eddrica;<\/li>\n<li>Adequa\u00e7\u00e3o de propriedades ao novo C\u00f3digo Florestal, delimita\u00e7\u00f5es geoespaciais de \u00e1reas de APPs ou reserva legal, bem como o cadastramento rural e a concess\u00e3o de outorgas;<\/li>\n<li>Tratamento e monitoramento de qualidade da \u00e1gua;<\/li>\n<li>Sistemas de recircula\u00e7\u00e3o e reaproveitamento h\u00eddrico.<\/li>\n<\/ul>\n","protected":false},"excerpt":{"rendered":"<p>A empresa j\u00fanior intitulada por SEA Solu\u00e7\u00f5es em Engenharia H\u00eddrica possui compet\u00eancia para executar com qualidade projetos em diversas \u00e1reas relacionadas com os Recursos H\u00eddricos, contando com o aux\u00edlio t\u00e9cnico de professores e colaboradores. Os empres\u00e1rios juniores da SEA realizam seus projetos com profissionalismo e aplicando metodologias e t\u00e9cnicas de alta efici\u00eancia, trazendo inova\u00e7\u00e3o e &hellip; <a href=\"https:\/\/wp.ufpel.edu.br\/seaengenhariajr\/servicos\/\" class=\"more-link\">Continue lendo <span class=\"screen-reader-text\">Servi\u00e7os<\/span> <span class=\"meta-nav\">&rarr;<\/span><\/a><\/p>\n","protected":false},"author":726,"featured_media":0,"parent":0,"menu_order":0,"comment_status":"closed","ping_status":"closed","template":"","meta":{"footnotes":""},"class_list":["post-38","page","type-page","status-publish","hentry"],"jetpack_sharing_enabled":true,"_links":{"self":[{"href":"https:\/\/wp.ufpel.edu.br\/seaengenhariajr\/wp-json\/wp\/v2\/pages\/38","targetHints":{"allow":["GET"]}}],"collection":[{"href":"https:\/\/wp.ufpel.edu.br\/seaengenhariajr\/wp-json\/wp\/v2\/pages"}],"about":[{"href":"https:\/\/wp.ufpel.edu.br\/seaengenhariajr\/wp-json\/wp\/v2\/types\/page"}],"author":[{"embeddable":true,"href":"https:\/\/wp.ufpel.edu.br\/seaengenhariajr\/wp-json\/wp\/v2\/users\/726"}],"replies":[{"embeddable":true,"href":"https:\/\/wp.ufpel.edu.br\/seaengenhariajr\/wp-json\/wp\/v2\/comments?post=38"}],"version-history":[{"count":5,"href":"https:\/\/wp.ufpel.edu.br\/seaengenhariajr\/wp-json\/wp\/v2\/pages\/38\/revisions"}],"predecessor-version":[{"id":187,"href":"https:\/\/wp.ufpel.edu.br\/seaengenhariajr\/wp-json\/wp\/v2\/pages\/38\/revisions\/187"}],"wp:attachment":[{"href":"https:\/\/wp.ufpel.edu.br\/seaengenhariajr\/wp-json\/wp\/v2\/media?parent=38"}],"curies":[{"name":"wp","href":"https:\/\/api.w.org\/{rel}","templated":true}]}}