{"id":310,"date":"2017-10-16T20:28:44","date_gmt":"2017-10-16T22:28:44","guid":{"rendered":"https:\/\/wp.ufpel.edu.br\/seaengenhariajr\/?page_id=310"},"modified":"2017-10-16T21:44:53","modified_gmt":"2017-10-16T23:44:53","slug":"irrigacao","status":"publish","type":"page","link":"https:\/\/wp.ufpel.edu.br\/seaengenhariajr\/irrigacao\/","title":{"rendered":"Irriga\u00e7\u00e3o"},"content":{"rendered":"<p>A irriga\u00e7\u00e3o \u00e9 uma tecnologia avan\u00e7ada de produ\u00e7\u00e3o, com a finalidade de elevar a produ\u00e7\u00e3o e melhorar a qualidade do produto. A maior parte dos irrigantes executa suas explora\u00e7\u00f5es em pequenas \u00e1reas de oler\u00edcolas e pastagens.<\/p>\n","protected":false},"excerpt":{"rendered":"<p>A irriga\u00e7\u00e3o \u00e9 uma tecnologia avan\u00e7ada de produ\u00e7\u00e3o, com a finalidade de elevar a produ\u00e7\u00e3o e melhorar a qualidade do produto. A maior parte dos irrigantes executa suas explora\u00e7\u00f5es em pequenas \u00e1reas de oler\u00edcolas e pastagens.<\/p>\n","protected":false},"author":726,"featured_media":0,"parent":0,"menu_order":0,"comment_status":"closed","ping_status":"closed","template":"","meta":{"footnotes":""},"class_list":["post-310","page","type-page","status-publish","hentry"],"jetpack_sharing_enabled":true,"_links":{"self":[{"href":"https:\/\/wp.ufpel.edu.br\/seaengenhariajr\/wp-json\/wp\/v2\/pages\/310","targetHints":{"allow":["GET"]}}],"collection":[{"href":"https:\/\/wp.ufpel.edu.br\/seaengenhariajr\/wp-json\/wp\/v2\/pages"}],"about":[{"href":"https:\/\/wp.ufpel.edu.br\/seaengenhariajr\/wp-json\/wp\/v2\/types\/page"}],"author":[{"embeddable":true,"href":"https:\/\/wp.ufpel.edu.br\/seaengenhariajr\/wp-json\/wp\/v2\/users\/726"}],"replies":[{"embeddable":true,"href":"https:\/\/wp.ufpel.edu.br\/seaengenhariajr\/wp-json\/wp\/v2\/comments?post=310"}],"version-history":[{"count":2,"href":"https:\/\/wp.ufpel.edu.br\/seaengenhariajr\/wp-json\/wp\/v2\/pages\/310\/revisions"}],"predecessor-version":[{"id":358,"href":"https:\/\/wp.ufpel.edu.br\/seaengenhariajr\/wp-json\/wp\/v2\/pages\/310\/revisions\/358"}],"wp:attachment":[{"href":"https:\/\/wp.ufpel.edu.br\/seaengenhariajr\/wp-json\/wp\/v2\/media?parent=310"}],"curies":[{"name":"wp","href":"https:\/\/api.w.org\/{rel}","templated":true}]}}