{"id":305,"date":"2017-10-16T20:03:27","date_gmt":"2017-10-16T22:03:27","guid":{"rendered":"https:\/\/wp.ufpel.edu.br\/seaengenhariajr\/?page_id=305"},"modified":"2017-10-16T20:03:27","modified_gmt":"2017-10-16T22:03:27","slug":"visao","status":"publish","type":"page","link":"https:\/\/wp.ufpel.edu.br\/seaengenhariajr\/visao\/","title":{"rendered":"Vis\u00e3o"},"content":{"rendered":"<p>Ser uma empresa de refer\u00eancia em nossa \u00e1rea, e propiciar um ambiente de capacita\u00e7\u00e3o profissional e pessoal excelente.<\/p>\n","protected":false},"excerpt":{"rendered":"<p>Ser uma empresa de refer\u00eancia em nossa \u00e1rea, e propiciar um ambiente de capacita\u00e7\u00e3o profissional e pessoal excelente.<\/p>\n","protected":false},"author":726,"featured_media":0,"parent":0,"menu_order":0,"comment_status":"closed","ping_status":"closed","template":"","meta":{"footnotes":""},"class_list":["post-305","page","type-page","status-publish","hentry"],"jetpack_sharing_enabled":true,"_links":{"self":[{"href":"https:\/\/wp.ufpel.edu.br\/seaengenhariajr\/wp-json\/wp\/v2\/pages\/305","targetHints":{"allow":["GET"]}}],"collection":[{"href":"https:\/\/wp.ufpel.edu.br\/seaengenhariajr\/wp-json\/wp\/v2\/pages"}],"about":[{"href":"https:\/\/wp.ufpel.edu.br\/seaengenhariajr\/wp-json\/wp\/v2\/types\/page"}],"author":[{"embeddable":true,"href":"https:\/\/wp.ufpel.edu.br\/seaengenhariajr\/wp-json\/wp\/v2\/users\/726"}],"replies":[{"embeddable":true,"href":"https:\/\/wp.ufpel.edu.br\/seaengenhariajr\/wp-json\/wp\/v2\/comments?post=305"}],"version-history":[{"count":1,"href":"https:\/\/wp.ufpel.edu.br\/seaengenhariajr\/wp-json\/wp\/v2\/pages\/305\/revisions"}],"predecessor-version":[{"id":308,"href":"https:\/\/wp.ufpel.edu.br\/seaengenhariajr\/wp-json\/wp\/v2\/pages\/305\/revisions\/308"}],"wp:attachment":[{"href":"https:\/\/wp.ufpel.edu.br\/seaengenhariajr\/wp-json\/wp\/v2\/media?parent=305"}],"curies":[{"name":"wp","href":"https:\/\/api.w.org\/{rel}","templated":true}]}}