{"id":461,"date":"2026-01-20T16:26:15","date_gmt":"2026-01-20T19:26:15","guid":{"rendered":"https:\/\/wp.ufpel.edu.br\/sd2ppgcpol\/?page_id=461"},"modified":"2026-01-20T16:42:47","modified_gmt":"2026-01-20T19:42:47","slug":"ii-sdcp","status":"publish","type":"page","link":"https:\/\/wp.ufpel.edu.br\/sd2ppgcpol\/ii-sdcp\/","title":{"rendered":"ANAIS II SDCP"},"content":{"rendered":"<p style=\"text-align: justify;\">Esta publica\u00e7\u00e3o re\u00fane textos enviados e apresentados durante a realiza\u00e7\u00e3o do II Semin\u00e1rio Discente de Ci\u00eancia Pol\u00edtica do Programa de P\u00f3s-Gradua\u00e7\u00e3o em Ci\u00eancia Pol\u00edtica da Universidade Federal de Pelotas (II SDCP PPGCPol\/UFPel).<\/p>\n<p>&nbsp;<\/p>\n<p style=\"text-align: justify;\"><strong class=\"collapseomatic \" id=\"id69d78a52b17f6\" rel=\"-highlander\" tabindex=\"0\" title=\"&lt;strong&gt;EXPEDIENTE&lt;\/strong&gt;\"    ><strong>EXPEDIENTE<\/strong><\/strong><div id=\"target-id69d78a52b17f6\" class=\"collapseomatic_content \">\n<p style=\"text-align: justify;\"><strong>II Semin\u00e1rio Discente de Ci\u00eancia Pol\u00edtica<\/strong><br \/>\nde 5 a 7 de novembro de 2025<br \/>\nUniversidade Federal de Pelotas<br \/>\nPelotas, Brasil<\/p>\n<p style=\"text-align: justify;\"><strong>UNIVERSIDADE FEDERAL DE PELOTAS<\/strong><br \/>\nReitora: Ursula Rosa da Silva<br \/>\nVice-Reitor: Eraldo dos Santos Pinheiro<br \/>\nPr\u00f3-Reitora de Planejamento e Administra\u00e7\u00e3o: Aline Ribeiro Paliga<br \/>\nPr\u00f3-Reitora de Assuntos Estudantis: Josy Dias Anacleto<br \/>\nPr\u00f3-Reitora de A\u00e7\u00f5es Afirmativas e Equidade: Claudia Daiane Garcia Molet<br \/>\nPr\u00f3-Reitor de Extens\u00e3o e Cultura: F\u00e1bio Garcia Lima<br \/>\nPr\u00f3-Reitora de Gest\u00e3o de Pessoas: Ta\u00eds Ullrich Fonseca<br \/>\nPr\u00f3-Reitor de Ensino: Ant\u00f4nio Maur\u00edcio Medeiros Alves<br \/>\nPr\u00f3-Reitor de Pesquisa e P\u00f3s-Gradua\u00e7\u00e3o: Fl\u00e1vio Fernando Demarco<\/p>\n<p style=\"text-align: justify;\"><strong>INSTITUTO DE FILOSOFIA, SOCIOLOGIA E POL\u00cdTICA<\/strong><br \/>\nDiretora: Elaine da Silveira Leite<br \/>\nVice-Diretor: Robinson dos Santos<\/p>\n<p style=\"text-align: justify;\"><strong>PROGRAMA DE P\u00d3S-GRADUA\u00c7\u00c3O EM CI\u00caNCIA POL\u00cdTICA<\/strong><br \/>\nCoordenadora: William Daldegan<br \/>\nCoordenador Adjunto: Bianca Linhares<\/p>\n<p style=\"text-align: justify;\"><strong>COMISS\u00c3O ORGANIZADORA<br \/>\n<\/strong><\/p>\n<p style=\"text-align: justify;\"><em>DOCENTES<\/em><\/p>\n<p style=\"text-align: justify;\">Prof. William Daldegan de Freitas<br \/>\nProf\u00aa. Bianca de Freitas Linhares<\/p>\n<p style=\"text-align: justify;\"><em>DISCENTES<\/em><\/p>\n<p style=\"text-align: justify;\">Caio Menezes Dos Santos<br \/>\nDaniele De Vargas Laureano<br \/>\nFrancioli Bagatin<br \/>\nGustavo Ferreira Dias<br \/>\nGustavo Gordo De Freitas<br \/>\nItalo Ross Sousa Castelo<br \/>\nJessica Seabra De Oliveira Alves<br \/>\nJo\u00e3o Yerab Moura Carneiro<br \/>\nJulia Maria Soares Andrade Rudrigues<br \/>\nLaura Bitencourt Bandeira Rodrigues<br \/>\nLaura Silva Costa<br \/>\nLuana Broni De Ara\u00fajo<br \/>\nLucas Garcia Da Silva<br \/>\nLuma Ramos Da Costa<br \/>\nMarcelo De Oliveira Dutra<br \/>\nMariele Cunha Rocha<br \/>\nNairana Karkow Bones<br \/>\nPaula Geordana Hahn<br \/>\nPaula Rieth De Oliveira Huf<br \/>\nRenata Da Silva<br \/>\nTaiane Da Cruz Rolim<br \/>\nTa\u00eds Dias Domingues<br \/>\nThales Morbach Lange<br \/>\nV\u00edtor Moraes Dos Santos<br \/>\nWander Catarina Dos Santos<\/p>\n<p style=\"text-align: justify;\"><strong>EDITORA\u00c7\u00c3O<\/strong><br \/>\nLaura Bitencourt Bandeira Rodrigues<\/p>\n<p style=\"text-align: justify;\"><strong>ENDERE\u00c7O<\/strong><br \/>\nCentro de P\u00f3s-Gradua\u00e7\u00e3o e Pesquisas em Ci\u00eancias Humanas, Sociais, Sociais Aplicadas, Artes e Linguagem \u2013 R. Cel. Alberto Rosa, n. 117, Centro, Pelotas\/RS. CEP: 96.010-770.<\/p>\n<p style=\"text-align: justify;\"><\/div>\n<p>&nbsp;<\/p>\n<p style=\"text-align: justify;\"><strong>ANAIS<\/strong><\/p>\n<p style=\"text-align: justify;\">T\u00edtulo: ANAIS II Semin\u00e1rio Discente De Ci\u00eancia Pol\u00edtica do PPGCPOL<\/p>\n<p style=\"text-align: justify;\">ISBN: 978-65-01-85442-7<\/p>\n<p style=\"text-align: justify;\">Organizadores (ou autores): Julia Rudrigues, Laura Bandeira, Jessica Alves, Laura Costa, Luana Ara\u00fajo, Francioli Bagatin, Luma Costa, Paula Huf, Renata Silva, Nairana Bones, Ta\u00eds Domingues, Thales Lange, Wander Dos Santos, Caio Menezes, Daniele Laureano, Gustavo Dias, Italo Castelo, Jo\u00e3o Yerab, Marcelo Dutra, Mariele Rocha, Taiane Rolim, Paula Hahn e Vitor dos Santos.<\/p>\n<p style=\"text-align: justify;\">Editora\u00e7\u00e3o: Laura Bandeira<\/p>\n<p style=\"text-align: justify;\">Formato: PDF<\/p>\n<p style=\"text-align: justify;\">N\u00famero de p\u00e1ginas: 245<\/p>\n<p style=\"text-align: justify;\">Palavras-chave: Semin\u00e1rio Discente, Ci\u00eancia Pol\u00edtica, PPGCPOL<\/p>\n<p><a href=\"https:\/\/wp.ufpel.edu.br\/sd2ppgcpol\/files\/2026\/01\/ANAIS-II-SDCP.pdf\">ANAIS II SDCP<\/a><\/p>\n<p><iframe loading=\"lazy\" src=\"https:\/\/wp.ufpel.edu.br\/sd2ppgcpol\/files\/2026\/01\/ANAIS-II-SDCP.pdf\" width=\"100%\" height=\"600px\"><span data-mce-type=\"bookmark\" style=\"display: inline-block; width: 0px; overflow: hidden; line-height: 0;\" class=\"mce_SELRES_start\">\ufeff<\/span><br \/>\n<\/iframe><\/p>\n","protected":false},"excerpt":{"rendered":"<p>Esta publica\u00e7\u00e3o re\u00fane textos enviados e apresentados durante a realiza\u00e7\u00e3o do II Semin\u00e1rio Discente de Ci\u00eancia Pol\u00edtica do Programa de P\u00f3s-Gradua\u00e7\u00e3o em Ci\u00eancia Pol\u00edtica da Universidade Federal de Pelotas (II SDCP PPGCPol\/UFPel). &nbsp; &nbsp; ANAIS T\u00edtulo: ANAIS II Semin\u00e1rio Discente &hellip; <a href=\"https:\/\/wp.ufpel.edu.br\/sd2ppgcpol\/ii-sdcp\/\">Continue lendo <span class=\"meta-nav\">&rarr;<\/span><\/a><\/p>\n","protected":false},"author":1399,"featured_media":0,"parent":0,"menu_order":0,"comment_status":"closed","ping_status":"closed","template":"","meta":{"footnotes":""},"class_list":["post-461","page","type-page","status-publish","hentry"],"jetpack_sharing_enabled":true,"_links":{"self":[{"href":"https:\/\/wp.ufpel.edu.br\/sd2ppgcpol\/wp-json\/wp\/v2\/pages\/461","targetHints":{"allow":["GET"]}}],"collection":[{"href":"https:\/\/wp.ufpel.edu.br\/sd2ppgcpol\/wp-json\/wp\/v2\/pages"}],"about":[{"href":"https:\/\/wp.ufpel.edu.br\/sd2ppgcpol\/wp-json\/wp\/v2\/types\/page"}],"author":[{"embeddable":true,"href":"https:\/\/wp.ufpel.edu.br\/sd2ppgcpol\/wp-json\/wp\/v2\/users\/1399"}],"replies":[{"embeddable":true,"href":"https:\/\/wp.ufpel.edu.br\/sd2ppgcpol\/wp-json\/wp\/v2\/comments?post=461"}],"version-history":[{"count":3,"href":"https:\/\/wp.ufpel.edu.br\/sd2ppgcpol\/wp-json\/wp\/v2\/pages\/461\/revisions"}],"predecessor-version":[{"id":470,"href":"https:\/\/wp.ufpel.edu.br\/sd2ppgcpol\/wp-json\/wp\/v2\/pages\/461\/revisions\/470"}],"wp:attachment":[{"href":"https:\/\/wp.ufpel.edu.br\/sd2ppgcpol\/wp-json\/wp\/v2\/media?parent=461"}],"curies":[{"name":"wp","href":"https:\/\/api.w.org\/{rel}","templated":true}]}}