{"id":340,"date":"2025-10-14T16:50:06","date_gmt":"2025-10-14T19:50:06","guid":{"rendered":"https:\/\/wp.ufpel.edu.br\/sd2ppgcpol\/?page_id=340"},"modified":"2025-10-14T17:09:33","modified_gmt":"2025-10-14T20:09:33","slug":"i-sdcp","status":"publish","type":"page","link":"https:\/\/wp.ufpel.edu.br\/sd2ppgcpol\/i-sdcp\/","title":{"rendered":"ANAIS I SDCP"},"content":{"rendered":"<p style=\"text-align: justify;\">Esta publica\u00e7\u00e3o re\u00fane textos enviados e apresentados durante a realiza\u00e7\u00e3o do\u00a0<strong>I SDCP<\/strong>,\u00a0 Semin\u00e1rio Discente de Ci\u00eancia Pol\u00edtica, evento vinculado ao Programa de P\u00f3s-Gradua\u00e7\u00e3o em Ci\u00eancia Pol\u00edtica da Universidade Federal de Pelotas (UFPel).<\/p>\n<hr \/>\n<strong class=\"collapseomatic \" id=\"id69e0f8354e68a\" rel=\"-highlander\" tabindex=\"0\" title=\"&lt;strong&gt;EXPEDIENTE&lt;\/strong&gt;\"    ><strong>EXPEDIENTE<\/strong><\/strong><div id=\"target-id69e0f8354e68a\" class=\"collapseomatic_content \">\n<p><strong>I Semin\u00e1rio Discente de Ci\u00eancia Pol\u00edtica<\/strong><br \/>de 30 de agosto a 01 de setembro de 2023<br \/>Universidade Federal de Pelotas<br \/>Pelotas, Brasil<\/p>\n<p><strong>ISSN<\/strong><\/p>\n<p><strong>UNIVERSIDADE FEDERAL DE PELOTAS<\/strong><br \/>Reitora: Isabela Fernandes Andrade<br \/>Vice-Reitora: \u00darsula Rosa da Silva<br \/>Pr\u00f3-Reitor Administrativo: Ricardo Hartlebem Peter<br \/>Pr\u00f3-Reitora de Assuntos Estudantis: Fabiane Tejada da Silveira<br \/>Pr\u00f3-Reitor de Extens\u00e3o e Cultura: Eraldo dos Santos Pinheiro<br \/>Pr\u00f3-Reitora de Gest\u00e3o de Pessoas: Ta\u00eds Ullrich Fonseca<br \/>Pr\u00f3-Reitora de Ensino: Maria F\u00e1tima C\u00f3ssio<br \/>Pr\u00f3-Reitor de Pesquisa e P\u00f3s-Gradua\u00e7\u00e3o: Fl\u00e1vio Fernando Demarco<br \/>Pr\u00f3-Reitor de Planejamento e Desenvolvimento: Paulo Roberto Ferreira J\u00fanior (Reitor eleito)<\/p>\n<p><strong>INSTITUTO DE FILOSOFIA, SOCIOLOGIA E POL\u00cdTICA<\/strong><br \/>Diretora: Elaine da Silveira Leite<br \/>Vice-Diretor: Robinson dos Santos<\/p>\n<p><strong>PROGRAMA DE P\u00d3S-GRADUA\u00c7\u00c3O EM CI\u00caNCIA POL\u00cdTICA<\/strong><br \/>Coordenadora: Luciana Maria de Arag\u00e3o Ballestrin<br \/>Coordenador Adjunto: William Daldegan de Freitas<\/p>\n<p><strong>COMISS\u00c3O ORGANIZADORA<\/strong><\/p>\n<p><em>DISCENTES:<\/em><br \/>Bruna Abreu Silveira<br \/>Bruno Gazalle Cavichioli<br \/>Danielly Jardim Milano<br \/>Douglas Goveia Rechia<br \/>Laura Feij\u00f3 de Souza<br \/>Lucas Garcia da Silva<br \/>Magayo de Mac\u00eado Alves<br \/>Sibele Valad\u00e3o Rossales<br \/>Yndira Coelho Soares<\/p>\n<p><em>DOCENTES:<\/em><br \/>Bianca de Freitas Linhares<br \/>Luciana Maria de Arag\u00e3o Ballestrin<\/p>\n<p><strong>EDITORA\u00c7\u00c3O<\/strong><br \/>Yndira Coelho Soares<\/p>\n<p><strong>ENDERE\u00c7O<\/strong><br \/>Centro de P\u00f3s-Gradua\u00e7\u00e3o e Pesquisas em Ci\u00eancias Humanas, Sociais, Sociais Aplicadas, Artes e Linguagem \u2013 R. Cel. Alberto Rosa, n. 117, Centro, Pelotas\/RS. CEP: 96.010-770.<\/p>\n<\/div>\n<p><br \/><strong class=\"collapseomatic \" id=\"id69e0f8354e772\" rel=\"-highlander\" tabindex=\"0\" title=\"&lt;strong&gt;ANAIS&lt;\/strong&gt;\"    ><strong>ANAIS<\/strong><\/strong><div id=\"target-id69e0f8354e772\" class=\"collapseomatic_content \">\n<p><strong>ARTIGOS COMPLETOS<\/strong><\/p>\n<p>Brasil e a busca por um assento permanente no Conselho de Seguran\u00e7a da ONU \u2013 Amanda da Luz Perachi (<em>GT3 \u2013 Rela\u00e7\u00f5es Internacionais<\/em>)\u00a0<a href=\"https:\/\/wp.ufpel.edu.br\/sd2ppgcpol\/files\/2023\/09\/Versao-preliminar-BRASIL-CSNU.pdf\">PDF\u00a0<\/a><\/p>\n<p>As estrat\u00e9gias discursivas do bolsonarismo e suas rela\u00e7\u00f5es hist\u00f3ricas: Uma an\u00e1lise \u00e0 luz das teorias do discurso e do populismo \u2013\u00a0 Beatriz Franco do Vale (<em>GT 5 \u2013 P\u00f3s-Estruturalismo e Teoria do Discurso<\/em>)\u00a0<a href=\"https:\/\/wp.ufpel.edu.br\/sd2ppgcpol\/files\/2023\/09\/A-ESTRATEGIAS-DISCURSIVAS-DO-BOLSONARISMO-E-SUAS-RELACOES0AHISTORICAS-UMA-ANALISE-A-LUZ-DAS-TEORIAS-DO-DISCURSO-E-DO0APOPULISMO-Beatriz-Franco-do-Vale.pdf\" target=\"_blank\" rel=\"noopener\">\u00a0PDF<\/a><\/p>\n<p>O CAF e a Hidrovia Uruguai-Brasil (HUB): A participa\u00e7\u00e3o da institui\u00e7\u00e3o no desenvolvimento do projeto \u2013 Bruno Hammes de Carvalho (<em>GT 3 \u2013 Rela\u00e7\u00f5es Internacionais<\/em>)\u00a0<a href=\"https:\/\/wp.ufpel.edu.br\/sd2ppgcpol\/files\/2023\/09\/O-CAF-e-a-Hidrovia-Uruguai-Brasil-HUB-a-participacao-da-instituicao-no0Adesenvolvimento-do-projeto0ABruno-Hammes-de-Carvalho.pdf\">PDF<\/a><\/p>\n<p>Viol\u00eancia pol\u00edtica de g\u00eanero e ou ra\u00e7a: Uma an\u00e1lise sobre os estatutos dos partidos e das Federa\u00e7\u00f5es Partid\u00e1rias, p\u00f3s determina\u00e7\u00e3o da Lei 14.192\/2021, que recomenda medidas de combate \u00e0 viol\u00eancia pol\u00edtica contra a mulher\u00a0 \u2013 Daiana Lopes Dias e Luciana Almeida da Silva Teixeira (<em>GT 2 \u2013 G\u00eanero, ra\u00e7a e participa\u00e7\u00e3o pol\u00edtica<\/em>)\u00a0\u00a0<a href=\"https:\/\/wp.ufpel.edu.br\/sd2ppgcpol\/files\/2023\/09\/Artigo-Final-para-o-envio-Violencia-politica-de-genero-e-ou-raca.pdf\">PDF<\/a><\/p>\n<p>For\u00e7as Armadas e o processo de repara\u00e7\u00e3o simb\u00f3lica pelas graves viola\u00e7\u00f5es dos direitos humanos durante as ditaduras de seguran\u00e7a nacional no Cone Sul \u2013 Darlise Gon\u00e7alves de Gon\u00e7alves (<em>GT 6 \u2013 Justi\u00e7a de Transi\u00e7\u00e3o, Mem\u00f3ria e Direitos Humanos<\/em>)\u00a0<a href=\"https:\/\/wp.ufpel.edu.br\/sd2ppgcpol\/files\/2023\/09\/Forcas-Armadas-e-o-processo-de-reparacao-simbolica-pelas-graves-violacoes-dos-direitos-humanos-durante-as-ditaduras-de-seguranca-nacional-no-Cone-Sul-Darlise-Goncalves-de-Goncalves.pdf\">PDF<\/a><\/p>\n<p>Fatores dom\u00e9sticos e sist\u00eamicos que levaram ao insucesso da MINUSMA no Mali \u2013 Davi Luppi de Oliveira e Diego Teixeira Fernandes (<em>GT 3 \u2013 Rela\u00e7\u00f5es Internacionais<\/em>)\u00a0<a href=\"https:\/\/wp.ufpel.edu.br\/sd2ppgcpol\/files\/2023\/09\/Fatores-domesticos-e-sistemicos-que-levaram-ao-insucesso-da-MINUSMA-no-Mali-Davi-Luppi-de-Oliveira-e-Diego-Teixeira-Fernandes.pdf\">PDF<\/a><\/p>\n<p>Autoritarismo e participa\u00e7\u00e3o: Os desafios da democracia brasileira frente a ascens\u00e3o da extrema direita \u2013 F\u00e1bio Hoffmann e Mar\u00edlia Gabriela de Sousa Mateus (<em>GT 4 \u2013 Dilemas das democracias contempor\u00e2neas: desafios te\u00f3ricos e anal\u00edticos)<\/em>\u00a0<a href=\"https:\/\/wp.ufpel.edu.br\/sd2ppgcpol\/files\/2023\/09\/Autoritarismo-e-participacao-0AOs-desafios-da-democracia-brasileira-frente-a-ascensao-da-extrema-direita-0AFabio-Hoffmann-e-Marilia-Gabriela-de-Sousa-Mateus.pdf\">PDF<\/a><\/p>\n<p>Marcos regulat\u00f3rios e os sentidos do trabalho informal \u2013 Gabriela Pecantet Siqueira e Luana Costa Bidigaray (<em>GT 1 \u2013 Institui\u00e7\u00f5es e Direito<\/em>)\u00a0<a href=\"https:\/\/wp.ufpel.edu.br\/sd2ppgcpol\/files\/2023\/09\/Marcos-regulatorios-e-os-sentidos-do-trabalho-informal-Gabriela-Pecantet-Siqueira-e-Luana-Costa-Bidigaray.pdf\">PDF<\/a><\/p>\n<p>O Brasil na Comunidade de Defesa Sul-Americana \u2013 Gustavo Gordo de Freitas (<em>GT 3 \u2013 Rela\u00e7\u00f5es Internacionais<\/em>)\u00a0<a href=\"https:\/\/wp.ufpel.edu.br\/sd2ppgcpol\/files\/2023\/09\/GORDO-MARRONI.-O-Brasil-na-Comunidade-de-Defesa-Sul-Americana.pdf\">PDF<\/a><\/p>\n<p>Negro ataca: Reflex\u00f5es sobre artistas negros nas artes visuais \u2013 Jair Jose Gauna Quiroz (<em>GT 2 \u2013 G\u00eanero, ra\u00e7a e participa\u00e7\u00e3o pol\u00edtica<\/em>)\u00a0\u00a0<a href=\"https:\/\/wp.ufpel.edu.br\/sd2ppgcpol\/files\/2023\/09\/Negro-ataca-Jair-Gauna-Quiroz.pdf\">PDF<\/a><\/p>\n<p>Indica\u00e7\u00e3o pol\u00edtica de ministros ao Supremo Tribunal Federal determina o destino judicial? \u2013 J\u00e9ssica Seabra de Oliveira Alves (<em>GT 1 \u2013 Institui\u00e7\u00f5es e Direito<\/em>)\u00a0<a href=\"https:\/\/wp.ufpel.edu.br\/sd2ppgcpol\/files\/2023\/09\/INDICACAO-POLITICA-DE-MINISTROS-AO-SUPREMO-TRIBUNAL-FEDERAL-DETERMINA-O-DESTINO-JUDICIAL_-1.pdf\">PDF<\/a><\/p>\n<p>Participa\u00e7\u00e3o Convencional e N\u00e3o-Convencional em Angola: uma nova cultura pol\u00edtica? \u2013 Jos\u00e9 Manuel Mussunda da Silva e Etiene Villela Marroni (<em>GT 1 \u2013 Institui\u00e7\u00f5es e Direito<\/em>)\u00a0<a href=\"https:\/\/wp.ufpel.edu.br\/sd2ppgcpol\/files\/2023\/09\/Participacao-Convencional-e-Nao-Convencional-em-Angola-uma-nova-cultura-politica-Jose-Manuel-Mussunda-da-Silva-e-Etiene-Villela-Marroni0A.pdf\">PDF<\/a><\/p>\n<p>Sociedade civil: Classe juvenil no per\u00edodo da democratiza\u00e7\u00e3o do estado na Guin\u00e9-Bissau \u2013 Justino Gomes (<em>GT 2 \u2013 G\u00eanero, ra\u00e7a e participa\u00e7\u00e3o pol\u00edtica<\/em>)\u00a0\u00a0<a href=\"https:\/\/wp.ufpel.edu.br\/sd2ppgcpol\/files\/2023\/09\/SOCIEDADE-CIVIL-CLASSE-JUVENIL-NO-PERIODO-DA-DEMOCRATIZACAO-DO0AESTADO-NA-GUINE-BISSAU-Justino-Gomes.pdf\">PDF<\/a><\/p>\n<p>Difus\u00e3o Internacional de Pr\u00e1ticas Integrativas e Complementares em Sa\u00fade: Desafios na implementa\u00e7\u00e3o na aten\u00e7\u00e3o prim\u00e1ria \u00e0 sa\u00fade no Brasil e no Rio Grande do Sul \u2013 Kelen de Morais Cerqueira e Silvana Schimanski (<em>GT 3 \u2013 Rela\u00e7\u00f5es Internacionais<\/em>)\u00a0<a href=\"https:\/\/wp.ufpel.edu.br\/sd2ppgcpol\/files\/2023\/09\/Artigo-Difusao-Politica-PNPICS-2.pdf\">PDF<\/a><\/p>\n<p>O poder das demos: crise da democracia liberal a partir de olhares p\u00f3s-estruturalistas e p\u00f3s-fundacionais \u2013 Lucas Ant\u00f4nio Penna Rey (<em>GT 4 \u2013 Dilemas das democracias contempor\u00e2neas: desafios te\u00f3ricos e anal\u00edticos)<\/em>\u00a0<a href=\"https:\/\/wp.ufpel.edu.br\/sd2ppgcpol\/files\/2023\/09\/PAPER-I-SDCP-2023-UFPel-LucasAPennaRey.pdf\">PDF<\/a><\/p>\n<p>Parcerias P\u00fablico-Privadas na regi\u00e3o do COREDE-SUL: Aproxima\u00e7\u00f5es com o campo de pesquisa \u2013 Manoela Vieira Neutzling (<em>GT 1 \u2013 Institui\u00e7\u00f5es e Direito<\/em>)\u00a0<a href=\"https:\/\/wp.ufpel.edu.br\/sd2ppgcpol\/files\/2023\/09\/Parcerias-Publico-Privadas-na-regiao-do-COREDE-SUL-aproximacoes-com-o-campo-de0Apesquisa0AManoela-Vieira-Neutzling.pdf\">PDF<\/a><\/p>\n<p>Projeto de lei\u00a0 2630\/2020: Combate \u00e0 desinforma\u00e7\u00e3o ou restri\u00e7\u00e3o da liberdade de express\u00e3o? Uma an\u00e1lise comparativa com a regulamenta\u00e7\u00e3o da m\u00eddia tradicional \u2013 Maria Luiza da Silva Gon\u00e7alves (<em>GT 1 \u2013 Institui\u00e7\u00f5es e Direito<\/em>)\u00a0<a href=\"https:\/\/wp.ufpel.edu.br\/sd2ppgcpol\/files\/2023\/09\/Projeto-de-Lei-2630_2020.pdf\">PDF<\/a><\/p>\n<p>E o Brasil vai ao Cairo? Expectativas e controv\u00e9rsias sobre a participa\u00e7\u00e3o brasileira na reuni\u00e3o de prepara\u00e7\u00e3o para a I Confer\u00eancia dos N\u00e3o-Alinhados (1961) \u2013 Mateus Jos\u00e9 da Silva Santos (<em>GT 3 \u2013 Rela\u00e7\u00f5es Internacionais<\/em>)\u00a0<a href=\"https:\/\/wp.ufpel.edu.br\/sd2ppgcpol\/files\/2023\/09\/E-O-BRASIL-VAI-AO-CAIRO-EXPECTATIVAS-E-CONTROVERSIAS-SOBRE-A0APARTICIPACAO-BRASILEIRA-NA-REUNIAO-DE-PREPARACAO-PARA-A-I-CONFERENCIA-DOS-NAO-ALINHADOS-1961-Mateus-Jose-da-Silva-Santos0A.pdf\">PDF<\/a><\/p>\n<p>Contramobiliza\u00e7\u00e3o judicial e rea\u00e7\u00e3o neoconservadora: Um aspecto da crise democr\u00e1tica \u2013 Ot\u00e1vio Santiago Gomes da Silva (<em>GT 4 \u2013 Dilemas das democracias contempor\u00e2neas: desafios te\u00f3ricos e anal\u00edticos<\/em>)\u00a0<a href=\"https:\/\/wp.ufpel.edu.br\/sd2ppgcpol\/files\/2023\/09\/Contramobilizacao-judicial-e-reacao-neoconservadora-Um-aspecto-da-crise-democratica-Otavio-Santiago-Gomes-da-Silva.pdf\">PDF<\/a><\/p>\n<p>Pol\u00edticas de mem\u00f3ria para popula\u00e7\u00f5es origin\u00e1rias: Uma an\u00e1lise de conjuntura \u2013 Pedro de Moraes Silva (<em>GT 6 \u2013 Justi\u00e7a de Transi\u00e7\u00e3o, Mem\u00f3ria e Direitos Humanos<\/em>)\u00a0<a href=\"https:\/\/wp.ufpel.edu.br\/sd2ppgcpol\/files\/2023\/09\/POLITICAS-DE-MEMORIA-PARA-POPULACOES-ORIGINARIAS-UMA-ANALISE0ADE-CONJUNTURA-Pedro-de-Moraes-Silva.pdf\">PDF<\/a><\/p>\n<p>Fracionamento de classe, regionalismo e Estado \u2013 Pedro Henrique Silva de Oliveira (<em>GT 3 \u2013 Rela\u00e7\u00f5es Internacionais<\/em>)\u00a0<a href=\"https:\/\/wp.ufpel.edu.br\/sd2ppgcpol\/files\/2023\/09\/Artigo___OLIVEIRA__Pedro-2.pdf\">PDF<\/a><\/p>\n<p>Os tipos ideais de esquecimento em Johann Michel: Tens\u00f5es e encobrimentos da\/ na pol\u00edtica democr\u00e1tica contempor\u00e2nea \u2013 Rafael Alexandre Silveira (<em>GT 6 \u2013 Justi\u00e7a de Transi\u00e7\u00e3o, Mem\u00f3ria e Direitos Humanos<\/em>)\u00a0<a href=\"https:\/\/wp.ufpel.edu.br\/sd2ppgcpol\/files\/2023\/09\/Os-tipos-ideais-de-esquecimento-em-Johann-Michel-tensoes-e-encobrimentos-na-politica-democratica-contemporanea-Rafael-Alexandre-Silveira.pdf\">PDF<\/a><\/p>\n<p>O Cart\u00e3o da P\u00e1tria como elemento de constru\u00e7\u00e3o da identidade de Nicol\u00e1s Maduro nas elei\u00e7\u00f5es de 2018 \u2013 Renata da Silva (<em>GT 5 \u2013 P\u00f3s-Estruturalismo e Teoria do Discurso<\/em>)\u00a0<a href=\"https:\/\/wp.ufpel.edu.br\/sd2ppgcpol\/files\/2023\/09\/O-Cartao-da-Patria-como-elemento-de-construcao-da-identidade-de-Nicolas0AMaduro-nas-eleicoes-de-2018-Renata-da-Silva.pdf\">PDF<\/a><\/p>\n<p>O papel do ativismo feminista na luta pela anistia no contexto brasileiro \u2013 Sibele Valad\u00e3o Rossales (<em>GT 6 \u2013 Justi\u00e7a de Transi\u00e7\u00e3o, Mem\u00f3ria e Direitos Humanos<\/em>)\u00a0<a href=\"https:\/\/wp.ufpel.edu.br\/sd2ppgcpol\/files\/2023\/09\/O-PAPEL-DO-ATIVISMO-FEMINISTA-NA-LUTA-PELA-ANISTIA-NO-CONTEXTO-BRASILEIRO-Sibele-Valadao-Rossales.pdf\">PDF<\/a><\/p>\n<p>A oscila\u00e7\u00e3o das Rela\u00e7\u00f5es Brasil-\u00c1frica: um estudo comparado da pol\u00edtica externa brasileira para a \u00c1frica nos \u00faltimos quatro governos (2003-2022) \u2013 Vinicius Zanchin Baldissera (<em>GT 3 \u2013 Rela\u00e7\u00f5es Internacionais<\/em>)\u00a0<a href=\"https:\/\/wp.ufpel.edu.br\/sd2ppgcpol\/files\/2023\/09\/Trabalho_Vinicius-Baldissera.pdf\">PDF<\/a><\/p>\n<hr \/>\n<p><strong>RESUMOS EXPANDIDOS : GT 7 \u2013 Inicia\u00e7\u00e3o Cient\u00edfica (exclusivo para gradua\u00e7\u00e3o)<\/strong><\/p>\n<p>A Fashion Revolution e o movimento anti-sweatshops: O <em>advocacy<\/em>\u00a0transnacional da organiza\u00e7\u00e3o n\u00e3o-governamental diante da Uni\u00e3o Europeia \u2013 Amanda Sosa Pacheco\u00a0<a href=\"https:\/\/wp.ufpel.edu.br\/sd2ppgcpol\/files\/2023\/09\/amanda-pacheco.pdf\">PDF<\/a><\/p>\n<p>M\u00e3o de obra Prisional de Pelotas (MOP-SUS): A efetiva\u00e7\u00e3o de Direitos Humanos? \u2013 Danielle Borges Lopes\u00a0<a href=\"https:\/\/wp.ufpel.edu.br\/sd2ppgcpol\/files\/2023\/09\/Mao-de-obra-Prisional-de-Pelotas-MOP-SUS-A-efetivacao-de-Direitos0AHumanos-Danielle-Borges-Lopes.pdf\">PDF<\/a><\/p>\n<p>O espectro do comunismo: An\u00e1lise discursiva das rela\u00e7\u00f5es antag\u00f4nicas no discurso eleitoral de Jair Bolsonaro em 2022 \u2013 Ian Botelho Soares e Beatriz Franco do Vale\u00a0<a href=\"https:\/\/wp.ufpel.edu.br\/sd2ppgcpol\/files\/2023\/09\/O-espectro-do-comunismo-analise-discursiva-das-relacoes-antagonicas-no0Adiscurso-eleitoral-de-Jair-Bolsonaro-em-2022-Ian-Botelho-Soares-e-Beatriz-Franco-do-Vale.pdf\">PDF<\/a><\/p>\n<p>Corpo pol\u00edtico: Uma metodologia educacional \u2013 J\u00falia Cardoso Pires\u00a0<a href=\"https:\/\/wp.ufpel.edu.br\/sd2ppgcpol\/files\/2023\/09\/GT7-Julia-Cardoso-Pires-PDF-1.pdf\">PDF<\/a><\/p>\n<p>\u201cA economia \u00e9 o m\u00e9todo; o objetivo \u00e9 mudar o cora\u00e7\u00e3o e a alma\u201d: As novas pol\u00edticas educacionais brasileiras, governamentalidade neoliberal e a experi\u00eancia de uma escola p\u00fablica em Pelotas\/ RS \u2013 Raquel Peres Macedo\u00a0<a href=\"https:\/\/wp.ufpel.edu.br\/sd2ppgcpol\/files\/2023\/09\/Raquel-Peres-Resumo-Expandido-1.pdf\">PDF<\/a><\/p>\n<p>O Pacto Global da ONU e sua influ\u00eancia nos setores p\u00fablico e privado: Um ensaio conceitual a partir da agenda ESG \u2013 Tha\u00eds Cristina e Ariane Ferreira Porto da Rosa\u00a0<a href=\"https:\/\/wp.ufpel.edu.br\/sd2ppgcpol\/files\/2023\/09\/Pacto-global-resumo-extendido.pdf\">PDF<\/a><\/p>\n<p>O escolhido de Deus: A religi\u00e3o como elemento articulat\u00f3rio na campanha eleitoral de Jair Bolsonaro em 2022 \u2013 Thales Morbach Lange e Renata da Silva\u00a0<a href=\"https:\/\/wp.ufpel.edu.br\/sd2ppgcpol\/files\/2023\/10\/CORRIGIDO-O-escolhido-de-Deus.-Thales-Morbach-Lange-Renata-da-Silva.pdf\">PDF<\/a><\/p>\n<\/div>\n\n\n<p><\/p>\n","protected":false},"excerpt":{"rendered":"<p>Esta publica\u00e7\u00e3o re\u00fane textos enviados e apresentados durante a realiza\u00e7\u00e3o do\u00a0I SDCP,\u00a0 Semin\u00e1rio Discente de Ci\u00eancia Pol\u00edtica, evento vinculado ao Programa de P\u00f3s-Gradua\u00e7\u00e3o em Ci\u00eancia Pol\u00edtica da Universidade Federal de Pelotas (UFPel).<\/p>\n","protected":false},"author":1399,"featured_media":0,"parent":0,"menu_order":0,"comment_status":"closed","ping_status":"closed","template":"","meta":{"footnotes":""},"class_list":["post-340","page","type-page","status-publish","hentry"],"jetpack_sharing_enabled":true,"_links":{"self":[{"href":"https:\/\/wp.ufpel.edu.br\/sd2ppgcpol\/wp-json\/wp\/v2\/pages\/340","targetHints":{"allow":["GET"]}}],"collection":[{"href":"https:\/\/wp.ufpel.edu.br\/sd2ppgcpol\/wp-json\/wp\/v2\/pages"}],"about":[{"href":"https:\/\/wp.ufpel.edu.br\/sd2ppgcpol\/wp-json\/wp\/v2\/types\/page"}],"author":[{"embeddable":true,"href":"https:\/\/wp.ufpel.edu.br\/sd2ppgcpol\/wp-json\/wp\/v2\/users\/1399"}],"replies":[{"embeddable":true,"href":"https:\/\/wp.ufpel.edu.br\/sd2ppgcpol\/wp-json\/wp\/v2\/comments?post=340"}],"version-history":[{"count":3,"href":"https:\/\/wp.ufpel.edu.br\/sd2ppgcpol\/wp-json\/wp\/v2\/pages\/340\/revisions"}],"predecessor-version":[{"id":364,"href":"https:\/\/wp.ufpel.edu.br\/sd2ppgcpol\/wp-json\/wp\/v2\/pages\/340\/revisions\/364"}],"wp:attachment":[{"href":"https:\/\/wp.ufpel.edu.br\/sd2ppgcpol\/wp-json\/wp\/v2\/media?parent=340"}],"curies":[{"name":"wp","href":"https:\/\/api.w.org\/{rel}","templated":true}]}}