{"id":318,"date":"2025-10-14T15:12:10","date_gmt":"2025-10-14T18:12:10","guid":{"rendered":"https:\/\/wp.ufpel.edu.br\/sd2ppgcpol\/?page_id=318"},"modified":"2025-10-14T16:10:58","modified_gmt":"2025-10-14T19:10:58","slug":"areas-tematicas","status":"publish","type":"page","link":"https:\/\/wp.ufpel.edu.br\/sd2ppgcpol\/areas-tematicas\/","title":{"rendered":"\u00c1REAS TEM\u00c1TICAS"},"content":{"rendered":"<table>\n<thead>\n<tr>\n<th style=\"width: 192px;\">\u00c1rea Tem\u00e1tica<\/th>\n<th style=\"width: 422px;\">Descri\u00e7\u00e3o \/ T\u00f3picos Abordados<\/th>\n<\/tr>\n<\/thead>\n<tbody>\n<tr>\n<td style=\"width: 192px;\"><strong>Inicia\u00e7\u00e3o Cient\u00edfica<\/strong><\/td>\n<td style=\"width: 422px; text-align: justify;\">Espa\u00e7o para apresenta\u00e7\u00e3o de trabalhos de gradua\u00e7\u00e3o. Temas como Institui\u00e7\u00f5es, Direito e Comportamento Pol\u00edtico; G\u00eanero, ra\u00e7a e participa\u00e7\u00e3o pol\u00edtica; Rela\u00e7\u00f5es internacionais; Teoria democr\u00e1tica, Justi\u00e7a de transi\u00e7\u00e3o, mem\u00f3ria e direitos humanos, entre outros.<\/td>\n<\/tr>\n<tr>\n<td style=\"width: 192px;\"><strong>Justi\u00e7a de Transi\u00e7\u00e3o, Mem\u00f3ria e Direitos Humanos<\/strong><\/td>\n<td style=\"width: 422px; text-align: justify;\">Reflex\u00f5es sobre legados autorit\u00e1rios, apagamentos, medidas de justi\u00e7a de transi\u00e7\u00e3o e pol\u00edticas de mem\u00f3ria em sociedades democr\u00e1ticas.<\/td>\n<\/tr>\n<tr>\n<td style=\"width: 192px;\"><strong>Teorias Pol\u00edticas Contempor\u00e2neas e o Debate das Democracias<\/strong><\/td>\n<td style=\"width: 422px; text-align: justify;\">1. Modelos democr\u00e1ticos (representativo, participativo, deliberativo, radical, cosmopolita).<br \/>\n2. Liga\u00e7\u00e3o entre democracia e capitalismo neoliberal.<br \/>\n3. Crise democr\u00e1tica, democracias iliberais e desdemocratiza\u00e7\u00e3o.<br \/>\n4. Formas de enfrentamento e resist\u00eancia da sociedade civil e pol\u00edtica na crise.<\/td>\n<\/tr>\n<tr>\n<td style=\"width: 192px;\"><strong>Rela\u00e7\u00f5es Internacionais<\/strong><\/td>\n<td style=\"width: 422px; text-align: justify;\">Seguran\u00e7a internacional, economia pol\u00edtica internacional, meio ambiente, direitos humanos, direito internacional e organiza\u00e7\u00f5es internacionais.<\/td>\n<\/tr>\n<tr>\n<td style=\"width: 192px;\"><strong>G\u00eanero, Ra\u00e7a e Participa\u00e7\u00e3o Pol\u00edtica<\/strong><\/td>\n<td style=\"width: 422px; text-align: justify;\">1. Representa\u00e7\u00e3o e participa\u00e7\u00e3o no \u00e2mbito pol\u00edtico-institucional.<br \/>\n2. Movimentos sociais e Teoria(s) Feminista(s).<br \/>\n3. Sub-representa\u00e7\u00e3o pol\u00edtica.<br \/>\n4. Viol\u00eancia pol\u00edtica de g\u00eanero e\/ou ra\u00e7a.<br \/>\n5. Desigualdades de ra\u00e7a e\/ou g\u00eanero nas democracias.<\/td>\n<\/tr>\n<tr>\n<td style=\"width: 192px;\"><strong>Institui\u00e7\u00f5es e Direito<\/strong><\/td>\n<td style=\"width: 422px; text-align: justify;\">Sistemas pol\u00edticos, elei\u00e7\u00f5es, partidos, elites, sistemas de cren\u00e7as, opini\u00e3o p\u00fablica, comportamentos legislativos, rela\u00e7\u00f5es executivo-legislativo, mudan\u00e7as das democracias constitucionais, padr\u00f5es de decis\u00f5es judiciais e atua\u00e7\u00e3o de juristas.<\/td>\n<\/tr>\n<\/tbody>\n<\/table>\n<p><\/p>\n","protected":false},"excerpt":{"rendered":"<p>\u00c1rea Tem\u00e1tica Descri\u00e7\u00e3o \/ T\u00f3picos Abordados Inicia\u00e7\u00e3o Cient\u00edfica Espa\u00e7o para apresenta\u00e7\u00e3o de trabalhos de gradua\u00e7\u00e3o. Temas como Institui\u00e7\u00f5es, Direito e Comportamento Pol\u00edtico; G\u00eanero, ra\u00e7a e participa\u00e7\u00e3o pol\u00edtica; Rela\u00e7\u00f5es internacionais; Teoria democr\u00e1tica, Justi\u00e7a de transi\u00e7\u00e3o, mem\u00f3ria e direitos humanos, entre outros. &hellip; <a href=\"https:\/\/wp.ufpel.edu.br\/sd2ppgcpol\/areas-tematicas\/\">Continue lendo <span class=\"meta-nav\">&rarr;<\/span><\/a><\/p>\n","protected":false},"author":1399,"featured_media":0,"parent":0,"menu_order":0,"comment_status":"closed","ping_status":"closed","template":"","meta":{"footnotes":""},"class_list":["post-318","page","type-page","status-publish","hentry"],"jetpack_sharing_enabled":true,"_links":{"self":[{"href":"https:\/\/wp.ufpel.edu.br\/sd2ppgcpol\/wp-json\/wp\/v2\/pages\/318","targetHints":{"allow":["GET"]}}],"collection":[{"href":"https:\/\/wp.ufpel.edu.br\/sd2ppgcpol\/wp-json\/wp\/v2\/pages"}],"about":[{"href":"https:\/\/wp.ufpel.edu.br\/sd2ppgcpol\/wp-json\/wp\/v2\/types\/page"}],"author":[{"embeddable":true,"href":"https:\/\/wp.ufpel.edu.br\/sd2ppgcpol\/wp-json\/wp\/v2\/users\/1399"}],"replies":[{"embeddable":true,"href":"https:\/\/wp.ufpel.edu.br\/sd2ppgcpol\/wp-json\/wp\/v2\/comments?post=318"}],"version-history":[{"count":2,"href":"https:\/\/wp.ufpel.edu.br\/sd2ppgcpol\/wp-json\/wp\/v2\/pages\/318\/revisions"}],"predecessor-version":[{"id":339,"href":"https:\/\/wp.ufpel.edu.br\/sd2ppgcpol\/wp-json\/wp\/v2\/pages\/318\/revisions\/339"}],"wp:attachment":[{"href":"https:\/\/wp.ufpel.edu.br\/sd2ppgcpol\/wp-json\/wp\/v2\/media?parent=318"}],"curies":[{"name":"wp","href":"https:\/\/api.w.org\/{rel}","templated":true}]}}