{"id":25,"date":"2023-05-25T11:47:14","date_gmt":"2023-05-25T14:47:14","guid":{"rendered":"https:\/\/wp.ufpel.edu.br\/sd2ppgcpol\/?page_id=25"},"modified":"2025-11-04T14:26:56","modified_gmt":"2025-11-04T17:26:56","slug":"localizacao","status":"publish","type":"page","link":"https:\/\/wp.ufpel.edu.br\/sd2ppgcpol\/localizacao\/","title":{"rendered":"LOCALIZA\u00c7\u00c3O"},"content":{"rendered":"<p style=\"text-align: justify;\">O evento ocorrer\u00e1 na Universidade Federal de Pelotas (UFPel), mais precisamente no <strong>Instituto de Filosofia, Sociologia e Pol\u00edtica<\/strong> (IFISP), no <strong>Centro de P\u00f3s-Gradua\u00e7\u00e3o e Pesquisas em Ci\u00eancias Humanas, Sociais, Sociais Aplicadas\u00a0 Artes e Linguagem<\/strong> (CEHUS) e no audit\u00f3rio do <strong>Museu do Doce<\/strong>.<\/p>\n<p>Saiba como chegar:<\/p>\n<blockquote class=\"instagram-media\" style=\"background: #FFF; border: 0; border-radius: 3px; box-shadow: 0 0 1px 0 rgba(0,0,0,0.5),0 1px 10px 0 rgba(0,0,0,0.15); margin: 1px; max-width: 540px; min-width: 326px; padding: 0; width: calc(100% - 2px);\" data-instgrm-permalink=\"https:\/\/www.instagram.com\/reel\/DQotjmCEQtg\/?utm_source=ig_embed&amp;utm_campaign=loading\" data-instgrm-version=\"14\">\n<div style=\"padding: 16px;\">\n<p>&nbsp;<\/p>\n<div style=\"display: flex; flex-direction: row; align-items: center;\">\n<div style=\"background-color: #f4f4f4; border-radius: 50%; flex-grow: 0; height: 40px; margin-right: 14px; width: 40px;\"><\/div>\n<div style=\"display: flex; flex-direction: column; flex-grow: 1; justify-content: center;\">\n<div style=\"background-color: #f4f4f4; border-radius: 4px; flex-grow: 0; height: 14px; margin-bottom: 6px; width: 100px;\"><\/div>\n<div style=\"background-color: #f4f4f4; border-radius: 4px; flex-grow: 0; height: 14px; width: 60px;\"><\/div>\n<\/div>\n<\/div>\n<div style=\"padding: 19% 0;\"><\/div>\n<div style=\"display: block; height: 50px; margin: 0 auto 12px; width: 50px;\"><\/div>\n<div style=\"padding-top: 8px;\">\n<div style=\"color: #3897f0; font-family: Arial,sans-serif; font-size: 14px; font-style: normal; font-weight: 550; line-height: 18px;\">Ver essa foto no Instagram<\/div>\n<\/div>\n<div style=\"padding: 12.5% 0;\"><\/div>\n<div style=\"display: flex; flex-direction: row; margin-bottom: 14px; align-items: center;\">\n<div>\n<div style=\"background-color: #f4f4f4; border-radius: 50%; height: 12.5px; width: 12.5px; transform: translateX(0px) translateY(7px);\"><\/div>\n<div style=\"background-color: #f4f4f4; height: 12.5px; transform: rotate(-45deg) translateX(3px) translateY(1px); width: 12.5px; flex-grow: 0; margin-right: 14px; margin-left: 2px;\"><\/div>\n<div style=\"background-color: #f4f4f4; border-radius: 50%; height: 12.5px; width: 12.5px; transform: translateX(9px) translateY(-18px);\"><\/div>\n<\/div>\n<div style=\"margin-left: 8px;\">\n<div style=\"background-color: #f4f4f4; border-radius: 50%; flex-grow: 0; height: 20px; width: 20px;\"><\/div>\n<div style=\"width: 0; height: 0; border-top: 2px solid transparent; border-left: 6px solid #f4f4f4; border-bottom: 2px solid transparent; transform: translateX(16px) translateY(-4px) rotate(30deg);\"><\/div>\n<\/div>\n<div style=\"margin-left: auto;\">\n<div style=\"width: 0px; border-top: 8px solid #F4F4F4; border-right: 8px solid transparent; transform: translateY(16px);\"><\/div>\n<div style=\"background-color: #f4f4f4; flex-grow: 0; height: 12px; width: 16px; transform: translateY(-4px);\"><\/div>\n<div style=\"width: 0; height: 0; border-top: 8px solid #F4F4F4; border-left: 8px solid transparent; transform: translateY(-4px) translateX(8px);\"><\/div>\n<\/div>\n<\/div>\n<div style=\"display: flex; flex-direction: column; flex-grow: 1; justify-content: center; margin-bottom: 24px;\">\n<div style=\"background-color: #f4f4f4; border-radius: 4px; flex-grow: 0; height: 14px; margin-bottom: 6px; width: 224px;\"><\/div>\n<div style=\"background-color: #f4f4f4; border-radius: 4px; flex-grow: 0; height: 14px; width: 144px;\"><\/div>\n<\/div>\n<p>&nbsp;<\/p>\n<p style=\"color: #c9c8cd; font-family: Arial,sans-serif; font-size: 14px; line-height: 17px; margin-bottom: 0; margin-top: 8px; overflow: hidden; padding: 8px 0 7px; text-align: center; text-overflow: ellipsis; white-space: nowrap;\"><a style=\"color: #c9c8cd; font-family: Arial,sans-serif; font-size: 14px; font-style: normal; font-weight: normal; line-height: 17px; text-decoration: none;\" href=\"https:\/\/www.instagram.com\/reel\/DQotjmCEQtg\/?utm_source=ig_embed&amp;utm_campaign=loading\" target=\"_blank\" rel=\"noopener\">Uma publica\u00e7\u00e3o compartilhada por II Semin\u00e1rio Discente de Ci\u00eancia Pol\u00edtica do PPGCPol UFPel (@seminariodiscenteppgcpol)<\/a><\/p>\n<\/div>\n<\/blockquote>\n<p><script async src=\"\/\/www.instagram.com\/embed.js\"><\/script><\/p>\n<hr \/>\n<p style=\"text-align: justify;\">O IFISP fica localizado no 2\u00ba andar do <strong>Campus das Ci\u00eancias Humanas e Sociais<\/strong> (CCHS), localizado na <strong>Rua Cel. Alberto Rosa, 154<\/strong> &#8211; Centro, Pelotas &#8211; RS, 96010-770.<\/p>\n<p><iframe loading=\"lazy\" style=\"border: 0;\" src=\"https:\/\/www.google.com\/maps\/embed?pb=!1m14!1m8!1m3!1d211.9797829201992!2d-52.339513!3d-31.7793074!3m2!1i1024!2i768!4f13.1!3m3!1m2!1s0x9511b5c1e6383af1%3A0x29ca35f90bba9adc!2sCCHS%20-%20Campus%20das%20Ci%C3%AAncias%20Humanas%20e%20Sociais!5e0!3m2!1spt-BR!2sbr!4v1760988750200!5m2!1spt-BR!2sbr\" width=\"600\" height=\"450\" allowfullscreen=\"allowfullscreen\"><\/iframe><\/p>\n<p>O CEHUS fica localizado na <strong>Rua Cel. Alberto Rosa<\/strong>, <strong>117 <\/strong>&#8211; Centro, Pelotas\/RS, 96010-770.<\/p>\n<p><iframe loading=\"lazy\" style=\"border: 0;\" src=\"https:\/\/www.google.com\/maps\/embed?pb=!1m14!1m8!1m3!1d211.9798822178516!2d-52.33974299942304!3d-31.779264078086953!3m2!1i1024!2i768!4f13.1!3m3!1m2!1s0x9511b5c71c937a61%3A0x725c6d1cf98c9ec5!2sCEHUS!5e0!3m2!1spt-BR!2sbr!4v1760989460046!5m2!1spt-BR!2sbr\" width=\"600\" height=\"450\" allowfullscreen=\"allowfullscreen\"><\/iframe><\/p>\n<p>O Museu do Doce fica localizado na <strong>Pra\u00e7a Cel. Pedro Os\u00f3rio, 8<\/strong> &#8211; Centro, Pelotas &#8211; RS, 96010-150.<\/p>\n<p><iframe loading=\"lazy\" style=\"border: 0;\" src=\"https:\/\/www.google.com\/maps\/embed?pb=!1m18!1m12!1m3!1d3392.0041841373545!2d-52.34259712361169!3d-31.770371813454453!2m3!1f0!2f0!3f0!3m2!1i1024!2i768!4f13.1!3m3!1m2!1s0x9511b5bdf881abb5%3A0xd882f8c7c87e965a!2sMuseu%20do%20Doce%20-%20casar%C3%A3o%208!5e0!3m2!1spt-BR!2sbr!4v1761911839870!5m2!1spt-BR!2sbr\" width=\"600\" height=\"450\" allowfullscreen=\"allowfullscreen\"><\/iframe><\/p>\n","protected":false},"excerpt":{"rendered":"<p>O evento ocorrer\u00e1 na Universidade Federal de Pelotas (UFPel), mais precisamente no Instituto de Filosofia, Sociologia e Pol\u00edtica (IFISP), no Centro de P\u00f3s-Gradua\u00e7\u00e3o e Pesquisas em Ci\u00eancias Humanas, Sociais, Sociais Aplicadas\u00a0 Artes e Linguagem (CEHUS) e no audit\u00f3rio do Museu &hellip; <a href=\"https:\/\/wp.ufpel.edu.br\/sd2ppgcpol\/localizacao\/\">Continue lendo <span class=\"meta-nav\">&rarr;<\/span><\/a><\/p>\n","protected":false},"author":1302,"featured_media":0,"parent":0,"menu_order":0,"comment_status":"closed","ping_status":"closed","template":"","meta":{"footnotes":""},"class_list":["post-25","page","type-page","status-publish","hentry"],"jetpack_sharing_enabled":true,"_links":{"self":[{"href":"https:\/\/wp.ufpel.edu.br\/sd2ppgcpol\/wp-json\/wp\/v2\/pages\/25","targetHints":{"allow":["GET"]}}],"collection":[{"href":"https:\/\/wp.ufpel.edu.br\/sd2ppgcpol\/wp-json\/wp\/v2\/pages"}],"about":[{"href":"https:\/\/wp.ufpel.edu.br\/sd2ppgcpol\/wp-json\/wp\/v2\/types\/page"}],"author":[{"embeddable":true,"href":"https:\/\/wp.ufpel.edu.br\/sd2ppgcpol\/wp-json\/wp\/v2\/users\/1302"}],"replies":[{"embeddable":true,"href":"https:\/\/wp.ufpel.edu.br\/sd2ppgcpol\/wp-json\/wp\/v2\/comments?post=25"}],"version-history":[{"count":4,"href":"https:\/\/wp.ufpel.edu.br\/sd2ppgcpol\/wp-json\/wp\/v2\/pages\/25\/revisions"}],"predecessor-version":[{"id":460,"href":"https:\/\/wp.ufpel.edu.br\/sd2ppgcpol\/wp-json\/wp\/v2\/pages\/25\/revisions\/460"}],"wp:attachment":[{"href":"https:\/\/wp.ufpel.edu.br\/sd2ppgcpol\/wp-json\/wp\/v2\/media?parent=25"}],"curies":[{"name":"wp","href":"https:\/\/api.w.org\/{rel}","templated":true}]}}