{"id":21,"date":"2023-05-25T11:47:14","date_gmt":"2023-05-25T14:47:14","guid":{"rendered":"https:\/\/wp.ufpel.edu.br\/sd2ppgcpol\/?page_id=21"},"modified":"2025-10-14T23:43:14","modified_gmt":"2025-10-15T02:43:14","slug":"programacao","status":"publish","type":"page","link":"https:\/\/wp.ufpel.edu.br\/sd2ppgcpol\/programacao\/","title":{"rendered":"CRONOGRAMA"},"content":{"rendered":"<p><strong>Prazo para submiss\u00e3o de resumos expandidos:<\/strong> at\u00e9 22 de setembro de 2025<\/p>\n<hr \/>\n<p><strong>Divulga\u00e7\u00e3o dos trabalhos aprovados:<\/strong> 20 de outubro de 2025<\/p>\n<hr \/>\n<p><strong>Envio da programa\u00e7\u00e3o final:<\/strong> 30 de outubro de 2025<\/p>\n<hr \/>\n<p><strong>Realiza\u00e7\u00e3o do evento:<\/strong> 05, 06 e 07 de novembro de 2025<\/p>\n\n\n<p><\/p>\n","protected":false},"excerpt":{"rendered":"<p>Prazo para submiss\u00e3o de resumos expandidos: at\u00e9 22 de setembro de 2025 Divulga\u00e7\u00e3o dos trabalhos aprovados: 20 de outubro de 2025 Envio da programa\u00e7\u00e3o final: 30 de outubro de 2025 Realiza\u00e7\u00e3o do evento: 05, 06 e 07 de novembro de &hellip; <a href=\"https:\/\/wp.ufpel.edu.br\/sd2ppgcpol\/programacao\/\">Continue lendo <span class=\"meta-nav\">&rarr;<\/span><\/a><\/p>\n","protected":false},"author":1302,"featured_media":0,"parent":0,"menu_order":0,"comment_status":"closed","ping_status":"closed","template":"","meta":{"footnotes":""},"class_list":["post-21","page","type-page","status-publish","hentry"],"jetpack_sharing_enabled":true,"_links":{"self":[{"href":"https:\/\/wp.ufpel.edu.br\/sd2ppgcpol\/wp-json\/wp\/v2\/pages\/21","targetHints":{"allow":["GET"]}}],"collection":[{"href":"https:\/\/wp.ufpel.edu.br\/sd2ppgcpol\/wp-json\/wp\/v2\/pages"}],"about":[{"href":"https:\/\/wp.ufpel.edu.br\/sd2ppgcpol\/wp-json\/wp\/v2\/types\/page"}],"author":[{"embeddable":true,"href":"https:\/\/wp.ufpel.edu.br\/sd2ppgcpol\/wp-json\/wp\/v2\/users\/1302"}],"replies":[{"embeddable":true,"href":"https:\/\/wp.ufpel.edu.br\/sd2ppgcpol\/wp-json\/wp\/v2\/comments?post=21"}],"version-history":[{"count":3,"href":"https:\/\/wp.ufpel.edu.br\/sd2ppgcpol\/wp-json\/wp\/v2\/pages\/21\/revisions"}],"predecessor-version":[{"id":378,"href":"https:\/\/wp.ufpel.edu.br\/sd2ppgcpol\/wp-json\/wp\/v2\/pages\/21\/revisions\/378"}],"wp:attachment":[{"href":"https:\/\/wp.ufpel.edu.br\/sd2ppgcpol\/wp-json\/wp\/v2\/media?parent=21"}],"curies":[{"name":"wp","href":"https:\/\/api.w.org\/{rel}","templated":true}]}}