{"id":20,"date":"2023-05-25T11:47:14","date_gmt":"2023-05-25T14:47:14","guid":{"rendered":"https:\/\/wp.ufpel.edu.br\/sd2ppgcpol\/?page_id=20"},"modified":"2025-10-17T09:38:55","modified_gmt":"2025-10-17T12:38:55","slug":"sobre-o-evento","status":"publish","type":"page","link":"https:\/\/wp.ufpel.edu.br\/sd2ppgcpol\/sobre-o-evento\/","title":{"rendered":"SOBRE O EVENTO"},"content":{"rendered":"\r\n<div class=\"wp-block-media-text is-stacked-on-mobile\" style=\"grid-template-columns: 44% auto;\">\r\n<figure class=\"wp-block-media-text__media\"><img loading=\"lazy\" decoding=\"async\" class=\"wp-image-365  alignleft\" src=\"https:\/\/wp.ufpel.edu.br\/sd2ppgcpol\/files\/2025\/10\/card-II-sdcp-ppgcpol-819x1024.jpeg\" alt=\"\" width=\"235\" height=\"291\" \/><\/figure>\r\n<div class=\"wp-block-media-text__content\">\r\n<p style=\"text-align: justify;\">O <strong>II Semin\u00e1rio Discente de Ci\u00eancia Pol\u00edtica do Programa de P\u00f3s-Gradua\u00e7\u00e3o em Ci\u00eancia Pol\u00edtica da Universidade Federal de Pelotas (II SDCP PPGCPol\/UFPel)<\/strong> d\u00e1 continuidade ao I Semin\u00e1rio Discente de Ci\u00eancia Pol\u00edtica da UFPel ocorrido em 2023 (edi\u00e7\u00e3o anterior ocorreu em 2019) .<\/p>\r\n\r\n\r\n\r\n<p style=\"text-align: justify;\">Trata-se de um evento organizado e protagonizado pelo corpo discente do programa, objetivando difundir as agendas de pesquisa e discuss\u00f5es contempor\u00e2neas da Ci\u00eancia Pol\u00edtica, em di\u00e1logo com a comunidade acad\u00eamica e externa \u00e0 UFPel.<\/p>\r\n<\/div>\r\n<\/div>\r\n","protected":false},"excerpt":{"rendered":"<p>O II Semin\u00e1rio Discente de Ci\u00eancia Pol\u00edtica do Programa de P\u00f3s-Gradua\u00e7\u00e3o em Ci\u00eancia Pol\u00edtica da Universidade Federal de Pelotas (II SDCP PPGCPol\/UFPel) d\u00e1 continuidade ao I Semin\u00e1rio Discente de Ci\u00eancia Pol\u00edtica da UFPel ocorrido em 2023 (edi\u00e7\u00e3o anterior ocorreu em &hellip; <a href=\"https:\/\/wp.ufpel.edu.br\/sd2ppgcpol\/sobre-o-evento\/\">Continue lendo <span class=\"meta-nav\">&rarr;<\/span><\/a><\/p>\n","protected":false},"author":1302,"featured_media":0,"parent":0,"menu_order":0,"comment_status":"closed","ping_status":"closed","template":"","meta":{"footnotes":""},"class_list":["post-20","page","type-page","status-publish","hentry"],"jetpack_sharing_enabled":true,"_links":{"self":[{"href":"https:\/\/wp.ufpel.edu.br\/sd2ppgcpol\/wp-json\/wp\/v2\/pages\/20","targetHints":{"allow":["GET"]}}],"collection":[{"href":"https:\/\/wp.ufpel.edu.br\/sd2ppgcpol\/wp-json\/wp\/v2\/pages"}],"about":[{"href":"https:\/\/wp.ufpel.edu.br\/sd2ppgcpol\/wp-json\/wp\/v2\/types\/page"}],"author":[{"embeddable":true,"href":"https:\/\/wp.ufpel.edu.br\/sd2ppgcpol\/wp-json\/wp\/v2\/users\/1302"}],"replies":[{"embeddable":true,"href":"https:\/\/wp.ufpel.edu.br\/sd2ppgcpol\/wp-json\/wp\/v2\/comments?post=20"}],"version-history":[{"count":3,"href":"https:\/\/wp.ufpel.edu.br\/sd2ppgcpol\/wp-json\/wp\/v2\/pages\/20\/revisions"}],"predecessor-version":[{"id":404,"href":"https:\/\/wp.ufpel.edu.br\/sd2ppgcpol\/wp-json\/wp\/v2\/pages\/20\/revisions\/404"}],"wp:attachment":[{"href":"https:\/\/wp.ufpel.edu.br\/sd2ppgcpol\/wp-json\/wp\/v2\/media?parent=20"}],"curies":[{"name":"wp","href":"https:\/\/api.w.org\/{rel}","templated":true}]}}