{"id":164,"date":"2023-08-18T12:43:13","date_gmt":"2023-08-18T15:43:13","guid":{"rendered":"https:\/\/wp.ufpel.edu.br\/sd2ppgcpol\/?page_id=164"},"modified":"2025-11-03T16:26:14","modified_gmt":"2025-11-03T19:26:14","slug":"programacao-completa","status":"publish","type":"page","link":"https:\/\/wp.ufpel.edu.br\/sd2ppgcpol\/programacao-completa\/","title":{"rendered":"PROGRAMA\u00c7\u00c3O COMPLETA"},"content":{"rendered":"\r\n<div class=\"wp-block-group\"><div class=\"wp-block-group__inner-container is-layout-constrained wp-block-group-is-layout-constrained\"><hr \/>\r\n<p><strong><span style=\"font-size: 14pt;\">Programa\u00e7\u00e3o Geral e local das atividades<\/span><\/strong><\/p>\r\n<\/div>\r\n<div class=\"wp-block-group\">\r\n<strong class=\"collapseomatic \" id=\"id69dbab6945a47\" rel=\"-highlander\" tabindex=\"0\" title=\"&lt;strong&gt;&lt;strong&gt;QUARTA-FEIRA | 05\/11\/2025&lt;\/strong&gt;&lt;\/strong&gt;\"    ><strong><strong>QUARTA-FEIRA | 05\/11\/2025<\/strong><\/strong><\/strong><div id=\"target-id69dbab6945a47\" class=\"collapseomatic_content \">\r\n<p><img loading=\"lazy\" decoding=\"async\" class=\"alignnone wp-image-429 size-full\" src=\"https:\/\/wp.ufpel.edu.br\/sd2ppgcpol\/files\/2025\/11\/cronograma-dia-1.jpeg\" alt=\"\" width=\"900\" height=\"1600\" srcset=\"https:\/\/wp.ufpel.edu.br\/sd2ppgcpol\/files\/2025\/11\/cronograma-dia-1.jpeg 900w, https:\/\/wp.ufpel.edu.br\/sd2ppgcpol\/files\/2025\/11\/cronograma-dia-1-225x400.jpeg 225w, https:\/\/wp.ufpel.edu.br\/sd2ppgcpol\/files\/2025\/11\/cronograma-dia-1-576x1024.jpeg 576w, https:\/\/wp.ufpel.edu.br\/sd2ppgcpol\/files\/2025\/11\/cronograma-dia-1-768x1365.jpeg 768w, https:\/\/wp.ufpel.edu.br\/sd2ppgcpol\/files\/2025\/11\/cronograma-dia-1-864x1536.jpeg 864w, https:\/\/wp.ufpel.edu.br\/sd2ppgcpol\/files\/2025\/11\/cronograma-dia-1-169x300.jpeg 169w\" sizes=\"auto, (max-width: 900px) 100vw, 900px\" \/><\/p>\r\n<\/div>\r\n<\/div><\/div>\r\n\r\n\r\n\r\n<p>&nbsp;<\/p>\r\n\r\n\r\n\r\n<div class=\"wp-block-group\"><div class=\"wp-block-group__inner-container is-layout-constrained wp-block-group-is-layout-constrained\">\r\n<strong class=\"collapseomatic \" id=\"id69dbab6945b4a\" rel=\"-highlander\" tabindex=\"0\" title=\"&lt;strong&gt;QUINTA-FEIRA | 06\/11\/2025&lt;\/strong&gt;\"    ><strong>QUINTA-FEIRA | 06\/11\/2025<\/strong><\/strong><div id=\"target-id69dbab6945b4a\" class=\"collapseomatic_content \">\r\n<p><img loading=\"lazy\" decoding=\"async\" class=\"alignnone size-full wp-image-432\" src=\"https:\/\/wp.ufpel.edu.br\/sd2ppgcpol\/files\/2025\/11\/cronograma-dia-2.jpeg\" alt=\"\" width=\"900\" height=\"1600\" srcset=\"https:\/\/wp.ufpel.edu.br\/sd2ppgcpol\/files\/2025\/11\/cronograma-dia-2.jpeg 900w, https:\/\/wp.ufpel.edu.br\/sd2ppgcpol\/files\/2025\/11\/cronograma-dia-2-225x400.jpeg 225w, https:\/\/wp.ufpel.edu.br\/sd2ppgcpol\/files\/2025\/11\/cronograma-dia-2-576x1024.jpeg 576w, https:\/\/wp.ufpel.edu.br\/sd2ppgcpol\/files\/2025\/11\/cronograma-dia-2-768x1365.jpeg 768w, https:\/\/wp.ufpel.edu.br\/sd2ppgcpol\/files\/2025\/11\/cronograma-dia-2-864x1536.jpeg 864w, https:\/\/wp.ufpel.edu.br\/sd2ppgcpol\/files\/2025\/11\/cronograma-dia-2-169x300.jpeg 169w\" sizes=\"auto, (max-width: 900px) 100vw, 900px\" \/><\/p>\r\n<\/div>\r\n<div class=\"wp-block-group\">\r\n<\/div>\r\n<\/div><\/div>\r\n\r\n\r\n\r\n<p>&nbsp;<\/p>\r\n\r\n\r\n\r\n<div class=\"wp-block-group\"><div class=\"wp-block-group__inner-container is-layout-constrained wp-block-group-is-layout-constrained\">\r\n<strong class=\"collapseomatic \" id=\"id69dbab6945b9c\" rel=\"-highlander\" tabindex=\"0\" title=\"&lt;strong&gt;SEXTA-FEIRA | 07\/11\/2025&lt;\/strong&gt;\"    ><strong>SEXTA-FEIRA | 07\/11\/2025<\/strong><\/strong><div id=\"target-id69dbab6945b9c\" class=\"collapseomatic_content \">\r\n<p><img loading=\"lazy\" decoding=\"async\" class=\"alignnone size-full wp-image-433\" src=\"https:\/\/wp.ufpel.edu.br\/sd2ppgcpol\/files\/2025\/11\/cronograma-dia-3.jpeg\" alt=\"\" width=\"900\" height=\"1600\" srcset=\"https:\/\/wp.ufpel.edu.br\/sd2ppgcpol\/files\/2025\/11\/cronograma-dia-3.jpeg 900w, https:\/\/wp.ufpel.edu.br\/sd2ppgcpol\/files\/2025\/11\/cronograma-dia-3-225x400.jpeg 225w, https:\/\/wp.ufpel.edu.br\/sd2ppgcpol\/files\/2025\/11\/cronograma-dia-3-576x1024.jpeg 576w, https:\/\/wp.ufpel.edu.br\/sd2ppgcpol\/files\/2025\/11\/cronograma-dia-3-768x1365.jpeg 768w, https:\/\/wp.ufpel.edu.br\/sd2ppgcpol\/files\/2025\/11\/cronograma-dia-3-864x1536.jpeg 864w, https:\/\/wp.ufpel.edu.br\/sd2ppgcpol\/files\/2025\/11\/cronograma-dia-3-169x300.jpeg 169w\" sizes=\"auto, (max-width: 900px) 100vw, 900px\" \/><\/p>\r\n<\/div>\r\n<div class=\"wp-block-group\">\r\n<\/div>\r\n<\/div><\/div>\r\n\r\n\r\n\r\n<p>&nbsp;<\/p>\r\n<hr \/>\r\n<p><strong><span style=\"font-size: 14pt;\">Programa\u00e7\u00e3o dos GTs<\/span><\/strong><\/p>\r\n\r\n<p><iframe loading=\"lazy\" src=\"https:\/\/drive.google.com\/file\/d\/1CxZBEFac8-Y3QDUn7xi95OFaL4bg_GHs\/preview\" width=\"640\" height=\"480\"><\/iframe><\/p>\r\n<hr \/>\r\n<p>&nbsp;<\/p>","protected":false},"excerpt":{"rendered":"<p>Programa\u00e7\u00e3o Geral e local das atividades &nbsp; &nbsp; &nbsp; Programa\u00e7\u00e3o dos GTs &nbsp;<\/p>\n","protected":false},"author":1302,"featured_media":0,"parent":0,"menu_order":0,"comment_status":"closed","ping_status":"closed","template":"","meta":{"footnotes":""},"class_list":["post-164","page","type-page","status-publish","hentry"],"jetpack_sharing_enabled":true,"_links":{"self":[{"href":"https:\/\/wp.ufpel.edu.br\/sd2ppgcpol\/wp-json\/wp\/v2\/pages\/164","targetHints":{"allow":["GET"]}}],"collection":[{"href":"https:\/\/wp.ufpel.edu.br\/sd2ppgcpol\/wp-json\/wp\/v2\/pages"}],"about":[{"href":"https:\/\/wp.ufpel.edu.br\/sd2ppgcpol\/wp-json\/wp\/v2\/types\/page"}],"author":[{"embeddable":true,"href":"https:\/\/wp.ufpel.edu.br\/sd2ppgcpol\/wp-json\/wp\/v2\/users\/1302"}],"replies":[{"embeddable":true,"href":"https:\/\/wp.ufpel.edu.br\/sd2ppgcpol\/wp-json\/wp\/v2\/comments?post=164"}],"version-history":[{"count":4,"href":"https:\/\/wp.ufpel.edu.br\/sd2ppgcpol\/wp-json\/wp\/v2\/pages\/164\/revisions"}],"predecessor-version":[{"id":441,"href":"https:\/\/wp.ufpel.edu.br\/sd2ppgcpol\/wp-json\/wp\/v2\/pages\/164\/revisions\/441"}],"wp:attachment":[{"href":"https:\/\/wp.ufpel.edu.br\/sd2ppgcpol\/wp-json\/wp\/v2\/media?parent=164"}],"curies":[{"name":"wp","href":"https:\/\/api.w.org\/{rel}","templated":true}]}}