{"id":9784,"date":"2025-03-11T13:53:21","date_gmt":"2025-03-11T16:53:21","guid":{"rendered":"https:\/\/wp.ufpel.edu.br\/scs\/?page_id=9784"},"modified":"2026-02-23T16:12:08","modified_gmt":"2026-02-23T19:12:08","slug":"cronograma-reunioes-2025","status":"publish","type":"page","link":"https:\/\/wp.ufpel.edu.br\/scs\/cronograma-reunioes-2025\/","title":{"rendered":"Cronograma Reuni\u00f5es 2025"},"content":{"rendered":"<p>&nbsp;<\/p>\n<p><strong>CRONOGRAMA DE REUNI\u00d5ES ORDIN\u00c1RIAS &#8211; CONSELHO UNIVERSIT\u00c1RIO &#8211; CONSUN &#8211; 2026<\/strong><\/p>\n<ul>\n<li>20\/02\/2026 &#8211; Manh\u00e3<\/li>\n<li>12\/05\/2026 &#8211; Tarde<\/li>\n<li>15\/09\/2026 &#8211; Manh\u00e3<\/li>\n<li>01\/12\/2026 &#8211; Tarde<\/li>\n<\/ul>\n<p>&nbsp;<\/p>\n","protected":false},"excerpt":{"rendered":"<p>&nbsp; CRONOGRAMA DE REUNI\u00d5ES ORDIN\u00c1RIAS &#8211; CONSELHO UNIVERSIT\u00c1RIO &#8211; CONSUN &#8211; 2026 20\/02\/2026 &#8211; Manh\u00e3 12\/05\/2026 &#8211; Tarde 15\/09\/2026 &#8211; Manh\u00e3 01\/12\/2026 &#8211; Tarde &nbsp;<\/p>\n","protected":false},"author":29,"featured_media":0,"parent":0,"menu_order":0,"comment_status":"closed","ping_status":"closed","template":"","meta":{"footnotes":""},"class_list":["post-9784","page","type-page","status-publish","hentry"],"_links":{"self":[{"href":"https:\/\/wp.ufpel.edu.br\/scs\/wp-json\/wp\/v2\/pages\/9784","targetHints":{"allow":["GET"]}}],"collection":[{"href":"https:\/\/wp.ufpel.edu.br\/scs\/wp-json\/wp\/v2\/pages"}],"about":[{"href":"https:\/\/wp.ufpel.edu.br\/scs\/wp-json\/wp\/v2\/types\/page"}],"author":[{"embeddable":true,"href":"https:\/\/wp.ufpel.edu.br\/scs\/wp-json\/wp\/v2\/users\/29"}],"replies":[{"embeddable":true,"href":"https:\/\/wp.ufpel.edu.br\/scs\/wp-json\/wp\/v2\/comments?post=9784"}],"version-history":[{"count":4,"href":"https:\/\/wp.ufpel.edu.br\/scs\/wp-json\/wp\/v2\/pages\/9784\/revisions"}],"predecessor-version":[{"id":10473,"href":"https:\/\/wp.ufpel.edu.br\/scs\/wp-json\/wp\/v2\/pages\/9784\/revisions\/10473"}],"wp:attachment":[{"href":"https:\/\/wp.ufpel.edu.br\/scs\/wp-json\/wp\/v2\/media?parent=9784"}],"curies":[{"name":"wp","href":"https:\/\/api.w.org\/{rel}","templated":true}]}}