{"id":9750,"date":"2025-02-28T14:27:00","date_gmt":"2025-02-28T17:27:00","guid":{"rendered":"https:\/\/wp.ufpel.edu.br\/scs\/?page_id=9750"},"modified":"2026-02-23T15:22:00","modified_gmt":"2026-02-23T18:22:00","slug":"resolucao-consun-25","status":"publish","type":"page","link":"https:\/\/wp.ufpel.edu.br\/scs\/resolucao-consun-25\/","title":{"rendered":"Resolu\u00e7\u00f5es CONSUN 2025"},"content":{"rendered":"<h2><span style=\"background-color: #99ccff;\">2025<\/span><\/h2>\n<p><a href=\"https:\/\/wp.ufpel.edu.br\/scs\/files\/2025\/02\/SEI_2971287_Resolucao__120-CONSUN.pdf\">Resolu\u00e7\u00e3o CONSUN 120<\/a>\u00a0\u2013 de 28 de fevereiro de 2025 &#8211; Aprova, <em>ad referendum<\/em>, o afastamento do Pa\u00eds, da Magn\u00edfica Reitora da UFPel.<\/p>\n<p><a href=\"https:\/\/wp.ufpel.edu.br\/scs\/files\/2025\/03\/SEI_2980285_Resolucao_121-CONSUN.pdf\">Resolu\u00e7\u00e3o CONSUN 121<\/a> &#8211; de 10 de mar\u00e7o de 2025 &#8211; Aprova a Estrutura Administrativa da Reitoria e Pr\u00f3-Reitorias da Universidade Federal de Pelotas. <span style=\"font-size: 10pt;\">Revoga a Resolu\u00e7\u00e3o CONSUN 57\/2021 (Revogada pela Resolu\u00e7\u00e3o n\u00ba 142\/2026)<\/span><\/p>\n<p><a href=\"https:\/\/wp.ufpel.edu.br\/scs\/files\/2025\/03\/SEI_2980884_Resolucao_122-CONSUN.pdf\">Resolu\u00e7\u00e3o CONSUN 122<\/a>\u00a0&#8211; de 10 de mar\u00e7o de 2025 &#8211; Aprova o Regimento do Centro de Pesquisas e Previs\u00f5es Meteorol\u00f3gicas (CPMET). <span style=\"font-size: 10pt;\">Revoga a Resolu\u00e7\u00e3o CONSUN 04\/2012.<\/span><\/p>\n<p><a href=\"https:\/\/wp.ufpel.edu.br\/scs\/files\/2025\/04\/SEI_3025324_Resolucao_123-CONSUN.pdf\">Resolu\u00e7\u00e3o CONSUN 123<\/a>\u00a0&#8211; de 11 de abril de 2025 &#8211; Aprova a Extin\u00e7\u00e3o do Curso Superior de Tecnologia em Transporte Terrestre.<\/p>\n<p><a href=\"https:\/\/wp.ufpel.edu.br\/scs\/files\/2025\/05\/Resolucao-CONSUN-124.2025.pdf\">Resolu\u00e7\u00e3o CONSUN 124 <\/a>&#8211; de 09 de maio de 2025 &#8211; Aprova o &#8221;Programa Institucional Viva Bem UFPel&#8221;.<\/p>\n<p><a href=\"https:\/\/wp.ufpel.edu.br\/scs\/files\/2025\/06\/SEI_3098283_Resolucao_125.pdf\">Resolu\u00e7\u00e3o CONSUN 125<\/a>\u00a0&#8211; de 02 de junho de 2025 &#8211; Aprova a Cria\u00e7\u00e3o do Curso de P\u00f3s-Gradua\u00e7\u00e3o a n\u00edvel de Doutorado em Ci\u00eancias Ambientais, do Centro de Engenharias, da Universidade Federal de Pelotas.<\/p>\n<p><a href=\"https:\/\/wp.ufpel.edu.br\/scs\/files\/2025\/06\/SEI_3098333_Resolucao_126.pdf\">Resolu\u00e7\u00e3o CONSUN 126<\/a>\u00a0&#8211; de 02 de junho de 2025 &#8211; Aprova a Cria\u00e7\u00e3o do Curso de P\u00f3s-Gradua\u00e7\u00e3o a n\u00edvel de Doutorado em Modelagem Matem\u00e1tica, do Instituto de F\u00edsica e Matem\u00e1tica, da Universidade Federal de Pelotas.<\/p>\n<p><a href=\"https:\/\/wp.ufpel.edu.br\/scs\/files\/2025\/06\/SEI_3098376_Resolucao_127.pdf\">Resolu\u00e7\u00e3o CONSUN 127<\/a>\u00a0&#8211; de 02 de junho de 2025 &#8211; Aprova a Cria\u00e7\u00e3o do Curso de P\u00f3s-Gradua\u00e7\u00e3o a n\u00edvel de Doutorado em Educa\u00e7\u00e3o Matem\u00e1tica, do Instituto de F\u00edsica e Matem\u00e1tica, da Universidade Federal de Pelotas.<\/p>\n<p><a href=\"https:\/\/wp.ufpel.edu.br\/scs\/files\/2025\/06\/SEI_3098415_Resolucao_128.pdf\">Resolu\u00e7\u00e3o CONSUN 128<\/a>\u00a0&#8211; de 02 de junho de 2025 &#8211; Aprova a Cria\u00e7\u00e3o do Curso de P\u00f3s-Gradua\u00e7\u00e3o a n\u00edvel de Doutorado em Geografia, do Instituto de Ci\u00eancias Humanas, da Universidade Federal de Pelotas.<\/p>\n<p><a href=\"https:\/\/wp.ufpel.edu.br\/scs\/files\/2025\/06\/SEI_3098463_Resolucao_129.pdf\">Resolu\u00e7\u00e3o CONSUN 129<\/a>\u00a0&#8211; de 02 de junho de 2025 &#8211; Aprova a Cria\u00e7\u00e3o do Programa de Resid\u00eancia M\u00e9dica em Oncologia Cl\u00ednica, da Faculdade de Medicina, da Universidade Federal de Pelotas.<\/p>\n<p><a href=\"https:\/\/wp.ufpel.edu.br\/scs\/files\/2025\/06\/SEI_3098477_Resolucao_130.pdf\">Resolu\u00e7\u00e3o CONSUN 130<\/a>\u00a0&#8211; de 02 de junho de 2025 &#8211; Aprova a Cria\u00e7\u00e3o do Curso de Especializa\u00e7\u00e3o em Medicina de Fam\u00edlia e Comunidade na modalidade a dist\u00e2ncia (EAD), da Faculdade de Medicina, da Universidade Federal de Pelotas.<\/p>\n<p><a href=\"https:\/\/wp.ufpel.edu.br\/scs\/files\/2025\/06\/SEI_3098561_Resolucao_131.pdf\">Resolu\u00e7\u00e3o CONSUN 131<\/a>\u00a0&#8211; de 02 de junho de 2025 &#8211; Aprova a Cria\u00e7\u00e3o do Curso de Especializa\u00e7\u00e3o em Gest\u00e3o P\u00fablica na modalidade a dist\u00e2ncia (EAD), do Centro de Ci\u00eancias Socio-Organizacionais, da Universidade Federal de Pelotas.<\/p>\n<p class=\"Texto_Centralizado_Maiusculas\"><a href=\"https:\/\/wp.ufpel.edu.br\/scs\/files\/2025\/07\/SEI_3132616_Resolucao_132.pdf\">Resolu\u00e7\u00e3o CONSUN 132<\/a>\u00a0&#8211;\u00a0 de 1\u00b0 de julho de 2025 &#8211; Aprova\u00a0a Cria\u00e7\u00e3o do Curso de Licenciatura em Educa\u00e7\u00e3o Especial Inclusiva, do Instituto de Biologia, da Universidade Federal de Pelotas.<\/p>\n<p><a href=\"https:\/\/wp.ufpel.edu.br\/scs\/files\/2025\/08\/SEI_3201567_Resolucao_133.2025-CONSUN.pdf\">Resolu\u00e7\u00e3o CONSUN 133<\/a>\u00a0&#8211; de 12 de agosto de 2025 &#8211; Disp\u00f5e sobre pagamento de gratifica\u00e7\u00f5es por encargos de Cursos ou Concursos nos processos seletivos para ingresso de estudantes e no Teste de Compet\u00eancia em Leitura em L\u00edngua Estrangeira.<\/p>\n<p><a href=\"https:\/\/wp.ufpel.edu.br\/scs\/files\/2025\/10\/SEI_3343435_Resolucao_134.2025.pdf\">Resolucao CONSUN 134 <\/a>&#8211; de 30 de setembro de 2025 &#8211; Aprova o Regimento Interno do Instituto de Biologia. <span style=\"font-size: 10pt;\"><em>Revoga disposi\u00e7\u00f5es em contr\u00e1rio.<\/em><\/span><\/p>\n<p><a href=\"https:\/\/wp.ufpel.edu.br\/scs\/files\/2025\/10\/SEI_3340993_Resolucao_135.2025.pdf\">Resolucao CONSUN 135<\/a> &#8211; de 30 de setembro de 2025 &#8211; Aprova o Regimento Interno do Museu de Ci\u00eancias Caturais Carlos Ritter. <span style=\"font-size: 10pt;\"><em>Revoga a Resolu\u00e7\u00e3o CONSUN 01\/2022..<\/em><\/span><\/p>\n<p><a href=\"https:\/\/wp.ufpel.edu.br\/scs\/files\/2025\/10\/SEI_3367523_Resolucao_136-CONSUN.pdf\">Resolucao CONSUN 136<\/a> &#8211; de 09 de outubro de 2025 &#8211; Aprova a Cria\u00e7\u00e3o do Curso de Especializa\u00e7\u00e3o em Gest\u00e3o da Escola P\u00fablica de Ensino M\u00e9dio \u2013 GEPEM, da Universidade Federal de Pelotas.<\/p>\n","protected":false},"excerpt":{"rendered":"<p>2025 Resolu\u00e7\u00e3o CONSUN 120\u00a0\u2013 de 28 de fevereiro de 2025 &#8211; Aprova, ad referendum, o afastamento do Pa\u00eds, da Magn\u00edfica Reitora da UFPel. Resolu\u00e7\u00e3o CONSUN 121 &#8211; de 10 de mar\u00e7o de 2025 &#8211; Aprova a Estrutura Administrativa da Reitoria e Pr\u00f3-Reitorias da Universidade Federal de Pelotas. Revoga a Resolu\u00e7\u00e3o CONSUN 57\/2021 (Revogada pela Resolu\u00e7\u00e3o [&hellip;]<\/p>\n","protected":false},"author":29,"featured_media":0,"parent":0,"menu_order":0,"comment_status":"closed","ping_status":"closed","template":"","meta":{"footnotes":""},"class_list":["post-9750","page","type-page","status-publish","hentry"],"_links":{"self":[{"href":"https:\/\/wp.ufpel.edu.br\/scs\/wp-json\/wp\/v2\/pages\/9750","targetHints":{"allow":["GET"]}}],"collection":[{"href":"https:\/\/wp.ufpel.edu.br\/scs\/wp-json\/wp\/v2\/pages"}],"about":[{"href":"https:\/\/wp.ufpel.edu.br\/scs\/wp-json\/wp\/v2\/types\/page"}],"author":[{"embeddable":true,"href":"https:\/\/wp.ufpel.edu.br\/scs\/wp-json\/wp\/v2\/users\/29"}],"replies":[{"embeddable":true,"href":"https:\/\/wp.ufpel.edu.br\/scs\/wp-json\/wp\/v2\/comments?post=9750"}],"version-history":[{"count":4,"href":"https:\/\/wp.ufpel.edu.br\/scs\/wp-json\/wp\/v2\/pages\/9750\/revisions"}],"predecessor-version":[{"id":10470,"href":"https:\/\/wp.ufpel.edu.br\/scs\/wp-json\/wp\/v2\/pages\/9750\/revisions\/10470"}],"wp:attachment":[{"href":"https:\/\/wp.ufpel.edu.br\/scs\/wp-json\/wp\/v2\/media?parent=9750"}],"curies":[{"name":"wp","href":"https:\/\/api.w.org\/{rel}","templated":true}]}}